{"id":60,"date":"2011-05-09T09:32:50","date_gmt":"2011-05-09T09:32:50","guid":{"rendered":""},"modified":"2011-05-09T09:32:50","modified_gmt":"2011-05-09T09:32:50","slug":"the-mundos-maior-repteis","status":"publish","type":"page","link":"https:\/\/www.big-animals.com\/pt\/the-mundos-maior-repteis\/","title":{"rendered":"R\u00e9pteis maiores do mundo!"},"content":{"rendered":"<p><span id=\"gts_text_1\" class=\"gts_text\"><strong>R\u00e9pteis maiores do mundo.<\/strong><\/span><\/p>\n<p><span id=\"gts_text_2\" class=\"gts_text\">R\u00e9pteis s\u00e3o <a href=\"\/Vertebrates.html\">animais vertebrados<\/a>. <\/span><span id=\"gts_text_3\" class=\"gts_text\">Eles respira\u00e7\u00e3o ar atrav\u00e9s de seus pulm\u00f5es, postura sem casca dos ovos e sua pele \u00e9 coberta com escalas. <\/span><span id=\"gts_text_4\" class=\"gts_text\">Eles s\u00e3o &#8220;cold blooded.&#8221;, que significa que seu corpo mudan\u00e7as de temperatura com o tempo. <\/span><span id=\"gts_text_5\" class=\"gts_text\">A maioria dos r\u00e9pteis comem carne. <\/span><span id=\"gts_text_6\" class=\"gts_text\">R\u00e9pteis s\u00e3o geralmente menos inteligentes do que de mam\u00edferos e aves. <\/span><span id=\"gts_text_7\" class=\"gts_text\">Eles se protegerem atrav\u00e9s de camuflagem. <\/span><span id=\"gts_text_8\" class=\"gts_text\">Crocodilos, tartarugas, alguns lagartos e algumas cobras ru\u00eddo em voz alta quando seus inimigos atac\u00e1-los. <\/span><span id=\"gts_text_9\" class=\"gts_text\">Todos eles t\u00eam 4 pernas com exce\u00e7\u00e3o de cobras e alguns lagartos. <\/span><span id=\"gts_text_10\" class=\"gts_text\">Eles s\u00e3o diferentes de r\u00e3s porque n\u00e3o t\u00eam uma fase larval. <\/span><span id=\"gts_text_11\" class=\"gts_text\">R\u00e9ptil de vida maior do mundo \u00e9 o <a href=\"http:\/\/www.big-animals.com\/the-saltwater-crocodile-the-words-biggest-reptile\/\">Crocodilo de \u00e1gua salgada<\/a>.<\/span><\/p>\n<p><span id=\"gts_text_12\" class=\"gts_text\">Existem 4 grupos de r\u00e9pteis:<\/span><\/p>\n<p><span id=\"gts_text_13\" class=\"gts_text\">um) <a title=\"Crocodilians\" href=\"http:\/\/www.big-animals.com\/crocodilians\/\">crocodilianos<\/a>, incluindo os crocodilos e jacar\u00e9s.<\/span><\/p>\n<p><span id=\"gts_text_14\" class=\"gts_text\">b) <a href=\"http:\/\/www.big-animals.com\/tuatara\/\">Tuataras<\/a> da Nova Zel\u00e2ndia. <\/span><span id=\"gts_text_15\" class=\"gts_text\">Existem apenas 2 tipos de tuataras<\/span><\/p>\n<p><span id=\"gts_text_16\" class=\"gts_text\">c) <a href=\"http:\/\/www.big-animals.com\/turtles-and-tortoises\/\">tartarugas e c\u00e1gados<\/a><\/span><\/p>\n<p><span id=\"gts_text_17\" class=\"gts_text\">d) <a title=\"Lizards\" href=\"http:\/\/www.big-animals.com\/lizards\/\">lagartos<\/a> e <a href=\"http:\/\/www.big-animals.com\/snakes\/\">cobras<\/a><\/span><\/p>\n","protected":false},"excerpt":{"rendered":"<p>R\u00e9pteis maiores do mundo. R\u00e9pteis s\u00e3o animais vertebrados. Eles respira\u00e7\u00e3o ar atrav\u00e9s de seus pulm\u00f5es, postura sem casca dos ovos e sua pele \u00e9 coberta com escalas. Eles s\u00e3o &#8220;cold blooded.&#8221;, que significa que seu corpo mudan\u00e7as de temperatura com o tempo. A maioria dos r\u00e9pteis comem carne. R\u00e9pteis s\u00e3o geralmente menos inteligentes do que &hellip; <a href=\"https:\/\/www.big-animals.com\/pt\/the-mundos-maior-repteis\/\" class=\"more-link\">Continue reading <span class=\"screen-reader-text\">R\u00e9pteis maiores do mundo!<\/span><\/a><\/p>\n","protected":false},"author":1,"featured_media":0,"parent":0,"menu_order":0,"comment_status":"closed","ping_status":"open","template":"","meta":{"_acf_changed":false,"footnotes":""},"acf":[],"_links":{"self":[{"href":"https:\/\/www.big-animals.com\/pt\/wp-json\/wp\/v2\/pages\/60"}],"collection":[{"href":"https:\/\/www.big-animals.com\/pt\/wp-json\/wp\/v2\/pages"}],"about":[{"href":"https:\/\/www.big-animals.com\/pt\/wp-json\/wp\/v2\/types\/page"}],"author":[{"embeddable":true,"href":"https:\/\/www.big-animals.com\/pt\/wp-json\/wp\/v2\/users\/1"}],"replies":[{"embeddable":true,"href":"https:\/\/www.big-animals.com\/pt\/wp-json\/wp\/v2\/comments?post=60"}],"version-history":[{"count":0,"href":"https:\/\/www.big-animals.com\/pt\/wp-json\/wp\/v2\/pages\/60\/revisions"}],"wp:attachment":[{"href":"https:\/\/www.big-animals.com\/pt\/wp-json\/wp\/v2\/media?parent=60"}],"curies":[{"name":"wp","href":"https:\/\/api.w.org\/{rel}","templated":true}]}}