{"id":61,"date":"2011-05-09T09:33:08","date_gmt":"2011-05-09T09:33:08","guid":{"rendered":""},"modified":"2011-05-09T09:33:08","modified_gmt":"2011-05-09T09:33:08","slug":"the-mundos-maior-vertebrados","status":"publish","type":"page","link":"https:\/\/www.big-animals.com\/pt\/the-mundos-maior-vertebrados\/","title":{"rendered":"Vertebrados maiores do mundo!"},"content":{"rendered":"<p><span id=\"gts_text_1\" class=\"gts_text\"><strong>O que \u00e9 um vertebrado?<\/strong><\/span><\/p>\n<p><span id=\"gts_text_2\" class=\"gts_text\">Os vertebrados s\u00e3o um grupo de <a href=\"\/Animals.html\">animais<\/a>. <\/span><span id=\"gts_text_3\" class=\"gts_text\">Todos eles t\u00eam um &#8220;backbone&#8221; de um n\u00famero de &#8220;redemoinho&#8221;, contendo um nervo importante. <\/span><span id=\"gts_text_4\" class=\"gts_text\">Os vertebrados s\u00e3o o maior grupo de <a href=\"\/Chordates.html\">cordados<\/a> &#8211; h\u00e1 mais de 57000 esp\u00e9cies conhecidas, principalmente peixes. <\/span><span id=\"gts_text_5\" class=\"gts_text\">Maior animal do mundo \u00e9 um vertebrado &#8211; a <a href=\"\/Blue-Whale.html\">baleia-azul<\/a>.<\/span><\/p>\n<p><span id=\"gts_text_6\" class=\"gts_text\"><strong>Que tipos de vertebrados existem?<\/strong><\/span><\/p>\n<p><span id=\"gts_text_7\" class=\"gts_text\">A pessoa m\u00e9dia vai dividir vertebrados em peixes, anf\u00edbios, r\u00e9pteis, aves e mam\u00edferos. <\/span><span id=\"gts_text_8\" class=\"gts_text\">Cientistas seguem principalmente isso, exceto que os peixes s\u00e3o divididos em um grande n\u00famero de grupos, (ou &#8220;classes&#8221;). <\/span><span id=\"gts_text_9\" class=\"gts_text\">Al\u00e9m disso, alguns dos dinossauros eram t\u00e3o diferentes dos outros que lhes deram sua pr\u00f3pria classe.<\/span><\/p>\n<ul>\n<li> <span id=\"gts_text_10\" class=\"gts_text\">As classes mais conhecidas de <a href=\"\/Fish.html\">peixes<\/a> s\u00e3o o Condrichthyes (peixe de cartiligenous) e os peixes \u00f3sseos, que inclui o Actinopterygii e o Sarcopterygii. <\/span><span id=\"gts_text_11\" class=\"gts_text\">Muitas das outras classes s\u00e3o completamente extintas agora. <\/span><span id=\"gts_text_12\" class=\"gts_text\">Os cientistas classificam os peixes nas classes a seguintes.<\/span>\n<ul>\n<li> <span id=\"gts_text_13\" class=\"gts_text\">A Acanthodii, \u00e0s vezes chamado de tubar\u00f5es espinhosos, s\u00e3o um grupo extinto de peixes que tinham algumas caracter\u00edsticas do peixe Cartiliginous e outros peixes \u00f3sseos.<\/span><\/li>\n<li> <span id=\"gts_text_14\" class=\"gts_text\">O Actinopterygii s\u00e3o a maior classe de peixes, na verdade, a maior classe de vertebrados! <\/span><span id=\"gts_text_15\" class=\"gts_text\">Existem esp\u00e9cies de 27000 destes, &#8220;&#8221; Actinopterygii, vivendo no mar e \u00e1gua doce.<\/span><\/li>\n<li> <span id=\"gts_text_16\" class=\"gts_text\">Os Cephalaspidomorphs s\u00e3o um grupo de peixes sem mand\u00edbula extintos. <\/span><span id=\"gts_text_17\" class=\"gts_text\">Na verdade, os cientistas s\u00e3o divididos para que animais exatamente deveriam pertencer a este grupo &#8211; alguns dizem que as lampreias devem ser inclu\u00eddas, outros discordam.<\/span><\/li>\n<li> <span id=\"gts_text_18\" class=\"gts_text\">Os Condrichthyes s\u00e3o os peixes cartiligenous, incluindo tubar\u00f5es e raias. <\/span><span id=\"gts_text_19\" class=\"gts_text\">Estes peixes n\u00e3o tem verdadeiro osso, em vez disso, seu esqueleto \u00e9 feito de cartilige.<\/span><\/li>\n<li> <span id=\"gts_text_20\" class=\"gts_text\">Conodonts: um grupo de animais extintos semelhantes, conhecida principalmente por seus dentes fossilizados.<\/span><\/li>\n<li> <span id=\"gts_text_21\" class=\"gts_text\">O Hyperoartia \u00e9 a classe de lampreias, um grupo de animais do mar em forma de enguia, que s\u00e3o t\u00e3o diferentes de peixes, que os cientistas coloc\u00e1-los em um grupo diferente por completo.<\/span><\/li>\n<li> <span id=\"gts_text_22\" class=\"gts_text\">O Myxini: estes s\u00e3o o peixe-bruxa &#8211; eles parecem um pouco com enguias e podem-se amarrar knots.<\/span><\/li>\n<li> <span id=\"gts_text_23\" class=\"gts_text\">Os placodermos: outro grupo de peixes extintos, que tinham placas de disco r\u00edgidas para proteger suas cabe\u00e7as.<\/span><\/li>\n<li> <span id=\"gts_text_24\" class=\"gts_text\">Pteraspidomorphs: um grupo extinto peixe, que n\u00e3o t\u00eam mand\u00edbulas.<\/span><\/li>\n<li> <span id=\"gts_text_25\" class=\"gts_text\">O Sarcopterygii, ou peixes, incluem os Dipn\u00f3icos e os coelacanths uma vez-pensamento-extintas.<\/span><\/li>\n<\/ul>\n<\/li>\n<li> <span id=\"gts_text_26\" class=\"gts_text\">As outras classes de vertebrados s\u00e3o<\/span>\n<ul>\n<li> <span id=\"gts_text_27\" class=\"gts_text\">Os anf\u00edbios (Amphibia). <\/span><span id=\"gts_text_28\" class=\"gts_text\">Estas s\u00e3o as r\u00e3s, trit\u00f5es, sapos, salamandras, axolotes. <\/span><span id=\"gts_text_29\" class=\"gts_text\">Estas s\u00e3o vertebrados que podem respirar ar e \u00e1gua.<\/span><\/li>\n<li> <span id=\"gts_text_30\" class=\"gts_text\">Os <a href=\"http:\/\/www.big-animals.com\/the-worlds-biggest-reptiles\/\">r\u00e9pteis<\/a> (Sauropsida). <\/span><span id=\"gts_text_31\" class=\"gts_text\">Estas s\u00e3o as tartarugas, lagartos, cobras e outros vertebrados terrestres com escalas.<\/span><\/li>\n<li> <span id=\"gts_text_32\" class=\"gts_text\">Synapsida \u00e9 um grupo de criaturas a maioria de n\u00f3s chamar\u00edamos dinossauros, mas que se diferenciava de outros dinossauros assim que muito lhes deram sua pr\u00f3pria classe.<\/span><\/li>\n<li> <span id=\"gts_text_33\" class=\"gts_text\">As <a href=\"\/Birds.html\">aves<\/a> (Aves). <\/span><span id=\"gts_text_34\" class=\"gts_text\">Na maior parte penas e principalmente capaz de voar.<\/span><\/li>\n<li> <span id=\"gts_text_35\" class=\"gts_text\">Os <a href=\"\/Mammals.html\">mam\u00edferos<\/a> (Mammalia). <\/span><span id=\"gts_text_36\" class=\"gts_text\">Estas criaturas sangue quente na maior parte tem cabelo, e todos dar leite para seus filhotes. <\/span><span id=\"gts_text_37\" class=\"gts_text\">Vertebrate maior do mundo &#8211; na verdade, animal maior do mundo &#8211; \u00e9 um mam\u00edfero.<\/span><\/li>\n<\/ul>\n<\/li>\n<\/ul>\n<p><span id=\"gts_text_38\" class=\"gts_text\"><strong>O que \u00e9 vertebrate maior do mundo?<\/strong><\/span><\/p>\n<p><span id=\"gts_text_39\" class=\"gts_text\">Vertebrate maior do mundo em todos os sentidos \u00e9 a <a href=\"\/Blue-Whale.html\">baleia-azul<\/a>. <\/span><span id=\"gts_text_40\" class=\"gts_text\">Ele pode crescer at\u00e9 30 metros (100 p\u00e9s) long ou mais, e pesar cerca de 140 toneladas &#8211; 140000 kg ou 300000 libras por isso! <\/span><span id=\"gts_text_41\" class=\"gts_text\">\u00c9 ainda maior do que os maiores dinossauros nunca foram. <\/span><span id=\"gts_text_42\" class=\"gts_text\">Infelizmente, foi quase o caminho dos dinossauros no s\u00e9culo XX, devido \u00e0 actividade baleeira. <\/span><span id=\"gts_text_43\" class=\"gts_text\">Ca\u00e7a de baleias azuis foi banida na d\u00e9cada de 1960 e finalmente terminou na d\u00e9cada de 1970. <\/span><span id=\"gts_text_44\" class=\"gts_text\">At\u00e9 agora, a popula\u00e7\u00e3o de baleias azuis \u00e9 ainda menos de 1% do que era antes da ca\u00e7a \u00e0 baleia come\u00e7ou.<\/span><\/p>\n","protected":false},"excerpt":{"rendered":"<p>O que \u00e9 um vertebrado? Os vertebrados s\u00e3o um grupo de animais. Todos eles t\u00eam um &#8220;backbone&#8221; de um n\u00famero de &#8220;redemoinho&#8221;, contendo um nervo importante. Os vertebrados s\u00e3o o maior grupo de cordados &#8211; h\u00e1 mais de 57000 esp\u00e9cies conhecidas, principalmente peixes. Maior animal do mundo \u00e9 um vertebrado &#8211; a baleia-azul. Que tipos &hellip; <a href=\"https:\/\/www.big-animals.com\/pt\/the-mundos-maior-vertebrados\/\" class=\"more-link\">Continue reading <span class=\"screen-reader-text\">Vertebrados maiores do mundo!<\/span><\/a><\/p>\n","protected":false},"author":1,"featured_media":0,"parent":0,"menu_order":0,"comment_status":"closed","ping_status":"open","template":"","meta":{"_acf_changed":false,"footnotes":""},"acf":[],"_links":{"self":[{"href":"https:\/\/www.big-animals.com\/pt\/wp-json\/wp\/v2\/pages\/61"}],"collection":[{"href":"https:\/\/www.big-animals.com\/pt\/wp-json\/wp\/v2\/pages"}],"about":[{"href":"https:\/\/www.big-animals.com\/pt\/wp-json\/wp\/v2\/types\/page"}],"author":[{"embeddable":true,"href":"https:\/\/www.big-animals.com\/pt\/wp-json\/wp\/v2\/users\/1"}],"replies":[{"embeddable":true,"href":"https:\/\/www.big-animals.com\/pt\/wp-json\/wp\/v2\/comments?post=61"}],"version-history":[{"count":1,"href":"https:\/\/www.big-animals.com\/pt\/wp-json\/wp\/v2\/pages\/61\/revisions"}],"predecessor-version":[{"id":340,"href":"https:\/\/www.big-animals.com\/pt\/wp-json\/wp\/v2\/pages\/61\/revisions\/340"}],"wp:attachment":[{"href":"https:\/\/www.big-animals.com\/pt\/wp-json\/wp\/v2\/media?parent=61"}],"curies":[{"name":"wp","href":"https:\/\/api.w.org\/{rel}","templated":true}]}}