{"id":62,"date":"2011-05-09T09:33:45","date_gmt":"2011-05-09T09:33:45","guid":{"rendered":""},"modified":"2011-05-09T09:33:45","modified_gmt":"2011-05-09T09:33:45","slug":"tilossauro","status":"publish","type":"page","link":"https:\/\/www.big-animals.com\/pt\/tilossauro\/","title":{"rendered":"Tilossauro"},"content":{"rendered":"<figure id=\"attachment_651\" aria-describedby=\"caption-attachment-651\" style=\"width: 221px\" class=\"wp-caption alignleft\"><a href=\"http:\/\/www.big-animals.com\/wp-content\/uploads\/2011\/03\/Tylosaurus_and_Human2.png\"><img loading=\"lazy\" decoding=\"async\" class=\"size-medium wp-image-651\" title=\"The Tylosaurus is the world's biggest ever marine reptile\" src=\"http:\/\/www.big-animals.com\/wp-content\/uploads\/2011\/03\/Tylosaurus_and_Human2-221x300.png\" alt=\"The Tylosaurus is the world's biggest ever marine reptile\" width=\"221\" height=\"300\" \/><\/a><figcaption id=\"caption-attachment-651\" class=\"wp-caption-text\">The Tylosaurus is the world&#038;#39;s biggest ever marine reptile<\/figcaption><\/figure>\n<p><span id=\"gts_text_1\" class=\"gts_text\">O Tilossauro \u00e9 o maior alguma vez <a title=\"Lizards\" href=\"http:\/\/www.big-animals.com\/lizards\/\">lagarto<\/a>. <\/span><span id=\"gts_text_2\" class=\"gts_text\">Era um lagarto marinho &#8211; ele viveu no mar. <\/span><span id=\"gts_text_3\" class=\"gts_text\">Na verdade, o Tylosarus tamb\u00e9m Obt\u00e9m o t\u00edtulo do maior alguma vez marinho <a title=\"The World\u2019s Biggest Reptiles!\" href=\"http:\/\/www.big-animals.com\/the-worlds-biggest-reptiles\/\">r\u00e9ptil<\/a>. <\/span><span id=\"gts_text_4\" class=\"gts_text\">\u00c9 semelhante em muitos aspectos, <a title=\"Snakes\" href=\"http:\/\/www.big-animals.com\/snakes\/\">cobras<\/a>e lagartos monitor moderna. <\/span><span id=\"gts_text_5\" class=\"gts_text\">Ele viveu junto com os dinossauros e foi extinto ao mesmo tempo como eles dinossauro. <\/span><span id=\"gts_text_6\" class=\"gts_text\">Verificou-se nos oceanos perto de Am\u00e9rica do Norte.<\/span><\/p>\n<p><span id=\"gts_text_7\" class=\"gts_text\">Tilossauro pode aumentar para cerca de 15 metros (50 p\u00e9s) ou mais. <\/span><span id=\"gts_text_8\" class=\"gts_text\">Ele tinha um focinho longo, em forma de cilindro, que lhe permitiu encontrar suas presas e uso da ram para ele. <\/span><span id=\"gts_text_9\" class=\"gts_text\">Ele tinha duas fileiras de dentes em forma de cone pontudos. <\/span><span id=\"gts_text_10\" class=\"gts_text\">Ele tinha uma mand\u00edbula dupla articuladas e cr\u00e2nio flex\u00edvel, como as cobras, que lhe permitiu engoliu suas presas inteiras. <\/span><span id=\"gts_text_11\" class=\"gts_text\">Ele tamb\u00e9m tinha uma cauda achatada longa e muscular, quick-moving flippers e um corpo simplificado. <\/span><span id=\"gts_text_12\" class=\"gts_text\">Todas estas caracter\u00edsticas tinham ajudado o Tilossauro para ser um nadador poderoso. <\/span><span id=\"gts_text_13\" class=\"gts_text\">Ele poderia atacar suas presas rapidamente.<\/span><\/p>\n<p><span id=\"gts_text_14\" class=\"gts_text\">Conte\u00fado do est\u00f4mago do Tilossauro fossilizados mostrou-nos que esta criatura mortal marine comeu diferentes tipos de alimentos como peixes, tubar\u00f5es, pequenos lagartos marinhos, carne comer r\u00e9ptil aqu\u00e1tico e mergulho aves que n\u00e3o voam. <\/span><span id=\"gts_text_15\" class=\"gts_text\">M\u00e3e Tylosauruses deu \u00e0 luz a viver os beb\u00eas jovens. <\/span><span id=\"gts_text_16\" class=\"gts_text\">Ela n\u00e3o retornou \u00e0 costa para colocar seus ovos como as tartarugas marinhas.<\/span><\/p>\n","protected":false},"excerpt":{"rendered":"<p>O Tilossauro \u00e9 o maior alguma vez lagarto. Era um lagarto marinho &#8211; ele viveu no mar. Na verdade, o Tylosarus tamb\u00e9m Obt\u00e9m o t\u00edtulo do maior alguma vez marinho r\u00e9ptil. \u00c9 semelhante em muitos aspectos, cobrase lagartos monitor moderna. Ele viveu junto com os dinossauros e foi extinto ao mesmo tempo como eles dinossauro. &hellip; <a href=\"https:\/\/www.big-animals.com\/pt\/tilossauro\/\" class=\"more-link\">Continue reading <span class=\"screen-reader-text\">Tilossauro<\/span><\/a><\/p>\n","protected":false},"author":1,"featured_media":0,"parent":0,"menu_order":0,"comment_status":"closed","ping_status":"open","template":"","meta":{"_acf_changed":false,"footnotes":""},"acf":[],"_links":{"self":[{"href":"https:\/\/www.big-animals.com\/pt\/wp-json\/wp\/v2\/pages\/62"}],"collection":[{"href":"https:\/\/www.big-animals.com\/pt\/wp-json\/wp\/v2\/pages"}],"about":[{"href":"https:\/\/www.big-animals.com\/pt\/wp-json\/wp\/v2\/types\/page"}],"author":[{"embeddable":true,"href":"https:\/\/www.big-animals.com\/pt\/wp-json\/wp\/v2\/users\/1"}],"replies":[{"embeddable":true,"href":"https:\/\/www.big-animals.com\/pt\/wp-json\/wp\/v2\/comments?post=62"}],"version-history":[{"count":0,"href":"https:\/\/www.big-animals.com\/pt\/wp-json\/wp\/v2\/pages\/62\/revisions"}],"wp:attachment":[{"href":"https:\/\/www.big-animals.com\/pt\/wp-json\/wp\/v2\/media?parent=62"}],"curies":[{"name":"wp","href":"https:\/\/api.w.org\/{rel}","templated":true}]}}