{"id":63,"date":"2011-05-09T09:33:54","date_gmt":"2011-05-09T09:33:54","guid":{"rendered":""},"modified":"2014-04-29T19:45:52","modified_gmt":"2014-04-29T19:45:52","slug":"mundos-maiores-animais","status":"publish","type":"page","link":"https:\/\/www.big-animals.com\/pt\/","title":{"rendered":"Os maiores animais do mundo."},"content":{"rendered":"<p><span class=\"gts_text\" id=\"gts_text_1\">Este site tem como objectivo coletar informa\u00e7\u00f5es sobre os maiores animais do mundo &#8211; os mais altos, mais pesados, mais longos e maiores de cada tipo de animal, com fatos fascinantes sobre todos e cada um!<\/span><\/p>\n<p><span class=\"gts_text\" id=\"gts_text_2\">Quer saber o que \u00e9 a maior aranha do mundo? <\/span><span class=\"gts_text\" id=\"gts_text_3\">O caranguejo mais pesado? O maior<\/span><span class=\"gts_text\" id=\"gts_text_4\">\u00a0peixe?<\/span><\/p>\n<p><span class=\"gts_text\" id=\"gts_text_5\">Existem v\u00e1rias maneiras de explorar este site&#8230;<\/span><\/p>\n<ul>\n<li><span class=\"gts_text\" id=\"gts_text_6\">Voc\u00ea pode ver uma <a title=\"Uma lista alfab\u00e9tica dos maiores animais do mundo.\" href=\"http:\/\/www.big-animals.com\/pt\/an-alphabetical-list-of-the-worlds-largest-animals\/\">lista alfab\u00e9tica<\/a> de todos os animais neste site e clicar diretamente no animal que voc\u00ea est\u00e1 interessado.<\/span><\/li>\n<li><span class=\"gts_text\" id=\"gts_text_7\">Voc\u00ea pode ver uma <a title=\"Uma lista dos maiores animais do mundo, classificada por tipo\" href=\"http:\/\/www.big-animals.com\/pt\/a-list-of-the-worlds-biggest-animals-sorted-by-type\/\">lista de todos os diferentes <em>tipos<\/em> de animais<\/a>\u00a0e descer at\u00e9 a esp\u00e9cie\u00a0(mam\u00edferos, vertebrados, aranhas, etc) que est\u00e1 interessado.<\/span><\/li>\n<li><span class=\"gts_text\" id=\"gts_text_8\">Voc\u00ea pode clicar direto na <a title=\"Animais maiores do mundo!\" href=\"http:\/\/www.big-animals.com\/pt\/the-mundos-maior-animais\/\">p\u00e1gina principal sobre animais<\/a>, ler o que h\u00e1 de t\u00e3o especial sobre eles e acessar atrav\u00e9s dos links que voc\u00ea encontrar l\u00e1.<\/span><\/li>\n<\/ul>\n<p><span class=\"gts_text\" id=\"gts_text_10\">Espero que este site seja um lugar fascinante para explorar os maoires do reino animal!<\/span><\/p>\n","protected":false},"excerpt":{"rendered":"<p>Este site tem como objectivo coletar informa\u00e7\u00f5es sobre os maiores animais do mundo &#8211; os mais altos, mais pesados, mais longos e maiores de cada tipo de animal, com fatos fascinantes sobre todos e cada um! Quer saber o que \u00e9 a maior aranha do mundo? O caranguejo mais pesado? O maior\u00a0peixe? Existem v\u00e1rias maneiras &hellip; <a href=\"https:\/\/www.big-animals.com\/pt\/\" class=\"more-link\">Continue reading <span class=\"screen-reader-text\">Os maiores animais do mundo.<\/span><\/a><\/p>\n","protected":false},"author":1,"featured_media":0,"parent":0,"menu_order":0,"comment_status":"closed","ping_status":"open","template":"","meta":{"_acf_changed":false,"footnotes":""},"acf":[],"_links":{"self":[{"href":"https:\/\/www.big-animals.com\/pt\/wp-json\/wp\/v2\/pages\/63"}],"collection":[{"href":"https:\/\/www.big-animals.com\/pt\/wp-json\/wp\/v2\/pages"}],"about":[{"href":"https:\/\/www.big-animals.com\/pt\/wp-json\/wp\/v2\/types\/page"}],"author":[{"embeddable":true,"href":"https:\/\/www.big-animals.com\/pt\/wp-json\/wp\/v2\/users\/1"}],"replies":[{"embeddable":true,"href":"https:\/\/www.big-animals.com\/pt\/wp-json\/wp\/v2\/comments?post=63"}],"version-history":[{"count":8,"href":"https:\/\/www.big-animals.com\/pt\/wp-json\/wp\/v2\/pages\/63\/revisions"}],"predecessor-version":[{"id":313,"href":"https:\/\/www.big-animals.com\/pt\/wp-json\/wp\/v2\/pages\/63\/revisions\/313"}],"wp:attachment":[{"href":"https:\/\/www.big-animals.com\/pt\/wp-json\/wp\/v2\/media?parent=63"}],"curies":[{"name":"wp","href":"https:\/\/api.w.org\/{rel}","templated":true}]}}