{"id":64,"date":"2011-05-09T11:26:25","date_gmt":"2011-05-09T11:26:25","guid":{"rendered":""},"modified":"2011-05-09T11:26:25","modified_gmt":"2011-05-09T11:26:25","slug":"morcegos","status":"publish","type":"page","link":"https:\/\/www.big-animals.com\/pt\/morcegos\/","title":{"rendered":"Morcegos"},"content":{"rendered":"<p><span id=\"gts_text_1\" class=\"gts_text\">Morcegos voando <a title=\"The World\u2019s Biggest Mammals!\" href=\"http:\/\/www.big-animals.com\/the-worlds-biggest-mammals\/\">mam\u00edferos<\/a>. <\/span><span id=\"gts_text_2\" class=\"gts_text\">Eles s\u00e3o o segundo maior grupo de mam\u00edferos. <\/span><span id=\"gts_text_3\" class=\"gts_text\">Existem cerca de 1100 esp\u00e9cies de morcego do mundo, mas h\u00e1 mais <a title=\"Rodents\" href=\"http:\/\/www.big-animals.com\/rodents\/\">roedores<\/a> de morcegos. <\/span><span id=\"gts_text_4\" class=\"gts_text\">Eles s\u00e3o os \u00fanicos mam\u00edferos que podem voar. <\/span><span id=\"gts_text_5\" class=\"gts_text\">Seus membros dianteiros t\u00eam ligados a pele cobrindo seus dedos e tornaram-se asas. <\/span><span id=\"gts_text_6\" class=\"gts_text\">Morcegos flaps suas asas e voar como um aves. <\/span><span id=\"gts_text_7\" class=\"gts_text\">Existem outros mam\u00edferos que olham como eles podem voar, como esquilos voadores e deslizar gamb\u00e1s. <\/span><span id=\"gts_text_8\" class=\"gts_text\">Estes n\u00e3o realmente voar, mas eles deslizam atrav\u00e9s do ar como uma asa.<\/span><\/p>\n<h3><span id=\"gts_text_9\" class=\"gts_text\">Morcego fatos<\/span><\/h3>\n<p><span id=\"gts_text_10\" class=\"gts_text\">As asas de um morcego s\u00e3o feitas de duas camadas finas de pele esticada sobre o morcego bra\u00e7o e dedos. <\/span><span id=\"gts_text_11\" class=\"gts_text\">Os ossos do dedo de morcegos s\u00e3o muito mais flex\u00edveis em rela\u00e7\u00e3o aos de outros mam\u00edferos. <\/span><span id=\"gts_text_12\" class=\"gts_text\">As asas de morcegos s\u00e3o muito mais finas do que a asa de um p\u00e1ssaro. <\/span><span id=\"gts_text_13\" class=\"gts_text\">Isso tem ajudado os morcegos para ser capaz de torcer e girar no ar muito mais r\u00e1pida e precisa do que uma ave. <\/span><span id=\"gts_text_14\" class=\"gts_text\">Suas asas finas s\u00e3o delicadas e eles obter rasgados facilmente. <\/span><span id=\"gts_text_15\" class=\"gts_text\">Felizmente, a fina camada de pele que faz as asas pode ser crescida. <\/span><span id=\"gts_text_16\" class=\"gts_text\">Por conseguinte, l\u00e1grimas pequenas podem emendar rapidamente.<\/span><\/p>\n<p><span id=\"gts_text_17\" class=\"gts_text\">Morcegos t\u00eam um polegar e 4 dedos como n\u00f3s. <\/span><span id=\"gts_text_18\" class=\"gts_text\">Os dedos da bat muito tempo s\u00e3o comparados ao seu corpo. <\/span><span id=\"gts_text_19\" class=\"gts_text\">Suas asas podem chegar parcialmente para baixo de suas pernas. <\/span><span id=\"gts_text_20\" class=\"gts_text\">Quando eles voam, eles n\u00e3o apenas flap cima e para baixo como p\u00e1ssaros. <\/span><span id=\"gts_text_21\" class=\"gts_text\">Espalharam suas asas e pull-se atrav\u00e9s do ar como se estivessem fazendo a borboleta nata\u00e7\u00e3o tra\u00e7ado. <\/span><span id=\"gts_text_22\" class=\"gts_text\">As asas s\u00e3o tamb\u00e9m utilizadas para armazenar insetos e frutas ao comer. <\/span><span id=\"gts_text_23\" class=\"gts_text\">Nas asas, voc\u00ea pode encontrar pequenas sali\u00eancias que s\u00e3o muito sens\u00edveis ao toque &#8211; assim como o que temos em nossos dedos. <\/span><span id=\"gts_text_24\" class=\"gts_text\">Cada colis\u00e3o tem um cabelo min\u00fasculo no centro. <\/span><span id=\"gts_text_25\" class=\"gts_text\">Esses solavancos sens\u00edveis ajudam os morcegos se sentir como o ar est\u00e1 fluindo ao longo de suas asas. <\/span><span id=\"gts_text_26\" class=\"gts_text\">Em seguida, eles podem alterar a forma de suas asas para voar com mais efici\u00eancia.<\/span><\/p>\n<h3>\n<figure id=\"attachment_785\" aria-describedby=\"caption-attachment-785\" style=\"width: 300px\" class=\"wp-caption alignright\"><a href=\"http:\/\/www.big-animals.com\/wp-content\/uploads\/2011\/03\/Myotis_Bechsteinii.jpg\"><img loading=\"lazy\" decoding=\"async\" class=\"size-medium wp-image-785\" title=\"A Bat In Flight - Picture Credit Dietmar Nill, PLoS Computational Biology\" src=\"http:\/\/www.big-animals.com\/wp-content\/uploads\/2011\/03\/Myotis_Bechsteinii-300x193.jpg\" alt=\"A Bat In Flight - Photo Credit Dietmar Nill, PLoS Computational Biology\" width=\"300\" height=\"193\" \/><\/a><figcaption id=\"caption-attachment-785\" class=\"wp-caption-text\">A Bat In Flight - Picture Credit Dietmar Nill, PLoS Computational Biology<\/figcaption><\/figure>\n<p><span id=\"gts_text_27\" class=\"gts_text\">Que comem morcegos?<\/span><\/h3>\n<p><span id=\"gts_text_28\" class=\"gts_text\">Morcegos podem ser encontrados na maior parte do mundo, exceto para os lugares muito mais frios. <\/span><span id=\"gts_text_29\" class=\"gts_text\">Voc\u00ea pode encontr\u00e1-los nas florestas, desertos, selvas e cidades. <\/span><span id=\"gts_text_30\" class=\"gts_text\">Cerca de 70% destes morcegos comem principalmente insetos. <\/span><span id=\"gts_text_31\" class=\"gts_text\">Este grupo de morcegos ca\u00e7a suas presas, emitindo ondas de sons e ouvir o eco para localizar a presa. <\/span><span id=\"gts_text_32\" class=\"gts_text\">Cada \u00e9 geralmente capaz de comer um ter\u00e7o de seu peso de corpo dos insetos cada noite. <\/span><span id=\"gts_text_33\" class=\"gts_text\">Um grupo de morcegos pode comer toneladas de insetos por ano! <\/span><span id=\"gts_text_34\" class=\"gts_text\">Assim, se n\u00e3o houvesse nenhum mais morcegos, ter\u00edamos problemas de muitos insetos.<\/span><\/p>\n<h3><span id=\"gts_text_35\" class=\"gts_text\">Morcegos frug\u00edvoros<\/span><\/h3>\n<p><span id=\"gts_text_36\" class=\"gts_text\">Muitos morcegos comem frutas. <\/span><span id=\"gts_text_37\" class=\"gts_text\">Essas frutas comer morcegos alimentar\u00e1 no suco de fruta doce. <\/span><span id=\"gts_text_38\" class=\"gts_text\">Eles v\u00e3o puxar os frutos da \u00e1rvore com seus dentes e, em seguida, voar de volta para seu lugar de descanso com a fruta em sua boca. <\/span><span id=\"gts_text_39\" class=\"gts_text\">Em seguida, eles ir\u00e3o esmagar abrir o fruto e com\u00ea-lo. <\/span><span id=\"gts_text_40\" class=\"gts_text\">As sementes e polpa s\u00e3o cuspiu na terra. <\/span><span id=\"gts_text_41\" class=\"gts_text\">Estas sementes ir\u00e3o criar ra\u00edzes e come\u00e7am a crescer em novas \u00e1rvores de fruto. <\/span><span id=\"gts_text_42\" class=\"gts_text\">Alguns morcegos se alimentam de n\u00e9ctar. <\/span><span id=\"gts_text_43\" class=\"gts_text\">Estes longos focinheiras e podem ficar fora de suas l\u00ednguas muito longe. <\/span><span id=\"gts_text_44\" class=\"gts_text\">Enquanto saboreia o n\u00e9ctar das flores, p\u00f3len vai ficar preso em suas peles. <\/span><span id=\"gts_text_45\" class=\"gts_text\">Quando os morcegos fazer v\u00f4o o p\u00f3len \u00e9 polvilhado. <\/span><span id=\"gts_text_46\" class=\"gts_text\">Que \u00e9 como os morcegos ajudam a poliniza\u00e7\u00e3o de plantas. <\/span><span id=\"gts_text_47\" class=\"gts_text\">Embora alguns dos morcegos comedores de frutas s\u00e3o pragas aos agricultores que possui planta\u00e7\u00f5es de frutas, gostemos ou n\u00e3o, morcegos desempenham um papel importante em espalhar as sementes de frutas, flores de poliniza\u00e7\u00e3o e manuten\u00e7\u00e3o insetos sob controlam. <\/span><span id=\"gts_text_48\" class=\"gts_text\">Muitas plantas tropicais dependem inteiramente dos morcegos para espalhar suas sementes.<\/span><\/p>\n<h3><span id=\"gts_text_49\" class=\"gts_text\">Morcegos Vampiros<\/span><\/h3>\n<p><span id=\"gts_text_50\" class=\"gts_text\">Apenas 3 esp\u00e9cies de morcegos se alimentam de sangue. <\/span><span id=\"gts_text_51\" class=\"gts_text\">Exemplo, o Morcego vampiro, o Morcego vampiro branco e o peludo ecaudata. <\/span><span id=\"gts_text_52\" class=\"gts_text\">O Morcego vampiro vai sugar o sangue de mam\u00edferos como vacas e cavalos, e o Morcego vampiro de Hairy-Legged e White-Winged Vampire Bat sugam o sangue de aves. <\/span><span id=\"gts_text_53\" class=\"gts_text\">Eles n\u00e3o v\u00e3o virar em Conde Dr\u00e1cula, assim, estamos seguros! <\/span><span id=\"gts_text_54\" class=\"gts_text\">Estes morcegos sucking sangue s\u00e3o os \u00fanicos parasitas que s\u00e3o mam\u00edferos. <\/span><span id=\"gts_text_55\" class=\"gts_text\">Algumas esp\u00e9cies ainda come vertebrados. <\/span><span id=\"gts_text_56\" class=\"gts_text\">Por exemplo, os morcegos Phyllostomidae na Am\u00e9rica Central, Am\u00e9rica do Sul e os dois tipos de morcego-buldogue que alimentam de peixes. <\/span><span id=\"gts_text_57\" class=\"gts_text\">Estes tipos de morcegos s\u00e3o encontrados em quase todos os continentes. <\/span><span id=\"gts_text_58\" class=\"gts_text\">Eles usam echolation para detectar pequenas ondula\u00e7\u00f5es na superf\u00edcie da \u00e1gua para localizar o peixe. <\/span><span id=\"gts_text_59\" class=\"gts_text\">Quando eles &#8220;ver&#8221; as pequenas ondula\u00e7\u00f5es, os morcegos ser\u00e3o swoop para baixo perto da \u00e1gua e usar as garras em suas patas para pegar o peixe fora d&#8217;\u00e1gua. <\/span><span id=\"gts_text_60\" class=\"gts_text\">Os morcegos tomar\u00e1 o peixe para seu local de descanso para comer. <\/span><span id=\"gts_text_61\" class=\"gts_text\">Duas esp\u00e9cies de morcegos comem morcegos. <\/span><span id=\"gts_text_62\" class=\"gts_text\">Por exemplo, o Morcego vampiro False americana e o morcego fantasma da Austr\u00e1lia. <\/span><span id=\"gts_text_63\" class=\"gts_text\">Uma esp\u00e9cie de morcego chamado o morcego maior morcego-dos-pega e come pequenos p\u00e1ssaros no ar. <\/span><span id=\"gts_text_64\" class=\"gts_text\">Alguns predadores de morcegos s\u00e3o morcego Hawks e morcego Falcons.<\/span><\/p>\n<h3><span id=\"gts_text_65\" class=\"gts_text\">Morcegos de menores e maiores<\/span><\/h3>\n<p><span id=\"gts_text_66\" class=\"gts_text\">A menor \u00e9 Hog-Nosed morcego de Kitti. <\/span><span id=\"gts_text_67\" class=\"gts_text\">\u00c9 cerca de 29 a 34 mm (1. 2 a 1. 5 polegadas), 15 cm (6 polegadas) entre as asas e pesa cerca de 2-2. 6 gramas (0. 22 oz). <\/span><span id=\"gts_text_68\" class=\"gts_text\">As maiores esp\u00e9cies de morcego \u00e9 o <a title=\"Giant Golden-Crowned Flying Fox\" href=\"http:\/\/www.big-animals.com\/giant-golden-crowned-flying-fox\/\">gigante dourado coroada raposa voadora<\/a> que \u00e9 34 cm (13. 5 polegadas) de comprimento. <\/span><span id=\"gts_text_69\" class=\"gts_text\">Tem uma envergadura de 1,5 m (5 p\u00e9s), que \u00e9 quase t\u00e3o longo como um homem m\u00e9dio \u00e9 alto.<\/span><\/p>\n<h3><span id=\"gts_text_70\" class=\"gts_text\">Esp\u00e9cies de morcegos<\/span><\/h3>\n<p><span id=\"gts_text_71\" class=\"gts_text\">Existem dois principais grupos de morcegos. <\/span><span id=\"gts_text_72\" class=\"gts_text\">Os frutos grandes comendo morcegos s\u00e3o conhecidos como <em>Pteropodidae<\/em> e os morcegos pequenos s\u00e3o conhecidos como <em>microbats<\/em> e eles comem insetos, sangue, peixes, lagartos, aves, p\u00f3len e n\u00e9ctar. <\/span><span id=\"gts_text_73\" class=\"gts_text\">Nem todas as Pteropodidae \u00e9 maiores que microbats. <\/span><span id=\"gts_text_74\" class=\"gts_text\">A principal diferen\u00e7a entre os dois morcegos de grupos s\u00e3o.<\/span><\/p>\n<ul>\n<li><span id=\"gts_text_75\" class=\"gts_text\">Microbats s\u00e3o capazes de emitir ondas de som e ouvir os ecos para localizar objetos. <\/span><span id=\"gts_text_76\" class=\"gts_text\">Os sons bater\u00e1 algo e v\u00e3o saltar para tr\u00e1s. <\/span><span id=\"gts_text_77\" class=\"gts_text\">O morcego ouve o eco e pode dizer onde est\u00e1 o objeto. <\/span><span id=\"gts_text_78\" class=\"gts_text\">A maioria dos Pteropodidae \u00e9 incapazes de fazer isso, mas Pteropodidae t\u00eam uma vis\u00e3o muito boa para ca\u00e7ar suas presas.<\/span><\/li>\n<li><span id=\"gts_text_79\" class=\"gts_text\">Microbats n\u00e3o tem uma garra em seu segundo dedo do p\u00e9 do membro anterior. <\/span><span id=\"gts_text_80\" class=\"gts_text\">Pteropodidae fazer.<\/span><\/li>\n<li><span id=\"gts_text_81\" class=\"gts_text\">As orelhas de microbats n\u00e3o fechar para formar um anel.<\/span><\/li>\n<li><span id=\"gts_text_82\" class=\"gts_text\">A pele de um microbats \u00e9 diferente da fam\u00edlia Pteropodidae.<\/span><\/li>\n<li><span id=\"gts_text_83\" class=\"gts_text\">Microbats ao vivo em todos os lugares do mundo, exceto para a Ant\u00e1rtica e a maioria do \u00c1rtico. <\/span><span id=\"gts_text_84\" class=\"gts_text\">Pteropodidae \u00e9 mais encontrados nos tr\u00f3picos.<\/span><\/li>\n<li><span id=\"gts_text_85\" class=\"gts_text\">A maioria dos morcegos do mundo \u00e9 microbats. <\/span><span id=\"gts_text_86\" class=\"gts_text\">Existem cerca de 200 esp\u00e9cies de Pteropodidae.<\/span><\/li>\n<\/ul>\n<p><span id=\"gts_text_87\" class=\"gts_text\">Microbats geralmente t\u00eam olhos pequenos e n\u00e3o consigo ver bem-, mas nenhum deles \u00e9 cego. <\/span><span id=\"gts_text_88\" class=\"gts_text\">O microbats vai usar sua vis\u00e3o quando eles n\u00e3o conseguem localizar objetos os ecos devido a longas dist\u00e2ncias. <\/span><span id=\"gts_text_89\" class=\"gts_text\">Morcegos t\u00eam bons sentidos de olfato e audi\u00e7\u00e3o. <\/span><span id=\"gts_text_90\" class=\"gts_text\">Ca\u00e7am \u00e0 noite para evitar a competi\u00e7\u00e3o com aves e viajam tanto quanto 800 quil\u00f3metros (500 milhas) apenas para procurar comida. <\/span><span id=\"gts_text_91\" class=\"gts_text\">Morcegos t\u00eam a melhor audi\u00eancia de todos os mam\u00edferos terrestres. <\/span><span id=\"gts_text_92\" class=\"gts_text\">Eles muitas vezes t\u00eam orelhas grandes, em compara\u00e7\u00e3o com o tamanho de seus corpos.<\/span><\/p>\n<h3>\n<figure id=\"attachment_795\" aria-describedby=\"caption-attachment-795\" style=\"width: 300px\" class=\"wp-caption aligncenter\"><a href=\"http:\/\/www.big-animals.com\/wp-content\/uploads\/2011\/03\/Brown_bats.jpg\"><img loading=\"lazy\" decoding=\"async\" class=\"size-medium wp-image-795\" title=\"Brown Bats Hiding - Public Domain Photograph by Jim Conrad\" src=\"http:\/\/www.big-animals.com\/wp-content\/uploads\/2011\/03\/Brown_bats-300x113.jpg\" alt=\"Brown Bats Hiding - Public Domain Photograph by Jim Conrad\" width=\"300\" height=\"113\" \/><\/a><figcaption id=\"caption-attachment-795\" class=\"wp-caption-text\">Brown Bats Hiding<\/figcaption><\/figure>\n<p><span id=\"gts_text_93\" class=\"gts_text\">Mais informa\u00e7\u00f5es sobre morcegos<\/span><\/h3>\n<p><span id=\"gts_text_94\" class=\"gts_text\">Morcegos s\u00e3o ativos \u00e0 noite. <\/span><span id=\"gts_text_95\" class=\"gts_text\">A maioria dos morcegos viajar\u00e1 centenas de quil\u00f4metros de hiberna\u00e7\u00e3o. <\/span><span id=\"gts_text_96\" class=\"gts_text\">Eles s\u00f3 v\u00e3o ca\u00e7ar quando o tempo est\u00e1 quente o suficiente para os insetos ser ativo. <\/span><span id=\"gts_text_97\" class=\"gts_text\">Alguns morcegos mesmo hibernam em cavernas por 6 meses. <\/span><span id=\"gts_text_98\" class=\"gts_text\">Morcegos raramente voam na chuva, porque a chuva faz com que seja dif\u00edcil para eles ouvir ecos, assim eles seria incapazes de encontrar comida na chuva. <\/span><span id=\"gts_text_99\" class=\"gts_text\">Alguns morcegos vivem sozinhos e outros vivem em grupos grandes em cavernas. <\/span><span id=\"gts_text_100\" class=\"gts_text\">Os cientistas descobriram que os morcegos fazem muitos tipos diferentes de som para se comunicar uns com os outros.<\/span><\/p>\n<p><span id=\"gts_text_101\" class=\"gts_text\">A maioria dos morcegos t\u00eam uma \u00e9poca de reprodu\u00e7\u00e3o, que \u00e9 na Primavera para esp\u00e9cies que vivem em um clima temperado. <\/span><span id=\"gts_text_102\" class=\"gts_text\">Morcegos t\u00eam beb\u00eas de 1 a 3 em uma temporada, dependendo da esp\u00e9cie e por se existe comida e lugares para descansar. <\/span><span id=\"gts_text_103\" class=\"gts_text\">As m\u00e3es tendem a ter apenas 1 beb\u00ea em um tempo porque ela tem a voar e ca\u00e7ar ao mesmo tempo durante a gravidez. <\/span><span id=\"gts_text_104\" class=\"gts_text\">Ela enfermeiros seu beb\u00ea com leite at\u00e9 que eles s\u00e3o quase adultos. <\/span><span id=\"gts_text_105\" class=\"gts_text\">Isso ocorre porque um morcego jovens n\u00e3o pode ca\u00e7ar por conta pr\u00f3pria at\u00e9 que suas asas s\u00e3o plenamente desenvolvidas. <\/span><span id=\"gts_text_106\" class=\"gts_text\">Suas asas s\u00e3o demasiado pequenas para voar. <\/span><span id=\"gts_text_107\" class=\"gts_text\">Microbats jovens tornam-se independentes com a idade de 6 a 8 semanas, mas a Pteropodidae n\u00e3o se tornar independente at\u00e9 que eles s\u00e3o 4 meses de idade. <\/span><span id=\"gts_text_108\" class=\"gts_text\">Um \u00fanico morcego pode viver por mais de 20 anos.<\/span><\/p>\n<h3><span id=\"gts_text_109\" class=\"gts_text\">Guano de morcego<\/span><\/h3>\n<p><span id=\"gts_text_110\" class=\"gts_text\">Coc\u00f4 dos morcegos (fezes de morcego) \u00e9 muito rico em nutrientes. <\/span><span id=\"gts_text_111\" class=\"gts_text\">Em alguns lugares \u00e9 colhido de cavernas, refei\u00e7\u00f5es e vendido aos agricultores para ser utilizado como fertilizante. <\/span><span id=\"gts_text_112\" class=\"gts_text\">Acredite ou n\u00e3o, O esterco mesmo foi usado para fazer a p\u00f3lvora na Guerra Civil dos Estados Unidos! <\/span><span id=\"gts_text_113\" class=\"gts_text\">Os morcegos v\u00e3o comer tanta comida como seus corpos podem tomar apenas antes de eles hibernate. <\/span><span id=\"gts_text_114\" class=\"gts_text\">Eles ser\u00e3o muito gordos at\u00e9 ent\u00e3o. <\/span><span id=\"gts_text_115\" class=\"gts_text\">Quando em hiberna\u00e7\u00e3o, seus corpos come\u00e7 toda a energia que precisam desta gordura. <\/span><span id=\"gts_text_116\" class=\"gts_text\">No entanto, eles n\u00e3o precisam muita energia, em seguida, porque o morcego \u00e9 muito inativo nesse momento. <\/span><span id=\"gts_text_117\" class=\"gts_text\">O abastecimento de gordura vai durar at\u00e9 a temporada de Primavera.<\/span><\/p>\n<h3><span id=\"gts_text_118\" class=\"gts_text\">Conserva\u00e7\u00e3o de morcego<\/span><\/h3>\n<p><span id=\"gts_text_119\" class=\"gts_text\">Organiza\u00e7\u00f5es para conserva\u00e7\u00e3o de morcego tem feito muito para ensinar as pessoas como importantes morcegos est\u00e3o no controle de pragas de insetos e poliniza\u00e7\u00e3o. <\/span><span id=\"gts_text_120\" class=\"gts_text\">No Reino Unido todos os morcegos est\u00e3o protegidos. <\/span><span id=\"gts_text_121\" class=\"gts_text\">Morcegos tamb\u00e9m podem ser uma atra\u00e7\u00e3o tur\u00edstica. <\/span><span id=\"gts_text_122\" class=\"gts_text\">Por exemplo, cerca de 100 mil turistas por ano v\u00e3o visitar o Congresso Avenue Bridge em Austin, Texas no crep\u00fasculo para assistir os morcegos deixar seu local de descanso.<\/span><\/p>\n<p><span id=\"gts_text_123\" class=\"gts_text\"><\/span><\/p>\n","protected":false},"excerpt":{"rendered":"<p>Morcegos voando mam\u00edferos. Eles s\u00e3o o segundo maior grupo de mam\u00edferos. Existem cerca de 1100 esp\u00e9cies de morcego do mundo, mas h\u00e1 mais roedores de morcegos. Eles s\u00e3o os \u00fanicos mam\u00edferos que podem voar. Seus membros dianteiros t\u00eam ligados a pele cobrindo seus dedos e tornaram-se asas. Morcegos flaps suas asas e voar como um &hellip; <a href=\"https:\/\/www.big-animals.com\/pt\/morcegos\/\" class=\"more-link\">Continue reading <span class=\"screen-reader-text\">Morcegos<\/span><\/a><\/p>\n","protected":false},"author":1,"featured_media":0,"parent":0,"menu_order":0,"comment_status":"closed","ping_status":"open","template":"","meta":{"_acf_changed":false,"footnotes":""},"acf":[],"_links":{"self":[{"href":"https:\/\/www.big-animals.com\/pt\/wp-json\/wp\/v2\/pages\/64"}],"collection":[{"href":"https:\/\/www.big-animals.com\/pt\/wp-json\/wp\/v2\/pages"}],"about":[{"href":"https:\/\/www.big-animals.com\/pt\/wp-json\/wp\/v2\/types\/page"}],"author":[{"embeddable":true,"href":"https:\/\/www.big-animals.com\/pt\/wp-json\/wp\/v2\/users\/1"}],"replies":[{"embeddable":true,"href":"https:\/\/www.big-animals.com\/pt\/wp-json\/wp\/v2\/comments?post=64"}],"version-history":[{"count":0,"href":"https:\/\/www.big-animals.com\/pt\/wp-json\/wp\/v2\/pages\/64\/revisions"}],"wp:attachment":[{"href":"https:\/\/www.big-animals.com\/pt\/wp-json\/wp\/v2\/media?parent=64"}],"curies":[{"name":"wp","href":"https:\/\/api.w.org\/{rel}","templated":true}]}}