{"id":65,"date":"2011-05-09T11:27:43","date_gmt":"2011-05-09T11:27:43","guid":{"rendered":""},"modified":"2011-05-09T11:27:43","modified_gmt":"2011-05-09T11:27:43","slug":"sapo","status":"publish","type":"page","link":"https:\/\/www.big-animals.com\/pt\/sapo\/","title":{"rendered":"Sapo"},"content":{"rendered":"<p><span id=\"gts_text_1\" class=\"gts_text\">As r\u00e3s s\u00e3o <a title=\"Amphibian\" href=\"http:\/\/www.big-animals.com\/amphibian\/\">anf\u00edbios<\/a>. <\/span><span id=\"gts_text_2\" class=\"gts_text\">Uma r\u00e3 gasta parte de sua vida na \u00e1gua como um girino e sobre a terra como um sapo. <\/span><span id=\"gts_text_3\" class=\"gts_text\">Eles t\u00eam 2 longas e p\u00e9s traseiros poderosos que os tornam campe\u00e3o jumpers. <\/span><span id=\"gts_text_4\" class=\"gts_text\">Eles t\u00eam 2 patas dianteiras curtas que ajudam o sapo at\u00e9 quando ele senta-se ou se prepara para saltar. <\/span><span id=\"gts_text_5\" class=\"gts_text\">O sapo cair em suas patas dianteiras. <\/span><span id=\"gts_text_6\" class=\"gts_text\">A maioria das r\u00e3s tem um corpo curto e membranas dedos dos p\u00e9s, para que eles tamb\u00e9m s\u00e3o grandes nadadores! <\/span><span id=\"gts_text_7\" class=\"gts_text\">Assim voc\u00ea pode ver que as r\u00e3s s\u00e3o campe\u00e3o atletas &#8211; n\u00e3o s\u00f3 eles s\u00e3o bons no evento de salto em comprimento, eles tamb\u00e9m s\u00e3o bons nas provas de nata\u00e7\u00e3o. <\/span><span id=\"gts_text_8\" class=\"gts_text\">Eles t\u00eam sem cauda. <\/span><span id=\"gts_text_9\" class=\"gts_text\">Seus olhos e nariz s\u00e3o em cima de sua cabe\u00e7a. <\/span><span id=\"gts_text_10\" class=\"gts_text\">Assim, quando eles est\u00e3o sob a \u00e1gua, eles s\u00e3o ainda capazes de respirar e ver claramente. <\/span><span id=\"gts_text_11\" class=\"gts_text\">Eles t\u00eam 2 olhos abaulamento. <\/span><span id=\"gts_text_12\" class=\"gts_text\">Acredite ou n\u00e3o, que eles s\u00e3o capazes de fazer seus olhos ir dentro e fora de suas bases! <\/span><span id=\"gts_text_13\" class=\"gts_text\">Suas orelhas s\u00e3o os lados de sua cabe\u00e7a, apenas atr\u00e1s dos olhos. <\/span><span id=\"gts_text_14\" class=\"gts_text\">Sua l\u00edngua muito pegajosa \u00e9 anexada \u00e0 frente de sua boca.<\/span><\/p>\n<p><span id=\"gts_text_15\" class=\"gts_text\">Frog variam da tiny 10 mm (0. 4 polegadas) brasileiro sapo de ouro para o <a href=\"http:\/\/www.big-animals.com\/goliath-frog\/\">enorme 30 cm (1 p\u00e9) Frog Golias<\/a>.<\/span><\/p>\n<figure id=\"attachment_898\" aria-describedby=\"caption-attachment-898\" style=\"width: 300px\" class=\"wp-caption alignright\"><a href=\"http:\/\/www.big-animals.com\/wp-content\/uploads\/2011\/04\/Sitting_Frog.jpg\"><img loading=\"lazy\" decoding=\"async\" class=\"size-medium wp-image-898\" title=\"Frogs are the best-known amphibians\" src=\"http:\/\/www.big-animals.com\/wp-content\/uploads\/2011\/04\/Sitting_Frog-300x150.jpg\" alt=\"Frogs are the best-known amphibians\" width=\"300\" height=\"150\" \/><\/a><figcaption id=\"caption-attachment-898\" class=\"wp-caption-text\">Frogs are the best-known amphibians<\/figcaption><\/figure>\n<p><span id=\"gts_text_16\" class=\"gts_text\">Como todos os anf\u00edbios, r\u00e3s s\u00e3o vertebrados de sangue frio, ent\u00e3o a temperatura corporal \u00e9 o mesmo que a temperatura. <\/span><span id=\"gts_text_17\" class=\"gts_text\">Sua pele permite l\u00edquidos ou gases a passagem. <\/span><span id=\"gts_text_18\" class=\"gts_text\">Eles devem manter \u00famida. <\/span><span id=\"gts_text_19\" class=\"gts_text\">Eles n\u00e3o bebem \u00e1gua atrav\u00e9s de sua boca como n\u00f3s, eles absorvem \u00e1gua atrav\u00e9s da pele! <\/span><span id=\"gts_text_20\" class=\"gts_text\">Portanto, eles muitas vezes vivem em ou perto de zonas h\u00famidas, como lagos, lagoas e riachos. <\/span><span id=\"gts_text_21\" class=\"gts_text\">Estes habitats ajudam a manter sua pele \u00famida. <\/span><span id=\"gts_text_22\" class=\"gts_text\">H\u00e1 alguns que ainda vivem em \u00e1rvores. <\/span><span id=\"gts_text_23\" class=\"gts_text\">Ao contr\u00e1rio de girinos, que usam guelras respirar, as r\u00e3s possuem pulm\u00f5es para respirar e que tamb\u00e9m respiram atrav\u00e9s da pele. <\/span><span id=\"gts_text_24\" class=\"gts_text\">Eles p\u00f5em ovos em po\u00e7as de \u00e1gua, lagoas ou lagos. <\/span><span id=\"gts_text_25\" class=\"gts_text\">Ser\u00e1 o ovo em larvas, chamadas de girinos.<\/span><\/p>\n<p><span id=\"gts_text_26\" class=\"gts_text\">Voc\u00ea pode encontrar as r\u00e3s dos tr\u00f3picos para as regi\u00f5es sub\u00e1rcticas. <\/span><span id=\"gts_text_27\" class=\"gts_text\">O \u00fanico lugar que voc\u00ea n\u00e3o pode encontrar as r\u00e3s \u00e9 na Ant\u00e1rtida e ilhas no meio do mar. <\/span><span id=\"gts_text_28\" class=\"gts_text\">H\u00e1 at\u00e9 mesmo r\u00e3s que vivem nos desertos! <\/span><span id=\"gts_text_29\" class=\"gts_text\">No entanto, a maioria das esp\u00e9cies s\u00e3o encontradas em florestas tropicais. <\/span><span id=\"gts_text_30\" class=\"gts_text\">Existem mais de 5000 esp\u00e9cies de r\u00e3s. <\/span><span id=\"gts_text_31\" class=\"gts_text\">Infelizmente, algumas esp\u00e9cies de r\u00e3s est\u00e3o em decl\u00ednio devido \u00e0 polui\u00e7\u00e3o, altera\u00e7\u00f5es clim\u00e1ticas, destrui\u00e7\u00e3o das zonas h\u00famidas e as doen\u00e7as. <\/span><span id=\"gts_text_32\" class=\"gts_text\">Por exemplo, o sapo dourado da Costa Rica recentemente foi classificada como uma esp\u00e9cie extinta. <\/span><span id=\"gts_text_33\" class=\"gts_text\">Muitos esfor\u00e7os foram iniciados para tentar resgatar as r\u00e3s. <\/span><span id=\"gts_text_34\" class=\"gts_text\">Por exemplo, zool\u00f3gicos e aqu\u00e1rios de todo o mundo chamado 2008 o ano do sapo The para obter a palavra a todos que as r\u00e3s precisam ser protegidos.<\/span><\/p>\n<h3><span id=\"gts_text_35\" class=\"gts_text\">As r\u00e3s e sapos<\/span><\/h3>\n<p><span id=\"gts_text_36\" class=\"gts_text\">Sua pele pode ser suave, irregular ou dobrado. <\/span><span id=\"gts_text_37\" class=\"gts_text\">R\u00e3s, cuja pele \u00e9 irregular e seca s\u00e3o chamadas de sapos. <\/span><span id=\"gts_text_38\" class=\"gts_text\">A maioria das r\u00e3s t\u00eam longas patas para saltar mas sapos possuem patas mais curtas. <\/span><span id=\"gts_text_39\" class=\"gts_text\">Frog geralmente vivem perto de zonas h\u00famidas, mas o sapo muitas vezes vivem em \u00e1reas mais secas. <\/span><span id=\"gts_text_40\" class=\"gts_text\">No entanto, o sapo-de-barriga-fogo que tem a pele que \u00e9 ligeiramente rugosa preferem ficar perto da zona h\u00famida. <\/span><span id=\"gts_text_41\" class=\"gts_text\">As r\u00e3s s\u00e3o ativo dia ou da noite, mas sapos s\u00e3o normalmente ativos durante a noite. <\/span><span id=\"gts_text_42\" class=\"gts_text\">Frog ir subaqu\u00e1tica quando cheira perigo, mas normalmente sapos enterram-se no ch\u00e3o. <\/span><span id=\"gts_text_43\" class=\"gts_text\">Os olhos da r\u00e3 ficar fora. <\/span><span id=\"gts_text_44\" class=\"gts_text\">Um sapo tem gl\u00e2ndulas de veneno logo atr\u00e1s de seus olhos. <\/span><span id=\"gts_text_45\" class=\"gts_text\">A maioria das r\u00e3s p\u00f5e ovos em clusters mas sapos geralmente colocam ovos em longas cadeias.<\/span><\/p>\n<h3><span id=\"gts_text_46\" class=\"gts_text\">R\u00e3s<\/span><\/h3>\n<figure id=\"attachment_899\" aria-describedby=\"caption-attachment-899\" style=\"width: 300px\" class=\"wp-caption alignleft\"><a href=\"http:\/\/www.big-animals.com\/wp-content\/uploads\/2011\/04\/Tree_Frog.jpg\"><img loading=\"lazy\" decoding=\"async\" class=\"size-medium wp-image-899\" title=\"Tree Frogs have special toes to help them climb\" src=\"http:\/\/www.big-animals.com\/wp-content\/uploads\/2011\/04\/Tree_Frog-300x197.jpg\" alt=\"Tree Frogs have special toes to help them climb\" width=\"300\" height=\"197\" \/><\/a><figcaption id=\"caption-attachment-899\" class=\"wp-caption-text\">Tree Frogs have special toes to help them climb<\/figcaption><\/figure>\n<p><span id=\"gts_text_47\" class=\"gts_text\">Muitas r\u00e3s t\u00eam ligados os dedos, e r\u00e3s que gastam mais tempo na \u00e1gua ter\u00e1 um totalmente membranas dedos dos p\u00e9s. <\/span><span id=\"gts_text_48\" class=\"gts_text\">Por exemplo, o sapo an\u00e3o Africano gasta toda a sua vida na \u00e1gua e tem totalmente ligados dedos do p\u00e9. <\/span><span id=\"gts_text_49\" class=\"gts_text\">Mas rela White, que vive nas \u00e1rvores, tem dedos apenas meia-ligados ou ligados por trimestre. <\/span><span id=\"gts_text_50\" class=\"gts_text\">As r\u00e3s que vivem em \u00e1rvores possuem toe pads para ajud\u00e1-los a subir. <\/span><span id=\"gts_text_51\" class=\"gts_text\">Estas almofadas sticky n\u00e3o v\u00e3o ficar se eles s\u00e3o muito molhados. <\/span><span id=\"gts_text_52\" class=\"gts_text\">Estas r\u00e3s tem articula\u00e7\u00f5es da anca que lhes permita hop e andar. <\/span><span id=\"gts_text_53\" class=\"gts_text\">Algumas r\u00e3s que vivem alto nas \u00e1rvores t\u00eam um dedos muito membranas mesmo que eles n\u00e3o vivem na \u00e1gua. <\/span><span id=\"gts_text_54\" class=\"gts_text\">Esta pele entre seus dedos os ajuda a deslizar normalmente de uma \u00e1rvore para outra \u00e1rvore!<\/span><\/p>\n<p><span id=\"gts_text_55\" class=\"gts_text\">R\u00e3s que vivem no solo tem menores pads toe. <\/span><span id=\"gts_text_56\" class=\"gts_text\">Alguns t\u00eam no pads toe e n\u00e3o muito de web. <\/span><span id=\"gts_text_57\" class=\"gts_text\">Algumas r\u00e3s subterr\u00e2neas t\u00eam uma extens\u00e3o de dedo do p\u00e9 que ajuda-os a escavam o solo. <\/span><span id=\"gts_text_58\" class=\"gts_text\">As r\u00e3s que permanecer no terreno t\u00eam patas mais musculoso do que aqueles que vivem em ou perto da \u00e1gua e nas \u00e1rvores.<\/span><\/p>\n<h3><span id=\"gts_text_59\" class=\"gts_text\">Saltando neblinas<\/span><\/h3>\n<p><span id=\"gts_text_60\" class=\"gts_text\">As r\u00e3s s\u00e3o os jumpers melhores de todos os <a title=\"The World\u2019s Biggest Vertebrates!\" href=\"http:\/\/www.big-animals.com\/the-worlds-biggest-vertebrates\/\">vertebrados<\/a>. <\/span><span id=\"gts_text_61\" class=\"gts_text\">Por exemplo, o sapo foguete australiano pode saltar mais de 50 vezes seu tamanho de corpo! <\/span><span id=\"gts_text_62\" class=\"gts_text\">Que \u00e9 um salto de mais de 2 metros (quase 7 p\u00e9s) por um animal menor do que uma m\u00e3o! <\/span><span id=\"gts_text_63\" class=\"gts_text\">Quanto maior o sapo, o mais pode saltar &#8211; se comparar as r\u00e3s da mesma esp\u00e9cie. <\/span><span id=\"gts_text_64\" class=\"gts_text\">No entanto, se voc\u00ea comparar diferentes esp\u00e9cies, as r\u00e3s menores podem ser jumpers melhores do que as r\u00e3s maiores.<\/span><\/p>\n<p><span id=\"gts_text_65\" class=\"gts_text\">As r\u00e3s sofrem perda de \u00e1gua atrav\u00e9s da pele. <\/span><span id=\"gts_text_66\" class=\"gts_text\">Sua pele permite que a \u00e1gua e oxig\u00eanio que passar por isso. <\/span><span id=\"gts_text_67\" class=\"gts_text\">Pele de alguns coxas \u00e1rvore tem uma camada imperme\u00e1vel para ajudar a manter a \u00e1gua no corpo. <\/span><span id=\"gts_text_68\" class=\"gts_text\">Algumas esp\u00e9cies de r\u00e3s v\u00e3o descansar em grandes grupos, cada tocar a pele dos outros. <\/span><span id=\"gts_text_69\" class=\"gts_text\">Isso reduz a quantidade de pele sendo exposto ao ar ou superf\u00edcies secas. <\/span><span id=\"gts_text_70\" class=\"gts_text\">Portanto, esta posi\u00e7\u00e3o ajuda as r\u00e3s para reduzir a perda de \u00e1gua. <\/span><span id=\"gts_text_71\" class=\"gts_text\">Estas adapta\u00e7\u00f5es apenas s\u00e3o adequadas para as r\u00e3s que vivem nas \u00e1rvores e n\u00e3o s\u00e3o adequados para as r\u00e3s que vivem em lugares extremamente secos. <\/span><span id=\"gts_text_72\" class=\"gts_text\">R\u00e3s do deserto, por exemplo, usam outros m\u00e9todos para preservar sua \u00e1gua.<\/span><\/p>\n<h3><span id=\"gts_text_73\" class=\"gts_text\">Mais fatos Frog<\/span><\/h3>\n<figure id=\"attachment_902\" aria-describedby=\"caption-attachment-902\" style=\"width: 300px\" class=\"wp-caption alignright\"><a href=\"http:\/\/www.big-animals.com\/wp-content\/uploads\/2011\/04\/Giant_Tree_Frog.jpg\"><img loading=\"lazy\" decoding=\"async\" class=\"size-medium wp-image-902\" title=\"The Giant Tree Frog\" src=\"http:\/\/www.big-animals.com\/wp-content\/uploads\/2011\/04\/Giant_Tree_Frog-300x230.jpg\" alt=\"The Giant Tree Frog\" width=\"300\" height=\"230\" \/><\/a><figcaption id=\"caption-attachment-902\" class=\"wp-caption-text\">The Giant Tree Frog<\/figcaption><\/figure>\n<p><span id=\"gts_text_74\" class=\"gts_text\">R\u00e3s s\u00e3o capazes de mudar a cor e misturar-se em segundo plano para proteger-se contra seus inimigos. <\/span><span id=\"gts_text_75\" class=\"gts_text\">A maioria destes tipos de r\u00e3s s\u00e3o ativos \u00e0 noite e eles s\u00e3o capazes de esconder-se bem no escuro. <\/span><span id=\"gts_text_76\" class=\"gts_text\">Algumas r\u00e3s t\u00eam apenas a capacidade de alterar entre uma ou duas cores. <\/span><span id=\"gts_text_77\" class=\"gts_text\">Por exemplo, rela White pode alterar para verde ou marrom. <\/span><span id=\"gts_text_78\" class=\"gts_text\">A temperatura, a sa\u00fade, a humidade e a cor dos seus arredores podem afetar que rela das brancas \u00e9 de cor. <\/span><span id=\"gts_text_79\" class=\"gts_text\">R\u00e3s geralmente t\u00eam pele lisa que ajud\u00e1-los a esconder entre as folhas com efic\u00e1cia. <\/span><span id=\"gts_text_80\" class=\"gts_text\">Algumas r\u00e3s mudam de cor entre dia e noite.<\/span><\/p>\n<p><span id=\"gts_text_81\" class=\"gts_text\">A maioria das r\u00e3s tem leves venenos que protegem-los de seus predadores. <\/span><span id=\"gts_text_82\" class=\"gts_text\">Sapos possuem gl\u00e2ndulas de veneno grandes por tr\u00e1s de seus olhos, apenas na parte superior da cabe\u00e7a. <\/span><span id=\"gts_text_83\" class=\"gts_text\">As r\u00e3s Poison Dart \u00e9 t\u00e3o venenosa que os povos nativos da Am\u00e9rica do Sul capturar as r\u00e3s, ferv\u00ea-los e mergulhe suas armas em-los para a ca\u00e7a.<\/span><\/p>\n<p><span id=\"gts_text_84\" class=\"gts_text\">Quando uma r\u00e3 \u00e9 subaqu\u00e1tica, oxig\u00e9nio passa atrav\u00e9s de sua pele para respirar. <\/span><span id=\"gts_text_85\" class=\"gts_text\">Na terra, r\u00e3s adultas usam seus pulm\u00f5es para respirar. <\/span><span id=\"gts_text_86\" class=\"gts_text\">Que respiram tomando ar atrav\u00e9s de suas narinas. <\/span><span id=\"gts_text_87\" class=\"gts_text\">Algumas esp\u00e9cies de r\u00e3 podem sobreviver em lugares que tem muito pouco oxig\u00eanio na \u00e1gua. <\/span><span id=\"gts_text_88\" class=\"gts_text\">Por exemplo, o Lago Titicaca sapo pode sobreviver em \u00e1guas pouco oxigenadas do Lago Titicaca. <\/span><span id=\"gts_text_89\" class=\"gts_text\">Ele tem pele enrugado &#8211; isso significa que h\u00e1 mais pele exposta \u00e0 \u00e1gua, ent\u00e3o ele pode absorver mais oxig\u00eanio.<\/span><\/p>\n<p><span id=\"gts_text_90\" class=\"gts_text\">Aparelho digestivo da r\u00e3 come\u00e7a na boca. <\/span><span id=\"gts_text_91\" class=\"gts_text\">As r\u00e3s possuem dentes ao longo de sua mand\u00edbula superior. <\/span><span id=\"gts_text_92\" class=\"gts_text\">Os dentes s\u00e3o usados para prender seus alimentos e tamb\u00e9m para moer os alimentos antes de eles engolem-lo. <\/span><span id=\"gts_text_93\" class=\"gts_text\">Estes dentes s\u00e3o muito fracos e n\u00e3o podem ser usados para capturar ou prejudicar presas de movimento r\u00e1pida. <\/span><span id=\"gts_text_94\" class=\"gts_text\">As r\u00e3s will use sua l\u00edngua pegajosa para capturar presas de movimento r\u00e1pida. <\/span><span id=\"gts_text_95\" class=\"gts_text\">Sapos possuem l\u00ednguas mais curtas do que um sapo t\u00edpico.<\/span><\/p>\n<h3><span id=\"gts_text_96\" class=\"gts_text\">Ciclo de vida de r\u00e3<\/span><\/h3>\n<figure id=\"attachment_901\" aria-describedby=\"caption-attachment-901\" style=\"width: 296px\" class=\"wp-caption alignleft\"><a href=\"http:\/\/www.big-animals.com\/wp-content\/uploads\/2011\/04\/Tadpole1.jpg\"><img loading=\"lazy\" decoding=\"async\" class=\"size-full wp-image-901\" title=\"Frogs' eggs hatch into tadpoles, which slowly change into frogs\" src=\"http:\/\/www.big-animals.com\/wp-content\/uploads\/2011\/04\/Tadpole1.jpg\" alt=\"Frogs' eggs hatch into tadpoles, which slowly change into frogs\" width=\"296\" height=\"115\" \/><\/a><figcaption id=\"caption-attachment-901\" class=\"wp-caption-text\">Frogs&#038;#39; eggs hatch into tadpoles, which slowly change into frogs<\/figcaption><\/figure>\n<p><span id=\"gts_text_97\" class=\"gts_text\">O ciclo de vida de uma r\u00e3 come\u00e7a com um ovo. <\/span><span id=\"gts_text_98\" class=\"gts_text\">As r\u00e3s feminina define milhares de ovos na \u00e1gua. <\/span><span id=\"gts_text_99\" class=\"gts_text\">Os grupos de ovos s\u00e3o cobertos com gel\u00e9ia que ajuda a proteger os ovos contra predadores e para reter a umidade. <\/span><span id=\"gts_text_100\" class=\"gts_text\">Algumas esp\u00e9cies, como o sapo-cururu, p\u00f5em ovos venenosos para que nada come-los. <\/span><span id=\"gts_text_101\" class=\"gts_text\">A dura\u00e7\u00e3o da fase de ovo depende da esp\u00e9cie e o ambiente. <\/span><span id=\"gts_text_102\" class=\"gts_text\">Os ovos colocados na \u00e1gua geralmente eclodem dentro de uma semana.<\/span><\/p>\n<p><span id=\"gts_text_103\" class=\"gts_text\">Ovos escotilha girinos. <\/span><span id=\"gts_text_104\" class=\"gts_text\">Um girino tem um corpo em forma oval e cauda longa plana para a nata\u00e7\u00e3o. <\/span><span id=\"gts_text_105\" class=\"gts_text\">A maioria dos girinos vivem na \u00e1gua. <\/span><span id=\"gts_text_106\" class=\"gts_text\">Eles n\u00e3o t\u00eam p\u00e1lpebras, e eles t\u00eam guelras para respirar. <\/span><span id=\"gts_text_107\" class=\"gts_text\">As guelras est\u00e3o nas laterais da cabe\u00e7a dos girinos. <\/span><span id=\"gts_text_108\" class=\"gts_text\">Algumas esp\u00e9cies p\u00f5em ovos que n\u00e3o eclodem em girinos. <\/span><span id=\"gts_text_109\" class=\"gts_text\">Eles eclodem em pequenas r\u00e3s imediatamente. <\/span><span id=\"gts_text_110\" class=\"gts_text\">Estas pequenas r\u00e3s n\u00e3o t\u00eam guelras, mas eles t\u00eam pele especial para ajud\u00e1-los a respirar. <\/span><span id=\"gts_text_111\" class=\"gts_text\">Eles t\u00eam uma boca sem dentes. <\/span><span id=\"gts_text_112\" class=\"gts_text\">A maioria deles come algas e plantas pequenas de \u00e1gua, mas alguns comem insetos, pequenos girinos e peixes pequenos.<\/span><\/p>\n<p><span id=\"gts_text_113\" class=\"gts_text\">Muitos girinos s\u00e3o comidos pelos peixes e aves como guarda-rios. <\/span><span id=\"gts_text_114\" class=\"gts_text\">Existem girinos venenosos como o sapo-cururu girinos. <\/span><span id=\"gts_text_115\" class=\"gts_text\">A fase de girino pode ser t\u00e3o curto quanto uma semana. <\/span><span id=\"gts_text_116\" class=\"gts_text\">Nesta fase as br\u00e2nquias come\u00e7am a desaparecer e as patas dianteiras s\u00e3o exibidos. <\/span><span id=\"gts_text_117\" class=\"gts_text\">Suas patas crescem primeiras. <\/span><span id=\"gts_text_118\" class=\"gts_text\">Suas mand\u00edbulas ficam maiores. <\/span><span id=\"gts_text_119\" class=\"gts_text\">Eles come\u00e7aram a ter p\u00e1lpebras. <\/span><span id=\"gts_text_120\" class=\"gts_text\">Sua cauda obt\u00e9m mais curto e mais curto, at\u00e9 que finalmente t\u00eam sem cauda mais. <\/span><span id=\"gts_text_121\" class=\"gts_text\">Seus pulm\u00f5es ficam maiores e em breve podem respirar atrav\u00e9s de seus pulm\u00f5es e ir para a terra, mas alguns continuam a viver na \u00e1gua como adultos.<\/span><\/p>\n<p><span id=\"gts_text_122\" class=\"gts_text\">Algumas esp\u00e9cies de r\u00e3 Poison Dart p\u00f5em ovos no ch\u00e3o da floresta, em vez de na \u00e1gua. <\/span><span id=\"gts_text_123\" class=\"gts_text\">Para proteger os ovos, o sapo feminino guardar\u00e1 os seus ovos e mantendo-os h\u00famidos. <\/span><span id=\"gts_text_124\" class=\"gts_text\">Ela vai fazer xixi nos ovos se tornam-se demasiado secas! <\/span><span id=\"gts_text_125\" class=\"gts_text\">Outras r\u00e3s carregam os ovos e girinos em suas patas traseiras ou costas, por exemplo, os sapos-parteiros. <\/span><span id=\"gts_text_126\" class=\"gts_text\">Algumas r\u00e3s at\u00e9 mesmo proteger seus beb\u00eas, colocando-os dentro dos seus pr\u00f3prios corpos! <\/span><span id=\"gts_text_127\" class=\"gts_text\">Por exemplo, o sapo macho mars\u00fapio australiano tem malotes ao seu lado. <\/span><span id=\"gts_text_128\" class=\"gts_text\">Os girinos permanecem dentro destas bolsas at\u00e9 que se tornem r\u00e3s.<\/span><\/p>\n<h3><span id=\"gts_text_129\" class=\"gts_text\">Pernas de r\u00e3<\/span><\/h3>\n<p><span id=\"gts_text_130\" class=\"gts_text\">Quase todas as esp\u00e9cies de r\u00e3s s\u00e3o carn\u00edvoras como adultos. <\/span><span id=\"gts_text_131\" class=\"gts_text\">Eles comem insetos e vermes. <\/span><span id=\"gts_text_132\" class=\"gts_text\">Algumas esp\u00e9cies maiores podem comer peixes e r\u00e3s menores. <\/span><span id=\"gts_text_133\" class=\"gts_text\">H\u00e1 algumas esp\u00e9cies de r\u00e3s que s\u00f3 comem plantas. <\/span><span id=\"gts_text_134\" class=\"gts_text\">As r\u00e3s adultos s\u00e3o comidas por p\u00e1ssaros, peixes grandes, cobras, lontras, raposas e outros animais. <\/span><span id=\"gts_text_135\" class=\"gts_text\">As r\u00e3s tamb\u00e9m obter comidas por pessoas. <\/span><span id=\"gts_text_136\" class=\"gts_text\">Pernas de r\u00e3 s\u00e3o uma iguaria na China, Fran\u00e7a e Filipinas &#8211; as r\u00e3s usadas para cozinhar s\u00e3o criadas comercialmente. <\/span><span id=\"gts_text_137\" class=\"gts_text\">As r\u00e3s e sapos podem viver por muitos anos. <\/span><span id=\"gts_text_138\" class=\"gts_text\">Sapos e r\u00e3s em cativeiro foram registrados viver aos 40 anos de idade. <\/span><span id=\"gts_text_139\" class=\"gts_text\">As r\u00e3s Hibernar durante o Inverno, e existem 4 esp\u00e9cies que at\u00e9 mesmo congelar s\u00f3lidas durante o Inverno!<\/span><\/p>\n<h3><span id=\"gts_text_140\" class=\"gts_text\">Chamadas de r\u00e3<\/span><\/h3>\n<p><span id=\"gts_text_141\" class=\"gts_text\">Algumas chamadas de r\u00e3 s\u00e3o muito altos. <\/span><span id=\"gts_text_142\" class=\"gts_text\">Todas as esp\u00e9cies de grog ter\u00e1 uma chamada diferente. <\/span><span id=\"gts_text_143\" class=\"gts_text\">Eles chamam para atrair um companheiro. <\/span><span id=\"gts_text_144\" class=\"gts_text\">Muitas esp\u00e9cies chamam para marcar seu territ\u00f3rio e afastar outros machos. <\/span><span id=\"gts_text_145\" class=\"gts_text\">Esp\u00e9cies tropicais chamam antes de uma chuva. <\/span><span id=\"gts_text_146\" class=\"gts_text\">Todas estas chamadas s\u00e3o feitas as r\u00e3s quando suas bocas est\u00e3o fechadas. <\/span><span id=\"gts_text_147\" class=\"gts_text\">N\u00e3o \u00e9 t\u00e3o interessante? <\/span><span id=\"gts_text_148\" class=\"gts_text\">Mas quando n\u00e3o h\u00e1 perigo, alguns sapos far\u00e1 uma chamada diferente com sua boca aberta.<\/span><\/p>\n<p><span id=\"gts_text_149\" class=\"gts_text\"><\/span><\/p>\n","protected":false},"excerpt":{"rendered":"<p>As r\u00e3s s\u00e3o anf\u00edbios. Uma r\u00e3 gasta parte de sua vida na \u00e1gua como um girino e sobre a terra como um sapo. Eles t\u00eam 2 longas e p\u00e9s traseiros poderosos que os tornam campe\u00e3o jumpers. Eles t\u00eam 2 patas dianteiras curtas que ajudam o sapo at\u00e9 quando ele senta-se ou se prepara para saltar. &hellip; <a href=\"https:\/\/www.big-animals.com\/pt\/sapo\/\" class=\"more-link\">Continue reading <span class=\"screen-reader-text\">Sapo<\/span><\/a><\/p>\n","protected":false},"author":1,"featured_media":0,"parent":0,"menu_order":0,"comment_status":"closed","ping_status":"open","template":"","meta":{"_acf_changed":false,"footnotes":""},"acf":[],"_links":{"self":[{"href":"https:\/\/www.big-animals.com\/pt\/wp-json\/wp\/v2\/pages\/65"}],"collection":[{"href":"https:\/\/www.big-animals.com\/pt\/wp-json\/wp\/v2\/pages"}],"about":[{"href":"https:\/\/www.big-animals.com\/pt\/wp-json\/wp\/v2\/types\/page"}],"author":[{"embeddable":true,"href":"https:\/\/www.big-animals.com\/pt\/wp-json\/wp\/v2\/users\/1"}],"replies":[{"embeddable":true,"href":"https:\/\/www.big-animals.com\/pt\/wp-json\/wp\/v2\/comments?post=65"}],"version-history":[{"count":0,"href":"https:\/\/www.big-animals.com\/pt\/wp-json\/wp\/v2\/pages\/65\/revisions"}],"wp:attachment":[{"href":"https:\/\/www.big-animals.com\/pt\/wp-json\/wp\/v2\/media?parent=65"}],"curies":[{"name":"wp","href":"https:\/\/api.w.org\/{rel}","templated":true}]}}