{"id":66,"date":"2011-05-09T11:27:54","date_gmt":"2011-05-09T11:27:54","guid":{"rendered":""},"modified":"2011-05-09T11:27:54","modified_gmt":"2011-05-09T11:27:54","slug":"crocodilianos","status":"publish","type":"page","link":"https:\/\/www.big-animals.com\/pt\/crocodilianos\/","title":{"rendered":"Crocodilianos"},"content":{"rendered":"<p><span id=\"gts_text_1\" class=\"gts_text\">Crocodilianos apareceram muitos anos atr\u00e1s, durante o tempo dos dinossauros. <\/span><span id=\"gts_text_2\" class=\"gts_text\">Os crocodilianos s\u00e3o um grupo de grandes r\u00e9pteis que inclui jacar\u00e9s, crocodilos e Gaviais.<\/span><\/p>\n<h3><span id=\"gts_text_3\" class=\"gts_text\">O crocodilo de \u00e1gua salgada<\/span><\/h3>\n<p><span id=\"gts_text_4\" class=\"gts_text\">Os jacar\u00e9s maior do mundo \u00e9 tamb\u00e9m maior <a title=\"The World\u2019s Biggest Reptiles!\" href=\"..\/the-worlds-biggest-reptiles\/\">r\u00e9ptil<\/a>, o <a title=\"The Saltwater Crocodile \u2013 The Word\u2019s Biggest Reptile\" href=\"..\/the-saltwater-crocodile-the-words-biggest-reptile\/\">Crocodilo de \u00e1gua salgada do mundo<\/a>.<\/span><\/p>\n<figure id=\"attachment_634\" aria-describedby=\"caption-attachment-634\" style=\"width: 300px\" class=\"wp-caption alignleft\"><a href=\"http:\/\/www.big-animals.com\/wp-content\/uploads\/2011\/03\/SaltwaterCrocodileMaximo.jpg\"><img loading=\"lazy\" decoding=\"async\" class=\"size-medium wp-image-634\" title=\"The Saltwater Crocodile is the world's biggest reptile\" src=\"http:\/\/www.big-animals.com\/wp-content\/uploads\/2011\/03\/SaltwaterCrocodileMaximo-300x198.jpg\" alt=\"The Saltwater Crocodile is the world's biggest reptile\" width=\"300\" height=\"198\" \/><\/a><figcaption id=\"caption-attachment-634\" class=\"wp-caption-text\">The Saltwater Crocodile is the world&#038;#39;s biggest reptile<\/figcaption><\/figure>\n<p><span id=\"gts_text_5\" class=\"gts_text\">Crocodilianos t\u00eam uma postura flex\u00edvel de &#8220;flat no est\u00f4mago&#8221;. <\/span><span id=\"gts_text_6\" class=\"gts_text\">Para andar, eles mant\u00eam suas pernas mais diretamente abaixo delas para realizar uma caminhada&#8221;alta&#8221;. <\/span><span id=\"gts_text_7\" class=\"gts_text\">A postura torna mais f\u00e1cil para os crocodilianos a galope em terra, se necess\u00e1rio.<\/span><\/p>\n<p><span id=\"gts_text_8\" class=\"gts_text\">Crocodilianos s\u00e3o criaturas blooded frias. <\/span><span id=\"gts_text_9\" class=\"gts_text\">Eles s\u00e3o encontrados em lugares quentes tropicais ao redor do mundo. <\/span><span id=\"gts_text_10\" class=\"gts_text\">Todos os crocodilianos t\u00eam dentes definidas em soquetes \u00f3sseos, como seres humanos. <\/span><span id=\"gts_text_11\" class=\"gts_text\">Mas eles s\u00e3o mais sorte do que n\u00f3s, porque seus dentes est\u00e3o sendo substitu\u00eddos com freq\u00fc\u00eancia ao longo de sua vida. <\/span><span id=\"gts_text_12\" class=\"gts_text\">Jovens crocodilianos substituir dentes com as maiores em uma taxa t\u00e3o alta como um dente novo por soquete todos os meses. <\/span><span id=\"gts_text_13\" class=\"gts_text\">Quando eles s\u00e3o adultos os dentes s\u00e3o substitu\u00eddos a um ritmo mais lento, apenas cerca de uma vez a cada 2 anos ou at\u00e9 mais. <\/span><span id=\"gts_text_14\" class=\"gts_text\">Quando eles s\u00e3o muito antigos, eles eventualmente pararem recebendo novos dentes, assim eles ser\u00e3o crocodilianos velhos desdentados. <\/span><span id=\"gts_text_15\" class=\"gts_text\">Um crocodilo ou jacar\u00e9 vai passar pelo menos 3000 dentes no seu tempo de vida. <\/span><span id=\"gts_text_16\" class=\"gts_text\">Cada dente \u00e9 oco. <\/span><span id=\"gts_text_17\" class=\"gts_text\">O novo dente est\u00e1 crescendo dentro de velho. <\/span><span id=\"gts_text_18\" class=\"gts_text\">Tendo este tipo da natureza, permite que um dente novo a sair logo que o dente velho est\u00e1 quebrado.<\/span><\/p>\n<p><span id=\"gts_text_19\" class=\"gts_text\">Crocodilianos t\u00eam uma \u00e1rea secund\u00e1ria em suas bocas que lhes permite respirar mesmo quando t\u00eam um gole de \u00e1gua. <\/span><span id=\"gts_text_20\" class=\"gts_text\">Eles t\u00eam as narinas extras na parte traseira de sua garganta, onde uma parte especial da l\u00edngua chamada a &#8220;v\u00e1lvula palatal&#8221; fecha para que eles n\u00e3o v\u00e3o engasgar ou afogar quando eles abrirem sua boca debaixo d&#8217;\u00e1gua.<\/span><\/p>\n<p><span id=\"gts_text_21\" class=\"gts_text\">Crocodilos e Gaviais modificou gl\u00e2ndulas de sal em sua l\u00edngua, que s\u00e3o usadas para se livrar do excesso de sal de seu corpo. <\/span><span id=\"gts_text_22\" class=\"gts_text\">Jacar\u00e9s e jacar\u00e9s t\u00eam as gl\u00e2ndulas do sal tamb\u00e9m, mas infelizmente eles n\u00e3o funcionam. <\/span><span id=\"gts_text_23\" class=\"gts_text\">\u00c9 por isso que jacar\u00e9s fortemente preferem \u00e1gua doce mas o crocodilo prefere \u00e1gua do mar.<\/span><\/p>\n<p><span id=\"gts_text_24\" class=\"gts_text\">Crocodilianos tende a abrir sua boca quando eles est\u00e3o relaxando. <\/span><span id=\"gts_text_25\" class=\"gts_text\">Chamamos esse comportamento &#8220;escancarado&#8221;. <\/span><span id=\"gts_text_26\" class=\"gts_text\">Eles fazem que para manter-se arrefecer em dias quentes. <\/span><span id=\"gts_text_27\" class=\"gts_text\">Mas \u00e0s vezes \u00e0 noite quando est\u00e1 chovendo, abra sua boca tamb\u00e9m. <\/span><span id=\"gts_text_28\" class=\"gts_text\">Talvez escancarado significa algo para seus parentes e amigos.<\/span><\/p>\n<figure id=\"attachment_635\" aria-describedby=\"caption-attachment-635\" style=\"width: 300px\" class=\"wp-caption alignright\"><a href=\"http:\/\/www.big-animals.com\/wp-content\/uploads\/2011\/03\/Alligator.jpg\"><img loading=\"lazy\" decoding=\"async\" class=\"size-medium wp-image-635\" title=\"Alligators prefer fresh water, and have a wider snout\" src=\"http:\/\/www.big-animals.com\/wp-content\/uploads\/2011\/03\/Alligator-300x235.jpg\" alt=\"Alligators prefer fresh water, and have a wider snout\" width=\"300\" height=\"235\" \/><\/a><figcaption id=\"caption-attachment-635\" class=\"wp-caption-text\">Alligators prefer fresh water, and have a wider snout<\/figcaption><\/figure>\n<p><span id=\"gts_text_29\" class=\"gts_text\">Os machos crocodilo s\u00e3o animais territoriais, assim como drag\u00f5es masculinos. <\/span><span id=\"gts_text_30\" class=\"gts_text\">Eles protegem seu territ\u00f3rio ferozmente contra outros invasores masculinos. <\/span><span id=\"gts_text_31\" class=\"gts_text\">Define um jacar\u00e9s m\u00e3e sobre 50-80 ovos em um ninho na terra. <\/span><span id=\"gts_text_32\" class=\"gts_text\">Ela faz com que ela aninhar perto de um rio. <\/span><span id=\"gts_text_33\" class=\"gts_text\">O ninho \u00e9 constru\u00eddo de folhas, lama ou outra vegeta\u00e7\u00e3o. <\/span><span id=\"gts_text_34\" class=\"gts_text\">Estas folhas mant\u00e9m os ovos quentes e \u00famidos. <\/span><span id=\"gts_text_35\" class=\"gts_text\">A m\u00e3e cuida dos crocodilianos beb\u00ea depois que eclodiram. <\/span><span id=\"gts_text_36\" class=\"gts_text\">Ela vai estar l\u00e1 para eles at\u00e9 que eles s\u00e3o grandes o suficiente para se protegerem. <\/span><span id=\"gts_text_37\" class=\"gts_text\">Em muitas esp\u00e9cies de crocodilianos, a m\u00e3e carrega seus beb\u00eas na boca dela! <\/span><span id=\"gts_text_38\" class=\"gts_text\">Eu n\u00e3o gostaria de andar na boca de um jacar\u00e9 com fome! <\/span><span id=\"gts_text_39\" class=\"gts_text\">Estes crocodilianos beb\u00eas se alimentam caranguejos, Camar\u00f5es e insetos. <\/span><span id=\"gts_text_40\" class=\"gts_text\">N\u00e3o v\u00e1 sempre perto de um jacar\u00e9s durante o per\u00edodo de nidifica\u00e7\u00e3o. <\/span><span id=\"gts_text_41\" class=\"gts_text\">Eles s\u00e3o muito protetora de seus ovos e extremamente feroz!<\/span><\/p>\n<p><span id=\"gts_text_42\" class=\"gts_text\">Se a temperatura de ninho \u00e9 30 \u00b0 C (86F), os jacar\u00e9s de beb\u00ea ser\u00e1 um jacar\u00e9s feminino e se a temperatura estiver acima de 34 C (93F), haver\u00e1 muita crocodilianos masculinos. <\/span><span id=\"gts_text_43\" class=\"gts_text\">Crocodilianos mant\u00e9m sua temperatura de corpo a uma temperatura ideal por desfrutar do sol quando o tempo est\u00e1 frio e descansar \u00e0 sombra quando o tempo est\u00e1 quente.<\/span><\/p>\n<p><span id=\"gts_text_44\" class=\"gts_text\">Crocodilianos tem um c\u00e9rebro relativamente pequeno, mas \u00e9 mais avan\u00e7ado do que outros animais de sangue frio. <\/span><span id=\"gts_text_45\" class=\"gts_text\">Crocodilianos ver bem durante o dia e eles podem mesmo ter vis\u00e3o de cor. <\/span><span id=\"gts_text_46\" class=\"gts_text\">Eles t\u00eam vertical, gato-como aluno que lhes d\u00e1 grande night vision. <\/span><span id=\"gts_text_47\" class=\"gts_text\">No entanto, eles n\u00e3o s\u00e3o capazes de ver bem sob a \u00e1gua, porque eles n\u00e3o podem concentrar-se quando est\u00e3o sob a \u00e1gua. <\/span><span id=\"gts_text_48\" class=\"gts_text\">Seus t\u00edmpanos s\u00e3o atr\u00e1s dos olhos e s\u00e3o cobertos por uma aba m\u00f3vel da pele. <\/span><span id=\"gts_text_49\" class=\"gts_text\">O flap, narinas e olhos v\u00e3o fechar quando eles mergulhar, parar a \u00e1gua de ficar.<\/span><\/p>\n<p><span id=\"gts_text_50\" class=\"gts_text\">Crocodilianos s\u00e3o capazes de responder para o menor movimento na superf\u00edcie da \u00e1gua. <\/span><span id=\"gts_text_51\" class=\"gts_text\">Portanto, eles s\u00e3o capazes de localizar suas presas e evitar seus predadores mesmo na escurid\u00e3o de breu. <\/span><span id=\"gts_text_52\" class=\"gts_text\">Sua pele \u00e9 coberto com escamas que s\u00e3o derramou individualmente. <\/span><span id=\"gts_text_53\" class=\"gts_text\">Eles t\u00eam cauda muscular focinho longo e corpo simplificado. <\/span><span id=\"gts_text_54\" class=\"gts_text\">Seus olhos e narinas est\u00e3o localizadas no topo da cabe\u00e7a, para que eles podem permanecer quase completamente subaqu\u00e1ticos e n\u00e3o ser vistos como eles esperam pacientemente para o seu jantar vir em rela\u00e7\u00e3o a eles. <\/span><span id=\"gts_text_55\" class=\"gts_text\">Eles t\u00eam jaws super fortes. <\/span><span id=\"gts_text_56\" class=\"gts_text\">Eles n\u00e3o mastigar os alimentos &#8211; eles engolem-lo em peda\u00e7os grandes como uma cobra. <\/span><span id=\"gts_text_57\" class=\"gts_text\">Eles s\u00e3o comedores de carne. <\/span><span id=\"gts_text_58\" class=\"gts_text\">Eles comem peixes, aves e pequenos mam\u00edferos.<\/span><\/p>\n<h3><span id=\"gts_text_59\" class=\"gts_text\">Jacar\u00e9 e diferen\u00e7as de crocodilo<\/span><\/h3>\n<figure id=\"attachment_633\" aria-describedby=\"caption-attachment-633\" style=\"width: 300px\" class=\"wp-caption alignleft\"><a href=\"http:\/\/www.big-animals.com\/wp-content\/uploads\/2011\/03\/Ghairul.jpg\"><img loading=\"lazy\" decoding=\"async\" class=\"size-medium wp-image-633\" title=\"The Ghairul has a very thin snout. Photograph by Jonathon Zander\" src=\"http:\/\/www.big-animals.com\/wp-content\/uploads\/2011\/03\/Ghairul-300x124.jpg\" alt=\"The Ghairul has a very thin snout. Photograph by Jonathon Zander\" width=\"300\" height=\"124\" \/><\/a><figcaption id=\"caption-attachment-633\" class=\"wp-caption-text\">The Ghairul has a very thin snout. Photograph by Jonathon Zander<\/figcaption><\/figure>\n<p><span id=\"gts_text_60\" class=\"gts_text\">Jacar\u00e9s t\u00eam um focinho mais amplo. <\/span><span id=\"gts_text_61\" class=\"gts_text\">Crocodilos tenham focinhos mais tempo, mais estreitos do que jacar\u00e9s. <\/span><span id=\"gts_text_62\" class=\"gts_text\">Mand\u00edbula superior do Jacar\u00e9 \u00e9 maior do que sua mand\u00edbula e dentes no maxilar inferior se encaixam em pequenas depress\u00f5es na mand\u00edbula superior. <\/span><span id=\"gts_text_63\" class=\"gts_text\">A mand\u00edbula superior e inferior dos crocodilos \u00e9 a mesma largura e os dentes na mand\u00edbula cair fora da mand\u00edbula superior quando eles Feche sua boca. <\/span><span id=\"gts_text_64\" class=\"gts_text\">\u00c9 por isso que os grandes dentes na mand\u00edbula inferior s\u00e3o expostos em um crocodilo, mas est\u00e3o escondidos em jacar\u00e9. <\/span><span id=\"gts_text_65\" class=\"gts_text\">Jacar\u00e9s tendem a ser mais escura em cor que crocodilos. <\/span><span id=\"gts_text_66\" class=\"gts_text\">Jacar\u00e9s s\u00e3o quase pretos. <\/span><span id=\"gts_text_67\" class=\"gts_text\">Crocodilos s\u00e3o mais agressivos do que jacar\u00e9s. <\/span><span id=\"gts_text_68\" class=\"gts_text\">Ghairuls ter um focinho muito fino.<\/span><\/p>\n<p><span id=\"gts_text_69\" class=\"gts_text\"><\/span><\/p>\n","protected":false},"excerpt":{"rendered":"<p>Crocodilianos apareceram muitos anos atr\u00e1s, durante o tempo dos dinossauros. Os crocodilianos s\u00e3o um grupo de grandes r\u00e9pteis que inclui jacar\u00e9s, crocodilos e Gaviais. O crocodilo de \u00e1gua salgada Os jacar\u00e9s maior do mundo \u00e9 tamb\u00e9m maior r\u00e9ptil, o Crocodilo de \u00e1gua salgada do mundo. Crocodilianos t\u00eam uma postura flex\u00edvel de &#8220;flat no est\u00f4mago&#8221;. Para &hellip; <a href=\"https:\/\/www.big-animals.com\/pt\/crocodilianos\/\" class=\"more-link\">Continue reading <span class=\"screen-reader-text\">Crocodilianos<\/span><\/a><\/p>\n","protected":false},"author":1,"featured_media":0,"parent":0,"menu_order":0,"comment_status":"closed","ping_status":"open","template":"","meta":{"_acf_changed":false,"footnotes":""},"acf":[],"_links":{"self":[{"href":"https:\/\/www.big-animals.com\/pt\/wp-json\/wp\/v2\/pages\/66"}],"collection":[{"href":"https:\/\/www.big-animals.com\/pt\/wp-json\/wp\/v2\/pages"}],"about":[{"href":"https:\/\/www.big-animals.com\/pt\/wp-json\/wp\/v2\/types\/page"}],"author":[{"embeddable":true,"href":"https:\/\/www.big-animals.com\/pt\/wp-json\/wp\/v2\/users\/1"}],"replies":[{"embeddable":true,"href":"https:\/\/www.big-animals.com\/pt\/wp-json\/wp\/v2\/comments?post=66"}],"version-history":[{"count":0,"href":"https:\/\/www.big-animals.com\/pt\/wp-json\/wp\/v2\/pages\/66\/revisions"}],"wp:attachment":[{"href":"https:\/\/www.big-animals.com\/pt\/wp-json\/wp\/v2\/media?parent=66"}],"curies":[{"name":"wp","href":"https:\/\/api.w.org\/{rel}","templated":true}]}}