{"id":68,"date":"2011-05-09T11:29:49","date_gmt":"2011-05-09T11:29:49","guid":{"rendered":""},"modified":"2011-05-09T11:29:49","modified_gmt":"2011-05-09T11:29:49","slug":"megalodon-the-biggest-shark-there-ever-was","status":"publish","type":"page","link":"https:\/\/www.big-animals.com\/pt\/megalodon-the-biggest-shark-there-ever-was\/","title":{"rendered":"Megalodon &#8211; O maior tubar\u00e3o l\u00e1 nunca foi!"},"content":{"rendered":"<p><span id=\"gts_text_1\" class=\"gts_text\"><strong>Megalodon fatos:<\/strong> O Megalodon, ou megatooth shark, \u00e9 conhecido principalmente de seus dentes f\u00f3ssil e v\u00e9rtebra &#8211; desde que ele foi um peixes cartilaginosos, n\u00e3o tinha ossos adequados e, portanto, eles n\u00e3o est\u00e3o bem preservados como f\u00f3sseis. <\/span><span id=\"gts_text_2\" class=\"gts_text\">Os cientistas estimam que cresceu at\u00e9 16 a 20 metros de comprimento (55 p\u00e9s para 70 p\u00e9s), talvez com 55000 kg (120000 libras).<\/span><\/p>\n<p><span id=\"gts_text_3\" class=\"gts_text\"><strong>O que comeu o Megalodon?<\/strong> <span style=\"margin: 5px; display: block; float: right;\"><\/span><img decoding=\"async\" src=\"http:\/\/ba.dr-mikes-maths.com\/\/wp-content\/themes\/twentyten\/images\/ba\/megalodon-tooth.jpg\" alt=\"\"><span id=\"gts_text_4\" class=\"gts_text\"><\/span> The Megalodon foi um predador. <\/span><span id=\"gts_text_5\" class=\"gts_text\">Um dente Megalodon \u00e9 cerca de 17 cm (7 polegadas) de comprimento! <\/span><span id=\"gts_text_6\" class=\"gts_text\">Junto com isso e seu enorme tamanho, sua comida favorita era provavelmente baleia. <\/span><span id=\"gts_text_7\" class=\"gts_text\">Ele provavelmente parecia muito com o tubar\u00e3o-branco &#8211; apenas quatro vezes maior!<\/span><\/p>\n<p><span id=\"gts_text_8\" class=\"gts_text\">O Megalodon foi um <a href=\"\/Sharks.html\">tubar\u00e3o<\/a> . <\/span><span id=\"gts_text_9\" class=\"gts_text\">Ele pertencia a uma fam\u00edlia de tubar\u00f5es chamado a cavala tubar\u00f5es ou tubar\u00f5es brancos (Lamnidae).  <\/span><span id=\"gts_text_10\" class=\"gts_text\">Estes tubar\u00f5es s\u00e3o tubar\u00f5es fast-nata\u00e7\u00e3o, que gostam de comer carne. <\/span><span id=\"gts_text_11\" class=\"gts_text\">Depite sua reputa\u00e7\u00e3o, mesmo os mais ferozes raramente atacam as pessoas. <\/span><span id=\"gts_text_12\" class=\"gts_text\">Eles preferem peixes, selos e outras criaturas de oceano-habita\u00e7\u00e3o.  <\/span><span id=\"gts_text_13\" class=\"gts_text\">Uma vez que o Megalodon foi um Lamnidae, segue-se que bem como sendo os <a href=\"\/Cartilaginous-Fish.html\">peixes cartilaginosos cada vez maiores do mundo<\/a> ,<\/span><\/p>\n<ul>\n<li> <span id=\"gts_text_14\" class=\"gts_text\">O maior do mundo nunca sarda Tubar\u00e3o foi a Megalodon,<\/span><\/li>\n<li> <span id=\"gts_text_15\" class=\"gts_text\">O maior do mundo nunca <a href=\"\/Sharks.html\">tubar\u00e3o<\/a> foi a Megalodon,<\/span><\/li>\n<\/ul>\n<p><span id=\"gts_text_16\" class=\"gts_text\">No entanto, depois disso, as etapas de Megalodon lado no livro dos recordes. <\/span><span id=\"gts_text_17\" class=\"gts_text\">Peixes maiores do mundo foi o <a href=\"\/Leedsichthys.html\">Leedsichthys problematicus<\/a> , e o maior do mundo nunca <a href=\"\/Animals.html\">animal<\/a> e <a href=\"\/Vertebrates.html\">vertebrados<\/a> \u00e9 a <a href=\"\/Blue-Whale.html\">baleia-azul<\/a> (que <em>\u00e9<\/em> uma baleia!).<\/span><\/p>\n<p><span id=\"gts_text_18\" class=\"gts_text\"><em>Megalodon<\/em> significa &#8220;enorme dente&#8221;. <\/span><span id=\"gts_text_19\" class=\"gts_text\">O nome cient\u00edfico para o Megalodon ainda \u00e9 debatido pelos cientistas. <\/span><span id=\"gts_text_20\" class=\"gts_text\">Alguns acham que deveria ser <em>Carcharodon megalodon<\/em>, uma vez que \u00e9 semelhante ao ponteiro grande branco (<em>Carcharodon carcharias<\/em>). <\/span><span id=\"gts_text_21\" class=\"gts_text\">Outros acham que \u00e9 diferente o suficiente para merecer sua pr\u00f3pria &#8220;g\u00e9nero&#8221; e propor o nome <em>Carcharocles megalodon. <\/em><\/span><\/p>\n<p><span id=\"gts_text_22\" class=\"gts_text\"><strong>Megalodon imagem:<\/strong> Uma vez que o Megalodon \u00e9 extinta, s\u00f3 podemos imaginar o que parecia. <\/span><span id=\"gts_text_23\" class=\"gts_text\">Uma <a href=\"http:\/\/images.google.com\/images?q=megalodon\" target=\"new\">pesquisa de imagens google<\/a> ir\u00e1 lev\u00e1-lo a alguns tais imagina\u00e7\u00f5es, bem como muitas fotos reais dos dentes megalodon f\u00f3ssil.<\/span><\/p>\n<p><span id=\"gts_text_24\" class=\"gts_text\"><strong>Vida Megalodon Shark:<\/strong> Naturalmente, tal um predador enorme inspira algumas imaginar ainda mais &#8211; h\u00e1 muitos rumores de avistamentos do Megalodon. <\/span><span id=\"gts_text_25\" class=\"gts_text\">No entanto, inqu\u00e9rito geralmente comprova que as testemunhas viram apenas um grande tubar\u00e3o-branco. <\/span><span id=\"gts_text_26\" class=\"gts_text\">Entretanto, \u00e9 claro, esta enorme predador inspirou seu quinh\u00e3o dos <a href=\"http:\/\/www.amazon.com\/gp\/redirect.html?link_code=ur2&amp;tag=michaelhartleysw&amp;camp=1789&amp;creative=9325&amp;location=\/gp\/search%3F%26index=blended%26keywords=megalodon%26_encoding=UTF8\">filmes e livros Megalodon<\/a>. <\/span><span id=\"gts_text_27\" class=\"gts_text\">Aviso! <\/span><span id=\"gts_text_28\" class=\"gts_text\">N\u00e3o para o fraco no cora\u00e7\u00e3o!<\/span><\/p>\n","protected":false},"excerpt":{"rendered":"<p>Megalodon fatos: O Megalodon, ou megatooth shark, \u00e9 conhecido principalmente de seus dentes f\u00f3ssil e v\u00e9rtebra &#8211; desde que ele foi um peixes cartilaginosos, n\u00e3o tinha ossos adequados e, portanto, eles n\u00e3o est\u00e3o bem preservados como f\u00f3sseis. Os cientistas estimam que cresceu at\u00e9 16 a 20 metros de comprimento (55 p\u00e9s para 70 p\u00e9s), talvez &hellip; <a href=\"https:\/\/www.big-animals.com\/pt\/megalodon-the-biggest-shark-there-ever-was\/\" class=\"more-link\">Continue reading <span class=\"screen-reader-text\">Megalodon &#8211; O maior tubar\u00e3o l\u00e1 nunca foi!<\/span><\/a><\/p>\n","protected":false},"author":1,"featured_media":0,"parent":0,"menu_order":0,"comment_status":"closed","ping_status":"open","template":"","meta":{"_acf_changed":false,"footnotes":""},"acf":[],"_links":{"self":[{"href":"https:\/\/www.big-animals.com\/pt\/wp-json\/wp\/v2\/pages\/68"}],"collection":[{"href":"https:\/\/www.big-animals.com\/pt\/wp-json\/wp\/v2\/pages"}],"about":[{"href":"https:\/\/www.big-animals.com\/pt\/wp-json\/wp\/v2\/types\/page"}],"author":[{"embeddable":true,"href":"https:\/\/www.big-animals.com\/pt\/wp-json\/wp\/v2\/users\/1"}],"replies":[{"embeddable":true,"href":"https:\/\/www.big-animals.com\/pt\/wp-json\/wp\/v2\/comments?post=68"}],"version-history":[{"count":0,"href":"https:\/\/www.big-animals.com\/pt\/wp-json\/wp\/v2\/pages\/68\/revisions"}],"wp:attachment":[{"href":"https:\/\/www.big-animals.com\/pt\/wp-json\/wp\/v2\/media?parent=68"}],"curies":[{"name":"wp","href":"https:\/\/api.w.org\/{rel}","templated":true}]}}