{"id":7,"date":"2011-05-09T08:54:33","date_gmt":"2011-05-09T08:54:33","guid":{"rendered":""},"modified":"2013-09-16T20:03:14","modified_gmt":"2013-09-16T20:03:14","slug":"lagartos","status":"publish","type":"page","link":"https:\/\/www.big-animals.com\/pt\/lagartos\/","title":{"rendered":"Lagartos"},"content":{"rendered":"<p><span class=\"gts_text\" id=\"gts_text_1\">Os lagartos s\u00e3o r\u00e9pteis, havendo<\/span><span class=\"gts_text\" id=\"gts_text_2\"> quase 3.800 tipos diferentes dese tipo de animal no mundo. Como <\/span><span class=\"gts_text\" id=\"gts_text_3\">s\u00e3o criaturas de sangue frio, podem ser encontrados em todos os continentes &#8211; especialmente aqueles com clima mais quente -, exceto a Ant\u00e1rtica e a maioria das ilhas oce\u00e2nicas.<\/span><\/p>\n<p><span class=\"gts_text\" id=\"gts_text_4\">Os lagartos t\u00eam uma pele seca e escamosa que vai sendo trocada ao longo do ano; a troca n\u00e3o \u00e9 feita de uma vez s\u00f3 como fazem as cobras. Alguns lagartos comem apenas carne; outros, apenas plantas, e outros ainda comem carne e plantas. Eles t\u00eam patas e ouvido externo, diferentemente das cobras, que geralmente n\u00e3o t\u00eam nenhuma dessas partes. A maioria dos lagartos, quando capturada, desprende a cauda do corpo, de modo que a conseguir escapar deixando apenas a cauda para o predador comer. Eles se comunicam entre si por meio de linguagem corporal ou exibindo cores vivas no corpo.<\/span><span class=\"gts_text\" id=\"gts_text_9\"><\/span><\/p>\n<p><span class=\"gts_text\" id=\"gts_text_10\">Existem lagartos de diferentes tamanhos &#8211; os<\/span><span class=\"gts_text\" id=\"gts_text_11\"> menores, como os camale\u00f5es e as lagartixas, medem apenas alguns cent\u00edmetros, enquanto os maiores chegam a <\/span><span class=\"gts_text\" id=\"gts_text_12\">quase 3 metros de comprimento! Atualmente, o<\/span><span class=\"gts_text\" id=\"gts_text_13\"> maior lagarto \u00e9 o carn\u00edvoro <a title=\"Drag\u00e3o de komodo\" href=\"http:\/\/www.big-animals.com\/pt\/dragao-de-komodo\/\">Drag\u00e3o de Komodo<\/a>. Mas entre as esp\u00e9cies<\/span><span class=\"gts_text\" id=\"gts_text_14\"> j\u00e1 extintas havia alguns ainda maiores, como o lagarto marinho <a title=\"Tilossauro\" href=\"http:\/\/www.big-animals.com\/pt\/tilossauro\/\">Tilossauro<\/a>, que media aproximadamente 17 metros de comprimento, e o <a title=\"Megalania\" href=\"http:\/\/www.big-animals.com\/pt\/megalania\/\"> Megalania<\/a>, um lagarto-monitor gigante de cerca de 7 metros de comprimento.<\/span><\/p>\n<figure id=\"attachment_571\" aria-describedby=\"caption-attachment-571\" style=\"width: 300px\" class=\"wp-caption alignright\"><a href=\"http:\/\/www.big-animals.com\/wp-content\/uploads\/2011\/02\/Chamaleon.jpg\"><img loading=\"lazy\" decoding=\"async\" class=\"size-medium wp-image-571\" title=\"Chameleons are famous for their ability to change color\" alt=\"Chameleons are famous for their ability to change color\" src=\"http:\/\/www.big-animals.com\/wp-content\/uploads\/2011\/02\/Chamaleon-300x194.jpg\" width=\"300\" height=\"194\" \/><\/a><figcaption id=\"caption-attachment-571\" class=\"wp-caption-text\">Os camale\u00f5es s\u00e3o conhecidos por sua capacidade de mudar de cor<\/figcaption><\/figure>\n<p><span class=\"gts_text\" id=\"gts_text_15\">Para a maioria dos lagartos, a vis\u00e3o \u00e9 muito importante, pois eles<\/span><span class=\"gts_text\" id=\"gts_text_16\"> usam os olhos para ca\u00e7ar e se comunicar entre si. Eles geralmente t\u00eam \u00f3tima vis\u00e3o para cores e<\/span><span class=\"gts_text\" id=\"gts_text_19\"> dependem muito da linguagem corporal, usando, por exemplo, movimentos, gestos e posturas espec\u00edficas para definir seus territ\u00f3rios e decidir lutas. Alguns lagartos t\u00eam <\/span><span class=\"gts_text\" id=\"gts_text_20\">pele bem colorida, e alguns<\/span><span class=\"gts_text\" id=\"gts_text_21\"> podem mudar a cor da pele &#8211; um animal de cores vivas, ao ser colocado em meio a rochas escuras, assumir\u00e1 um tom mais escuro na pele. Em certa<\/span><span class=\"gts_text\" id=\"gts_text_22\">s esp\u00e9cies, como o lagarto-de-cerca do Oeste, a pele parece diferente dependendo <\/span><span class=\"gts_text\" id=\"gts_text_22\">at\u00e9 mesmo d<\/span><span class=\"gts_text\" id=\"gts_text_22\">o \u00e2ngulo do qual o animal \u00e9 visto.<\/span><\/p>\n<p><span class=\"gts_text\" id=\"gts_text_23\">Alguns tipos de lagarto, como os anolis, t\u00eam na regi\u00e3o da garganta uma aba vertical de pele colorida, que fica oculta por escamas. Elevando um osso da garganta, eles descobrem essa aba em uma bela exibi\u00e7\u00e3o, usando as cores para comunica\u00e7\u00e3o<\/span><span class=\"gts_text\" id=\"gts_text_24\">. As diferentes esp\u00e9cies<\/span><span class=\"gts_text\" id=\"gts_text_25\"> de anolis t\u00eam cores espec\u00edficas, incluindo<\/span><span class=\"gts_text\" id=\"gts_text_26\"> padr\u00f5es que s\u00f3 podem ser vistos sob luz ultravioleta &#8211; muitos lagartos conseguem enxergar esse espectro de luz.<\/span><\/p>\n<p><span class=\"gts_text\" id=\"gts_text_27\">A maioria dos lagartos \u00e9 inofensiva aos seres humanos, sendo que apenas as <\/span><span class=\"gts_text\" id=\"gts_text_28\">esp\u00e9cies maiores podem ser perigosas. O <\/span><span class=\"gts_text\" id=\"gts_text_29\">drag\u00e3o de Komodo, por exemplo, pode perseguir, atacar e, por vezes, at\u00e9 mesmo matar pessoas. O<\/span><span class=\"gts_text\" id=\"gts_text_30\"> monstro-de-gila e o lagarto-de-contas produzem um veneno <\/span><span class=\"gts_text\" id=\"gts_text_30\">geralmente n\u00e3o letal, mas tamb\u00e9m possuem mand\u00edbulas poderosas e r\u00e1pidas que se prendem firmemente \u00e0s v\u00edtimas, provocando uma mordida <\/span><span class=\"gts_text\" id=\"gts_text_31\">extremamente dolorosa.<\/span><\/p>\n<p><span class=\"gts_text\" id=\"gts_text_32\">Por causa de sua beleza, muitos lagartos, como as iguanas verdes, s\u00e3o mantidos como animais de estima\u00e7\u00e3o<\/span><span class=\"gts_text\" id=\"gts_text_33\">.<\/span><\/p>\n","protected":false},"excerpt":{"rendered":"<p>Os lagartos s\u00e3o r\u00e9pteis, havendo quase 3.800 tipos diferentes dese tipo de animal no mundo. Como s\u00e3o criaturas de sangue frio, podem ser encontrados em todos os continentes &#8211; especialmente aqueles com clima mais quente -, exceto a Ant\u00e1rtica e a maioria das ilhas oce\u00e2nicas. Os lagartos t\u00eam uma pele seca e escamosa que vai &hellip; <a href=\"https:\/\/www.big-animals.com\/pt\/lagartos\/\" class=\"more-link\">Continue reading <span class=\"screen-reader-text\">Lagartos<\/span><\/a><\/p>\n","protected":false},"author":1,"featured_media":0,"parent":0,"menu_order":0,"comment_status":"closed","ping_status":"open","template":"","meta":{"_acf_changed":false,"footnotes":""},"acf":[],"_links":{"self":[{"href":"https:\/\/www.big-animals.com\/pt\/wp-json\/wp\/v2\/pages\/7"}],"collection":[{"href":"https:\/\/www.big-animals.com\/pt\/wp-json\/wp\/v2\/pages"}],"about":[{"href":"https:\/\/www.big-animals.com\/pt\/wp-json\/wp\/v2\/types\/page"}],"author":[{"embeddable":true,"href":"https:\/\/www.big-animals.com\/pt\/wp-json\/wp\/v2\/users\/1"}],"replies":[{"embeddable":true,"href":"https:\/\/www.big-animals.com\/pt\/wp-json\/wp\/v2\/comments?post=7"}],"version-history":[{"count":5,"href":"https:\/\/www.big-animals.com\/pt\/wp-json\/wp\/v2\/pages\/7\/revisions"}],"predecessor-version":[{"id":134,"href":"https:\/\/www.big-animals.com\/pt\/wp-json\/wp\/v2\/pages\/7\/revisions\/134"}],"wp:attachment":[{"href":"https:\/\/www.big-animals.com\/pt\/wp-json\/wp\/v2\/media?parent=7"}],"curies":[{"name":"wp","href":"https:\/\/api.w.org\/{rel}","templated":true}]}}