{"id":70,"date":"2011-05-09T11:33:52","date_gmt":"2011-05-09T11:33:52","guid":{"rendered":""},"modified":"2015-03-18T19:41:27","modified_gmt":"2015-03-18T19:41:27","slug":"the-giraffe-the-worlds-tallest-animal","status":"publish","type":"page","link":"https:\/\/www.big-animals.com\/pt\/the-giraffe-the-worlds-tallest-animal\/","title":{"rendered":"A girafa &#8211; O animal mais alto do mundo!"},"content":{"rendered":"<p><span id=\"gts_text_1\" class=\"gts_text\">A girafa \u00e9 o animal mais alto do mundo &#8211; o macho adulto mede de 4,9 a 5,5 metros de altura. A girafa mais alta que j\u00e1 existiu tinha<\/span><span id=\"gts_text_2\" class=\"gts_text\"> 5,85 metros de altura! <\/span><span id=\"gts_text_3\" class=\"gts_text\">Os cientistas chamam a girafa de <span style=\"font-style: italic\">Giraffa camelopardus<\/span>. A palavra \u201cgirafa\u201d vem do termo em \u00e1rabe para &#8220;alto&#8221;. Antigamente, esses animais eram chamados de &#8220;leopardos-camelos&#8221;, pelo fato de terem pintas que lembravam as de um leopardo e, ao mesmo tempo, andam de modo parecido a um camelo. Por ser muito alta, a girafa tem<\/span><span id=\"gts_text_6\" class=\"gts_text\"> algumas caracter\u00edsticas especiais.<\/span><\/p>\n<figure id=\"attachment_1074\" aria-describedby=\"caption-attachment-1074\" style=\"width: 222px\" class=\"wp-caption alignleft\"><a href=\"http:\/\/www.big-animals.com\/wp-content\/uploads\/2008\/12\/Giraffe.jpg\"><img loading=\"lazy\" decoding=\"async\" class=\"size-medium wp-image-1074\" title=\"The Giraffe is the World's Tallest Animal\" src=\"http:\/\/www.big-animals.com\/wp-content\/uploads\/2008\/12\/Giraffe-222x300.jpg\" alt=\"The Giraffe is the World's Tallest Animal\" width=\"222\" height=\"300\" \/><\/a><figcaption id=\"caption-attachment-1074\" class=\"wp-caption-text\">A girafa \u00e9 o animal mais alto do mundo<\/figcaption><\/figure>\n<p><span id=\"gts_text_7\" class=\"gts_text\">Em primeiro lugar, para bombear o sangue ao longo de todo o seu longo pesco\u00e7o, ela precisa de um cora\u00e7\u00e3o bem forte. Seu cora\u00e7\u00e3o pesa 12 kg, o maior de todo o reino animal! Al\u00e9m disso, ela tem vasos sangu\u00edneos especiais na cabe\u00e7a, que evitam que desmaie ao levantar a cabe\u00e7a de repente<\/span><span id=\"gts_text_9\" class=\"gts_text\">.<\/span><\/p>\n<p><span id=\"gts_text_10\" class=\"gts_text\">Quando mantidas em um zool\u00f3gico, as girafas podem ser as coisas mais altas de todo o parque. Isso significa que elas s\u00e3o os alvos mais prov\u00e1veis para um raio durante uma tempestade! Na natureza, as girafas vivem entre \u00e1rvores mais altas do que elas mesmas &#8211; al\u00e9m disso, os locais onde vivem t\u00eam menor incid\u00eancia de raios do que a maioria dos outros lugares do mundo.<\/span><span id=\"gts_text_12\" class=\"gts_text\"><\/span><\/p>\n<p>A figura abaixo mostra o quanto uma girafa \u00e9 grande em compara\u00e7\u00e3o com um ser humano.<\/p>\n<h3>O pesco\u00e7o da girafa<\/h3>\n<p>A girafa tem um pesco\u00e7o muito longo, por\u00e9m com o mesmo n\u00famero de v\u00e9rtebras de um pesco\u00e7o humano &#8211; sete. Isso \u00e9 metade do n\u00famero de v\u00e9rtebras existentes no pesco\u00e7o de um beija-flor! No entanto, as articula\u00e7\u00f5es entre as v\u00e9rtebras s\u00e3o muito flex\u00edveis.<\/p>\n<p>\u00c0s vezes, as girafas esfregam o pesco\u00e7o umas nas outras. Isso pode ser um gesto amig\u00e1vel ou, parte de uma luta.<\/p>\n<figure id=\"attachment_1077\" aria-describedby=\"caption-attachment-1077\" style=\"width: 198px\" class=\"wp-caption alignright\"><a href=\"http:\/\/www.big-animals.com\/wp-content\/uploads\/2008\/12\/giraffe-and-human1.png\"><img loading=\"lazy\" decoding=\"async\" class=\"size-medium wp-image-1077\" title=\"Giraffe And Human\" src=\"http:\/\/www.big-animals.com\/wp-content\/uploads\/2008\/12\/giraffe-and-human1-198x300.png\" alt=\"Giraffe And Human\" width=\"198\" height=\"300\" \/><\/a><figcaption id=\"caption-attachment-1077\" class=\"wp-caption-text\">Compara\u00e7\u00e3o entre uma girafa e um ser humano<\/figcaption><\/figure>\n<h3><span id=\"gts_text_20\" class=\"gts_text\">A l\u00edngua da girafa<\/span><\/h3>\n<p><span id=\"gts_text_21\" class=\"gts_text\">A l\u00edngua da girafa \u00e9 impressionante &#8211; em primeiro lugar, \u00e9 muito comprida, medindo de 45 a 50 cm. <\/span><span id=\"gts_text_22\" class=\"gts_text\">Quando <\/span><span id=\"gts_text_22\" class=\"gts_text\">su<\/span><span id=\"gts_text_22\" class=\"gts_text\">as longas pernas e seu<\/span><span id=\"gts_text_22\" class=\"gts_text\"> longo pesco\u00e7o n\u00e3o s\u00e3o suficientes para alcan\u00e7ar\u00a0<\/span><span id=\"gts_text_22\" class=\"gts_text\"><\/span><span id=\"gts_text_22\" class=\"gts_text\">folhas em grandes alturas, <\/span><span id=\"gts_text_22\" class=\"gts_text\">a girafa usa a l\u00edngua para conseguir chegar l\u00e1. Sua l\u00edngua tamb\u00e9m \u00e9<\/span><span id=\"gts_text_23\" class=\"gts_text\"> \u00fatil para afastar insetos para longe do rosto.<\/span><\/p>\n<p><span id=\"gts_text_24\" class=\"gts_text\">As girafas gostam de todos os tipos de plantas, mas algumas de suas favoritas s\u00e3o muito espinhosas. <\/span><span id=\"gts_text_25\" class=\"gts_text\">Por isso, sua l\u00edngua tamb\u00e9m \u00e9 muito, muito resistente, de modo a n\u00e3o se machucar durante o almo\u00e7o!<\/span><\/p>\n<h3><span id=\"gts_text_26\" class=\"gts_text\">Os chifres da girafa<\/span><\/h3>\n<p><span id=\"gts_text_27\" class=\"gts_text\">Os chifres das girafas s\u00e3o constitu\u00eddos de cartilagem endurecida &#8211; como o material que d\u00e1 forma ao nosso nariz, s\u00f3 que mais duro &#8211; e s\u00e3o cobertos por pele<\/span><span id=\"gts_text_28\" class=\"gts_text\">. Os c<\/span><span id=\"gts_text_29\" class=\"gts_text\">hifres das f\u00eameas s\u00e3o mais curtos do que os dos machos e tendem a ter pelos na parte de cima.<\/span><\/p>\n<p>&nbsp;<\/p>\n<h3><span id=\"gts_text_30\" class=\"gts_text\">Dieta e habitat da girafa<\/span><\/h3>\n<p><span id=\"gts_text_31\" class=\"gts_text\">As girafas gostam de \u00e1reas abertas com \u00e1rvores dispersas &#8211; especialmente ac\u00e1cias. <\/span><span id=\"gts_text_32\" class=\"gts_text\">Elas pegam as folhas das \u00e1rvores com a boca, digerem-nas por um tempo e, depois (assim como as vacas), regurgitam as folhas semidigeridas e as mastigam mais um pouco, para ent\u00e3o digeri-las novamente em uma parte diferente do est\u00f4mago. <\/span><span id=\"gts_text_33\" class=\"gts_text\">Por causa desse h\u00e1bito, as girafas (bem como as vacas) s\u00e3o classificadas como &#8220;ruminantes&#8221;.<\/span><\/p>\n<p><span id=\"gts_text_34\" class=\"gts_text\">Girafas podem viver em conjunto com animais dom\u00e9sticos em fazendas, uma vez que preferem comer folhas que os outros animais n\u00e3o conseguem alcan\u00e7ar. <\/span><span id=\"gts_text_35\" class=\"gts_text\">No entanto, se um agricultor remover todas as \u00e1rvores da \u00e1rea, elas estar\u00e3o em apuros. <\/span><span id=\"gts_text_36\" class=\"gts_text\">Embora a girafa enquanto esp\u00e9cie esteja segura, em algumas partes da \u00c1frica o n\u00famero desses animais est\u00e1 diminuindo.<\/span><\/p>\n<h3><span id=\"gts_text_37\" class=\"gts_text\">Outros fatos e informa\u00e7\u00f5es sobre a girafa<br \/>\n<\/span><\/h3>\n<p><span id=\"gts_text_38\" class=\"gts_text\">As girafas precisam de muito pouco sono &#8211; apenas cerca de duas horas por dia, com breves cochilos no meio. E, e<\/span><span id=\"gts_text_39\" class=\"gts_text\">mbora pare\u00e7am muito quietas, elas na verdade emitem v\u00e1rios sons diferentes &#8211; tossidos, grunhidos, balidos, assovios, al\u00e9m de muitos outros que n\u00e3o conseguimos ouvir por serem muito quietos.<\/span><\/p>\n<p><span id=\"gts_text_40\" class=\"gts_text\">Os cientistas incluem as girafas em uma fam\u00edlia de mam\u00edferos chamada Giraffidae. Hoje, e<\/span><span id=\"gts_text_41\" class=\"gts_text\">xistem apenas dois tipos de giraf\u00eddeos: a girafa e o ocapi (um animal muito bonito e o \u00fanico mam\u00edfero que consegue lamber suas pr\u00f3prias orelhas). Os giraf\u00eddeos,<\/span><span id=\"gts_text_42\" class=\"gts_text\"> por sua vez, s\u00e3o ruminantes, os quais, fazem parte da ordem Artiodactyla (ou &#8220;ungulados com n\u00famero par de dedos nas patas&#8221;).<\/span><\/p>\n<p><span id=\"gts_text_43\" class=\"gts_text\">Assim, as Girafas s\u00e3o:<\/span><\/p>\n<ul>\n<li><span id=\"gts_text_44\" class=\"gts_text\">Os maiores giraf\u00eddeos do mundo &#8211; ou seja, s\u00e3o maiores do que os ocapis<\/span><\/li>\n<li><span id=\"gts_text_45\" class=\"gts_text\">Os maiores ruminantes do mundo &#8211; ou seja, o maiores dentre os quase 200 tipos de animais que regurgitam alimento para mastig\u00e1-lo novamente<\/span><\/li>\n<li><span id=\"gts_text_46\" class=\"gts_text\">Os animais mais altos dentre os quase 20 tipos de artiod\u00e1ctilos &#8211; mas n\u00e3o os mais pesados, um <a title=\"Hipop\u00f3tamo\" href=\"http:\/\/www.big-animals.com\/pt\/hipopotamo\/\">hipop\u00f3tamo<\/a> pesa aproximadamente o mesmo que uma girafa<\/span><\/li>\n<li><span id=\"gts_text_47\" class=\"gts_text\">Os animais mais altos dentre os 5.400 tipos de mam\u00edferos<\/span><span id=\"gts_text_48\" class=\"gts_text\">, bem como os animais mais altos do mundo.<\/span><\/li>\n<\/ul>\n<p><span id=\"gts_text_49\" class=\"gts_text\">Quando uma girafa decide correr, ela pode correr muito r\u00e1pido. <\/span><span id=\"gts_text_50\" class=\"gts_text\">Gra\u00e7as a suas longas pernas, ela pode atingir at\u00e9 55 km\/h. Ao correr, a<\/span><span id=\"gts_text_51\" class=\"gts_text\"> maioria dos animais de quatro patas move as patas dianteira direita e traseira esquerda simultaneamente para a frente e, em seguida, as patas dianteira esquerda e traseira direita simultaneamente. <\/span><span id=\"gts_text_52\" class=\"gts_text\">Se uma girafa tentasse fazer isso, poderia trope\u00e7ar nas pr\u00f3prias pernas! <\/span><span id=\"gts_text_53\" class=\"gts_text\">Assim, em vez disso, ela move para a frente as duas patas do lado esquerdo e, em seguida, as duas patas do lado direito, em passos de at\u00e9 5 metros de comprimento.<\/span><\/p>\n<div style=\"text-align: center\">\n<figure id=\"attachment_1078\" aria-describedby=\"caption-attachment-1078\" style=\"width: 475px\" class=\"wp-caption aligncenter\"><a href=\"http:\/\/www.big-animals.com\/wp-content\/uploads\/2008\/12\/GiraffeHead.jpg\"><img loading=\"lazy\" decoding=\"async\" class=\"size-large wp-image-1078   \" title=\"This Giraffe Photograph is by Michigan Photographer Cody Hough\" src=\"http:\/\/www.big-animals.com\/wp-content\/uploads\/2008\/12\/GiraffeHead-791x1024.jpg\" alt=\"This Giraffe Photograph is by Michigan Photographer Cody Hough\" width=\"475\" height=\"614\" \/><\/a><figcaption id=\"caption-attachment-1078\" class=\"wp-caption-text\">Esta foto \u00e9 de autoria de Cody Hough, de Michigan<\/figcaption><\/figure>\n<\/div>\n","protected":false},"excerpt":{"rendered":"<p>A girafa \u00e9 o animal mais alto do mundo &#8211; o macho adulto mede de 4,9 a 5,5 metros de altura. A girafa mais alta que j\u00e1 existiu tinha 5,85 metros de altura! Os cientistas chamam a girafa de Giraffa camelopardus. A palavra \u201cgirafa\u201d vem do termo em \u00e1rabe para &#8220;alto&#8221;. Antigamente, esses animais eram &hellip; <a href=\"https:\/\/www.big-animals.com\/pt\/the-giraffe-the-worlds-tallest-animal\/\" class=\"more-link\">Continue reading <span class=\"screen-reader-text\">A girafa &#8211; O animal mais alto do mundo!<\/span><\/a><\/p>\n","protected":false},"author":1,"featured_media":0,"parent":0,"menu_order":0,"comment_status":"closed","ping_status":"open","template":"","meta":{"_acf_changed":false,"footnotes":""},"acf":[],"_links":{"self":[{"href":"https:\/\/www.big-animals.com\/pt\/wp-json\/wp\/v2\/pages\/70"}],"collection":[{"href":"https:\/\/www.big-animals.com\/pt\/wp-json\/wp\/v2\/pages"}],"about":[{"href":"https:\/\/www.big-animals.com\/pt\/wp-json\/wp\/v2\/types\/page"}],"author":[{"embeddable":true,"href":"https:\/\/www.big-animals.com\/pt\/wp-json\/wp\/v2\/users\/1"}],"replies":[{"embeddable":true,"href":"https:\/\/www.big-animals.com\/pt\/wp-json\/wp\/v2\/comments?post=70"}],"version-history":[{"count":9,"href":"https:\/\/www.big-animals.com\/pt\/wp-json\/wp\/v2\/pages\/70\/revisions"}],"predecessor-version":[{"id":379,"href":"https:\/\/www.big-animals.com\/pt\/wp-json\/wp\/v2\/pages\/70\/revisions\/379"}],"wp:attachment":[{"href":"https:\/\/www.big-animals.com\/pt\/wp-json\/wp\/v2\/media?parent=70"}],"curies":[{"name":"wp","href":"https:\/\/api.w.org\/{rel}","templated":true}]}}