{"id":73,"date":"2011-05-09T11:34:32","date_gmt":"2011-05-09T11:34:32","guid":{"rendered":""},"modified":"2011-05-09T11:34:32","modified_gmt":"2011-05-09T11:34:32","slug":"the-ostrich-the-worlds-biggest-bird","status":"publish","type":"page","link":"https:\/\/www.big-animals.com\/pt\/the-ostrich-the-worlds-biggest-bird\/","title":{"rendered":"O avestruz &#8211; ave maior do mundo!"},"content":{"rendered":"<h3><span id=\"gts_text_1\" class=\"gts_text\">Qu\u00e3o grande \u00e9 um avestruz?<\/span><\/h3>\n<p><span id=\"gts_text_2\" class=\"gts_text\">O avestruz africana \u00e9 mais grande do mundo <a href=\"\/Birds.html\">bird<\/a> em todos os sentidos. <\/span><span id=\"gts_text_3\" class=\"gts_text\">Os maiores avestruzes vivem no norte da \u00c1frica e crescem para cerca de 9 metros de altura (2,75 metros). <\/span><span id=\"gts_text_4\" class=\"gts_text\">Eles podem pesar 340 libras (mais de 150 kg)! <span style=\"float: right;\"><\/span><img decoding=\"async\" style=\"width: 389px; height: 417px;\" title=\"a typical human next to a typical ostrich\" src=\"http:\/\/ba.dr-mikes-maths.com\/\/wp-content\/themes\/twentyten\/images\/ba\/ostrich-and-human.png\" alt=\"a picture showing the relatives sizes of a human and an ostrich\"> <span id=\"gts_text_5\" class=\"gts_text\"><\/span>Como sendo as maiores aves, avestruzes tamb\u00e9m p\u00f5em ovos maiores do que qualquer outra ave &#8211; um ovo de avestruz \u00fanico pesa ovos de mais de duas dezenas de frango! <\/span><span id=\"gts_text_6\" class=\"gts_text\">A imagem aqui mostra qu\u00e3o grande um grande avestruz \u00e9, em compara\u00e7\u00e3o com um homem m\u00e9dio.<\/span><\/p>\n<h3><span id=\"gts_text_7\" class=\"gts_text\">Mitos e fatos de avestruz<\/span><\/h3>\n<p><span id=\"gts_text_8\" class=\"gts_text\">Avestruzes s\u00e3o conhecidos desde os tempos romanos, pelo menos, &#8211; que seria dif\u00edcil de perder uma grande ave nas plan\u00edcies do gramado da \u00c1frica, depois de tudo! <\/span><span id=\"gts_text_9\" class=\"gts_text\">Eles muito tempo tem sido ca\u00e7ados pela sua carne e penas. <\/span><span id=\"gts_text_10\" class=\"gts_text\">Na verdade, eles quase foram extintos no s\u00e9culo XVIII. <\/span><span id=\"gts_text_11\" class=\"gts_text\">Nowdays, avestruz produtos como carne de avestruz, couro de avestruz e penas de avestruz provenientes de explora\u00e7\u00f5es de avestruz &#8211; avestruzes selvagens s\u00e3o na sua maioria deixado sozinho.<\/span><\/p>\n<p><span id=\"gts_text_12\" class=\"gts_text\">Avestruzes n\u00e3o enterram a cabe\u00e7a na areia quando assustado. <\/span><span id=\"gts_text_13\" class=\"gts_text\">O que <span style=\"font-style: italic;\">fazer, se n\u00e3o pode fugir,<\/span> \u00e9 mentira flat e ainda com seu pesco\u00e7o e cabe\u00e7a contra o ch\u00e3o. <\/span><span id=\"gts_text_14\" class=\"gts_text\">Em seguida, \u00e0 dist\u00e2ncia, ficaria como um normal parte fo a paisagem. <\/span><span id=\"gts_text_15\" class=\"gts_text\">Eles tamb\u00e9m s\u00e3o conhecidos por comer areia e pedras &#8211; talvez isso os ajuda a digerir os alimentos. <\/span><span id=\"gts_text_16\" class=\"gts_text\">Talvez algumas pessoas uma vez viram um avestruz fazendo essas coisas e confundiram o que viram.<\/span><\/p>\n<p><span id=\"gts_text_17\" class=\"gts_text\">Avestruzes tamb\u00e9m podem correr muito r\u00e1pido &#8211; 43 quil\u00f4metros por hora (70 km\/h) em curtas rajadas. <\/span><span id=\"gts_text_18\" class=\"gts_text\">Isso \u00e9 mais r\u00e1pido do que um cavalo! <\/span><span id=\"gts_text_19\" class=\"gts_text\">E eles podem manter-se velocidades de 30 milhas por hora (50 km\/h) para mais de 30 minutos se eles t\u00eam para. <\/span><span id=\"gts_text_20\" class=\"gts_text\">Finalmente, se tudo mais falhar, um avestruz tem uma garra longa em p\u00e9s e pode chutar poderosamente o suficiente para matar um le\u00e3o!<\/span><\/p>\n<p><span style=\"float: left; text-align: center; font-size: 8px;\"><img loading=\"lazy\" decoding=\"async\" title=\"ostrich and chick\" src=\"http:\/\/ba.dr-mikes-maths.com\/\/wp-content\/themes\/twentyten\/images\/ba\/ostrich_and_chick.jpg\" alt=\"ostrich and chick\" width=\"297\" height=\"404\" \/><br \/>\n<span id=\"gts_text_21\" class=\"gts_text\">Avestruz e Chick &#8211; foto por &#8220;bmk&#8221;<\/span> Scientists call the ostrich <span style=\"font-style: italic;\">Struthio Camelus<\/span>, which means &#8220;ostrich camel&#8221;. <\/span><span id=\"gts_text_22\" class=\"gts_text\">Isso ocorre porque a maneira como ele anda lembrou primeiros cientistas de camelo. <\/span><span id=\"gts_text_23\" class=\"gts_text\">Avestruzes s\u00e3o apenas vivem membros dos membros da &#8220;fam\u00edlia&#8221; <span style=\"font-style: italic;\">Struthionidae<\/span>Ave. <\/span><span id=\"gts_text_24\" class=\"gts_text\">Eles tamb\u00e9m pertencem a ave &#8220;ordem&#8221; <span style=\"font-style: italic;\">Struthioniformes<\/span>. <\/span><span id=\"gts_text_25\" class=\"gts_text\">Aves que est\u00e3o nesta ordem tamb\u00e9m s\u00e3o chamados de <a title=\"Ratites\" href=\"http:\/\/www.big-animals.com\/ratites\/\"><span style=\"font-style: italic;\">Ratites<\/span><\/a> &#8211; isso n\u00e3o tem nada a ver com ratos, a palavra <span style=\"font-style: italic;\">ratites<\/span> vem da palavra latina para &#8220;jangada&#8221;. <\/span><span id=\"gts_text_26\" class=\"gts_text\">O osso do peito de um Struthioniformes \u00e9 plano, como uma jangada. <\/span><span id=\"gts_text_27\" class=\"gts_text\">A maioria das aves t\u00eam um especial ridge jutting fora de seus ossos de peito &#8211; seus m\u00fasculos fortes ala ligue para o cume.<\/span><\/p>\n<p><span id=\"gts_text_28\" class=\"gts_text\">Assim, t\u00e3o bem como sendo o mundo do maior <a href=\"\/Birds.html\">p\u00e1ssaro<\/a>, avestruzes s\u00e3o<\/span><\/p>\n<ul>\n<li><span id=\"gts_text_29\" class=\"gts_text\">Struthioniformes maior do mundo.<\/span><\/li>\n<li><span id=\"gts_text_30\" class=\"gts_text\">Maior (e menor e s\u00f3) <span style=\"font-style: italic;\">Struthionidae<\/span>. do mundo<\/span><\/li>\n<\/ul>\n<p><span id=\"gts_text_31\" class=\"gts_text\">O avestruz come quase nada, mas sua dieta natural \u00e9 grama e plantas, com o inseto ocasional ou lagarto lan\u00e7ada.<\/span><\/p>\n<h3><span id=\"gts_text_32\" class=\"gts_text\">Fazendas de avestruz<\/span><\/h3>\n<p><span id=\"gts_text_33\" class=\"gts_text\">Avestruzes n\u00e3o s\u00e3o ca\u00e7ados mais. <\/span><span id=\"gts_text_34\" class=\"gts_text\">Em vez disso, eles s\u00e3o criados em fazendas de avestruz ou fazendas de avestruz. <\/span><span id=\"gts_text_35\" class=\"gts_text\">Avestruzes s\u00e3o \u00fateis para a sua carne, penas, pele e at\u00e9 mesmo sua casca de ovo! <\/span><span id=\"gts_text_36\" class=\"gts_text\">Fazendas de avestruz tamb\u00e9m s\u00e3o uma atra\u00e7\u00e3o tur\u00edstica em muitos lugares &#8211; eu visitei um parque de avestruz na Mal\u00e1sia, e houve at\u00e9 uma oportunidade para as crian\u00e7as para desfrutar de passeios de avestruz!<\/span><\/p>\n<h3><span id=\"gts_text_37\" class=\"gts_text\">Ovos de avestruz<\/span><\/h3>\n<p><span style=\"float: right;\"><img loading=\"lazy\" decoding=\"async\" title=\"an ostrich egg compared with a chicken's egg\" src=\"http:\/\/ba.dr-mikes-maths.com\/\/wp-content\/themes\/twentyten\/images\/ba\/ostrichegg.jpg\" alt=\"an ostrich egg compared with a chicken's egg\" width=\"400\" height=\"300\" \/><span id=\"gts_text_38\" class=\"gts_text\"><\/span> Ostrich eggs are huge! <\/span><span id=\"gts_text_39\" class=\"gts_text\">A imagem da esquerda mostra um avestruz ovo em seguida ao ovo de galinha. <\/span><span id=\"gts_text_40\" class=\"gts_text\">A casca do ovo \u00e9 muito espesso e forte. <\/span><span id=\"gts_text_41\" class=\"gts_text\">Tem que ser forte se um animal um sexto de uma tonelada de pesagem vai sentar sobre ele! <\/span><span id=\"gts_text_42\" class=\"gts_text\">Casca de ovo de avestruz \u00e9 usada para arte &#8211; voc\u00ea pode comprar, por exemplo, esculpido l\u00e2mpadas de ovo de avestruz e muitas outras coisas. <\/span><span id=\"gts_text_43\" class=\"gts_text\">Voc\u00ea pode ver muitos belos exemplos com uma <a href=\"http:\/\/images.google.com\/images?q=ostrich%20egg%20art&amp;ie=UTF-8&amp;oe=utf-8&amp;rls=org.mozilla:en-US:official&amp;client=firefox-a&amp;um=1&amp;sa=N&amp;tab=wi\" target=\"_blank\">pesquisa de imagens do google<\/a>.<\/span><\/p>\n<h3><span id=\"gts_text_44\" class=\"gts_text\">Carne de avestruz<\/span><\/h3>\n<p><span id=\"gts_text_45\" class=\"gts_text\">Carne de avestruz \u00e9 vermelho. <\/span><span id=\"gts_text_46\" class=\"gts_text\">Tamb\u00e9m \u00e9 muito saud\u00e1vel carne &#8211; \u00e9 pobre em gordura e rica em minerais como ferro e c\u00e1lcio. <\/span><span id=\"gts_text_47\" class=\"gts_text\">Se voc\u00ea estiver interessado em tent\u00e1-lo, voc\u00ea mesmo poder\u00e1 compr\u00e1-lo no supermercado!<\/span><\/p>\n<h3><span id=\"gts_text_48\" class=\"gts_text\">Penas de avestruz<\/span><\/h3>\n<p><span id=\"gts_text_49\" class=\"gts_text\">Avestruzes naturalmente soltar suas penas em um determinado momento cada ano. <\/span><span id=\"gts_text_50\" class=\"gts_text\">Os agricultores de avestruz podem coletar as penas sem prejudicar o p\u00e1ssaro. <\/span><span id=\"gts_text_51\" class=\"gts_text\">Penas de avestruz s\u00e3o usadas para fazer espanadores muito boas.<\/span><\/p>\n<h3><span id=\"gts_text_52\" class=\"gts_text\">Couro de avestruz<\/span><\/h3>\n<p><span id=\"gts_text_53\" class=\"gts_text\">A pele de avestruz faz couro muito forte, que pode ser transformado em carteiras, bolsas, botas, cintos e muitos outros.<\/span><\/p>\n<h3><span id=\"gts_text_54\" class=\"gts_text\">Avestruz Racing<\/span><\/h3>\n<p><span id=\"gts_text_55\" class=\"gts_text\">Corridas de avestruz \u00e9 desaprovado agora, mas uma vez foi muito popular. <\/span><span id=\"gts_text_56\" class=\"gts_text\">A figura abaixo mostra um antigo cart\u00e3o postal com um piloto de carrinho de avestruz.<\/span><\/p>\n<div style=\"text-align: center;\"><img decoding=\"async\" title=\"An old postcard with an ostrich cart racer\" src=\"http:\/\/ba.dr-mikes-maths.com\/\/wp-content\/themes\/twentyten\/images\/ba\/ostrichcartjacksonville.jpg\" alt=\"An old postcard with an ostrich cart racer\" \/><\/div>\n","protected":false},"excerpt":{"rendered":"<p>Qu\u00e3o grande \u00e9 um avestruz? O avestruz africana \u00e9 mais grande do mundo bird em todos os sentidos. Os maiores avestruzes vivem no norte da \u00c1frica e crescem para cerca de 9 metros de altura (2,75 metros). Eles podem pesar 340 libras (mais de 150 kg)! Como sendo as maiores aves, avestruzes tamb\u00e9m p\u00f5em ovos &hellip; <a href=\"https:\/\/www.big-animals.com\/pt\/the-ostrich-the-worlds-biggest-bird\/\" class=\"more-link\">Continue reading <span class=\"screen-reader-text\">O avestruz &#8211; ave maior do mundo!<\/span><\/a><\/p>\n","protected":false},"author":1,"featured_media":0,"parent":0,"menu_order":0,"comment_status":"closed","ping_status":"open","template":"","meta":{"_acf_changed":false,"footnotes":""},"acf":[],"_links":{"self":[{"href":"https:\/\/www.big-animals.com\/pt\/wp-json\/wp\/v2\/pages\/73"}],"collection":[{"href":"https:\/\/www.big-animals.com\/pt\/wp-json\/wp\/v2\/pages"}],"about":[{"href":"https:\/\/www.big-animals.com\/pt\/wp-json\/wp\/v2\/types\/page"}],"author":[{"embeddable":true,"href":"https:\/\/www.big-animals.com\/pt\/wp-json\/wp\/v2\/users\/1"}],"replies":[{"embeddable":true,"href":"https:\/\/www.big-animals.com\/pt\/wp-json\/wp\/v2\/comments?post=73"}],"version-history":[{"count":0,"href":"https:\/\/www.big-animals.com\/pt\/wp-json\/wp\/v2\/pages\/73\/revisions"}],"wp:attachment":[{"href":"https:\/\/www.big-animals.com\/pt\/wp-json\/wp\/v2\/media?parent=73"}],"curies":[{"name":"wp","href":"https:\/\/api.w.org\/{rel}","templated":true}]}}