{"id":74,"date":"2011-05-09T11:34:54","date_gmt":"2011-05-09T11:34:54","guid":{"rendered":""},"modified":"2011-05-09T11:34:54","modified_gmt":"2011-05-09T11:34:54","slug":"the-diprotodon-the-biggest-ever-marsupial","status":"publish","type":"page","link":"https:\/\/www.big-animals.com\/pt\/the-diprotodon-the-biggest-ever-marsupial\/","title":{"rendered":"Diprotodon &#8211; O maior Marsupial nunca!"},"content":{"rendered":"<h3><span id=\"gts_text_1\" class=\"gts_text\">Qu\u00e3o grande foi O Diprotodon?<\/span><\/h3>\n<p><span id=\"gts_text_2\" class=\"gts_text\">Antes dos seres humanos chegaram na Austr\u00e1lia, havia muitos animais de grande porte que tem ido agora extintos. <\/span><span id=\"gts_text_3\" class=\"gts_text\">Houve koalas gigantes duas vezes t\u00e3o grande quanto o tipo de vida, cangurus gigantes e muito mais. <\/span><span id=\"gts_text_4\" class=\"gts_text\">O maior de todos estes era um animal comer vegetais do tamanho de um <a title=\"Hippopotamus\" href=\"http:\/\/www.big-animals.com\/hippopotamus\/\">hipop\u00f3tamo<\/a>, chamado <span style=\"font-style: italic;\">Diprotodon<\/span>. <\/span><span id=\"gts_text_5\" class=\"gts_text\">O Diprotodon foi o maior j\u00e1 <a href=\"\/Marsupials.html\">marsupial<\/a>. <\/span><span id=\"gts_text_6\" class=\"gts_text\">Ele foi cerca de 3 metros (10 p\u00e9s) de comprimento, 2 metros (6 p\u00e9s) de altura e talvez pesava mais de 2 toneladas. <\/span><span id=\"gts_text_7\" class=\"gts_text\">Ele teria olhado como um enorme wombat.<\/span><br \/>\n<img decoding=\"async\" style=\"width: 600px; height: 250px;\" src=\"http:\/\/ba.dr-mikes-maths.com\/\/wp-content\/themes\/twentyten\/images\/ba\/diprotodon-and-human.png\" alt=\"The Diprotodon and the human.\" \/><\/p>\n<h3><span id=\"gts_text_8\" class=\"gts_text\">Por que ela vai extinta?<\/span><\/h3>\n<p><span id=\"gts_text_9\" class=\"gts_text\">Os cientistas n\u00e3o t\u00eam certeza exatamente por que <span style=\"font-style: italic;\">Diprotodon<\/span> foi extinto. <\/span><span id=\"gts_text_10\" class=\"gts_text\">Sabemos que aconteceu pouco tempo depois as pessoas chegaram, ent\u00e3o talvez que esta criatura pac\u00edfica foi ca\u00e7ada at\u00e9 a morte. <\/span><span id=\"gts_text_11\" class=\"gts_text\">No entanto, os primeiros australianos tamb\u00e9m mudaram a paisagem e o clima da Austr\u00e1lia &#8211; as florestas tornou-se lentamente secador, com menos vegeta\u00e7\u00e3o rasteira adequada para um comedor de plantas grande, lentos.<\/span><\/p>\n<p><span id=\"gts_text_12\" class=\"gts_text\">Hoje, muitos museus apresentam esqueletos do Diprotodon. <\/span><span id=\"gts_text_13\" class=\"gts_text\">Para al\u00e9m de que, a \u00fanica pista que temos para o que parecia que \u00e9 atrav\u00e9s da <a href=\"http:\/\/images.google.com.au\/images?q=diprotodon\" target=\"_blank\">imagina\u00e7\u00e3o dos artistas<\/a>.<\/span><\/p>\n<h3><span id=\"gts_text_14\" class=\"gts_text\">Fatos Diprotodon<\/span><\/h3>\n<p><span id=\"gts_text_15\" class=\"gts_text\">Os cientistas n\u00e3o t\u00eam certeza exatamente quantos tipos diferentes de Diprotodon l\u00e1 estavam. <\/span><span id=\"gts_text_16\" class=\"gts_text\">Alguns dizem que havia mais de 20 tipos, outros argumentam que havia apenas um. <\/span><span id=\"gts_text_17\" class=\"gts_text\">Este um &#8211; ou todos &#8211; formam uma <span style=\"font-style: italic;\">fam\u00edlia<\/span> de mam\u00edferos chamado <span style=\"font-style: italic;\">Diprotodontidae<\/span>, que por sua vez tudo pertencia a uma <span style=\"font-style: italic;\">ordem<\/span> de mam\u00edferos chamado <span style=\"font-style: italic;\">Diprotodontia<\/span>. <\/span><span id=\"gts_text_18\" class=\"gts_text\">Todos esses nomes significam a mesma coisa &#8211; &#8220;dois dentes da frente&#8221;. <\/span><span id=\"gts_text_19\" class=\"gts_text\">Todos os marsupiais mais conhecidos &#8211; cangurus, wallabees, coalas e assim por diante &#8211; pertencem \u00e0 mesma <span style=\"font-style: italic;\">ordem<\/span> como Diprotodon, mas eles est\u00e3o em diferentes fam\u00edlias.<\/span><\/p>\n<p><span id=\"gts_text_20\" class=\"gts_text\">Por conseguinte, \u00e9 o Diprotodon<\/span><\/p>\n<ul>\n<li><span id=\"gts_text_21\" class=\"gts_text\">Maior do mundo nunca <span style=\"font-style: italic;\">Diprotodontidae<\/span>, e<\/span><\/li>\n<li><span id=\"gts_text_22\" class=\"gts_text\">Maior do mundo nunca <span style=\"font-style: italic;\">Diprotodontia<\/span>,<\/span><\/li>\n<\/ul>\n<p><span id=\"gts_text_23\" class=\"gts_text\">como o maior do mundo nunca marsupiais. <\/span><span id=\"gts_text_24\" class=\"gts_text\">N\u00e3o \u00e9 o maior, ou mesmo maior alguma vez <a href=\"\/Mammals.html\">mam\u00edfero<\/a>. <\/span><span id=\"gts_text_25\" class=\"gts_text\">Essa honra vai para a <a href=\"\/Blue-Whale.html\">baleia-azul<\/a>.<\/span><\/p>\n<h3><span id=\"gts_text_26\" class=\"gts_text\">O Diprotodon E O Bunyip<\/span><\/h3>\n<p><span id=\"gts_text_27\" class=\"gts_text\">Folclore australiana diz contos de uma tem\u00edvel criatura chamada um <span style=\"font-style: italic;\">Bunyip<\/span>. <\/span><span id=\"gts_text_28\" class=\"gts_text\">Foi dito que vivem perto de lagos e fazer um barulho terr\u00edvel em expans\u00e3o. <\/span><span id=\"gts_text_29\" class=\"gts_text\">Curiosamente, alguns membros de um determinados tribos de nativos australianos mostraram uma vez ossos de um Diprotodon, e eles identificaram os ossos como &#8220;Ossos de Bunyip&#8221;. <\/span><span id=\"gts_text_30\" class=\"gts_text\">\u00c9 poss\u00edvel, ent\u00e3o, que o mito do bunyip \u00e9 baseado no Diprotodon muito real &#8211; mas agora extinta.<\/span><\/p>\n","protected":false},"excerpt":{"rendered":"<p>Qu\u00e3o grande foi O Diprotodon? Antes dos seres humanos chegaram na Austr\u00e1lia, havia muitos animais de grande porte que tem ido agora extintos. Houve koalas gigantes duas vezes t\u00e3o grande quanto o tipo de vida, cangurus gigantes e muito mais. O maior de todos estes era um animal comer vegetais do tamanho de um hipop\u00f3tamo, &hellip; <a href=\"https:\/\/www.big-animals.com\/pt\/the-diprotodon-the-biggest-ever-marsupial\/\" class=\"more-link\">Continue reading <span class=\"screen-reader-text\">Diprotodon &#8211; O maior Marsupial nunca!<\/span><\/a><\/p>\n","protected":false},"author":1,"featured_media":0,"parent":0,"menu_order":0,"comment_status":"closed","ping_status":"open","template":"","meta":{"_acf_changed":false,"footnotes":""},"acf":[],"_links":{"self":[{"href":"https:\/\/www.big-animals.com\/pt\/wp-json\/wp\/v2\/pages\/74"}],"collection":[{"href":"https:\/\/www.big-animals.com\/pt\/wp-json\/wp\/v2\/pages"}],"about":[{"href":"https:\/\/www.big-animals.com\/pt\/wp-json\/wp\/v2\/types\/page"}],"author":[{"embeddable":true,"href":"https:\/\/www.big-animals.com\/pt\/wp-json\/wp\/v2\/users\/1"}],"replies":[{"embeddable":true,"href":"https:\/\/www.big-animals.com\/pt\/wp-json\/wp\/v2\/comments?post=74"}],"version-history":[{"count":0,"href":"https:\/\/www.big-animals.com\/pt\/wp-json\/wp\/v2\/pages\/74\/revisions"}],"wp:attachment":[{"href":"https:\/\/www.big-animals.com\/pt\/wp-json\/wp\/v2\/media?parent=74"}],"curies":[{"name":"wp","href":"https:\/\/api.w.org\/{rel}","templated":true}]}}