{"id":75,"date":"2011-05-09T11:35:02","date_gmt":"2011-05-09T11:35:02","guid":{"rendered":""},"modified":"2011-05-09T11:35:02","modified_gmt":"2011-05-09T11:35:02","slug":"the-whale-shark-the-worlds-biggest-fish","status":"publish","type":"page","link":"https:\/\/www.big-animals.com\/pt\/the-whale-shark-the-worlds-biggest-fish\/","title":{"rendered":"O tubar\u00e3o-baleia &#8211; peixe maior do mundo!"},"content":{"rendered":"<p><span id=\"gts_text_1\" class=\"gts_text\"><strong>Informa\u00e7\u00f5es de tubar\u00e3o-baleia:<\/strong> O tubar\u00e3o-baleia maior j\u00e1 registrado foi 12 metros (40 p\u00e9s) de comprimento &#8211; embora haja relatos confi\u00e1veis de um tubar\u00e3o-baleia de 18 metros (60 p\u00e9s). <\/span><span id=\"gts_text_2\" class=\"gts_text\">Apesar de ser t\u00e3o grande, tubar\u00f5es baleia s\u00e3o completamente inofensivos para seres humanos. <\/span><span id=\"gts_text_3\" class=\"gts_text\">Tubar\u00f5es baleia s\u00e3o facilmente identificadas de seu enorme tamanho, e do padr\u00e3o de pontos que decora seus corpos.<\/span><\/p>\n<p><span id=\"gts_text_4\" class=\"gts_text\"><strong>O que fazer comer baleia?<\/strong> <span style=\"margin: 5px; display: block; float: right;\"><\/span><img decoding=\"async\" src=\"http:\/\/ba.dr-mikes-maths.com\/\/wp-content\/themes\/twentyten\/images\/ba\/whale-shark-1.jpg\" alt=\"\"><span id=\"gts_text_5\" class=\"gts_text\"><\/span> Como todos os tubar\u00f5es, os tubar\u00e3o-baleia 300 linhas de pequenos dentes pequenos. <\/span><span id=\"gts_text_6\" class=\"gts_text\">No entanto, ele nunca usa seus dentes para comer, uma vez que ele come apenas pl\u00e2ncton microsc\u00f3pico, krill, algas e outras criaturas min\u00fasculas min\u00fasculas que flutuam em sua boca escancarada. <\/span><span id=\"gts_text_7\" class=\"gts_text\">Quando eu digo bem, quero dizer muito grande! <\/span><span id=\"gts_text_8\" class=\"gts_text\">Quando ele \u00e9 slurping at\u00e9 um gole de krill, abre-se um bocejo largura de 1,5 metros (5 p\u00e9s).<\/span><\/p>\n<p><span id=\"gts_text_9\" class=\"gts_text\">O tubar\u00e3o-baleia \u00e9 um tubar\u00e3o, n\u00e3o uma baleia. <\/span><span id=\"gts_text_10\" class=\"gts_text\">Ele pertence a uma fam\u00edlia de tubar\u00f5es chamado os tubar\u00f5es de carpete. <\/span><span id=\"gts_text_11\" class=\"gts_text\">Existem apenas 32 esp\u00e9cies conhecidas de tapete Shark. <\/span><span id=\"gts_text_12\" class=\"gts_text\">Eles obter seu nome de seus padr\u00f5es incomuns de cor. <\/span><span id=\"gts_text_13\" class=\"gts_text\">Uma vez que o tubar\u00e3o-baleia \u00e9 um tubar\u00e3o de tapete, segue-se que bem como sendo o <a href=\"\/Fish.html\">maior peixe do mundo<\/a> ,<\/span><\/p>\n<ul>\n<li> <span id=\"gts_text_14\" class=\"gts_text\">Tubar\u00e3o-tapete maior do mundo \u00e9 o tubar\u00e3o-baleia,<\/span><\/li>\n<li> <span id=\"gts_text_15\" class=\"gts_text\">Shark maior do mundo \u00e9 o tubar\u00e3o-baleia<\/span><\/li>\n<li> <span id=\"gts_text_16\" class=\"gts_text\">Maior <a href=\"\/Cartilaginous-Fish.html\">cartilaginosos <\/a> <a href=\"Cartilaginous-Fish.html\">peixe do mundo<\/a> \u00e9 o tubar\u00e3o-baleia,<\/span><\/li>\n<\/ul>\n<p><span id=\"gts_text_17\" class=\"gts_text\">No entanto, depois disso, o tubar\u00e3o-baleia passos \u00e0 parte no livro dos recordes, do mundo maior <a href=\"\/Animals.html\">animal<\/a> e <a href=\"\/Vertebrates.html\">vertebrados<\/a>, a <a href=\"\/Blue-Whale.html\">baleia-azul<\/a> (que <em>\u00e9<\/em> uma baleia!).<\/span><\/p>\n<p><span id=\"gts_text_18\" class=\"gts_text\">O nome cient\u00edfico para o tubar\u00e3o-baleia \u00e9 <em>rhincodon typus<\/em>. <\/span><span id=\"gts_text_19\" class=\"gts_text\"><em>Rhincodon<\/em> significa &#8220;rasp dente&#8221;, e <em>Typus<\/em> significa &#8220;exemplo&#8221;. <\/span><span id=\"gts_text_20\" class=\"gts_text\">That&#8217;s right, que o tubar\u00e3o-baleia \u00e9 chamado de &#8220;Um exemplo de um Rhincodon&#8221;, sendo a \u00fanica esp\u00e9cie de rhincodon no mundo.<\/span><\/p>\n<p><span id=\"gts_text_21\" class=\"gts_text\"><strong>Fatos sobre tubar\u00f5es baleia:<\/strong> O tubar\u00e3o-baleia passa a maior parte de seu tempo em mar aberto. <\/span><span id=\"gts_text_22\" class=\"gts_text\">Muitas vezes ele aparece perto da Costa nos momentos do ano, quando ele espera encontrar muita comida l\u00e1. <\/span><span id=\"gts_text_23\" class=\"gts_text\">Ele pode cheirar a sua comida e banhos atrav\u00e9s da \u00e1gua onde a concentra\u00e7\u00e3o de alimentos \u00e9 mais alta. <\/span><span id=\"gts_text_24\" class=\"gts_text\">Tubar\u00f5es de baleia beb\u00ea eclodem dos ovos, mas os ovos eclodem antes que eles encontram-se, assim que o tubar\u00e3o de m\u00e3e d\u00e1 \u00e0 luz beb\u00ea vivo tubar\u00f5es &#8211; 300 cada vez!<\/span><\/p>\n<p><span id=\"gts_text_25\" class=\"gts_text\"><strong>Mergulho com tubar\u00f5es baleia:<\/strong> <span style=\"margin: 5px; display: block; float: right;\"><\/span><img decoding=\"async\" src=\"http:\/\/ba.dr-mikes-maths.com\/\/wp-content\/themes\/twentyten\/images\/ba\/whale-shark-2.gif\" alt=\"\"><span id=\"gts_text_26\" class=\"gts_text\"><\/span> o tubar\u00e3o-baleia \u00e9 inofensivo para as pessoas e um nadador muito lento. <\/span><span id=\"gts_text_27\" class=\"gts_text\">Sua velocidade m\u00e9dia \u00e9 de apenas cerca de 5 km\/h (3 mph). <\/span><span id=\"gts_text_28\" class=\"gts_text\">Por causa disto, e porque ele \u00e9 um animal raro e belo (e enorme!), mergulho com tubar\u00f5es baleia \u00e9 uma popular atra\u00e7\u00e3o para mergulhadores experientes e snorkelers. <\/span><span id=\"gts_text_29\" class=\"gts_text\">O tubar\u00e3o \u00e9 muitas vezes visto na Tail\u00e2ndia, as Maldivas, o mar vermelho, Western Australia (Recife de Ningaloo), Gladden Spit reserva marinha em Belize e nas Ilhas Gal\u00e1pagos. <\/span><span id=\"gts_text_30\" class=\"gts_text\">Eles s\u00e3o regularmente vistos de Dezembro a Maio nas Filipinas (Donsol). <\/span><span id=\"gts_text_31\" class=\"gts_text\">Lucky mergulhadores tamb\u00e9m j\u00e1 se deparou com tubar\u00f5es baleia nas Seychelles e em Porto Rico. <\/span><span id=\"gts_text_32\" class=\"gts_text\">Entre dezembro e Setembro, eles s\u00e3o bem conhecidos para nadar junto a Ba\u00eda de La Paz na Baixa Calif\u00f3rnia mexicana. <\/span><span id=\"gts_text_33\" class=\"gts_text\">A figura \u00e0 direita mostra como grande o tubar\u00e3o \u00e9 comparado com um t\u00edpico scuba diver.<\/span><\/p>\n<p><span id=\"gts_text_34\" class=\"gts_text\"><strong>Fotos de tubar\u00e3o-baleia e imagens:<\/strong> A melhor maneira de obter imagens de um monte de tubar\u00e3o-baleia realmente agrad\u00e1vel \u00e9 a <a href=\"http:\/\/images.google.com\/images?q=whale%20shark\" target=\"new\">pesquisa google imagens<\/a>.  <\/span><span id=\"gts_text_35\" class=\"gts_text\">Em particular, o <a href=\"http:\/\/www.flmnh.ufl.edu\/fish\/Gallery\/Descript\/Whaleshark\/whaleshark.html\" target=\"new\">Museu de Hist\u00f3ria Natural de Florida<\/a> tem uma descri\u00e7\u00e3o detalhada do estilo de vida do tubar\u00e3o baleia, com muitas fotos de nice e diagramas para corresponder.<\/span><\/p>\n","protected":false},"excerpt":{"rendered":"<p>Informa\u00e7\u00f5es de tubar\u00e3o-baleia: O tubar\u00e3o-baleia maior j\u00e1 registrado foi 12 metros (40 p\u00e9s) de comprimento &#8211; embora haja relatos confi\u00e1veis de um tubar\u00e3o-baleia de 18 metros (60 p\u00e9s). Apesar de ser t\u00e3o grande, tubar\u00f5es baleia s\u00e3o completamente inofensivos para seres humanos. Tubar\u00f5es baleia s\u00e3o facilmente identificadas de seu enorme tamanho, e do padr\u00e3o de pontos &hellip; <a href=\"https:\/\/www.big-animals.com\/pt\/the-whale-shark-the-worlds-biggest-fish\/\" class=\"more-link\">Continue reading <span class=\"screen-reader-text\">O tubar\u00e3o-baleia &#8211; peixe maior do mundo!<\/span><\/a><\/p>\n","protected":false},"author":1,"featured_media":0,"parent":0,"menu_order":0,"comment_status":"closed","ping_status":"open","template":"","meta":{"_acf_changed":false,"footnotes":""},"acf":[],"_links":{"self":[{"href":"https:\/\/www.big-animals.com\/pt\/wp-json\/wp\/v2\/pages\/75"}],"collection":[{"href":"https:\/\/www.big-animals.com\/pt\/wp-json\/wp\/v2\/pages"}],"about":[{"href":"https:\/\/www.big-animals.com\/pt\/wp-json\/wp\/v2\/types\/page"}],"author":[{"embeddable":true,"href":"https:\/\/www.big-animals.com\/pt\/wp-json\/wp\/v2\/users\/1"}],"replies":[{"embeddable":true,"href":"https:\/\/www.big-animals.com\/pt\/wp-json\/wp\/v2\/comments?post=75"}],"version-history":[{"count":0,"href":"https:\/\/www.big-animals.com\/pt\/wp-json\/wp\/v2\/pages\/75\/revisions"}],"wp:attachment":[{"href":"https:\/\/www.big-animals.com\/pt\/wp-json\/wp\/v2\/media?parent=75"}],"curies":[{"name":"wp","href":"https:\/\/api.w.org\/{rel}","templated":true}]}}