{"id":76,"date":"2011-05-09T11:35:24","date_gmt":"2011-05-09T11:35:24","guid":{"rendered":""},"modified":"2011-05-09T11:35:24","modified_gmt":"2011-05-09T11:35:24","slug":"the-saltwater-crocodile-the-words-biggest-reptile","status":"publish","type":"page","link":"https:\/\/www.big-animals.com\/pt\/the-saltwater-crocodile-the-words-biggest-reptile\/","title":{"rendered":"O crocodilo de \u00e1gua salgada &#8211; maior r\u00e9ptil da palavra"},"content":{"rendered":"<p><span id=\"gts_text_1\" class=\"gts_text\">R\u00e9ptil de vida maior do mundo \u00e9 o crocodilo de \u00e1gua salgada. <\/span><span id=\"gts_text_2\" class=\"gts_text\">Ele vive no norte da Austr\u00e1lia, na costa de \u00cdndia Oriental e certas partes do leste da \u00c1sia. <\/span><span id=\"gts_text_3\" class=\"gts_text\">O crocodilo de \u00e1gua salgada masculino adulto \u00e9 aproximadamente 4,5 a 5 metros (15 a 17 p\u00e9s) de comprimento. <\/span><span id=\"gts_text_4\" class=\"gts_text\">Ele pesa de 600 a tem (1300-2200 lb). <\/span><span id=\"gts_text_5\" class=\"gts_text\">O crocodilo de \u00e1gua salgada confirmado maior no registro foi 6,3 metros (20 p\u00e9s 8 polegadas) de comprimento. <\/span><span id=\"gts_text_6\" class=\"gts_text\">Ele pesava mais de 1360 kg (3000lb). <\/span><span id=\"gts_text_7\" class=\"gts_text\">Que um animal enorme!<\/span><\/p>\n<figure id=\"attachment_397\" aria-describedby=\"caption-attachment-397\" style=\"width: 300px\" class=\"wp-caption aligncenter\"><a href=\"http:\/\/www.big-animals.com\/wp-content\/uploads\/2011\/01\/Saltwater_Crocodile_And_Human1.png\"><img loading=\"lazy\" decoding=\"async\" class=\"size-medium wp-image-397\" title=\"Saltwater Crocodile And Human\" src=\"http:\/\/www.big-animals.com\/wp-content\/uploads\/2011\/01\/Saltwater_Crocodile_And_Human1-300x83.png\" alt=\"Saltwater Crocodile And Human\" width=\"300\" height=\"83\" \/><\/a><figcaption id=\"caption-attachment-397\" class=\"wp-caption-text\">Saltwater Crocodile And Human<\/figcaption><\/figure>\n<p><span id=\"gts_text_8\" class=\"gts_text\">O crocodilo de \u00e1gua salgada feminino \u00e9 muito menor do que o macho. <\/span><span id=\"gts_text_9\" class=\"gts_text\">\u00c9 &#8220;apenas&#8221; cerca de 2. 1 a 3,5 metros (7-11). <\/span><span id=\"gts_text_10\" class=\"gts_text\">A f\u00eamea maior foi cerca de 4,2 metros (14 p\u00e9s). <\/span><span id=\"gts_text_11\" class=\"gts_text\">Eles foram, em m\u00e9dia, cerca de 450 kg (1000 lb).<\/span><\/p>\n<figure id=\"attachment_399\" aria-describedby=\"caption-attachment-399\" style=\"width: 150px\" class=\"wp-caption alignleft\"><a href=\"http:\/\/www.big-animals.com\/wp-content\/uploads\/2011\/01\/Saltwater_Crocodile_Eye.jpg\"><img loading=\"lazy\" decoding=\"async\" class=\"size-thumbnail wp-image-399\" title=\"Saltwater Crocodile Eye\" src=\"http:\/\/www.big-animals.com\/wp-content\/uploads\/2011\/01\/Saltwater_Crocodile_Eye-150x150.jpg\" alt=\"Saltwater Crocodile Eye\" width=\"150\" height=\"150\" \/><\/a><figcaption id=\"caption-attachment-399\" class=\"wp-caption-text\">Saltwater Crocodile Eye<\/figcaption><\/figure>\n<p><span id=\"gts_text_12\" class=\"gts_text\">Existem tipos extintos de crocodilo de \u00e1gua salgada que \u00e0s vezes eram muito maiores. <\/span><span id=\"gts_text_13\" class=\"gts_text\">Eles poderiam ser 18 metros de comprimento! <\/span><span id=\"gts_text_14\" class=\"gts_text\">\u00c1gua salgados crocodilos amam os rios e p\u00e2ntanos de \u00e1gua doce durante a esta\u00e7\u00e3o chuvosa. <\/span><span id=\"gts_text_15\" class=\"gts_text\">Durante a esta\u00e7\u00e3o seca, eles v\u00e3o passar a foz do Rio Grande. <\/span><span id=\"gts_text_16\" class=\"gts_text\">Os crocodilos v\u00e3o lutar entre si ferozmente para o melhor lugar para se viver.  <\/span><span id=\"gts_text_17\" class=\"gts_text\">Eles podem nadar 15 a 18 quil\u00f4metros por hora no seu mais r\u00e1pido e 2 a 3 quil\u00f4metros por hora em longas dist\u00e2ncias.<\/span><\/p>\n<p><span id=\"gts_text_18\" class=\"gts_text\">O crocodilo de \u00e1gua salgada apenas ir\u00e1 atacar qualquer animal que ultrapassa em seu territ\u00f3rio na \u00e1gua ou em terra. <\/span><span id=\"gts_text_19\" class=\"gts_text\">Grandes crocodilos \u00e1gua salgados comem todos os animais de todo incluindo macacos, cangurus, javalis, dingos, aves, vacas, cavalos, seres humanos, b\u00fafalos de \u00e1gua e at\u00e9 mesmo tubar\u00f5es. <\/span><span id=\"gts_text_20\" class=\"gts_text\">Eles podem atacar muito repentinamente e eles preferem ca\u00e7ar \u00e0 noite.<\/span><\/p>\n<figure id=\"attachment_401\" aria-describedby=\"caption-attachment-401\" style=\"width: 300px\" class=\"wp-caption alignright\"><a href=\"http:\/\/www.big-animals.com\/wp-content\/uploads\/2011\/01\/Saltwater_Crocodile.jpg\"><img loading=\"lazy\" decoding=\"async\" class=\"size-medium wp-image-401 \" title=\"The Saltwater Crocodile - The World's Biggest Reptile\" src=\"http:\/\/www.big-animals.com\/wp-content\/uploads\/2011\/01\/Saltwater_Crocodile-300x206.jpg\" alt=\"The Saltwater Crocodile - The World's Biggest Reptile\" width=\"300\" height=\"206\" \/><\/a><figcaption id=\"caption-attachment-401\" class=\"wp-caption-text\">The Saltwater Crocodile - The World&#038;#39;s Biggest Reptile<\/figcaption><\/figure>\n<p><span id=\"gts_text_21\" class=\"gts_text\">Eles geralmente esperar pacientemente por suas presas para se aproximar da margem do Rio e, em seguida, arraste a animal volta na \u00e1gua.  <\/span><span id=\"gts_text_22\" class=\"gts_text\">O azarado animal ser\u00e1 morto pela press\u00e3o mand\u00edbula grande dos crocodilos de \u00e1gua salgadas. <\/span><span id=\"gts_text_23\" class=\"gts_text\">Em alguns casos as presas podem ser ali\u00e1s afogada no ataque. <\/span><span id=\"gts_text_24\" class=\"gts_text\">Crocodilos de \u00e1gua salgados do beb\u00ea tem que cuidado com monitor lagartos, peixes e aves.<\/span><\/p>\n","protected":false},"excerpt":{"rendered":"<p>R\u00e9ptil de vida maior do mundo \u00e9 o crocodilo de \u00e1gua salgada. Ele vive no norte da Austr\u00e1lia, na costa de \u00cdndia Oriental e certas partes do leste da \u00c1sia. O crocodilo de \u00e1gua salgada masculino adulto \u00e9 aproximadamente 4,5 a 5 metros (15 a 17 p\u00e9s) de comprimento. Ele pesa de 600 a tem &hellip; <a href=\"https:\/\/www.big-animals.com\/pt\/the-saltwater-crocodile-the-words-biggest-reptile\/\" class=\"more-link\">Continue reading <span class=\"screen-reader-text\">O crocodilo de \u00e1gua salgada &#8211; maior r\u00e9ptil da palavra<\/span><\/a><\/p>\n","protected":false},"author":1,"featured_media":0,"parent":0,"menu_order":0,"comment_status":"closed","ping_status":"open","template":"","meta":{"_acf_changed":false,"footnotes":""},"acf":[],"_links":{"self":[{"href":"https:\/\/www.big-animals.com\/pt\/wp-json\/wp\/v2\/pages\/76"}],"collection":[{"href":"https:\/\/www.big-animals.com\/pt\/wp-json\/wp\/v2\/pages"}],"about":[{"href":"https:\/\/www.big-animals.com\/pt\/wp-json\/wp\/v2\/types\/page"}],"author":[{"embeddable":true,"href":"https:\/\/www.big-animals.com\/pt\/wp-json\/wp\/v2\/users\/1"}],"replies":[{"embeddable":true,"href":"https:\/\/www.big-animals.com\/pt\/wp-json\/wp\/v2\/comments?post=76"}],"version-history":[{"count":0,"href":"https:\/\/www.big-animals.com\/pt\/wp-json\/wp\/v2\/pages\/76\/revisions"}],"wp:attachment":[{"href":"https:\/\/www.big-animals.com\/pt\/wp-json\/wp\/v2\/media?parent=76"}],"curies":[{"name":"wp","href":"https:\/\/api.w.org\/{rel}","templated":true}]}}