{"id":77,"date":"2011-05-09T11:35:52","date_gmt":"2011-05-09T11:35:52","guid":{"rendered":""},"modified":"2011-05-09T11:35:52","modified_gmt":"2011-05-09T11:35:52","slug":"a-mundos-maior-aves","status":"publish","type":"page","link":"https:\/\/www.big-animals.com\/pt\/a-mundos-maior-aves\/","title":{"rendered":"Aves de maiores do mundo!"},"content":{"rendered":"<p><html><head><\/head><body><\/p>\n<h3><span id=\"gts_text_1\" class=\"gts_text\">O que \u00e9 um p\u00e1ssaro?<\/span><\/h3>\n<p><span id=\"gts_text_2\" class=\"gts_text\">Todos n\u00f3s sabemos o que as aves s\u00e3o, \u00e9 claro!<\/span> <span id=\"gts_text_3\" class=\"gts_text\">Aqui, eu falarei sobre como aves se encaixa no reino animal &#8211; que outros animais s\u00e3o assim e como eles s\u00e3o semelhantes e diferentes de outros animais.<\/span> <span id=\"gts_text_4\" class=\"gts_text\">As aves s\u00e3o <a href=\"\/Vertebrates.html\">vertebrados<\/a> &#8211; eles t\u00eam ossos em seus corpos, como n\u00f3s.<\/span> <span id=\"gts_text_5\" class=\"gts_text\">A maioria das aves t\u00eam ossos ocos.<\/span> <span id=\"gts_text_6\" class=\"gts_text\">Isso os torna muito mais leve &#8211; se uma ave tinha ossos como a nossa, que n\u00e3o seria capaz de voar.<\/span><\/p>\n<p><span id=\"gts_text_7\" class=\"gts_text\">As aves s\u00e3o tamb\u00e9m &quot;warm sangue&quot;, que significa que eles podem manter seu corpo a uma temperatura fixa (tal como mam\u00edferos).<\/span> <span id=\"gts_text_8\" class=\"gts_text\">Isso \u00e9 diferente dos outros vertebrados como r\u00e9pteis, anf\u00edbios e peixes.<\/span><\/p>\n<p><span id=\"gts_text_9\" class=\"gts_text\">O nome cient\u00edfico para este grupo de animais \u00e9 apenas a palavra latina para &quot;Bird&quot;-<\/span> <span style=\"font-style: italic;\"><span id=\"gts_text_10\" class=\"gts_text\">Aves<\/span><\/span><span id=\"gts_text_11\" class=\"gts_text\">. \u00c9 a partir desta palavra que temos palavras em ingl\u00eas como avi\u00e1rio e aviador.<\/span> <span id=\"gts_text_12\" class=\"gts_text\">Um cientista que estuda os p\u00e1ssaros \u00e9 chamado um<\/span> <span style=\"font-style: italic;\"><span id=\"gts_text_13\" class=\"gts_text\">Ornit\u00f3logo<\/span><\/span><span id=\"gts_text_14\" class=\"gts_text\">.<\/span><\/p>\n<h3><span id=\"gts_text_15\" class=\"gts_text\">O que faz com que aves especiais?<\/span><\/h3>\n<p><span id=\"gts_text_16\" class=\"gts_text\">A maioria dos vertebrados em terra tem quatro p\u00e9s.<\/span> <span id=\"gts_text_17\" class=\"gts_text\">Aves, em vez disso, t\u00eam dois metros e duas alas.<\/span> <span id=\"gts_text_18\" class=\"gts_text\">A maioria das aves podem voar com suas asas &#8211; algumas exce\u00e7\u00f5es incluem ping\u00fcins, o extinto Dodo e ave de vida maior do mundo, o <a href=\"\/Ostrich.html\">avestruz<\/a>.<\/span> <span style=\"float: right;\"><img loading=\"lazy\" decoding=\"async\" src=\"http:\/\/ba.dr-mikes-maths.com\/\/wp-content\/themes\/twentyten\/images\/ba\/feather.jpg\" alt=\"Difus\u00e3o de um p\u00e1ssaro mant\u00e9m quentes e ajuda a voar\" width=\"225\" height=\"300\" class=\" gts_attribute gts_attribute_1_alt\" \/><\/span><span id=\"gts_text_19\" class=\"gts_text\">Apenas aves t\u00eam penas &#8211; penas do p\u00e1ssaro mant\u00ea-lo quente e ajud\u00e1-lo a voar.<\/span> <span id=\"gts_text_20\" class=\"gts_text\">Aves t\u00eam um bico e sem dentes.<\/span> <span id=\"gts_text_21\" class=\"gts_text\">Voc\u00ea pode muitas vezes acho que tipo de alimento uma ave gosta de comer de forma do seu bico &#8211; um papagaio que gosta de craqueamento sementes tem um bico forte curto e um beija-flor que goles n\u00e9ctar de flores tem um bico longo fino.<\/span> <span id=\"gts_text_22\" class=\"gts_text\">Al\u00e9m disso, todas as aves p\u00f5em ovos!<\/span> <span id=\"gts_text_23\" class=\"gts_text\">Ovos de aves t\u00eam uma casca dura, ao contr\u00e1rio os ovos postos por r\u00e9pteis, anf\u00edbios e peixes.<\/span> <span id=\"gts_text_24\" class=\"gts_text\">Estas normalmente t\u00eam conchas soft &#8211; \u00e0s vezes t\u00e3o macio que voc\u00ea seria dificilmente cham\u00e1-los os reservat\u00f3rios em tudo!<\/span><\/p>\n<p><span id=\"gts_text_25\" class=\"gts_text\">Aves n\u00e3o t\u00eam cordas vocais como n\u00f3s.<\/span> <span id=\"gts_text_26\" class=\"gts_text\">Eles fazem sons em parte de sua garganta chamado <em>siringe<\/em>.<\/span> <span id=\"gts_text_27\" class=\"gts_text\">Como o ar passa atrav\u00e9s dele, os lados da siringe vibram, fazendo som.<\/span> <span id=\"gts_text_28\" class=\"gts_text\">Algumas aves podem fazer os dois lados do trabalho syrinx independentemente, cantando duas m\u00fasicas diferentes ao mesmo tempo!<\/span><\/p>\n<h3><span id=\"gts_text_29\" class=\"gts_text\">Que tipos de aves est\u00e3o l\u00e1?<\/span><\/h3>\n<p><span id=\"gts_text_30\" class=\"gts_text\">Existem mais de 10000 tipos diferentes de aves.<\/span> <span id=\"gts_text_31\" class=\"gts_text\">Aves formam um grupo de animais (cientistas diria uma <em>classe<\/em>) chamado de <em>Aves<\/em>, que \u00e9 a palavra latina para &quot;p\u00e1ssaro&quot;.<\/span> <span id=\"gts_text_32\" class=\"gts_text\">Essa <em>classe<\/em> \u00e9 dividido em grupos menores, chamados de <em>ordens<\/em>.<\/span> <span id=\"gts_text_33\" class=\"gts_text\">Os cientistas ainda debater sobre exatamente o que esses grupos devem ser, e exatamente o que s\u00e3o aves em cada um.<\/span> <span id=\"gts_text_34\" class=\"gts_text\">No entanto, uma lista comum \u00e9 o seguinte.<\/span><\/p>\n<ol>\n<li><span id=\"gts_text_35\" class=\"gts_text\">O <em>Accipitriformes<\/em> inclui a maioria das aves de rapina que ca\u00e7ar em dia.<\/span> <span id=\"gts_text_36\" class=\"gts_text\">Ou seja, aves como Balbuzards, abutres e Falc\u00f5es s\u00e3o tudo em ordem.<\/span> <span id=\"gts_text_37\" class=\"gts_text\">Em vez disso, alguns cientistas acreditam que estas aves devem ser consideradas como <em>Falconiformes<\/em>.<\/span> <span id=\"gts_text_38\" class=\"gts_text\">Existem cerca de 220 esp\u00e9cies de Accipitriformes.<\/span><\/li>\n<li><span id=\"gts_text_39\" class=\"gts_text\">O <a title=\"Waterfowl\" href=\"http:\/\/www.big-animals.com\/waterfowl\/\" class=\" gts_attribute gts_attribute_3_title\"><em>Anseriformes<\/em><\/a> inclui cerca de 150 esp\u00e9cies (tipos) de aves.<\/span> <span id=\"gts_text_40\" class=\"gts_text\">Eles t\u00eam ligados p\u00e9s e est\u00e3o muito felizes na \u00e1gua.<\/span> <span id=\"gts_text_41\" class=\"gts_text\">Eles incluem patos voc\u00ea adivinhou-!<\/span> <span id=\"gts_text_42\" class=\"gts_text\">Tamb\u00e9m gansos, cisnes e muitas outras <a title=\"Waterfowl\" href=\"http:\/\/www.big-animals.com\/waterfowl\/\" class=\" gts_attribute gts_attribute_4_title\">aves aqu\u00e1ticas<\/a>.<\/span><\/li>\n<li><span id=\"gts_text_43\" class=\"gts_text\">H\u00e1 quase 450 esp\u00e9cies diferentes de <em>aves<\/em> &#8211; estas s\u00e3o aves voando r\u00e1pido, pequeno, como o beija-flor e andorinh\u00f5es.<\/span> <span id=\"gts_text_44\" class=\"gts_text\"><em>Apodiformes<\/em> significa &quot;footless&quot; &#8211; Embora estas aves t\u00eam p\u00e9s, os p\u00e9s s\u00e3o pequenos e n\u00e3o \u00e9 usado para muito, exceto que assenta.<\/span><\/li>\n<li><span id=\"gts_text_45\" class=\"gts_text\"><em>Caprimulgiformes<\/em> dormir durante o dia e est\u00e1 acordado \u00e0 noite.<\/span> <span id=\"gts_text_46\" class=\"gts_text\">Eles comem insetos, mas as pessoas uma vez pensei que eles alimentados fora caprinos!<\/span> <span id=\"gts_text_47\" class=\"gts_text\">A palavra <em>Caprimulgiformes<\/em> significa &quot;cabra-ot\u00e1rio&quot;!<\/span> <span id=\"gts_text_48\" class=\"gts_text\">O \u00e9 um t\u00edpico Caprimulgiforme.<\/span><\/li>\n<li><span id=\"gts_text_49\" class=\"gts_text\"><a title=\"Waders\" href=\"http:\/\/www.big-animals.com\/waders\/\" class=\" gts_attribute gts_attribute_5_title\"><em>Charadriiformes<\/em><\/a> principalmente viver perto do mar, crust\u00e1ceos fora das rochas de separa\u00e7\u00e3o ou cavando na lama.<\/span> <span id=\"gts_text_50\" class=\"gts_text\">Alguns exemplos s\u00e3o gaivotas e gigantes.<\/span><\/li>\n<li><span id=\"gts_text_51\" class=\"gts_text\">Os <em>Ciconiformes<\/em> incluem gar\u00e7as, cegonhas, colhereiros e aves semelhantes.<\/span> <span id=\"gts_text_52\" class=\"gts_text\">Alguns cientistas acreditam que os abutres americanas e condores tamb\u00e9m pertencem a este grupo, mas nem todos concordam.<\/span><\/li>\n<li><span id=\"gts_text_53\" class=\"gts_text\"><em>Coliiformes<\/em>, ou Mousebirds, todos vivem em \u00c1frica.<\/span> <span id=\"gts_text_54\" class=\"gts_text\">Eles s\u00e3o relativamente pequenas aves, que parecem apressar-se atrav\u00e9s de \u00e1rvores como ratos, como eles flit de ramifica\u00e7\u00e3o para ramifica\u00e7\u00e3o procurando bagas.<\/span><\/li>\n<li><span id=\"gts_text_55\" class=\"gts_text\">As <a title=\"Columbidae\" href=\"http:\/\/www.big-animals.com\/columbidae\/\" class=\" gts_attribute gts_attribute_6_title\"><em>aves<\/em><\/a> incluem rolas e pombos, bem como o extinto <a title=\"Dodo\" href=\"http:\/\/www.big-animals.com\/dodo\/\" class=\" gts_attribute gts_attribute_7_title\">Dodo<\/a>.<\/span> <span id=\"gts_text_56\" class=\"gts_text\">Ao contr\u00e1rio da maioria das outras aves, rolas e pombos s\u00e3o capazes de beber sugando \u00e1gua.<\/span> <span id=\"gts_text_57\" class=\"gts_text\">Outras aves que todos temos de inclinar a cabe\u00e7a de volta para beber.<\/span><\/li>\n<li><span id=\"gts_text_58\" class=\"gts_text\">As <em>aves<\/em> s\u00e3o p\u00e1ssaros coloridos guarda-rios, hoopoes, abelharucos e outros.<\/span> <span id=\"gts_text_59\" class=\"gts_text\">A palavra <em>aves<\/em> vem das palavras latinas que significa &quot;Raven-como&quot;, mesmo que os corvos n\u00e3o est\u00e3o neste grupo.<\/span><\/li>\n<li><span id=\"gts_text_60\" class=\"gts_text\"><em>Cuculiformes<\/em> incluem as cucos e outras aves tais Turacos (comedores de banana), e um p\u00e1ssaro raro chamado Hoatzin, que parece muito bonito e vive em p\u00e2ntanos tropicais.<\/span><\/li>\n<li><span id=\"gts_text_61\" class=\"gts_text\">Incluem os <em>Falconiformes<\/em> , voc\u00ea adivinhou, falc\u00f5es!<\/span> <span id=\"gts_text_62\" class=\"gts_text\">Alguns cientistas dizem que o <em>Accipitriformes<\/em> (hawks, \u00e1guias e outros) tamb\u00e9m devem ser contados como <em>Falconiformes<\/em>.<\/span> <span id=\"gts_text_63\" class=\"gts_text\">Se voc\u00ea n\u00e3o incluir <em>Accipitriformes<\/em>, existem cerca de 60 esp\u00e9cies de <em>Falconiformes<\/em>.<\/span><\/li>\n<li><span id=\"gts_text_64\" class=\"gts_text\"><a title=\"Galliformes\" href=\"http:\/\/www.big-animals.com\/galliformes\/\" class=\" gts_attribute gts_attribute_8_title\"><em>Galliformes<\/em><\/a> s\u00e3o 250 ou t\u00e3o diferentes esp\u00e9cies de frango, Turquia, codornas e aves semelhantes.<\/span> <span id=\"gts_text_65\" class=\"gts_text\">Todos podem voar, mas n\u00e3o podem mais voar muito bem.<\/span><\/li>\n<li><span id=\"gts_text_66\" class=\"gts_text\">O <em>Gaviiformes<\/em> \u00e9 a ordem dada \u00e0 5 esp\u00e9cie (tipos) de Loon ou mergulhador.<\/span> <span id=\"gts_text_67\" class=\"gts_text\">Estas aves olhar um pouco como patos, mas seu bico \u00e9 acentuadamente apontado.<\/span> <span id=\"gts_text_68\" class=\"gts_text\">Ca\u00e7am peixes nadando calmamente sobre a superf\u00edcie, ent\u00e3o de repente mergulho para baixo, captura de um peixe ou Sapo e engolir toda.<\/span><\/li>\n<li><span id=\"gts_text_69\" class=\"gts_text\"><em>Gruiformes<\/em> significa &quot;guindaste-como&quot;.<\/span> <span id=\"gts_text_70\" class=\"gts_text\">Este \u00e9 um estranho agrupamento de aves &#8211; alguns membros olhar completamente diferentes dos outros, mas sua anatomia interna funciona da mesma forma.<\/span> <span id=\"gts_text_71\" class=\"gts_text\">Tamb\u00e9m, no passado, algumas aves t\u00eam sido chamados Gruiformes s\u00f3 porque eles n\u00e3o se encaixam bem em qualquer outro grupo.<\/span> <span id=\"gts_text_72\" class=\"gts_text\">Por causa destes, os cientistas ainda debater exatamente quais aves pertencem a Gruiformes.<\/span><\/li>\n<li><span id=\"gts_text_73\" class=\"gts_text\">Os <em>Passeriformes<\/em> s\u00e3o o maior grupo de aves, com mais de 5000 diferentes tipos (esp\u00e9cie).<\/span> <span id=\"gts_text_74\" class=\"gts_text\">Eles tamb\u00e9m s\u00e3o chamados<\/span> <span style=\"font-style: italic;\"><span id=\"gts_text_75\" class=\"gts_text\">passeriformes<\/span><\/span><span id=\"gts_text_76\" class=\"gts_text\">, ou que assenta aves.<\/span><\/li>\n<li><span id=\"gts_text_77\" class=\"gts_text\"><em>Pelecaniformes<\/em> s\u00e3o m\u00e9dias aves aqu\u00e1ticas.<\/span> <span id=\"gts_text_78\" class=\"gts_text\">Eles t\u00eam teia que abrange todos os quatro de seus dedos, e que respiram atrav\u00e9s de suas bocas, porque eles n\u00e3o podem respirar atrav\u00e9s de suas narinas.<\/span> <span id=\"gts_text_79\" class=\"gts_text\">Alguns mais conhecida <em>Pelecaniformes<\/em> s\u00e3o pelicanos e corvos marinhos.<\/span><\/li>\n<li><span id=\"gts_text_80\" class=\"gts_text\">O <a title=\"Flamingos\" href=\"http:\/\/www.big-animals.com\/flamingos\/\" class=\" gts_attribute gts_attribute_9_title\"><em>Phoenicopteriformes<\/em><\/a>&apos; significa o nome Phoenix-like.<\/span> <span id=\"gts_text_81\" class=\"gts_text\">Estas s\u00e3o as esp\u00e9cies meia-d\u00fazia de <a title=\"Flamingos\" href=\"http:\/\/www.big-animals.com\/flamingos\/\" class=\" gts_attribute gts_attribute_10_title\">Flamingo<\/a>.<\/span><\/li>\n<li><span id=\"gts_text_82\" class=\"gts_text\">As <em>aves<\/em> s\u00e3o os pica-paus, tucanos e aves semelhantes.<\/span> <span id=\"gts_text_83\" class=\"gts_text\">A maioria das aves vivem em \u00e1rvores e comem insetos.<\/span><span style=\"float: right;\"><img loading=\"lazy\" decoding=\"async\" src=\"http:\/\/ba.dr-mikes-maths.com\/\/wp-content\/themes\/twentyten\/images\/ba\/grebe.jpg\" alt=\"Um Mergulh\u00e3o, sentado no seu ninho.\" width=\"250\" height=\"233\" class=\" gts_attribute gts_attribute_2_alt\" \/><\/span><\/li>\n<li><span id=\"gts_text_84\" class=\"gts_text\">O <em>Podicipediformes<\/em> inclui apenas 22 esp\u00e9cies de aves, chamados mergulh\u00f5es.<\/span> <span id=\"gts_text_85\" class=\"gts_text\">Mergulh\u00f5es s\u00e3o a grande de tamanho m\u00e9dio e vivem perto de \u00e1gua.<\/span> <span id=\"gts_text_86\" class=\"gts_text\">N\u00e3o Voe muito bem, por isso quando eles querem escapar, eles mergulho subaqu\u00e1tico em vez disso.<\/span> <span id=\"gts_text_87\" class=\"gts_text\">H\u00e1 uma imagem de um Mergulh\u00e3o \u00e0 direita.<\/span><\/li>\n<li><span id=\"gts_text_88\" class=\"gts_text\">Os <em>Procellariiformes<\/em> incluem petr\u00e9is e albatrozes, em especial o p\u00e1ssaro voando maior (mas n\u00e3o o mais pesado), o <a href=\"\/Wandering-Albatross.html\">albatroz-errante<\/a> .<\/span><\/li>\n<li><span id=\"gts_text_89\" class=\"gts_text\"><a title=\"Parrots\" href=\"http:\/\/www.big-animals.com\/parrots\/\" class=\" gts_attribute gts_attribute_11_title\"><em>Psitac\u00eddeos<\/em><\/a> s\u00e3o os <a title=\"Parrots\" href=\"http:\/\/www.big-animals.com\/parrots\/\" class=\" gts_attribute gts_attribute_12_title\">papagaios e cacatuas<\/a>.<\/span> <span id=\"gts_text_90\" class=\"gts_text\">Esta ordem inclui alguns dos mais inteligentes de todas as aves!<\/span><\/li>\n<li><span id=\"gts_text_91\" class=\"gts_text\">H\u00e1 apenas 16 tipos de <em>Pteroclidiformes<\/em> &#8211; o Sandgrouses.<\/span> <span id=\"gts_text_92\" class=\"gts_text\">Estes folhetos s\u00f3lidos, fortes vivem nas plan\u00edcies em Espanha, Portugal, \u00c1frica e \u00cdndia.<\/span><\/li>\n<li><span id=\"gts_text_93\" class=\"gts_text\"><a title=\"Penguins\" href=\"http:\/\/www.big-animals.com\/penguins\/\" class=\" gts_attribute gts_attribute_13_title\"><em>Esfenisciformes<\/em><\/a> s\u00e3o 17 a 20 diferentes esp\u00e9cies de <a title=\"Penguins\" href=\"http:\/\/www.big-animals.com\/penguins\/\" class=\" gts_attribute gts_attribute_14_title\">pinguim<\/a>.<\/span> <span id=\"gts_text_94\" class=\"gts_text\">Ping\u00fcins apenas vivem no Hemisf\u00e9rio Sul &#8211; para que ursos polares nunca atender pinguins de fato.<\/span> <span id=\"gts_text_95\" class=\"gts_text\">Nem todos os ping\u00fcins vivem em lugares nevadas &#8211; ainda \u00e9 aquele que vive na ilha de Gal\u00e1pagos nos tr\u00f3picos!<\/span><\/li>\n<li><span id=\"gts_text_96\" class=\"gts_text\">As <a title=\"Owls\" href=\"http:\/\/www.big-animals.com\/owls\/\" class=\" gts_attribute gts_attribute_15_title\">corujas<\/a> s\u00e3o chamados <a title=\"Owls\" href=\"http:\/\/www.big-animals.com\/owls\/\" class=\" gts_attribute gts_attribute_16_title\"><em>Strigiformes<\/em><\/a>.<\/span> <span id=\"gts_text_97\" class=\"gts_text\">A maioria das corujas dormem durante o dia, ca\u00e7am \u00e0 noite e tem olhos voltada para a frente.<\/span> <span id=\"gts_text_98\" class=\"gts_text\">No entanto (como a maioria das aves) n\u00e3o podemos fechar os olhos, para olhar em volta, eles tem que virar a cabe\u00e7a toda!<\/span><\/li>\n<li><span id=\"gts_text_99\" class=\"gts_text\"><a title=\"Ratites\" href=\"http:\/\/www.big-animals.com\/ratites\/\" class=\" gts_attribute gts_attribute_17_title\"><em>Struthioniformes<\/em><\/a> significa &quot;Avestruz&quot;.<\/span> <span id=\"gts_text_100\" class=\"gts_text\">Estas aves n\u00e3o podem voar e n\u00e3o poderiam mesmo se eles tinham grandes asas.<\/span> <span id=\"gts_text_101\" class=\"gts_text\">Isto \u00e9 porque seu osso do peito \u00e9 plano &#8211; ele n\u00e3o tem lugar para seus m\u00fasculos ala corretamente para anexar.<\/span> <span id=\"gts_text_102\" class=\"gts_text\">Por causa disto, estas aves s\u00e3o tamb\u00e9m chamadas de &quot;<a title=\"Ratites\" href=\"http:\/\/www.big-animals.com\/ratites\/\" class=\" gts_attribute gts_attribute_18_title\">Ratites<\/a>&quot;, ap\u00f3s a palavra latina para &quot;jangada&quot;.<\/span> <span id=\"gts_text_103\" class=\"gts_text\">Ave de vida maior do mundo &#8211; o <a href=\"\/Ostrich.html\">avestruz<\/a> &#8211; \u00e9 um Struthioniformes.<\/span> <span id=\"gts_text_104\" class=\"gts_text\">O que \u00e9 mais, o mais alto e mais pesado<\/span> <span style=\"font-style: italic;\"><span id=\"gts_text_105\" class=\"gts_text\">nunca<\/span><\/span> <span id=\"gts_text_106\" class=\"gts_text\">aves ( <a href=\"\/Giant-Moa.html\">Moa gigante<\/a> e o <a title=\"Elephant Bird\" href=\"http:\/\/www.big-animals.com\/elephant-bird-2\/\" class=\" gts_attribute gts_attribute_19_title\">Elefante ave<\/a>) tamb\u00e9m foram Ratites.<\/span><\/li>\n<li><span id=\"gts_text_107\" class=\"gts_text\"><em>Tinamiformes<\/em> incluem aproximadamente 47 tipos de solo-habita\u00e7\u00e3o ave que se assemelham a codorniz.<\/span> <span id=\"gts_text_108\" class=\"gts_text\">Eles vivem na Am\u00e9rica do Sul e M\u00e9xico e s\u00e3o chamados Tinamus.<\/span><\/li>\n<li><span id=\"gts_text_109\" class=\"gts_text\">O nome <em>Trogoniformes<\/em> vem da palavra grega<\/span><span style=\"font-style: italic;\"><span id=\"gts_text_110\" class=\"gts_text\">Trogon<\/span><\/span><span id=\"gts_text_111\" class=\"gts_text\">, que significa &quot;mordiscar&quot;.<\/span> <span id=\"gts_text_112\" class=\"gts_text\">Estas aves, chamados curucus ou Quetzals, obter seu nome de seu h\u00e1bito de gnawing buracos em \u00e1rvores para fazer seus ninhos.<\/span><\/li>\n<li><span id=\"gts_text_113\" class=\"gts_text\">Os <em>Turniciformes<\/em> s\u00e3o um outro grupo de aves que se parecem com codornizes.<\/span> <span id=\"gts_text_114\" class=\"gts_text\">Tamb\u00e9m chamado Turniciformes, eles vivem em \u00c1frica, \u00c1sia e Austr\u00e1lia.<\/span><\/li>\n<\/ol>\n<h3><span id=\"gts_text_115\" class=\"gts_text\">O que \u00e9 a ave mais grande do mundo?<\/span><\/h3>\n<p><span id=\"gts_text_116\" class=\"gts_text\">O mundo &apos; maior vida ave \u00e9 o <a href=\"\/Ostrich.html\">avestruz<\/a>.<\/span> <span id=\"gts_text_117\" class=\"gts_text\">Avestruzes s\u00e3o nativos da \u00c1frica, mas agora s\u00e3o cultivadas no mundo inteiro.<\/span> <span id=\"gts_text_118\" class=\"gts_text\">Ele pode crescer at\u00e9 2,7 metros (9 p\u00e9s) de altura e pesa 155 quilogramas (285 quilos).<\/span> <span id=\"gts_text_119\" class=\"gts_text\">Um ovo de avestruz pesa ovos de mais de duas dezenas de frango!<\/span><\/p>\n<p><span id=\"gts_text_120\" class=\"gts_text\">O avestruz tem pequenas asas para o seu tamanho e n\u00e3o pode voar.<\/span> <span id=\"gts_text_121\" class=\"gts_text\">O p\u00e1ssaro com as asas maiores \u00e9 o <a href=\"\/Wandering-Albatross.html\">albatroz-errante<\/a>.<\/span> <span id=\"gts_text_122\" class=\"gts_text\">A envergadura m\u00e9dia \u00e9 3.1 (10,2 metros), mas alguns chegaram t\u00e3o grande como 3,7 metros (12 p\u00e9s).<\/span> <span id=\"gts_text_123\" class=\"gts_text\">Porque suas asas s\u00e3o t\u00e3o grandes, \u00e9 capaz de deslizar para horas de cada vez!<\/span><\/p>\n<p><span id=\"gts_text_124\" class=\"gts_text\">Jovens albatrozes pesam cerca de 16 kg, ou seja, 35 libras durante seus primeiros v\u00f4os &#8211; e eles rapidamente perderem muito esse peso.<\/span> <span id=\"gts_text_125\" class=\"gts_text\">Isto torna o albatroz-errante \u00e9 muito mais leve que a habilidade de voar mais pesada bird, a Abetarda-gigante ou a Abetarda.<\/span> <span id=\"gts_text_126\" class=\"gts_text\">Estes Bustards podem chegar a 20 kg (44 libras).<\/span> <span id=\"gts_text_127\" class=\"gts_text\">Embora eles podem voar, evitam voando tanto quanto podem possivelmente!<\/span><\/p>\n<p><span id=\"gts_text_128\" class=\"gts_text\">O mais pesado<\/span> <span style=\"font-style: italic;\"><span id=\"gts_text_129\" class=\"gts_text\">nunca<\/span><\/span> <span id=\"gts_text_130\" class=\"gts_text\">ave era uma esp\u00e9cie de <a title=\"Elephant Bird\" href=\"http:\/\/www.big-animals.com\/elephant-bird-2\/\" class=\" gts_attribute gts_attribute_20_title\">Ave de elefante<\/a> , chamado <em>Aepyornis<\/em>, que vivia em Madag\u00e1scar.<\/span> <span id=\"gts_text_131\" class=\"gts_text\">Ele cresceu para mais de 10 metros de altura (3 metros) e talvez pesava 450 kg (1000 libras)!<\/span> <span id=\"gts_text_132\" class=\"gts_text\">Acredita-se que os seres humanos podem ter causado ir extinto cerca de 400-500 anos atr\u00e1s.<\/span><\/p>\n<p><span id=\"gts_text_133\" class=\"gts_text\">No entanto, o <a href=\"\/Giant-Moa.html\">Gigante Moa<\/a> da Nova Zel\u00e2ndia foi ainda mais alto.<\/span> <span id=\"gts_text_134\" class=\"gts_text\">As f\u00eameas cresceram para mais de 13 metros de altura (4 metros), mas pesagem &quot;apenas&quot; 240 kg (510 libras) ou talvez at\u00e9 280 kg (610 quilos).<\/span> <span id=\"gts_text_135\" class=\"gts_text\">Infelizmente, depois as pessoas chegaram na Nova Zel\u00e2ndia, n\u00f3s ca\u00e7ado-los e destruiu as florestas para a agricultura, at\u00e9 que o \u00faltimo Moa morreu no s\u00e9culo XV.<\/span><\/body><\/html><\/p>\n","protected":false},"excerpt":{"rendered":"<p><html><head><\/head><body><\/body><\/html><\/p>\n","protected":false},"author":1,"featured_media":0,"parent":0,"menu_order":0,"comment_status":"closed","ping_status":"open","template":"","meta":{"_acf_changed":false,"footnotes":""},"acf":[],"_links":{"self":[{"href":"https:\/\/www.big-animals.com\/pt\/wp-json\/wp\/v2\/pages\/77"}],"collection":[{"href":"https:\/\/www.big-animals.com\/pt\/wp-json\/wp\/v2\/pages"}],"about":[{"href":"https:\/\/www.big-animals.com\/pt\/wp-json\/wp\/v2\/types\/page"}],"author":[{"embeddable":true,"href":"https:\/\/www.big-animals.com\/pt\/wp-json\/wp\/v2\/users\/1"}],"replies":[{"embeddable":true,"href":"https:\/\/www.big-animals.com\/pt\/wp-json\/wp\/v2\/comments?post=77"}],"version-history":[{"count":0,"href":"https:\/\/www.big-animals.com\/pt\/wp-json\/wp\/v2\/pages\/77\/revisions"}],"wp:attachment":[{"href":"https:\/\/www.big-animals.com\/pt\/wp-json\/wp\/v2\/media?parent=77"}],"curies":[{"name":"wp","href":"https:\/\/api.w.org\/{rel}","templated":true}]}}