{"id":78,"date":"2011-05-09T11:36:47","date_gmt":"2011-05-09T11:36:47","guid":{"rendered":""},"modified":"2011-05-09T11:36:47","modified_gmt":"2011-05-09T11:36:47","slug":"the-mundos-maior-crustaceos","status":"publish","type":"page","link":"https:\/\/www.big-animals.com\/pt\/the-mundos-maior-crustaceos\/","title":{"rendered":"Crust\u00e1ceos maiores do mundo!"},"content":{"rendered":"<h3><span id=\"gts_text_1\" class=\"gts_text\">O que s\u00e3o crust\u00e1ceos?<\/span><\/h3>\n<p><span id=\"gts_text_2\" class=\"gts_text\">A palavra &#8220;Crust\u00e1ceos&#8221; pode soar como uma palavra longa para voc\u00ea, mas este grupo de animais inclui alguns muito familiares. <\/span><span id=\"gts_text_3\" class=\"gts_text\">Caranguejos, lagostas, lagosta, camar\u00e3o e cracas s\u00e3o todos os crust\u00e1ceos. <\/span><span id=\"gts_text_4\" class=\"gts_text\">Os crust\u00e1ceos todos pertencem a um grupo maior de animais, chamado de <a href=\"\/Arthropods.html\"><span style=\"font-style: italic;\">artr\u00f3podes<\/span><\/a>, que tamb\u00e9m inclui insetos, aranhas e escorpi\u00f5es.<\/span><\/p>\n<h3><span id=\"gts_text_5\" class=\"gts_text\">Onde vivem os crust\u00e1ceos?<\/span><\/h3>\n<p><span id=\"gts_text_6\" class=\"gts_text\">A maioria deles vive no mar ou de \u00e1gua doce. <\/span><span id=\"gts_text_7\" class=\"gts_text\">Alguns deles s\u00e3o capazes de viver em terra, tais como caranguejos de eremita que algumas pessoas mant\u00e9m como animais de estima\u00e7\u00e3o em um aqu\u00e1rio! <\/span><span id=\"gts_text_8\" class=\"gts_text\">Crust\u00e1ceos t\u00eam uma casca dura para proteger-se contra seu inimigo. <\/span><span id=\"gts_text_9\" class=\"gts_text\">Normalmente, seu corpo \u00e9 dividido em duas partes, uma cabe\u00e7a e um abd\u00f4men. <\/span><span id=\"gts_text_10\" class=\"gts_text\">Eles t\u00eam antenas que eles usam para sentir o mundo em torno deles, encontrar comida ou evitar o perigo. <\/span><span id=\"gts_text_11\" class=\"gts_text\">O abd\u00f4men inclui o cora\u00e7\u00e3o, o sistema digestivo e o sistema reprodutivo. <\/span><span id=\"gts_text_12\" class=\"gts_text\">Eles t\u00eam pernas fortes para rastreamento e nata\u00e7\u00e3o. <\/span><span id=\"gts_text_13\" class=\"gts_text\">Muitos crust\u00e1ceos usa suas garras que ajud\u00e1-los a comer.<\/span><\/p>\n<h3><span id=\"gts_text_14\" class=\"gts_text\">Que tipos de crust\u00e1ceos existem?<\/span><\/h3>\n<p><span style=\"width: 400px; float: right; text-align: center;\"> <img decoding=\"async\" src=\"http:\/\/ba.dr-mikes-maths.com\/\/wp-content\/themes\/twentyten\/images\/ba\/japanese-spider-crab.jpg\" alt=\"japanese spider crab\" \/><br \/>\n<span id=\"gts_text_15\" class=\"gts_text\"><strong>O <a href=\"\/Japanese-Spider-Crab.html\">Caranguejo-aranha<\/a> \u00e9 crust\u00e1ceo maior do mundo, e na realidade do mundo maior artr\u00f3pode<\/strong> <\/span><\/span><br \/>\n<span id=\"gts_text_16\" class=\"gts_text\">Os cientistas agrupar crust\u00e1ceos em grupos, que eles chamam de &#8220;classes&#8221;. <\/span><span id=\"gts_text_17\" class=\"gts_text\">Estas s\u00e3o<\/span><\/p>\n<ul>\n<li><span id=\"gts_text_18\" class=\"gts_text\">Existem cerca de 900 tipos de <span style=\"font-style: italic;\">Branchiopods<\/span>. <\/span><span id=\"gts_text_19\" class=\"gts_text\">Estes tendem a ser muito pequena &#8211; eles se parecem com pequenos Camar\u00f5es. <\/span><span id=\"gts_text_20\" class=\"gts_text\">Eles podem sobreviver em ambientes que outros animais n\u00e3o podem, como um lago quase secos-out. <\/span><span id=\"gts_text_21\" class=\"gts_text\">Os famosos &#8220;mar-macacos&#8221; mantiveram como animais de estima\u00e7\u00e3o s\u00e3o Branchiopods.<\/span><\/li>\n<li><span id=\"gts_text_22\" class=\"gts_text\">Os 17 tipos de Remipedes s\u00e3o cegos e passam o tempo a nata\u00e7\u00e3o de cabe\u00e7a para baixo em suas costas no fundo do mar. <\/span><span id=\"gts_text_23\" class=\"gts_text\">Eles t\u00eam uma cabe\u00e7a muito complicada, com um tronco longo e dentes afiados. <\/span><span id=\"gts_text_24\" class=\"gts_text\">Muito pouco se sabe sobre eles.<\/span><\/li>\n<li><span id=\"gts_text_25\" class=\"gts_text\">Os Camar\u00f5es em forma de ferradura s\u00e3o pequenas criaturas que vivem no lodo no fundo do mar. <\/span><span id=\"gts_text_26\" class=\"gts_text\">Eles comem por sentado ainda e whooshing \u00e1gua e Lama em suas bocas, esperando que algo gostoso vai ser lavado em. <\/span><span id=\"gts_text_27\" class=\"gts_text\">Os cientistas chamam de <span style=\"font-style: italic;\">Cephalocarida<\/span>.<\/span><\/li>\n<li><span id=\"gts_text_28\" class=\"gts_text\">O <span style=\"font-style: italic;\">Maxillopods<\/span> tem um pequeno corpo e pernas em compara\u00e7\u00e3o com a sua cabe\u00e7a. <\/span><span id=\"gts_text_29\" class=\"gts_text\">A mais extrema \u00e9 as cracas, que manter-se permanentemente a qualquer superf\u00edcie subaqu\u00e1tica conveniente.<\/span><\/li>\n<li><span id=\"gts_text_30\" class=\"gts_text\">H\u00e1 13000 esp\u00e9cies vivas de camar\u00e3o de sementes. <\/span><span id=\"gts_text_31\" class=\"gts_text\">Estes pequenos crust\u00e1ceos comp\u00f5em parte do que chamamos de pl\u00e2ncton, ent\u00e3o s\u00e3o alimento importante para muitos animais marinhos. <\/span><span id=\"gts_text_32\" class=\"gts_text\">Outros vivem em, ou no fundo do mar ou mesmo em solo \u00famido florestas!<\/span><\/li>\n<li><span id=\"gts_text_33\" class=\"gts_text\">O \u00faltimo grupo (cientistas chamam <span> style = &#8220;font-style: italic;&#8221;&#038;gt; Malacostraca<\/span>) cont\u00e9m tudo a mais conhecida (e todos os maiores) crust\u00e1ceos. <\/span><span id=\"gts_text_34\" class=\"gts_text\">Existem<\/span>\n<ul>\n<li><span id=\"gts_text_35\" class=\"gts_text\">O pequeno <span style=\"font-style: italic;\">Leptostraca<\/span> (o nome significa &#8220;thin shell&#8221;) ao vivo durante todo os oceanos.<\/span><\/li>\n<li><span id=\"gts_text_36\" class=\"gts_text\">O Mantis Camar\u00f5es n\u00e3o s\u00e3o Camar\u00f5es, mas olha como eles. <\/span><span id=\"gts_text_37\" class=\"gts_text\">H\u00e1 cerca de 400 esp\u00e9cies diferentes, a maior pode crescer ao longo de um p\u00e9 longo (30 cm). <\/span><span id=\"gts_text_38\" class=\"gts_text\">Eles t\u00eam garras muito poderosas e \u00e0s vezes s\u00e3o chamados de &#8220;thumb divisores&#8221; ou &#8220;assassinos de camar\u00e3o&#8221;.<\/span><\/li>\n<li><span id=\"gts_text_39\" class=\"gts_text\">Is\u00f3podos, pillbugs, caranguejos, lagostas, Camar\u00f5es e camar\u00e3o que todos pertencem ao terceira e \u00faltima subclasse de Malacostraca. <\/span><span id=\"gts_text_40\" class=\"gts_text\">Muitos destes s\u00e3o comidos por seres humanos. <\/span><span id=\"gts_text_41\" class=\"gts_text\">Todos os crust\u00e1ceos maiores pertencem a este grupo.<\/span><\/li>\n<\/ul>\n<\/li>\n<\/ul>\n<h3><span id=\"gts_text_42\" class=\"gts_text\">O que \u00e9 o crust\u00e1ceo maior do mundo?<\/span><\/h3>\n<p><span id=\"gts_text_43\" class=\"gts_text\">O crust\u00e1ceo maior do mundo \u00e9 o <a href=\"\/Japanese-Spider-Crab.html\">Caranguejo-aranha<\/a>. <\/span><span id=\"gts_text_44\" class=\"gts_text\">Ele pode pesar at\u00e9 20 kg (45 lb). <\/span><span id=\"gts_text_45\" class=\"gts_text\">Se ele se estende suas pernas, podem atingir at\u00e9 4 metros (13 p\u00e9s) de ponta a ponta!<span style=\"font-style: italic;\"> <\/span><\/span><span id=\"gts_text_46\" class=\"gts_text\"><span style=\"font-style: italic;\"><\/span>Ele obt\u00e9m seu nome porque suas pernas longas lembram as pessoas de uma enorme Aranha.<\/span><\/p>\n<p><span id=\"gts_text_47\" class=\"gts_text\">Por outro lado, o <a href=\"\/American-Lobster.html\">Lagosta americana<\/a> (embora menor) pesa mais do que o japon\u00eas spider crab. <\/span><span id=\"gts_text_48\" class=\"gts_text\">Ele pode em massa at\u00e9 ao pesa at\u00e9 a 22 kg (48 lb) e medida quase 1,2 metros (1. 3 jardas).<\/span><\/p>\n<p><span id=\"gts_text_49\" class=\"gts_text\">O caranguejo-aranha e a lagosta americanos vivem no mar.\u00a0<a href=\"\/Coconut-Crab.html\">O caranguejo de coco<\/a>, <em>Birgus latro<\/em>, n\u00e3o \u00e9 apenas o maior crust\u00e1ceo terra-vida, \u00e9 a maior artr\u00f3podes terrestres e o maior invertebrado de terras de todos! <\/span><span id=\"gts_text_50\" class=\"gts_text\">Ele tem um corpo que medem at\u00e9 40 cm de comprimento (16 polegadas) e pesa at\u00e9 4 kg (8. 8). <\/span><span id=\"gts_text_51\" class=\"gts_text\">Suas pernas podem abranger 1 m (39 polegadas). <\/span><span id=\"gts_text_52\" class=\"gts_text\">Ele recebe o nome de sua comida favorita.<\/span><\/p>\n<p><span id=\"gts_text_53\" class=\"gts_text\">Os crust\u00e1ceos de \u00e1gua doce maior \u00e9 o camar\u00e3o gigante de fadas, <span style=\"font-style: italic;\">Branchinecta gigas<\/span> , que tem um comprimento de corpo de 15 cm (6 polegadas). <\/span><span id=\"gts_text_54\" class=\"gts_text\">Barnacle maior \u00e9 o gigante Barnacle bolota, <em>Balanus nubilis<\/em>, atingindo 7 cm (2,8 polegadas) de di\u00e2metro e 12,7 cm (5) alta. <\/span><span id=\"gts_text_55\" class=\"gts_text\">O maior crust\u00e1ceo que permanece em uma caverna \u00e9 a esp\u00e9cie <span style=\"font-style: italic;\">Godzillius robustus. <\/span> <\/span><span id=\"gts_text_56\" class=\"gts_text\">\u00c9 4. 5 cm de comprimento.<\/span><\/p>\n","protected":false},"excerpt":{"rendered":"<p>O que s\u00e3o crust\u00e1ceos? A palavra &#8220;Crust\u00e1ceos&#8221; pode soar como uma palavra longa para voc\u00ea, mas este grupo de animais inclui alguns muito familiares. Caranguejos, lagostas, lagosta, camar\u00e3o e cracas s\u00e3o todos os crust\u00e1ceos. Os crust\u00e1ceos todos pertencem a um grupo maior de animais, chamado de artr\u00f3podes, que tamb\u00e9m inclui insetos, aranhas e escorpi\u00f5es. Onde &hellip; <a href=\"https:\/\/www.big-animals.com\/pt\/the-mundos-maior-crustaceos\/\" class=\"more-link\">Continue reading <span class=\"screen-reader-text\">Crust\u00e1ceos maiores do mundo!<\/span><\/a><\/p>\n","protected":false},"author":1,"featured_media":0,"parent":0,"menu_order":0,"comment_status":"closed","ping_status":"open","template":"","meta":{"_acf_changed":false,"footnotes":""},"acf":[],"_links":{"self":[{"href":"https:\/\/www.big-animals.com\/pt\/wp-json\/wp\/v2\/pages\/78"}],"collection":[{"href":"https:\/\/www.big-animals.com\/pt\/wp-json\/wp\/v2\/pages"}],"about":[{"href":"https:\/\/www.big-animals.com\/pt\/wp-json\/wp\/v2\/types\/page"}],"author":[{"embeddable":true,"href":"https:\/\/www.big-animals.com\/pt\/wp-json\/wp\/v2\/users\/1"}],"replies":[{"embeddable":true,"href":"https:\/\/www.big-animals.com\/pt\/wp-json\/wp\/v2\/comments?post=78"}],"version-history":[{"count":0,"href":"https:\/\/www.big-animals.com\/pt\/wp-json\/wp\/v2\/pages\/78\/revisions"}],"wp:attachment":[{"href":"https:\/\/www.big-animals.com\/pt\/wp-json\/wp\/v2\/media?parent=78"}],"curies":[{"name":"wp","href":"https:\/\/api.w.org\/{rel}","templated":true}]}}