{"id":79,"date":"2011-05-09T11:37:02","date_gmt":"2011-05-09T11:37:02","guid":{"rendered":""},"modified":"2011-05-09T11:37:02","modified_gmt":"2011-05-09T11:37:02","slug":"the-mundos-maior-marsupiais","status":"publish","type":"page","link":"https:\/\/www.big-animals.com\/pt\/the-mundos-maior-marsupiais\/","title":{"rendered":"Marsupiais maiores do mundo!"},"content":{"rendered":"<h3><span id=\"gts_text_1\" class=\"gts_text\">O que \u00e9 um Marsupial?<\/span><\/h3>\n<p><span id=\"gts_text_2\" class=\"gts_text\">Os marsupiais s\u00e3o um grupo especial de <a href=\"\/Mammals.html\">mam\u00edferos<\/a>. <\/span><span id=\"gts_text_3\" class=\"gts_text\">Eles vivem principalmente na Austr\u00e1lia e Am\u00e9rica do Sul e incluem cangurus, coalas, gamb\u00e1s e gamb\u00e1s e muitos outros. <\/span><span id=\"gts_text_4\" class=\"gts_text\">Como todos os mam\u00edferos,<\/span><\/p>\n<ul>\n<li><span id=\"gts_text_5\" class=\"gts_text\">Marsupiais dar leite para seus beb\u00eas,<\/span><\/li>\n<li><span id=\"gts_text_6\" class=\"gts_text\">Marsupiais t\u00eam pele e cabelo,<\/span><\/li>\n<li><span id=\"gts_text_7\" class=\"gts_text\">Marsupiais manter seu corpo (mais ou menos) uma temperatura constante.<\/span><\/li>\n<\/ul>\n<p><span id=\"gts_text_8\" class=\"gts_text\">A diferen\u00e7a entre outros tipos de mam\u00edferos e marsupiais \u00e9 como eles olham ap\u00f3s seus beb\u00eas. <\/span><span id=\"gts_text_9\" class=\"gts_text\">S\u00e3o a maioria dos mam\u00edferos <span style=\"font-style: italic;\">placent\u00e1rios<\/span> mam\u00edferos &#8211; quando a m\u00e3e tem beb\u00eas dentro, ela cresce uma <span style=\"font-style: italic;\">placenta<\/span> para ajud\u00e1-la a alimentar o beb\u00ea enquanto \u00e9 ainda dentro do seu corpo. <\/span><span id=\"gts_text_10\" class=\"gts_text\">Como resultado, muitos mam\u00edferos de beb\u00ea tem crescido muito, mesmo antes de nascerem &#8211; por exemplo, o beb\u00ea <a href=\"\/Giraffe.html\">girafa<\/a> pode andar apenas poucas horas ap\u00f3s o nascimento.<\/span><\/p>\n<p><span id=\"gts_text_11\" class=\"gts_text\">Marsupiais s\u00e3o diferentes. <\/span><span id=\"gts_text_12\" class=\"gts_text\">Quando nasce um marsupial, ele faz o seu caminho imediatamente \u00e0 bolsa da sua m\u00e3e. <\/span><span id=\"gts_text_13\" class=\"gts_text\">Se ele n\u00e3o chegar l\u00e1, ele n\u00e3o vai sobreviver. <\/span><span id=\"gts_text_14\" class=\"gts_text\">Ele vive completamente dentro da bolsa at\u00e9 que esteja pronto para enfrentar o mundo exterior &#8211; semanas ou meses mais tarde. <\/span><span id=\"gts_text_15\" class=\"gts_text\">Todos os marsupiais t\u00eam um malote, n\u00e3o apenas o canguru.<\/span><\/p>\n<p><span id=\"gts_text_16\" class=\"gts_text\">O terceiro grupo de mam\u00edferos, os monotremados, realmente p\u00f5e ovos!<\/span><\/p>\n<h3><span id=\"gts_text_17\" class=\"gts_text\">O que \u00e9 marsupial maior do mundo?<\/span><\/h3>\n<p><span id=\"gts_text_18\" class=\"gts_text\">Maior marsupial de vida do mundo \u00e9 o <a href=\"\/Red-Kangaroo.html\">Canguru-vermelho<\/a> , que vive em todo os desertos da Austr\u00e1lia. <\/span><span id=\"gts_text_19\" class=\"gts_text\">Em m\u00e9dia, os machos crescem a 1,4 metros (4. 6 ft) de comprimento e pesam 85 kg (185 lb), as f\u00eameas para 1. 1 metros (3. 6 ft) &#8211; mas de grande porte pode ser superior a 50% maior do que isso!<\/span><\/p>\n<p><span id=\"gts_text_20\" class=\"gts_text\">O maior marsupial nunca foi uma enorme wombat-como criatura, permanente 6 metros (2 metros) de altura e pesando cerca de 2,5 toneladas. <\/span><span id=\"gts_text_21\" class=\"gts_text\">Os cientistas hoje chamam <a href=\"\/Diprotodon.html\"><span style=\"font-style: italic;\">Diprotodon<\/span><\/a> , que significa &#8220;dois dentes da frente&#8221;.<\/span><\/p>\n<h3><span id=\"gts_text_22\" class=\"gts_text\">Que tipos de marsupiais existem?<\/span><\/h3>\n<p><span id=\"gts_text_23\" class=\"gts_text\">H\u00e1 cerca de 334 tipos diferentes de marsupial, agrupados em sete grupos chamados de &#8220;Ordens&#8221; (h\u00e1 outra duas ordens que morreram completamente e n\u00e3o mais).<\/span><\/p>\n<ul>\n<li><span id=\"gts_text_24\" class=\"gts_text\">O Opossoms da Am\u00e9rica do Sul, chamado <span style=\"font-style: italic;\">Didelphimorphia<\/span>, vivem em \u00e1rvores e comer qualquer coisa. <\/span><span id=\"gts_text_25\" class=\"gts_text\">Eles t\u00eam um forte sistema imunol\u00f3gico e ainda podem sobreviver a mordida de um Cascavel! <\/span><span id=\"gts_text_26\" class=\"gts_text\">Eles tamb\u00e9m t\u00eam dentes mais do que qualquer outro mam\u00edfero terrestre.<\/span><\/li>\n<li><span id=\"gts_text_27\" class=\"gts_text\">O musaranho gamb\u00e1s, chamado <span style=\"font-style: italic;\">Paucituberculata<\/span>, tamb\u00e9m vivem na Am\u00e9rica do Sul. <\/span><span id=\"gts_text_28\" class=\"gts_text\">Eles se parecem com pequenos gamb\u00e1s.<\/span><\/li>\n<li><span id=\"gts_text_29\" class=\"gts_text\">Colocolo (que significa <span style=\"font-style: italic;\">Pequeno montanha macaco<\/span>) \u00e9 apenas vivem animais na ordem <span style=\"font-style: italic;\">Microbiotheria<\/span>. <\/span><span id=\"gts_text_30\" class=\"gts_text\">Trata-se do tamanho de um rato, mas com uma cauda de mais tempo, mais grossa, mais \u00fatil e cabe\u00e7a em forma de diferentes.<\/span><\/li>\n<li><span id=\"gts_text_31\" class=\"gts_text\"><span style=\"font-style: italic;\">Dasyuromorphia<\/span> significa &#8220;Cauda peluda&#8221;. <\/span><span id=\"gts_text_32\" class=\"gts_text\">Este grupo inclui muitos marsupiais carn\u00edvoros da Austr\u00e1lia, incluindo carnivoros, Numbats, o tigre da Tasm\u00e2nia extinto (ou tilacino) e o diabo-da-Tasm\u00e2nia amea\u00e7adas de extin\u00e7\u00e3o.<\/span><\/li>\n<li><span id=\"gts_text_33\" class=\"gts_text\">Existem apenas duas esp\u00e9cies de <span style=\"font-style: italic;\">Notoryctemorphia<\/span>, ou Marsupial Mole. <\/span><span id=\"gts_text_34\" class=\"gts_text\">Eles s\u00e3o muito dif\u00edcil dizer apart. <\/span><span id=\"gts_text_35\" class=\"gts_text\">Suas bolsas enfrentam para tr\u00e1s, para que eles n\u00e3o obter preenchidos com areia como eles enterram-se atrav\u00e9s das dunas des\u00e9rticas da Austr\u00e1lia.<\/span><\/li>\n<li><span id=\"gts_text_36\" class=\"gts_text\">O Bilby e os 19 tipos de Bandicoot pertencem a um grupo chamado <span style=\"font-style: italic;\">Peramelemorphia<\/span>.<\/span><\/li>\n<li><span id=\"gts_text_37\" class=\"gts_text\">O <span style=\"font-style: italic;\">Diprotodontia<\/span> cont\u00e9m todos os marsupiais australianos mais famosos &#8211; os cangurus e coalas, bem como o wallabies, gamb\u00e1s e wombats. <\/span><span id=\"gts_text_38\" class=\"gts_text\">Eles obter seu nome das palavras gree para &#8220;dois dentes da frente&#8221;. <\/span><span id=\"gts_text_39\" class=\"gts_text\">Marsupial maior do mundo, o <a href=\"\/Red-Kangaroo.html\">Canguru-vermelho<\/a> , bem como o maior alguma vez marsupial, <a href=\"\/Diprotodon.html\"><span style=\"font-style: italic;\">Diprotodon<\/span><\/a> , ambos pertencem a esta ordem.<\/span><\/li>\n<\/ul>\n","protected":false},"excerpt":{"rendered":"<p>O que \u00e9 um Marsupial? Os marsupiais s\u00e3o um grupo especial de mam\u00edferos. Eles vivem principalmente na Austr\u00e1lia e Am\u00e9rica do Sul e incluem cangurus, coalas, gamb\u00e1s e gamb\u00e1s e muitos outros. Como todos os mam\u00edferos, Marsupiais dar leite para seus beb\u00eas, Marsupiais t\u00eam pele e cabelo, Marsupiais manter seu corpo (mais ou menos) uma &hellip; <a href=\"https:\/\/www.big-animals.com\/pt\/the-mundos-maior-marsupiais\/\" class=\"more-link\">Continue reading <span class=\"screen-reader-text\">Marsupiais maiores do mundo!<\/span><\/a><\/p>\n","protected":false},"author":1,"featured_media":0,"parent":0,"menu_order":0,"comment_status":"closed","ping_status":"open","template":"","meta":{"_acf_changed":false,"footnotes":""},"acf":[],"_links":{"self":[{"href":"https:\/\/www.big-animals.com\/pt\/wp-json\/wp\/v2\/pages\/79"}],"collection":[{"href":"https:\/\/www.big-animals.com\/pt\/wp-json\/wp\/v2\/pages"}],"about":[{"href":"https:\/\/www.big-animals.com\/pt\/wp-json\/wp\/v2\/types\/page"}],"author":[{"embeddable":true,"href":"https:\/\/www.big-animals.com\/pt\/wp-json\/wp\/v2\/users\/1"}],"replies":[{"embeddable":true,"href":"https:\/\/www.big-animals.com\/pt\/wp-json\/wp\/v2\/comments?post=79"}],"version-history":[{"count":0,"href":"https:\/\/www.big-animals.com\/pt\/wp-json\/wp\/v2\/pages\/79\/revisions"}],"wp:attachment":[{"href":"https:\/\/www.big-animals.com\/pt\/wp-json\/wp\/v2\/media?parent=79"}],"curies":[{"name":"wp","href":"https:\/\/api.w.org\/{rel}","templated":true}]}}