{"id":80,"date":"2011-05-09T11:37:20","date_gmt":"2011-05-09T11:37:20","guid":{"rendered":""},"modified":"2011-05-09T11:37:20","modified_gmt":"2011-05-09T11:37:20","slug":"the-mundos-maior-moluscos","status":"publish","type":"page","link":"https:\/\/www.big-animals.com\/pt\/the-mundos-maior-moluscos\/","title":{"rendered":"Moluscos maiores do mundo!"},"content":{"rendered":"<h3><span id=\"gts_text_1\" class=\"gts_text\">Quais s\u00e3o os moluscos<\/span><\/h3>\n<p><span id=\"gts_text_2\" class=\"gts_text\">Moluscos s\u00e3o <a href=\"\/Animals.html\">animais<\/a>. <\/span><span id=\"gts_text_3\" class=\"gts_text\">Existem cerca de 93000 esp\u00e9cies conhecidas de moluscos. <\/span><span id=\"gts_text_4\" class=\"gts_text\">H\u00e1 moluscos que vivem no mar, \u00e1gua doce e sobre a terra.\u00a0N\u00e3o <\/span><span id=\"gts_text_5\" class=\"gts_text\">apenas moluscos ao vivo em muitos lugares diferentes, eles tamb\u00e9m v\u00eam em muitas formas e tamanhos diferentes e se comportar de maneiras diferentes. <\/span><span id=\"gts_text_6\" class=\"gts_text\">Elas s\u00e3o divididas em dez classes, dos quais dois morreram fora.<\/span><\/p>\n<p><span id=\"gts_text_7\" class=\"gts_text\">Duplicaria maior do mundo \u00e9 o <a title=\"Colossal Squid\" href=\"http:\/\/www.big-animals.com\/colossal-squid\/\">Lula Colossal<\/a>, que s\u00f3 recentemente foi descoberto. <\/span><span id=\"gts_text_8\" class=\"gts_text\">Antes disso, as pessoas que o Lula gigante foi Duplicaria maior do mundo.<\/span><\/p>\n<h3><span id=\"gts_text_9\" class=\"gts_text\">Que tipos de moluscos existem?<\/span><\/h3>\n<p><span id=\"gts_text_10\" class=\"gts_text\">O maior grupo de moluscos \u00e9 <span style=\"font-style: italic;\">gastr\u00f3podes<\/span>, ou os carac\u00f3is e lesmas. <\/span><span id=\"gts_text_11\" class=\"gts_text\">Alguns carac\u00f3is e lesmas vivem em terra, alguns no mar ou em \u00e1gua doce. <\/span><span id=\"gts_text_12\" class=\"gts_text\">Esta classe \u00e9 respons\u00e1vel por 80% das esp\u00e9cies Duplicaria total. <\/span><span id=\"gts_text_13\" class=\"gts_text\">Membros do grupo maior pr\u00f3ximo s\u00e3o chamados de <span style=\"font-style: italic;\">cefal\u00f3podes<\/span>e inclui lulas, polvos e choco. <\/span><span id=\"gts_text_14\" class=\"gts_text\">Duplicaria maior do mundo \u00e9 um cefal\u00f3pode, o <a title=\"Colossal Squid\" href=\"http:\/\/www.big-animals.com\/colossal-squid\/\">Lula Colossal<\/a>, que \u00e9 de fato o maior invertebrado conhecido. <\/span><span id=\"gts_text_15\" class=\"gts_text\">Ele pode crescer at\u00e9 sobre 39-46 p\u00e9s, ou 12-14 metros. <\/span><span id=\"gts_text_16\" class=\"gts_text\">Isso \u00e9 mais do que um \u00f4nibus escolar!\u00a0Em terceiro lugar, existem os moluscos bivalves, incluindo ostras, am\u00eaijoas e mexilh\u00f5es e vieiras. <\/span><span id=\"gts_text_17\" class=\"gts_text\">Todos estes fazer pratos gostosas! <\/span><span id=\"gts_text_18\" class=\"gts_text\">Algumas outras classes de moluscos incluem as &#8220;conchas bolota&#8221;, que t\u00eam uma longa curva shell, Chitons, cujos reservat\u00f3rios formam v\u00e1rias placas, como um terno de armadura. <\/span><span id=\"gts_text_19\" class=\"gts_text\">H\u00e1 tamb\u00e9m o Monoplacophores, que s\u00f3 foram descobertos em 1952 e o Caudofauveata e Aplacophores, que enterram-se na lama no fundo dos lagos e o mar.<\/span><\/p>\n<h3><span id=\"gts_text_20\" class=\"gts_text\">O que n\u00f3s usamos moluscos para?<\/span><\/h3>\n<p><span id=\"gts_text_21\" class=\"gts_text\">Al\u00e9m de com\u00ea-los, n\u00f3s tamb\u00e9m obter bens de luxo valiosos de alguns moluscos, como p\u00e9rolas, corante royal roxo (que \u00e9 muito caro) e seda de mar que \u00e9 usada para produzir tecidos de seda fino. <\/span><span id=\"gts_text_22\" class=\"gts_text\">Suas cascas t\u00eam sido usadas como um dinheiro em alguns lugares no passado. <\/span><span id=\"gts_text_23\" class=\"gts_text\">Por outro lado, alguns moluscos tamb\u00e9m uma praga para n\u00f3s. <\/span><span id=\"gts_text_24\" class=\"gts_text\">Carac\u00f3is e lesmas atacam legumes. <\/span><span id=\"gts_text_25\" class=\"gts_text\">Uma mordida de polvo azul an\u00e9is ou um shell de cone poderia mat\u00e1-lo a menos que voc\u00ea chegar a um hospital!<\/span><\/p>\n<h3><span id=\"gts_text_26\" class=\"gts_text\">P\u00e9 de um molusco<\/span><\/h3>\n<p><span id=\"gts_text_27\" class=\"gts_text\">H\u00e1 um p\u00e9 muscular sob o corpo de um molusco. <\/span><span id=\"gts_text_28\" class=\"gts_text\">Moluscos diferentes usam esse p\u00e9 para coisas diferentes. <\/span><span id=\"gts_text_29\" class=\"gts_text\">Um caracol ou espa\u00e7ador move-se lentamente no seu p\u00e9. <\/span><span id=\"gts_text_30\" class=\"gts_text\">Secreta muco para ajud\u00e1-lo a manter a superf\u00edcie e deslize ao longo. <\/span><span id=\"gts_text_31\" class=\"gts_text\">Um caracol \u00e9 capaz de andar em uma l\u00e2mina de barbear sem ficar cortada!\u00a0Em moluscos bivalves como am\u00eaijoas, o p\u00e9 \u00e9 usado para perfura\u00e7\u00e3o em sedimentos. <\/span><span id=\"gts_text_32\" class=\"gts_text\">O clam maior no mundo \u00e9 o geoduck. <\/span><span id=\"gts_text_33\" class=\"gts_text\">Em cefal\u00f3podes, o p\u00e9 \u00e9 usado para propuls\u00e3o a jato e os tent\u00e1culos e armas s\u00e3o atualmente parte de seu p\u00e9.\u00a0Eles impulsionar-se por ejetar a \u00e1gua de seu corpo. <\/span><span id=\"gts_text_34\" class=\"gts_text\">Por exemplo, o squid ejeta \u00e1gua de uma cavidade dentro de seu corpo. <\/span><span id=\"gts_text_35\" class=\"gts_text\">Vieira tamb\u00e9m conhece um truque mesmo semelhante e pode jacto-se junto por aperto seu shell de repente desligar mais e mais!<\/span><\/p>\n<p><span id=\"gts_text_36\" class=\"gts_text\">A maioria dos moluscos t\u00eam apenas um par de br\u00e2nquias, ou mesmo apenas um gill com que ele respira. <\/span><span id=\"gts_text_37\" class=\"gts_text\">A gill parece penas. <\/span><span id=\"gts_text_38\" class=\"gts_text\">Muitos deles t\u00eam bocas musculares com l\u00ednguas e dentes. <\/span><span id=\"gts_text_39\" class=\"gts_text\">Os dentes s\u00e3o usados para raspar as bact\u00e9rias e algas fora das rochas.<\/span><\/p>\n","protected":false},"excerpt":{"rendered":"<p>Quais s\u00e3o os moluscos Moluscos s\u00e3o animais. Existem cerca de 93000 esp\u00e9cies conhecidas de moluscos. H\u00e1 moluscos que vivem no mar, \u00e1gua doce e sobre a terra.\u00a0N\u00e3o apenas moluscos ao vivo em muitos lugares diferentes, eles tamb\u00e9m v\u00eam em muitas formas e tamanhos diferentes e se comportar de maneiras diferentes. Elas s\u00e3o divididas em dez &hellip; <a href=\"https:\/\/www.big-animals.com\/pt\/the-mundos-maior-moluscos\/\" class=\"more-link\">Continue reading <span class=\"screen-reader-text\">Moluscos maiores do mundo!<\/span><\/a><\/p>\n","protected":false},"author":1,"featured_media":0,"parent":0,"menu_order":0,"comment_status":"closed","ping_status":"open","template":"","meta":{"_acf_changed":false,"footnotes":""},"acf":[],"_links":{"self":[{"href":"https:\/\/www.big-animals.com\/pt\/wp-json\/wp\/v2\/pages\/80"}],"collection":[{"href":"https:\/\/www.big-animals.com\/pt\/wp-json\/wp\/v2\/pages"}],"about":[{"href":"https:\/\/www.big-animals.com\/pt\/wp-json\/wp\/v2\/types\/page"}],"author":[{"embeddable":true,"href":"https:\/\/www.big-animals.com\/pt\/wp-json\/wp\/v2\/users\/1"}],"replies":[{"embeddable":true,"href":"https:\/\/www.big-animals.com\/pt\/wp-json\/wp\/v2\/comments?post=80"}],"version-history":[{"count":0,"href":"https:\/\/www.big-animals.com\/pt\/wp-json\/wp\/v2\/pages\/80\/revisions"}],"wp:attachment":[{"href":"https:\/\/www.big-animals.com\/pt\/wp-json\/wp\/v2\/media?parent=80"}],"curies":[{"name":"wp","href":"https:\/\/api.w.org\/{rel}","templated":true}]}}