{"id":82,"date":"2011-05-09T11:37:50","date_gmt":"2011-05-09T11:37:50","guid":{"rendered":""},"modified":"2014-05-08T23:00:51","modified_gmt":"2014-05-08T23:00:51","slug":"vermes-aveludados-gigantes","status":"publish","type":"page","link":"https:\/\/www.big-animals.com\/pt\/vermes-aveludados-gigantes\/","title":{"rendered":"O maior verme aveludado do mundo!"},"content":{"rendered":"<h3><span class=\"gts_text\" id=\"gts_text_1\">O que \u00e9 um verme aveludado?<\/span><\/h3>\n<p>Os vermes aveludados possuem pernas como uma lagarta. Cada uma de suas pernas pode ser encurtada e dobrada por m\u00fasculos internos. Isso n\u00e3o \u00e9 legal? Eles s\u00e3o t\u00e3o diferentes de outras criaturas que receberam seu pr\u00f3prio filo (um filo \u00e9 o maior grupo poss\u00edvel de animais semelhantes) \u2013 cujo cientistas chamam de Onichophora. Os vermes aveludados vivem em florestas e s\u00e3o muito coloridos. T\u00eam, em sua maior parte, 1 ou 2 polegadas (3-5 cm) de comprimento. Eles s\u00e3o o \u00fanico filo que n\u00e3o possui nenhum membro que vive na \u00e1gua! Alguns vermes aveludados p\u00f5e ovos, outros n\u00e3o. Eles respiram atrav\u00e9s de sua superf\u00edcie corporal e possuem duas antenas. Algumas esp\u00e9cies t\u00eam apenas um olho. Existem mais de 100 tipos diferentes de vermes aveludados conhecidos e cientistas descobrem mais o tempo todo.<\/p>\n<div style=\"text-align: center\"><img loading=\"lazy\" decoding=\"async\" class=\"aligncenter\" style=\"width: 600px;height: 228px\" alt=\"A typical velvet worm\" src=\"http:\/\/ba.dr-mikes-maths.com\/\/wp-content\/themes\/twentyten\/images\/ba\/velvet-worm.jpg\" width=\"378\" height=\"144\" \/><br \/>\n<span class=\"gts_text\" id=\"gts_text_13\"><span style=\"font-weight: bold\">Um t\u00edpico verme aveludado\u00a0&#8211; foto por <\/span><a href=\"http:\/\/www.flickr.com\/people\/12964067@N00\" rel=\"nofollow\"> Bruno vellutini<\/a><\/span><\/div>\n<h3><\/h3>\n<h3>Qual \u00e9 o maior verme aveludado?<\/h3>\n<p>O maior verme aveludado pertence a uma esp\u00e9cie que n\u00e3o possui nome! Essa esp\u00e9cie cresce at\u00e9 22 cm de comprimento (9 polegadas) e vive nas selvas da Costa Rica. \u00a0O rec\u00e9m-nascido \u00e9 maior que os adultos da maioria das esp\u00e9cies! O verme aveludado gigante n\u00e3o p\u00f5e ovos.<\/p>\n<h3>O que os vermes aveludados comem?<\/h3>\n<p>Vermes aveludados s\u00e3o ca\u00e7adores \u2013 eles apanham de surpresa um inseto suculento e esguicham uma secre\u00e7\u00e3o pegajosa a fim de captur\u00e1-lo para seu jantar. \u00a0Os vermes aveludados s\u00e3o capazes de esguichar sua secre\u00e7\u00e3o a uma dist\u00e2ncia de at\u00e9 30 cm \u2013 isso \u00e9 1 p\u00e9 de comprimento! Eles possuem dentinhos finos que utilizam para mastigar sua comida. \u00a0N\u00e3o os subestime pelo seu tamanho! Eles conseguem at\u00e9 mastigar um grande caracol.<\/p>\n<h3>Onde vivem os vermes aveludados?<\/h3>\n<p>Os vermes aveludados preferem lugares escuros e h\u00famidos. Eles s\u00e3o encontrados em florestas tropicais, e at\u00e9 t\u00e3o longe no sul quanto na Tasm\u00e2nia. Duas esp\u00e9cies vivem nas fendas das cavernas. Algumas pessoas at\u00e9 gostam de manter vermes aveludados como animais de estima\u00e7\u00e3o!<\/p>\n","protected":false},"excerpt":{"rendered":"<p>O que \u00e9 um verme aveludado? Os vermes aveludados possuem pernas como uma lagarta. Cada uma de suas pernas pode ser encurtada e dobrada por m\u00fasculos internos. Isso n\u00e3o \u00e9 legal? Eles s\u00e3o t\u00e3o diferentes de outras criaturas que receberam seu pr\u00f3prio filo (um filo \u00e9 o maior grupo poss\u00edvel de animais semelhantes) \u2013 cujo &hellip; <a href=\"https:\/\/www.big-animals.com\/pt\/vermes-aveludados-gigantes\/\" class=\"more-link\">Continue reading <span class=\"screen-reader-text\">O maior verme aveludado do mundo!<\/span><\/a><\/p>\n","protected":false},"author":1,"featured_media":0,"parent":0,"menu_order":0,"comment_status":"closed","ping_status":"open","template":"","meta":{"_acf_changed":false,"footnotes":""},"acf":[],"_links":{"self":[{"href":"https:\/\/www.big-animals.com\/pt\/wp-json\/wp\/v2\/pages\/82"}],"collection":[{"href":"https:\/\/www.big-animals.com\/pt\/wp-json\/wp\/v2\/pages"}],"about":[{"href":"https:\/\/www.big-animals.com\/pt\/wp-json\/wp\/v2\/types\/page"}],"author":[{"embeddable":true,"href":"https:\/\/www.big-animals.com\/pt\/wp-json\/wp\/v2\/users\/1"}],"replies":[{"embeddable":true,"href":"https:\/\/www.big-animals.com\/pt\/wp-json\/wp\/v2\/comments?post=82"}],"version-history":[{"count":7,"href":"https:\/\/www.big-animals.com\/pt\/wp-json\/wp\/v2\/pages\/82\/revisions"}],"predecessor-version":[{"id":338,"href":"https:\/\/www.big-animals.com\/pt\/wp-json\/wp\/v2\/pages\/82\/revisions\/338"}],"wp:attachment":[{"href":"https:\/\/www.big-animals.com\/pt\/wp-json\/wp\/v2\/media?parent=82"}],"curies":[{"name":"wp","href":"https:\/\/api.w.org\/{rel}","templated":true}]}}