{"id":83,"date":"2011-05-09T21:56:38","date_gmt":"2011-05-09T21:56:38","guid":{"rendered":""},"modified":"2011-05-09T21:56:38","modified_gmt":"2011-05-09T21:56:38","slug":"sul-elefante-selo","status":"publish","type":"page","link":"https:\/\/www.big-animals.com\/pt\/sul-elefante-selo\/","title":{"rendered":"Sul do Elefante-marinho"},"content":{"rendered":"<p><span id=\"gts_text_1\" class=\"gts_text\">Os elefantes do Sul \u00e9 o maior vida <a title=\"Carnivora\" href=\"http:\/\/www.big-animals.com\/carnivora\/\">Carnivoran<\/a>. <\/span><span id=\"gts_text_2\" class=\"gts_text\">Eles s\u00e3o chamados de elefantes marinhos porque eles s\u00e3o t\u00e3o enormes e t\u00eam narizes de tronco, como do sexo masculino. <\/span><span id=\"gts_text_3\" class=\"gts_text\">Os narizes de tronco-como s\u00e3o usados para fazer barulhos rugindo.<\/span><\/p>\n<p><span id=\"gts_text_4\" class=\"gts_text\">O Elefante-marinho ant\u00e1rtico \u00e9 maior do que o Elefante-marinho do Norte. <\/span><span id=\"gts_text_5\" class=\"gts_text\">Ele tem um nariz de tronco-como a mais amplo. <\/span><span id=\"gts_text_6\" class=\"gts_text\">O norte do selo Elephant \u00e9 encontrado em e ao redor da Calif\u00f3rnia. <\/span><span id=\"gts_text_7\" class=\"gts_text\">Ele vive principalmente nas ilhas ao largo da costa. <\/span><span id=\"gts_text_8\" class=\"gts_text\">O Elefante-marinho do Sul vivem principalmente em torno da Ant\u00e1rtica.<\/span><\/p>\n<figure id=\"attachment_776\" aria-describedby=\"caption-attachment-776\" style=\"width: 300px\" class=\"wp-caption alignleft\"><a href=\"http:\/\/www.big-animals.com\/wp-content\/uploads\/2011\/03\/Southern_Elephant_Seal_And_Human.png\"><img loading=\"lazy\" decoding=\"async\" class=\"size-medium wp-image-776\" title=\"Southern Elephant Seal And Human\" src=\"http:\/\/www.big-animals.com\/wp-content\/uploads\/2011\/03\/Southern_Elephant_Seal_And_Human-300x177.png\" alt=\"Southern Elephant Seal And Human\" width=\"300\" height=\"177\" \/><\/a><figcaption id=\"caption-attachment-776\" class=\"wp-caption-text\">Southern Elephant Seal And Human<\/figcaption><\/figure>\n<p><span id=\"gts_text_9\" class=\"gts_text\">O selo Elephant Sul masculino \u00e9 cerca de 5 a 6 vezes maior que a f\u00eamea. <\/span><span id=\"gts_text_10\" class=\"gts_text\">A f\u00eamea vai pesar cerca de 400 a 900 kg (900-2000 lb) e cerca de 2. 6 a 3 metros (8. 5 a 10 p\u00e9s) de comprimento. <\/span><span id=\"gts_text_11\" class=\"gts_text\">Sobre a m\u00e3o, os machos pesam cerca de 2200 a 4000 kg (5000 para 9000 lb) e \u00e9 cerca de 4. 2 a 5 metros (14 a 16 p\u00e9s) de comprimento. <\/span><span id=\"gts_text_12\" class=\"gts_text\">Seus filhotes pesam cerca de 40 kg (90 lb) ao nascimento e normalmente s\u00e3o bebidas leite da sua m\u00e3e por apenas cerca de 3 semanas. <\/span><span id=\"gts_text_13\" class=\"gts_text\">At\u00e9 ent\u00e3o, o selo de m\u00e3e n\u00e3o vai comer, assim que m\u00e3e e filho est\u00e3o vivendo fora a energia armazenada na camada de gordura de espessura da m\u00e3e. <\/span><span id=\"gts_text_14\" class=\"gts_text\">Depois de quase um m\u00eas de jejum, a m\u00e3e perde um monte de peso!<\/span><\/p>\n<p><span id=\"gts_text_15\" class=\"gts_text\">Seus olhos s\u00e3o grandes, redondo e o preto. <\/span><span id=\"gts_text_16\" class=\"gts_text\">Esses olhos s\u00e3o importantes na ca\u00e7a. <\/span><span id=\"gts_text_17\" class=\"gts_text\">Seus tem membros posteriores que s\u00e3o usados como um estabilizador vertical. <\/span><span id=\"gts_text_18\" class=\"gts_text\">Cada um dos membros tem 5 dedos longos membranas. <\/span><span id=\"gts_text_19\" class=\"gts_text\">As barbatanas que est\u00e3o situadas em cada lado n\u00e3o sejam muito enquanto nadava. <\/span><span id=\"gts_text_20\" class=\"gts_text\">Estas barbatanas s\u00e3o usadas em vez para puxar-se junto em terra. <\/span><span id=\"gts_text_21\" class=\"gts_text\">Eles s\u00e3o capazes de mover-se rapidamente &#8211; mais r\u00e1pido do que 8 km \/ h (5 milhas por hora) para curtas dist\u00e2ncias. <\/span><span id=\"gts_text_22\" class=\"gts_text\">Embora eles olham desajeitados quando eles est\u00e3o se movendo em terra, sua velocidade m\u00e1xima torna perigoso se eles s\u00e3o perturbados.<\/span><\/p>\n<p><span id=\"gts_text_23\" class=\"gts_text\">O Elefante-marinho n\u00e3o precisa gastar muito tempo descansando na superf\u00edcie da \u00e1gua. <\/span><span id=\"gts_text_24\" class=\"gts_text\">Eles precisam apenas alguns minutos para respirar ar suficiente para o pr\u00f3ximo mergulho longo. <\/span><span id=\"gts_text_25\" class=\"gts_text\">Eles v\u00e3o mergulhar v\u00e1rias vezes, cada vez para mais de 20 minutos e at\u00e9 2 horas, \u00e0 procura de presas como lulas e peixes. <\/span><span id=\"gts_text_26\" class=\"gts_text\">Eles s\u00e3o o selo de mergulho mais profundo do mundo. <\/span><span id=\"gts_text_27\" class=\"gts_text\">Eles s\u00e3o capazes de mergulhar t\u00e3o profundamente como 400 metros (1300 p\u00e9s).<\/span><\/p>\n<figure id=\"attachment_778\" aria-describedby=\"caption-attachment-778\" style=\"width: 300px\" class=\"wp-caption alignright\"><a href=\"http:\/\/www.big-animals.com\/wp-content\/uploads\/2011\/03\/Male_Southern_Elephant_Seal.jpg\"><img loading=\"lazy\" decoding=\"async\" class=\"size-medium wp-image-778\" title=\"Male Southern Elephant Seal - Photgraph by Bruno Navez\" src=\"http:\/\/www.big-animals.com\/wp-content\/uploads\/2011\/03\/Male_Southern_Elephant_Seal-300x300.jpg\" alt=\"Male Southern Elephant Seal - Photgraph by Bruno Navez\" width=\"300\" height=\"300\" \/><\/a><figcaption id=\"caption-attachment-778\" class=\"wp-caption-text\">Male Southern Elephant Seal - Photgraph by Bruno Navez<\/figcaption><\/figure>\n<p><span id=\"gts_text_28\" class=\"gts_text\">Seu corpo est\u00e1 em forma de um torpedo, que ajuda a torn\u00e1-los grandes nadadores. <\/span><span id=\"gts_text_29\" class=\"gts_text\">O que \u00e9 mais, seus corpos s\u00e3o capazes de armazenar um lotes de sangue &#8211; bom para o transporte de oxig\u00eanio. <\/span><span id=\"gts_text_30\" class=\"gts_text\">Eles ainda t\u00eam espa\u00e7os extras em seu corpo para armazenar sangue extra! <\/span><span id=\"gts_text_31\" class=\"gts_text\">Tudo isso ajuda a ser campe\u00e3o mergulhadores &#8211; eles podem tomar um f\u00f4lego e segure por um longo tempo.<\/span><\/p>\n<p><span id=\"gts_text_32\" class=\"gts_text\">Nos oceanos, os selos vivem sozinho. <\/span><span id=\"gts_text_33\" class=\"gts_text\">Mais feminino selos quase mergulhar no fundo do mar. <\/span><span id=\"gts_text_34\" class=\"gts_text\">Os selos masculinos mergulhar n\u00e3o s\u00f3 para o fundo do mar, eles mergulhar a parte inferior das partes mais profundas do mar! <\/span><span id=\"gts_text_35\" class=\"gts_text\">Eles v\u00e3o voltar a cada ano para a mesma \u00e1rea de ca\u00e7a. <\/span><span id=\"gts_text_36\" class=\"gts_text\">Sua principal \u00e1rea de alimenta\u00e7\u00e3o est\u00e1 na borda da Ant\u00e1rtida. <\/span><span id=\"gts_text_37\" class=\"gts_text\">Enquanto ca\u00e7a nos oceanos escuros, a luz emitida por alguns animais de rapina ajuda os selos para captur\u00e1-los facilmente. <\/span><span id=\"gts_text_38\" class=\"gts_text\">Os selos s\u00e3o sens\u00edveis a vibra\u00e7\u00f5es. <\/span><span id=\"gts_text_39\" class=\"gts_text\">Ter esta sensibilidade tamb\u00e9m auxilia-los em capturar suas presas. <\/span><span id=\"gts_text_40\" class=\"gts_text\">Seu principal predador \u00e9 a baleia assassina.<\/span><\/p>\n<p><span id=\"gts_text_41\" class=\"gts_text\">Elefantes marinhos pode permanecer na terra por um longo tempo. <\/span><span id=\"gts_text_42\" class=\"gts_text\">Eles podem permanecer secos durante v\u00e1rias semanas por ano. <\/span><span id=\"gts_text_43\" class=\"gts_text\">Masculinos elefantes marinhos vai defender seus territ\u00f3rios. <\/span><span id=\"gts_text_44\" class=\"gts_text\">\u00c0s vezes haver\u00e1 violentas batalhas entre os machos mas felizmente eles raramente matam uns aos outros. <\/span><span id=\"gts_text_45\" class=\"gts_text\">Ao mesmo tempo, defender seus territ\u00f3rios, eles v\u00e3o ficar por meses sem comer, \u00e0s vezes at\u00e9 3 meses. <\/span><span id=\"gts_text_46\" class=\"gts_text\">Eles apenas v\u00e3o viver sua energia armazenada na gordura corporal. <\/span><span id=\"gts_text_47\" class=\"gts_text\">O selo masculino derrotou fugir\u00e1 ap\u00f3s sofrer cortes e l\u00e1grimas severas.<\/span><\/p>\n<p><span id=\"gts_text_48\" class=\"gts_text\">Masculino elefantes marinhos do Sul vai fazer barulhos como um rugido tosse para permitir que outros saibam quem s\u00e3o e como eles s\u00e3o grandes. <\/span><span id=\"gts_text_49\" class=\"gts_text\">Muitas vezes, lutas entre machos s\u00e3o resolvidas com uma postura para mostrar quem \u00e9 o chefe e rugindo, ao inv\u00e9s de atacar um ao outro com seus troncos e dentes.<\/span><\/p>\n<p><span id=\"gts_text_50\" class=\"gts_text\">Selos de beb\u00ea que pararam de tomar leite ir\u00e3o reunir at\u00e9 que eles perdem suas peles nasceram com. <\/span><span id=\"gts_text_51\" class=\"gts_text\">Este casaco preto furry n\u00e3o \u00e9 adequado para a nata\u00e7\u00e3o, mas ele os mant\u00e9m quente no frio. <\/span><span id=\"gts_text_52\" class=\"gts_text\">Depois de perder seus casacos de nascimento, sua pele pode transformar gey e brown, dependendo da espessura e umidade do cabelo. <\/span><span id=\"gts_text_53\" class=\"gts_text\">Os selos masculinos mais antigos ter\u00e3o pele que parece com couro grosso que \u00e9 muitas vezes cicatrizes ap\u00f3s uma batalha de selo.<\/span><\/p>\n<figure id=\"attachment_777\" aria-describedby=\"caption-attachment-777\" style=\"width: 300px\" class=\"wp-caption aligncenter\"><a href=\"http:\/\/www.big-animals.com\/wp-content\/uploads\/2011\/03\/Baby_Southern_Elephant_Seal.jpg\"><img loading=\"lazy\" decoding=\"async\" class=\"size-medium wp-image-777\" title=\"Baby Southern Elephant Seal - Photograph by Serge Ouach\u00e9e\" src=\"http:\/\/www.big-animals.com\/wp-content\/uploads\/2011\/03\/Baby_Southern_Elephant_Seal-300x206.jpg\" alt=\"Baby Southern Elephant Seal - Photograph by Serge Ouach\u00e9e\" width=\"300\" height=\"206\" \/><\/a><figcaption id=\"caption-attachment-777\" class=\"wp-caption-text\">Baby Southern Elephant Seal - Photograph by Serge Ouach\u00e9e<\/figcaption><\/figure>\n<p><span id=\"gts_text_54\" class=\"gts_text\">Elefantes marinhos uma vez foram ca\u00e7ados para seu petr\u00f3leo. <\/span><span id=\"gts_text_55\" class=\"gts_text\">Eles foram quase dizimados no s\u00e9culo XIX. <\/span><span id=\"gts_text_56\" class=\"gts_text\">Felizmente, as leis foram aprovadas para proteg\u00ea-los e seus locais de reprodu\u00e7\u00e3o s\u00e3o protegidos, por conseguinte, estes esfor\u00e7os ajudaram a Certifique-se de que os elefantes marinhos do Sul n\u00e3o est\u00e3o amea\u00e7adas mais.<\/span><\/p>\n<p><span id=\"gts_text_57\" class=\"gts_text\"><\/span><\/p>\n","protected":false},"excerpt":{"rendered":"<p>Os elefantes do Sul \u00e9 o maior vida Carnivoran. Eles s\u00e3o chamados de elefantes marinhos porque eles s\u00e3o t\u00e3o enormes e t\u00eam narizes de tronco, como do sexo masculino. Os narizes de tronco-como s\u00e3o usados para fazer barulhos rugindo. O Elefante-marinho ant\u00e1rtico \u00e9 maior do que o Elefante-marinho do Norte. Ele tem um nariz de &hellip; <a href=\"https:\/\/www.big-animals.com\/pt\/sul-elefante-selo\/\" class=\"more-link\">Continue reading <span class=\"screen-reader-text\">Sul do Elefante-marinho<\/span><\/a><\/p>\n","protected":false},"author":1,"featured_media":0,"parent":0,"menu_order":0,"comment_status":"closed","ping_status":"open","template":"","meta":{"_acf_changed":false,"footnotes":""},"acf":[],"_links":{"self":[{"href":"https:\/\/www.big-animals.com\/pt\/wp-json\/wp\/v2\/pages\/83"}],"collection":[{"href":"https:\/\/www.big-animals.com\/pt\/wp-json\/wp\/v2\/pages"}],"about":[{"href":"https:\/\/www.big-animals.com\/pt\/wp-json\/wp\/v2\/types\/page"}],"author":[{"embeddable":true,"href":"https:\/\/www.big-animals.com\/pt\/wp-json\/wp\/v2\/users\/1"}],"replies":[{"embeddable":true,"href":"https:\/\/www.big-animals.com\/pt\/wp-json\/wp\/v2\/comments?post=83"}],"version-history":[{"count":0,"href":"https:\/\/www.big-animals.com\/pt\/wp-json\/wp\/v2\/pages\/83\/revisions"}],"wp:attachment":[{"href":"https:\/\/www.big-animals.com\/pt\/wp-json\/wp\/v2\/media?parent=83"}],"curies":[{"name":"wp","href":"https:\/\/api.w.org\/{rel}","templated":true}]}}