{"id":84,"date":"2011-05-13T09:19:27","date_gmt":"2011-05-13T09:19:27","guid":{"rendered":""},"modified":"2014-05-23T19:54:13","modified_gmt":"2014-05-23T19:54:13","slug":"elefante-ave-2","status":"publish","type":"page","link":"https:\/\/www.big-animals.com\/pt\/elefante-ave-2\/","title":{"rendered":"Ave elefante"},"content":{"rendered":"<figure id=\"attachment_1116\" aria-describedby=\"caption-attachment-1116\" style=\"width: 283px\" class=\"wp-caption alignleft\"><a href=\"http:\/\/www.big-animals.com\/wp-content\/uploads\/2011\/05\/Elephant_Bird_And_Human.png\"><img loading=\"lazy\" decoding=\"async\" class=\"size-medium wp-image-1116\" title=\"Elephant Bird And Human\" alt=\"Elephant Bird And Human\" src=\"http:\/\/www.big-animals.com\/wp-content\/uploads\/2011\/05\/Elephant_Bird_And_Human-283x300.png\" width=\"283\" height=\"300\" \/><\/a><figcaption id=\"caption-attachment-1116\" class=\"wp-caption-text\">Elephant Bird And Human<\/figcaption><\/figure>\n<p>A <a title=\"Ave de elefante\" href=\"http:\/\/www.big-animals.com\/pt\/elefante-ave-2\/\">Ave elefante <\/a>foi o p\u00e1ssaro mais pesado que j\u00e1 existiu. Eram da ordem dos <a title=\"Ratites\" href=\"http:\/\/www.big-animals.com\/pt\/ratites\/\">ratites<\/a>. Uma ave que n\u00e3o voa. Por conseguinte, seu osso do peito n\u00e3o tinha quilha. Eram relacionados com avestruzes e emas e pareciam muito com avestruzes. Eles tinham uma cabe\u00e7a pequena, asas bem mi\u00fadas, pernas e pesco\u00e7o longos e potentes e garras afiadas. Seu corpo era coberto de penas semelhantes a p\u00ealos, como os do emu e seu bico parecia uma ponta de lan\u00e7a.\u00a0 Apesar da <a title=\"Moa gigante \u2013 O mais alto ave l\u00e1 nunca foi!\" href=\"http:\/\/www.big-animals.com\/pt\/the-giant-moa-the-tallest-bird-there-ever-was\/\">Moa Gigante<\/a> ser um pouco mais alta que a ave elefante, era tamb\u00e9m mais leve, o que faz da ave elefante o animal mais pesado de todos os tempos.<\/p>\n<p>Tinham mais de 3 metros de altura (10 p\u00e9s). A ave elefante ficava mais alta que uma cesta de basquete\u00a0 e pesava quase 400 quilos (880 libras). Seus ovos tinham uma circunfer\u00eancia maior que 1 metro (3 p\u00e9s) e 34 cent\u00edmetros de comprimento (13 polegadas).\u00a0 O volume dos seus ovos era aproximadamente 160 vezes maior que o de um ovo de galinha. Acredite ou n\u00e3o, voc\u00ea poderia fazer 50 omeletes com apenas 1 ovo deles.<\/p>\n<p>Eles eram herb\u00edvoros\u00a0e viveram somente na ilha de Madagascar por 60 milh\u00f5es de anos. Eles viviam bem em Madagascar at\u00e9 2000 anos atr\u00e1s, quando os humanos chegaram a ilha. Triste, mas 1000 anos depois, eles estariam extintos. As pessoas os ca\u00e7avam por causa de sua carne e seus ovos eram roubados dos ninhos para servir de alimento. Tais ovos t\u00e3o grandes, s\u00f3 poderiam ser postos em pequena quantidade e essas aves provavelmente criadas lentamente. Ent\u00e3o, depois de um tempo, eles estavam extintos da face da terra devido a ca\u00e7a e a destrui\u00e7\u00e3o do seu habitat.<\/p>\n<p>&nbsp;<\/p>\n","protected":false},"excerpt":{"rendered":"<p>A Ave elefante foi o p\u00e1ssaro mais pesado que j\u00e1 existiu. Eram da ordem dos ratites. Uma ave que n\u00e3o voa. Por conseguinte, seu osso do peito n\u00e3o tinha quilha. Eram relacionados com avestruzes e emas e pareciam muito com avestruzes. Eles tinham uma cabe\u00e7a pequena, asas bem mi\u00fadas, pernas e pesco\u00e7o longos e potentes &hellip; <a href=\"https:\/\/www.big-animals.com\/pt\/elefante-ave-2\/\" class=\"more-link\">Continue reading <span class=\"screen-reader-text\">Ave elefante<\/span><\/a><\/p>\n","protected":false},"author":1,"featured_media":0,"parent":0,"menu_order":0,"comment_status":"closed","ping_status":"open","template":"","meta":{"_acf_changed":false,"footnotes":""},"acf":[],"_links":{"self":[{"href":"https:\/\/www.big-animals.com\/pt\/wp-json\/wp\/v2\/pages\/84"}],"collection":[{"href":"https:\/\/www.big-animals.com\/pt\/wp-json\/wp\/v2\/pages"}],"about":[{"href":"https:\/\/www.big-animals.com\/pt\/wp-json\/wp\/v2\/types\/page"}],"author":[{"embeddable":true,"href":"https:\/\/www.big-animals.com\/pt\/wp-json\/wp\/v2\/users\/1"}],"replies":[{"embeddable":true,"href":"https:\/\/www.big-animals.com\/pt\/wp-json\/wp\/v2\/comments?post=84"}],"version-history":[{"count":3,"href":"https:\/\/www.big-animals.com\/pt\/wp-json\/wp\/v2\/pages\/84\/revisions"}],"predecessor-version":[{"id":347,"href":"https:\/\/www.big-animals.com\/pt\/wp-json\/wp\/v2\/pages\/84\/revisions\/347"}],"wp:attachment":[{"href":"https:\/\/www.big-animals.com\/pt\/wp-json\/wp\/v2\/media?parent=84"}],"curies":[{"name":"wp","href":"https:\/\/api.w.org\/{rel}","templated":true}]}}