{"id":86,"date":"2011-05-15T06:03:15","date_gmt":"2011-05-15T06:03:15","guid":{"rendered":""},"modified":"2011-05-15T06:03:15","modified_gmt":"2011-05-15T06:03:15","slug":"ratites","status":"publish","type":"page","link":"https:\/\/www.big-animals.com\/pt\/ratites\/","title":{"rendered":"Ratites"},"content":{"rendered":"<p><span id=\"gts_text_1\" class=\"gts_text\">A fam\u00edlia Ratite inclui <a title=\"The World\u2019s Biggest Birds!\" href=\"http:\/\/www.big-animals.com\/the-worlds-biggest-birds\/\">p\u00e1ssaros<\/a> que n\u00e3o pode voar. <\/span><span id=\"gts_text_2\" class=\"gts_text\">Seu esterno \u00e9 plano, com nenhuma quilha. <\/span><span id=\"gts_text_3\" class=\"gts_text\">A quilha do esterno um p\u00e1ssaro \u00e9 onde os m\u00fasculos de v\u00f4o se conectar ao seu esqueleto. <\/span><span id=\"gts_text_4\" class=\"gts_text\">Sem esta keel, ratites n\u00e3o podiam voar mesmo se eles tinham asas adequadas. <\/span><span id=\"gts_text_5\" class=\"gts_text\">M\u00fasculos mais fortes as ratites est\u00e3o em suas pernas e coxas. <\/span><span id=\"gts_text_6\" class=\"gts_text\">Existem apenas 5 tipos de Struthioniformes no mundo. <\/span><span id=\"gts_text_7\" class=\"gts_text\">Eles s\u00e3o os casuares, a UEM, o avestruz, os nandus e os Kiwis, perfazendo um total de 12 esp\u00e9cies em todos. <\/span><span id=\"gts_text_8\" class=\"gts_text\">O maior alguma vez aves s\u00e3o tamb\u00e9m Ratites &#8211; <a title=\"The Giant Moa \u2013 The Tallest Bird There Ever Was!\" href=\"http:\/\/www.big-animals.com\/the-giant-moa-the-tallest-bird-there-ever-was\/\">Moa gigante<\/a> \u00e9 o mais alto j\u00e1 bird, um Struthioniformes da Nova Zel\u00e2ndia, e a <a title=\"Elephant Bird\" href=\"http:\/\/www.big-animals.com\/elephant-bird-2\/\">Ave de elefante<\/a>, um ratite de Madag\u00e1scar, \u00e9 o mais pesado de aves j\u00e1. <\/span><span id=\"gts_text_9\" class=\"gts_text\">O Moas e o p\u00e1ssaro de elefante morreram depois de pessoas chegaram em suas ilhas.<\/span><\/p>\n<p><span id=\"gts_text_10\" class=\"gts_text\">O Africano <a title=\"The Ostrich \u2013 The World\u2019s Biggest Bird!\" href=\"http:\/\/www.big-animals.com\/the-ostrich-the-worlds-biggest-bird\/\">avestruz<\/a> \u00e9 o maior vida ratite, na verdade, \u00e9 a maior ave de vida de todos. <\/span><span id=\"gts_text_11\" class=\"gts_text\">Eles s\u00e3o quase 3 metros (9. 8 p\u00e9s) de altura. <\/span><span id=\"gts_text_12\" class=\"gts_text\">Eles pesam cerca de 160 kg (350 lb). <\/span><span id=\"gts_text_13\" class=\"gts_text\">Com suas pernas poderosas, eles podem executar mais rapidamente do que um cavalo. <\/span><span id=\"gts_text_14\" class=\"gts_text\">Ostiches tem apenas dois dedos do p\u00e9 com um maior do que o outro. <\/span><span id=\"gts_text_15\" class=\"gts_text\">Eles t\u00eam asas, mas eles n\u00e3o podem voar. <\/span><span id=\"gts_text_16\" class=\"gts_text\">Eles t\u00eam o gut um muito tempo mais longo, 15 metros (46 p\u00e9s) de comprimento! <\/span><span id=\"gts_text_17\" class=\"gts_text\">Eles comem principalmente plantas.<\/span><\/p>\n<figure id=\"attachment_1134\" aria-describedby=\"caption-attachment-1134\" style=\"width: 203px\" class=\"wp-caption alignleft\"><a href=\"http:\/\/www.big-animals.com\/wp-content\/uploads\/2011\/05\/Cassowary.jpg\"><img loading=\"lazy\" decoding=\"async\" class=\"size-medium wp-image-1134\" title=\"The Cassowary is a Colourful Ratite - Phtograph by Boaz Wibowo\" src=\"http:\/\/www.big-animals.com\/wp-content\/uploads\/2011\/05\/Cassowary-203x300.jpg\" alt=\"The Cassowary is a Colourful Ratite - Phtograph by Boaz Wibowo\" width=\"203\" height=\"300\" \/><\/a><figcaption id=\"caption-attachment-1134\" class=\"wp-caption-text\">The Cassowary is a Colourful Ratite - Phtograph by Boaz Wibowo<\/figcaption><\/figure>\n<p><span id=\"gts_text_18\" class=\"gts_text\">A UEM australiano \u00e9 o segundo mais alto Struthioniformes ap\u00f3s o avestruz. <\/span><span id=\"gts_text_19\" class=\"gts_text\">Pode atingir at\u00e9 2 metros (6. 6 p\u00e9s). <\/span><span id=\"gts_text_20\" class=\"gts_text\">\u00c9 cerca de 60 kg (130 lb). <\/span><span id=\"gts_text_21\" class=\"gts_text\">Ele pode executar rapidamente como o avestruz. <\/span><span id=\"gts_text_22\" class=\"gts_text\">Ele vive em pradarias abertas e bosques. <\/span><span id=\"gts_text_23\" class=\"gts_text\">Ele tem uma dieta mais on\u00edvora em compara\u00e7\u00e3o com outras ratites, desde que ele come tamb\u00e9m insetos e outros pequenos animais, al\u00e9m de plantas.<\/span><\/p>\n<p><span id=\"gts_text_24\" class=\"gts_text\">Em seguida h\u00e1 3 esp\u00e9cies de casuar, que s\u00e3o nativas da Austr\u00e1lia e ilhas ao norte. <\/span><span id=\"gts_text_25\" class=\"gts_text\">Eles s\u00e3o mais curtos do que EMAS, mas mais pesado e mais solidamente constru\u00eddo. <\/span><span id=\"gts_text_26\" class=\"gts_text\">Eles preferem viver em densas florestas tropicais. <\/span><span id=\"gts_text_27\" class=\"gts_text\">Voc\u00ea tem que ter cuidado quando voc\u00ea topar com eles, porque eles t\u00eam garras afiadas razor e um crescimento duro em cima de sua cabe\u00e7a.<\/span><\/p>\n<p><span id=\"gts_text_28\" class=\"gts_text\">Na Am\u00e9rica do Sul, h\u00e1 2 esp\u00e9cies de rhea. <\/span><span id=\"gts_text_29\" class=\"gts_text\">Eles s\u00e3o de aves m\u00e9dias, fast-running. <\/span><span id=\"gts_text_30\" class=\"gts_text\">Eles vivem nas terras baixas do Sul americanas, A rhea americana maior cresce para cerca de 1,5 metros (4. 9 p\u00e9s) de altura. <\/span><span id=\"gts_text_31\" class=\"gts_text\">Eles pesam cerca de 20 a 25 kg (lb de 44-55). <\/span><span id=\"gts_text_32\" class=\"gts_text\">Eles t\u00eam asas, mas eles n\u00e3o us\u00e1-los para voar. <\/span><span id=\"gts_text_33\" class=\"gts_text\">Em vez disso, eles us\u00e1-los para distrair seus predadores. <\/span><span id=\"gts_text_34\" class=\"gts_text\">Eles comem principalmente plantas e, por vezes, insetos, se eles podem pegar qualquer um. <\/span><span id=\"gts_text_35\" class=\"gts_text\">Eles se alimentam de plantas broad-leafed.<\/span><\/p>\n<figure id=\"attachment_1137\" aria-describedby=\"caption-attachment-1137\" style=\"width: 199px\" class=\"wp-caption alignright\"><a href=\"http:\/\/www.big-animals.com\/wp-content\/uploads\/2011\/05\/Kiwi1.jpeg\"><img loading=\"lazy\" decoding=\"async\" class=\"size-medium wp-image-1137\" title=\"The Kiwi is the Smallest Ratite\" src=\"http:\/\/www.big-animals.com\/wp-content\/uploads\/2011\/05\/Kiwi1-199x300.jpg\" alt=\"The Kiwi is the Smallest Ratite\" width=\"199\" height=\"300\" \/><\/a><figcaption id=\"caption-attachment-1137\" class=\"wp-caption-text\">The Kiwi is the Smallest Ratite<\/figcaption><\/figure>\n<p><span id=\"gts_text_36\" class=\"gts_text\">As menores ratites s\u00e3o 5 esp\u00e9cies de kiwis que s\u00e3o nativos da Nova Zel\u00e2ndia. <\/span><span id=\"gts_text_37\" class=\"gts_text\">Kiwis s\u00e3o apenas sobre o tamanho de uma galinha. <\/span><span id=\"gts_text_38\" class=\"gts_text\">Eles s\u00e3o t\u00edmidos e s\u00e3o ativos \u00e0 noite. <\/span><span id=\"gts_text_39\" class=\"gts_text\">Eles t\u00eam bom senso de audi\u00e7\u00e3o e olfato. <\/span><span id=\"gts_text_40\" class=\"gts_text\">Eles s\u00e3o as \u00fanicas aves com narinas no final do seu bico longo. <\/span><span id=\"gts_text_41\" class=\"gts_text\">Eles s\u00e3o bons em ver a noite tamb\u00e9m. <\/span><span id=\"gts_text_42\" class=\"gts_text\">Eles fazem seus ninhos em tocas profundas e eles encontram pequenos insetos e larvas no solo para alimentar. <\/span><span id=\"gts_text_43\" class=\"gts_text\">Seus ovos s\u00e3o muito grandes, em compara\u00e7\u00e3o com o tamanho do corpo. <\/span><span id=\"gts_text_44\" class=\"gts_text\">A menor esp\u00e9cie de kiwi \u00e9 o pequeno Kiwi manchado que \u00e9 apenas 1,2 kg (2. 6 lb) e 16 40 cent\u00edmetros de alto. <\/span><span id=\"gts_text_45\" class=\"gts_text\">Kiwis t\u00eam intervalos mais curtos. <\/span><span id=\"gts_text_46\" class=\"gts_text\">Eles comem sementes, frutas, pequenas lagostas, minhocas e insectos.<\/span><\/p>\n<p><span id=\"gts_text_47\" class=\"gts_text\">Beb\u00e9s dos ratites s\u00e3o capazes de correr ou caminhar logo ap\u00f3s o nascimento. <\/span><span id=\"gts_text_48\" class=\"gts_text\">A maioria das ratites partilham um ninho comum. <\/span><span id=\"gts_text_49\" class=\"gts_text\">Eles at\u00e9 mesmo compartilham o trabalho de manter os ovos quentes, com o macho mant\u00ea-los quentes durante a noite. <\/span><span id=\"gts_text_50\" class=\"gts_text\">Ent\u00e3o, a vontade do pai \u00e9 o turno da noite de cuidar de seus beb\u00eas! <\/span><span id=\"gts_text_51\" class=\"gts_text\">Avestruzes s\u00e3o as \u00fanicas ratites onde a f\u00eamea incuba os ovos. <\/span><span id=\"gts_text_52\" class=\"gts_text\">Kiwis s\u00e3o as \u00fanicas ratites que t\u00eam apenas um companheiro a qualquer momento.<\/span><\/p>\n<p><span id=\"gts_text_53\" class=\"gts_text\">Os ovos dos ratites t\u00eam sido usados por seres humanos como recipientes com \u00e1gua, j\u00f3ias ou outros arte e artesanato. <\/span><span id=\"gts_text_54\" class=\"gts_text\">Penas masculino avestruzes foram usadas para fazer chap\u00e9us durante o s\u00e9culo XVIII. <\/span><span id=\"gts_text_55\" class=\"gts_text\">Assim, lotes de avestruzes foram foram ca\u00e7adas e houve uma forte queda na popula\u00e7\u00e3o de avestruzes durante esse tempo. <\/span><span id=\"gts_text_56\" class=\"gts_text\">Este evento tem levado at\u00e9 o in\u00edcio da cria\u00e7\u00e3o de avestruz. <\/span><span id=\"gts_text_57\" class=\"gts_text\">Avestruzes s\u00e3o colhidas para suas penas, couros, ovos e carne. <\/span><span id=\"gts_text_58\" class=\"gts_text\">EMAS s\u00e3o populares para seu petr\u00f3leo UEM e tamb\u00e9m sua carne, ovos e penas. <\/span><span id=\"gts_text_59\" class=\"gts_text\">Penas de Rhea s\u00e3o populares para esfreg\u00f5es e ovos e carne de frangos e alimentos para animais dom\u00e9sticos na Am\u00e9rica do Sul. <\/span><span id=\"gts_text_60\" class=\"gts_text\">Couros da Struthioniformes s\u00e3o usados para fazer artigos em couro como sapatos.<\/span><\/p>\n<p><span id=\"gts_text_61\" class=\"gts_text\"><\/span><\/p>\n","protected":false},"excerpt":{"rendered":"<p>A fam\u00edlia Ratite inclui p\u00e1ssaros que n\u00e3o pode voar. Seu esterno \u00e9 plano, com nenhuma quilha. A quilha do esterno um p\u00e1ssaro \u00e9 onde os m\u00fasculos de v\u00f4o se conectar ao seu esqueleto. Sem esta keel, ratites n\u00e3o podiam voar mesmo se eles tinham asas adequadas. M\u00fasculos mais fortes as ratites est\u00e3o em suas pernas &hellip; <a href=\"https:\/\/www.big-animals.com\/pt\/ratites\/\" class=\"more-link\">Continue reading <span class=\"screen-reader-text\">Ratites<\/span><\/a><\/p>\n","protected":false},"author":1,"featured_media":0,"parent":0,"menu_order":0,"comment_status":"closed","ping_status":"open","template":"","meta":{"_acf_changed":false,"footnotes":""},"acf":[],"_links":{"self":[{"href":"https:\/\/www.big-animals.com\/pt\/wp-json\/wp\/v2\/pages\/86"}],"collection":[{"href":"https:\/\/www.big-animals.com\/pt\/wp-json\/wp\/v2\/pages"}],"about":[{"href":"https:\/\/www.big-animals.com\/pt\/wp-json\/wp\/v2\/types\/page"}],"author":[{"embeddable":true,"href":"https:\/\/www.big-animals.com\/pt\/wp-json\/wp\/v2\/users\/1"}],"replies":[{"embeddable":true,"href":"https:\/\/www.big-animals.com\/pt\/wp-json\/wp\/v2\/comments?post=86"}],"version-history":[{"count":0,"href":"https:\/\/www.big-animals.com\/pt\/wp-json\/wp\/v2\/pages\/86\/revisions"}],"wp:attachment":[{"href":"https:\/\/www.big-animals.com\/pt\/wp-json\/wp\/v2\/media?parent=86"}],"curies":[{"name":"wp","href":"https:\/\/api.w.org\/{rel}","templated":true}]}}