{"id":87,"date":"2011-05-21T08:39:26","date_gmt":"2011-05-21T08:39:26","guid":{"rendered":""},"modified":"2011-05-21T08:39:26","modified_gmt":"2011-05-21T08:39:26","slug":"rinoceronte-branco","status":"publish","type":"page","link":"https:\/\/www.big-animals.com\/pt\/rinoceronte-branco\/","title":{"rendered":"Rinoceronte branco"},"content":{"rendered":"<p><span id=\"gts_text_1\" class=\"gts_text\">O rinoceronte branco \u00e9 um <a title=\"Odd Toed-Ungulates\" href=\"http:\/\/www.big-animals.com\/odd-toed-ungulates\/\">estranho-dedos integrado no projeto mam\u00edferos<\/a> <a title=\"The World\u2019s Biggest Mammals!\" href=\"http:\/\/www.big-animals.com\/the-worlds-biggest-mammals\/\">mam\u00edfero<\/a>. <\/span><span id=\"gts_text_2\" class=\"gts_text\">\u00c9 o maior de todos os \u00edmpares ungulados e a quarta maior vida mam\u00edfero terrestre ap\u00f3s os <a title=\"African Bush Elephant \u2013 The World\u2019s Biggest Land Animal!\" href=\"http:\/\/www.big-animals.com\/the-african-bush-elephant-the-worlds-biggest-land-animal\/\">elefantes<\/a>. <\/span><span id=\"gts_text_3\" class=\"gts_text\">O rinoceronte branco gravado maior pesava cerca de 4530 quilogramas (9600 lb). <\/span><span id=\"gts_text_4\" class=\"gts_text\">Ele normalmente pesa entre 1350 a 3600 quilogramas (3000 para 14000 libras). <\/span><span id=\"gts_text_5\" class=\"gts_text\">Os machos s\u00e3o ligeiramente mais pesados do que as f\u00eameas. <\/span><span id=\"gts_text_6\" class=\"gts_text\">Ele tem um pesco\u00e7o curto e uma caixa muito larga. <\/span><span id=\"gts_text_7\" class=\"gts_text\">O comprimento da cabe\u00e7a e do corpo \u00e9 3. 4 a 4. 2 (11 a 14 metros). <\/span><span id=\"gts_text_8\" class=\"gts_text\">A cauda \u00e9 cerca de 50 a 70 cent\u00edmetros (20 a 27 polegadas). <\/span><span id=\"gts_text_9\" class=\"gts_text\">Sua altura do ombro \u00e9 aproximadamente 1. 5 a 1. 9 metros (60 a 80 polegadas).<\/span><\/p>\n<p><figure id=\"attachment_1160\" aria-describedby=\"caption-attachment-1160\" style=\"width: 300px\" class=\"wp-caption alignleft\"><figcaption id=\"caption-attachment-1160\" class=\"wp-caption-text\">The White Rhinoceros<\/figcaption><\/figure><a href=\"http:\/\/www.big-animals.com\/wp-content\/uploads\/2011\/05\/Rhinoceros1.jpg\"><img loading=\"lazy\" decoding=\"async\" class=\"size-medium wp-image-1160\" title=\"The White Rhinoceros\" src=\"http:\/\/www.big-animals.com\/wp-content\/uploads\/2011\/05\/Rhinoceros1-300x225.jpg\" alt=\"The White Rhinoceros\" width=\"300\" height=\"225\" \/><span id=\"gts_text_10\" class=\"gts_text\"><\/span><\/p>\n<p><span id=\"gts_text_11\" class=\"gts_text\">No seu focinho tem dois chifres, um atr\u00e1s do outro. <\/span><span id=\"gts_text_12\" class=\"gts_text\">O chifre frontal \u00e9 maior e \u00e9 cerca de 90 cent\u00edmetros (3 p\u00e9s) de comprimento. <\/span><span id=\"gts_text_13\" class=\"gts_text\">O chifre traseiro \u00e9 menor. <\/span><span id=\"gts_text_14\" class=\"gts_text\">Ele mede cerca de 55 cent\u00edmetros (22 polegadas). <\/span><span id=\"gts_text_15\" class=\"gts_text\">Um par de chifres de rinoceronte branco m\u00e9dio pesa cerca de 6 kg (13 libras). <\/span><span id=\"gts_text_16\" class=\"gts_text\">Os chifres n\u00e3o s\u00e3o verdadeiras chifres como os chifres de b\u00fafalo, ant\u00edlope ou ovelhas. <\/span><span id=\"gts_text_17\" class=\"gts_text\">Cresce a partir da pele e \u00e9 feita a partir do mesmo material como cabelo e unhas dos p\u00e9s. <\/span><span id=\"gts_text_18\" class=\"gts_text\">O rinoceronte branco \u00e9 o \u00fanico mam\u00edfero com chifres que n\u00e3o t\u00eam um osso dentro. <\/span><span id=\"gts_text_19\" class=\"gts_text\">Os chifres s\u00e3o substitu\u00edveis &#8211; se eles obter rasgados, um novo horn vai come\u00e7ar a crescer, e em rinocerontes jovens pode ser substitu\u00eddo completamente. <\/span><span id=\"gts_text_20\" class=\"gts_text\">N\u00e3o \u00e9 t\u00e3o legal? <\/span><span id=\"gts_text_21\" class=\"gts_text\">As f\u00eameas usam seus chifres para proteger seus jovens rinocerontes, enquanto os machos usa seus chifres em brigas com outros rinocerontes. <\/span><span id=\"gts_text_22\" class=\"gts_text\">Os chifres s\u00e3o usados para a medicina tradicional chinesa na China, Taiwan e Cor\u00e9ia do Sul. <\/span><span id=\"gts_text_23\" class=\"gts_text\">As pessoas pensam que ele reduz a febre e dor de cabe\u00e7a, mesmo que seja apenas material de unha. <\/span><span id=\"gts_text_24\" class=\"gts_text\">Ele tamb\u00e9m \u00e9 usado para fazer Colares tradicionais. <\/span><span id=\"gts_text_25\" class=\"gts_text\">Esta \u00e9 uma das raz\u00f5es por que s\u00e3o ca\u00e7ados rinocerontes brancos.<\/span><\/p>\n<p><span id=\"gts_text_26\" class=\"gts_text\">O rinoceronte branco tamb\u00e9m t\u00eam uma corcova na parte de tr\u00e1s do seu pesco\u00e7o. <\/span><span id=\"gts_text_27\" class=\"gts_text\">O m\u00fasculo poderoso no corcunda permite que o rinoceronte branco levantar sua cabe\u00e7a pesada at\u00e9 na posi\u00e7\u00e3o normal de pastagem muito rapidamente. <\/span><span id=\"gts_text_28\" class=\"gts_text\">Eles n\u00e3o t\u00eam caninos ou incisivos, em vez deles usam seus l\u00e1bios grande quadrados morder grama off as pradarias abertas na \u00c1frica do Sul. <\/span><span id=\"gts_text_29\" class=\"gts_text\">Eles moer a grama entre dois molares no maxilar superior e dois molares no maxilar inferior. <\/span><span id=\"gts_text_30\" class=\"gts_text\">Eles t\u00eam um bom sistema digestivo para digerir estas ervas de m\u00e1 qualidade.<\/span><\/p>\n<p><span id=\"gts_text_31\" class=\"gts_text\">Cada um dos 4 p\u00e9s de rinoceronte branco stumpy tem tr\u00eas dedos do p\u00e9. <\/span><span id=\"gts_text_32\" class=\"gts_text\">Portanto, suas pegadas s\u00e3o modeladas como o \u00e1s de paus. <\/span><span id=\"gts_text_33\" class=\"gts_text\">Eles t\u00eam muito pouco cabelo em seus corpos em compara\u00e7\u00e3o com a maioria dos outros mam\u00edferos. <\/span><span id=\"gts_text_34\" class=\"gts_text\">Seu cabelo s\u00f3 \u00e9 na periferia de suas orelhas e em suas caudas.<\/span><\/p>\n<p><span id=\"gts_text_35\" class=\"gts_text\">Eles s\u00e3o chamados de rinoceronte branco por causa de seus l\u00e1bios ampla dentro de um quadrado. <\/span><span id=\"gts_text_36\" class=\"gts_text\">A palavra &#8220;branca&#8221; tem nada yo fazer com a cor da sua pele, o que n\u00e3o \u00e9 branco &#8211; em vez disso, \u00e9 porque a palavra holandesa para o &#8220;grande&#8221;, ou wijd, soa como a palavra inglesa para &#8220;branco&#8221;. <\/span><span id=\"gts_text_37\" class=\"gts_text\">Eles tamb\u00e9m s\u00e3o chamados de Square-Lipped rinoceronte, ou <em>esp\u00e9cie Ceratotherium.<\/em><\/span><\/p>\n<p><span id=\"gts_text_38\" class=\"gts_text\">Seus varia de cor entre marrom amarelado e cinza. <\/span><span id=\"gts_text_39\" class=\"gts_text\">Eles s\u00e3o pastadores herb\u00edvoro que comem gram\u00edneas. <\/span><span id=\"gts_text_40\" class=\"gts_text\">Eles preferem comer gr\u00e3os mais curtos. <\/span><span id=\"gts_text_41\" class=\"gts_text\">O rinoceronte branco \u00e9 um dos maiores animais que come apenas grama! <\/span><span id=\"gts_text_42\" class=\"gts_text\">Ele bebe duas vezes por dia, se a \u00e1gua est\u00e1 dispon\u00edvel, mas se n\u00e3o houver uma seca ele pode viver 4 a 5 dias sem \u00e1gua na \u00c1frica do Sul. <\/span><span id=\"gts_text_43\" class=\"gts_text\">Eles podem beber at\u00e9 80 litros (20 litros) de \u00e1gua por dia. <\/span><span id=\"gts_text_44\" class=\"gts_text\">O rinoceronte branco n\u00e3o tem nenhum gl\u00e2ndulas de suor. <\/span><span id=\"gts_text_45\" class=\"gts_text\">Nos dias quentes, eles v\u00e3o jogar e enterrar-se em um po\u00e7o de Lama. <\/span><span id=\"gts_text_46\" class=\"gts_text\">A lama mant\u00e9m o rinoceronte branco fresco. <\/span><span id=\"gts_text_47\" class=\"gts_text\">A lama tamb\u00e9m agir como um natural repelente bug para o rinoceronte branco. <\/span><span id=\"gts_text_48\" class=\"gts_text\">Ele protege o rinoceronte branco de morder moscas e carrapatos.<\/span><\/p>\n<p><figure id=\"attachment_1162\" aria-describedby=\"caption-attachment-1162\" style=\"width: 300px\" class=\"wp-caption aligncenter\"><figcaption id=\"caption-attachment-1162\" class=\"wp-caption-text\">White Rhinoceros And Human<\/figcaption><\/figure><a href=\"http:\/\/www.big-animals.com\/wp-content\/uploads\/2011\/05\/White_Rhinoceros_And_Human.png\"><img loading=\"lazy\" decoding=\"async\" class=\"size-medium wp-image-1162\" title=\"White Rhinoceros And Human\" src=\"http:\/\/www.big-animals.com\/wp-content\/uploads\/2011\/05\/White_Rhinoceros_And_Human-300x122.png\" alt=\"White Rhinoceros And Human\" width=\"300\" height=\"122\" \/><span id=\"gts_text_49\" class=\"gts_text\"><\/span><\/p>\n<p><span id=\"gts_text_50\" class=\"gts_text\">O rinoceronte branco tem uma personalidade suave e gentil. <\/span><span id=\"gts_text_51\" class=\"gts_text\">Eles tendem a evitar conflitos.\u00a0Branco <\/span><span id=\"gts_text_52\" class=\"gts_text\">Rinoceronte pode parecer lento quando eles est\u00e3o andando, mas eles s\u00e3o capazes de cobrar r\u00e1pido a curtas dist\u00e2ncias. <\/span><span id=\"gts_text_53\" class=\"gts_text\">O rinoceronte branco pode executar a 50 km \/ h (30 mph) para curtas dist\u00e2ncias.<\/span><\/p>\n<p><span id=\"gts_text_54\" class=\"gts_text\">Rinocerontes brancos s\u00e3o capazes de Roncador, snort, guincho quando afli\u00e7\u00e3o ou rosnar quando eles est\u00e3o amea\u00e7ados. <\/span><span id=\"gts_text_55\" class=\"gts_text\">Eles vivem em um rebanho que consiste de animais at\u00e9 14. <\/span><span id=\"gts_text_56\" class=\"gts_text\">Eles s\u00e3o geralmente feminino rinocerontes. <\/span><span id=\"gts_text_57\" class=\"gts_text\">Mais adulto masculino rinocerontes brancos vivem sozinhos. <\/span><span id=\"gts_text_58\" class=\"gts_text\">O rinoceronte branco masculino mais forte marca seu territ\u00f3rio com seu coc\u00f4 e xixi. <\/span><span id=\"gts_text_59\" class=\"gts_text\">O estrume \u00e9 definido em pilhas. <\/span><span id=\"gts_text_60\" class=\"gts_text\">Ele pode ter 20 a 30 destas pilhas de esterco para avisar os outros rinoceronte branco n\u00e3o para invadir o seu territ\u00f3rio. <\/span><span id=\"gts_text_61\" class=\"gts_text\">N\u00e3o \u00e9 que uma forma \u00fanica de defender um territ\u00f3rio! <\/span><span id=\"gts_text_62\" class=\"gts_text\">Outra maneira de marcar seu territ\u00f3rio \u00e9 limpar seus chifres em arbustos ou no ch\u00e3o e raspagem com seus p\u00e9s antes da pulveriza\u00e7\u00e3o de urina.<\/span><\/p>\n<p><span id=\"gts_text_63\" class=\"gts_text\">O rinoceronte branco tem vis\u00e3o fraca. <\/span><span id=\"gts_text_64\" class=\"gts_text\">Ele \u00e9 capaz de ver um objeto em movimento at\u00e9 150 p\u00e9s (45 metros) afastado mas eles n\u00e3o conseguem localizar uma pessoa que est\u00e1 de p\u00e9 ainda apenas 100 p\u00e9s (30 metros) away. <\/span><span id=\"gts_text_65\" class=\"gts_text\">Mas eles t\u00eam excelentes sentidos de olfato e audi\u00e7\u00e3o.<\/span><\/p>\n<p><figure id=\"attachment_1161\" aria-describedby=\"caption-attachment-1161\" style=\"width: 300px\" class=\"wp-caption alignright\"><figcaption id=\"caption-attachment-1161\" class=\"wp-caption-text\">A White Rhinoceros Mother And Calf - Photograph by James Temple<\/figcaption><\/figure><a href=\"http:\/\/www.big-animals.com\/wp-content\/uploads\/2011\/05\/White_Rhinoceros_And_Calf.jpg\"><img loading=\"lazy\" decoding=\"async\" class=\"size-medium wp-image-1161\" title=\"A White Rhinoceros Mother And Calf - Photograph by James Temple\" src=\"http:\/\/www.big-animals.com\/wp-content\/uploads\/2011\/05\/White_Rhinoceros_And_Calf-300x177.jpg\" alt=\"A White Rhinoceros Mother And Calf - Photograph by James Temple\" width=\"300\" height=\"177\" \/><span id=\"gts_text_66\" class=\"gts_text\"><\/span><\/p>\n<p><span id=\"gts_text_67\" class=\"gts_text\">Rinocerontes feminino normalmente s\u00f3 dar nascimento a rhino um beb\u00ea cada vez. <\/span><span id=\"gts_text_68\" class=\"gts_text\">O rinoceronte de beb\u00ea vai pesar entre 40 e 65 kg (90 a 140 lb). <\/span><span id=\"gts_text_69\" class=\"gts_text\">O rinoceronte de beb\u00ea, chamado um <em>bezerro<\/em>, estar\u00e1 protegido por sua m\u00e3e contra todos os predadores. <\/span><span id=\"gts_text_70\" class=\"gts_text\">Ela vai lutar vigorosamente para manter seu bezerro segura. <\/span><span id=\"gts_text_71\" class=\"gts_text\">N\u00e3o ser\u00e1 capaz de andar constantemente para os primeiros 2 a 3 dias da sua vida. <\/span><span id=\"gts_text_72\" class=\"gts_text\">O bezerro come\u00e7a a roer grama depois de 3 meses, mas s\u00f3 p\u00e1ra de tomar leite da sua m\u00e3e depois de um ano ou mais. <\/span><span id=\"gts_text_73\" class=\"gts_text\">O bezerro ser\u00e1 agudo quando ele quer leite. <\/span><span id=\"gts_text_74\" class=\"gts_text\">A m\u00e3e s\u00f3 ter\u00e1 um bezerro cada dois e meio a cinco anos. <\/span><span id=\"gts_text_75\" class=\"gts_text\">Antes que ela d\u00e1 \u00e0 luz um novo bezerro, ela primeiramente ir\u00e1 perseguir afastado seu bezerro atual.\u00a0O bezerro n\u00e3o vive seu pr\u00f3prio at\u00e9 que \u00e9 cerca de 3 anos de idade.<\/span><\/p>\n<p><span id=\"gts_text_76\" class=\"gts_text\">Adulto branco rinocerontes t\u00eam sem predadores naturais por causa de seu tamanho grande. <\/span><span id=\"gts_text_77\" class=\"gts_text\">Mesmo os jovens raramente s\u00e3o atacados porque sua m\u00e3e est\u00e1 sempre l\u00e1 para proteg\u00ea-los. <\/span><span id=\"gts_text_78\" class=\"gts_text\">De qualquer forma, nenhum animal iria desfrutar de com\u00ea-los por causa da sua pele resistente.<\/span><\/p>\n<p><span id=\"gts_text_79\" class=\"gts_text\">Rinoceronte branco podem viver at\u00e9 aos 40 anos de idade nos selvagens e at\u00e9 50 anos de idade em cativeiro.\u00a0Infelizmente a popula\u00e7\u00e3o de rinoceronte branco \u00e9 encolhimento die a ca\u00e7a ilegal e perda de habitat. <\/span><span id=\"gts_text_80\" class=\"gts_text\">Os esfor\u00e7os de conserva\u00e7\u00e3o realizaram para proteger esses rinocerontes de extin\u00e7\u00e3o.<\/span><\/p>\n","protected":false},"excerpt":{"rendered":"<p>O rinoceronte branco \u00e9 um estranho-dedos integrado no projeto mam\u00edferos mam\u00edfero. \u00c9 o maior de todos os \u00edmpares ungulados e a quarta maior vida mam\u00edfero terrestre ap\u00f3s os elefantes. O rinoceronte branco gravado maior pesava cerca de 4530 quilogramas (9600 lb). Ele normalmente pesa entre 1350 a 3600 quilogramas (3000 para 14000 libras). Os machos &hellip; <a href=\"https:\/\/www.big-animals.com\/pt\/rinoceronte-branco\/\" class=\"more-link\">Continue reading <span class=\"screen-reader-text\">Rinoceronte branco<\/span><\/a><\/p>\n","protected":false},"author":1,"featured_media":0,"parent":0,"menu_order":0,"comment_status":"closed","ping_status":"open","template":"","meta":{"_acf_changed":false,"footnotes":""},"acf":[],"_links":{"self":[{"href":"https:\/\/www.big-animals.com\/pt\/wp-json\/wp\/v2\/pages\/87"}],"collection":[{"href":"https:\/\/www.big-animals.com\/pt\/wp-json\/wp\/v2\/pages"}],"about":[{"href":"https:\/\/www.big-animals.com\/pt\/wp-json\/wp\/v2\/types\/page"}],"author":[{"embeddable":true,"href":"https:\/\/www.big-animals.com\/pt\/wp-json\/wp\/v2\/users\/1"}],"replies":[{"embeddable":true,"href":"https:\/\/www.big-animals.com\/pt\/wp-json\/wp\/v2\/comments?post=87"}],"version-history":[{"count":0,"href":"https:\/\/www.big-animals.com\/pt\/wp-json\/wp\/v2\/pages\/87\/revisions"}],"wp:attachment":[{"href":"https:\/\/www.big-animals.com\/pt\/wp-json\/wp\/v2\/media?parent=87"}],"curies":[{"name":"wp","href":"https:\/\/api.w.org\/{rel}","templated":true}]}}