{"id":9,"date":"2011-05-09T08:56:48","date_gmt":"2011-05-09T08:56:48","guid":{"rendered":""},"modified":"2014-04-29T19:29:47","modified_gmt":"2014-04-29T19:29:47","slug":"the-blue-whale-the-biggest-animal-there-ever-was","status":"publish","type":"page","link":"https:\/\/www.big-animals.com\/pt\/the-blue-whale-the-biggest-animal-there-ever-was\/","title":{"rendered":"A baleia-azul &#8211; O maior animal que j\u00e1 existiu!"},"content":{"rendered":"<p>&nbsp;<\/p>\n<p><a href=\"http:\/\/www.big-animals.com\/wp-content\/uploads\/2008\/04\/BlueWhaleFromAbove.jpg\"><img loading=\"lazy\" decoding=\"async\" class=\"size-large wp-image-1051\" title=\"The Blue Whale Is The Largest Animal Ever\" alt=\"The Blue Whale Is The Largest Animal Ever\" src=\"http:\/\/www.big-animals.com\/wp-content\/uploads\/2008\/04\/BlueWhaleFromAbove-259x1024.jpg\" width=\"259\" height=\"1024\" \/><\/a><\/p>\n<p><b>O Tamanho da<a title=\"A baleia-azul \u2013 O maior Animal l\u00e1 nunca foi!\" href=\"http:\/\/www.big-animals.com\/pt\/the-blue-whale-the-biggest-animal-there-ever-was\/\"> Baleia-Azul<\/a> :<\/b>\u00a0maior do que o maior dos dinossauros, a baleia-azul cresce at\u00e9 30 metro ( cerca de 100 p\u00e9s)\u00a0 de comprimento. Acredita-se que pesa em torno de 180.000 kg (quase 400.000 libras) &#8211; aproximadamente o tamanho de um Boeing 747-400 pronto para decolar &#8211; a pesagem exata desse animal \u00a0\u00e9 muito dif\u00edcil de conseguir. A maioria das medi\u00e7\u00f5es foram feitas atrav\u00e9s dos anos, quando elas eram ca\u00e7adas. Os ca\u00e7adores cortavam as baleias em peda\u00e7os, pesando-os separadamente, \u00a0o que sempre fornece uma pesagem menor que a verdadeira.<\/p>\n<p><b>Fatos surpreendentes sobre a <a title=\"A baleia-azul \u2013 O maior Animal l\u00e1 nunca foi!\" href=\"http:\/\/www.big-animals.com\/pt\/the-blue-whale-the-biggest-animal-there-ever-was\/\">Baleia-Azul<\/a>:<\/b>\u00a0 Sua l\u00edngua \u00e9 t\u00e3o grande quanto um elefante &#8211; sua largura e altura s\u00e3o grandes o suficiente para suportar 50 pessoas em p\u00e9. Seu cora\u00e7\u00e3o \u00e9 do tamanho de um carro pequeno. Rec\u00e9m-nascidas, elas pesam quase o mesmo que 20 pessoas adultas!<\/p>\n<p><b>Informa\u00e7\u00f5es sobre a <a title=\"A baleia-azul \u2013 O maior Animal l\u00e1 nunca foi!\" href=\"http:\/\/www.big-animals.com\/pt\/the-blue-whale-the-biggest-animal-there-ever-was\/\">Baleia-Azul<\/a>:<\/b>\u00a0A <a title=\"A baleia-azul \u2013 O maior Animal l\u00e1 nunca foi!\" href=\"http:\/\/www.big-animals.com\/pt\/the-blue-whale-the-biggest-animal-there-ever-was\/\">baleia-azul<\/a> \u00e9 uma esp\u00e9cie de baleia que\u00a0 n\u00e3o tem dentes superiores, ao inv\u00e9s, tem \u00a0<i>barba de baleia\u00a0<\/i>\u2013 tipo um pente, que serve para filtrar o alimento da \u00e1gua. S\u00e3o de fato Rorquais, que assim como a a barba de baleia, tem dobras muito flex\u00edveis de pele que v\u00e3o da desde a parte inferior da boca at\u00e9 o umbigo. Isso possibilita abrir bem a boca e pegar uma quantidade de alimentos enorme de uma s\u00f3 vez.<\/p>\n<p>As <a title=\"A baleia-azul \u2013 O maior animal que j\u00e1 existiu!\" href=\"http:\/\/www.big-animals.com\/pt\/the-blue-whale-the-biggest-animal-there-ever-was\/\">baleias-azuis<\/a> s\u00e3o baleias-de-barbatana,\u00a0consideradas os maiores animais do mundo.<\/p>\n<ul>\n<li>\n<ul>\n<li>O maior rorqual do mundo \u00e9 a <a title=\"A baleia-azul \u2013 O maior Animal l\u00e1 nunca foi!\" href=\"http:\/\/www.big-animals.com\/pt\/the-blue-whale-the-biggest-animal-there-ever-was\/\">baleia-azul<\/a>.<\/li>\n<li>A maior baleia do mundo \u00e9 a <a title=\"A baleia-azul \u2013 O maior Animal l\u00e1 nunca foi!\" href=\"http:\/\/www.big-animals.com\/pt\/the-blue-whale-the-biggest-animal-there-ever-was\/\">baleia-azul<\/a>,<\/li>\n<li>O maior <a title=\"Cet\u00e1ceos\" href=\"http:\/\/www.big-animals.com\/pt\/cetaceos\/\">cet\u00e1ceo\u00a0<\/a>do mundo\u00a0\u00e9 a <a title=\"A baleia-azul \u2013 O maior Animal l\u00e1 nunca foi!\" href=\"http:\/\/www.big-animals.com\/pt\/the-blue-whale-the-biggest-animal-there-ever-was\/\">baleia-azul<\/a> (Os cet\u00e1ceos incluem baleias, botos e golfinhos),<\/li>\n<li>O maior mam\u00edfero\u00a0do mundo\u00a0\u00e9 a <a title=\"A baleia-azul \u2013 O maior Animal l\u00e1 nunca foi!\" href=\"http:\/\/www.big-animals.com\/pt\/the-blue-whale-the-biggest-animal-there-ever-was\/\">baleia-azul<\/a>, e<\/li>\n<\/ul>\n<p>O maior <a title=\"Vertebrados maiores do mundo!\" href=\"http:\/\/www.big-animals.com\/pt\/the-mundos-maior-vertebrados\/\">vertebrado<\/a>\u00a0do mundo\u00a0\u00e9 a <a title=\"A baleia-azul \u2013 O maior Animal l\u00e1 nunca foi!\" href=\"http:\/\/www.big-animals.com\/pt\/the-blue-whale-the-biggest-animal-there-ever-was\/\">baleia-azul<\/a><\/li>\n<\/ul>\n<p>O nome cient\u00edfico da <a title=\"A baleia-azul \u2013 O maior Animal l\u00e1 nunca foi!\" href=\"http:\/\/www.big-animals.com\/pt\/the-blue-whale-the-biggest-animal-there-ever-was\/\">baleia-azu<\/a>l \u00e9 \u00a0<i>Balaenoptera musculus<\/i>.\u00a0<i>Balaenoptera<\/i>\u00a0significa\u201cbaleia alada\u201d (A palavra\u00a0<i>Optera<\/i>\u00a0significa\u00a0<i>asas<\/i>\u00a0em Latim). Na verdade elas n\u00e3o possuem asas, mas, \u00a0sim nadadeiras bem finas. E quanto a Musculus? Significa \u201cm\u00fasculo\u201d em Latim, e tamb\u00e9m &#8220;camundongo pequeno&#8221;\u2013 sim, o maior animal do mundo era chamado de \u00a0<i>Baleia camundongo<\/i>, como uma piada feita pelo cientista que a nomeou.<\/p>\n<p><b>Habitat da <a title=\"A baleia-azul \u2013 O maior Animal l\u00e1 nunca foi!\" href=\"http:\/\/www.big-animals.com\/pt\/the-blue-whale-the-biggest-animal-there-ever-was\/\">Baleia-Azul<\/a>:<\/b>\u00a0Todos os mares s\u00e3o seu lar. Observe que as baleias s\u00e3o mam\u00edferos e n\u00e3o peixes! Respiram ar como n\u00f3s e amamentam seus filhotes &#8211; cerca de 400 litros ( 100 gal\u00f5es) por dia. A <a title=\"A baleia-azul \u2013 O maior Animal l\u00e1 nunca foi!\" href=\"http:\/\/www.big-animals.com\/pt\/the-blue-whale-the-biggest-animal-there-ever-was\/\">baleia-azul<\/a>, assim como todas as esp\u00e9cies de baleia, tem que vir a superf\u00edcie regularmente para respirar. Elas podem segurar a respira\u00e7\u00e3o por at\u00e9 meia hora, mas, elas nunca nadam longe da superf\u00edcie. No final do s\u00e9culo 19 e in\u00edcio s\u00e9culo 20 (at\u00e9 os anos 70) o homem usou isso como vantagem para ca\u00e7a-las. A estimativa \u00e9 que agora tenha apenas entre 5000 a 12.000 <a title=\"A baleia-azul \u2013 O maior Animal l\u00e1 nunca foi!\" href=\"http:\/\/www.big-animals.com\/pt\/the-blue-whale-the-biggest-animal-there-ever-was\/\">baleias-azuis<\/a> no mundo inteiro. Antes da ca\u00e7a come\u00e7ar, existiam mais de 100 vezes esse n\u00famero. Mesmo agora as baleias lutam para sobreviver. Uma vez, as baleias podiam escutar a outra chamando bem longe, como no outro lado do mundo. Agora, os navios modernos tem feito dos oceanos um lugar barulhento e est\u00e1 ficando mais e mais barulhento a cada ano. Isso tem tornado cada vez mais dif\u00edcil para as baleias se socializarem, e talvez por isso que sua popula\u00e7\u00e3o n\u00e3o aumentou muito desde que a ca\u00e7a parou.<\/p>\n<p>&nbsp;<\/p>\n<p><a href=\"http:\/\/www.big-animals.com\/wp-content\/uploads\/2008\/04\/BlueWhaleSkeleton.jpg\"><img loading=\"lazy\" decoding=\"async\" class=\"size-medium wp-image-1052\" title=\"Blue Whale Skeleton in Santa Cruz\" alt=\"Blue Whale Skeleton in Santa Cruz\" src=\"http:\/\/www.big-animals.com\/wp-content\/uploads\/2008\/04\/BlueWhaleSkeleton-300x225.jpg\" width=\"300\" height=\"225\" \/><\/a><\/p>\n<p><b>A alimenta\u00e7\u00e3o da <a title=\"A baleia-azul \u2013 O maior Animal l\u00e1 nunca foi!\" href=\"http:\/\/www.big-animals.com\/pt\/the-blue-whale-the-biggest-animal-there-ever-was\/\">Baleia-azul<\/a>:<\/b>\u00a0A<a title=\"A baleia-azul \u2013 O maior Animal l\u00e1 nunca foi!\" href=\"http:\/\/www.big-animals.com\/pt\/the-blue-whale-the-biggest-animal-there-ever-was\/\"> baleia-azul<\/a> apesar de ser muito grande, come animais pequenos como camar\u00f5es do tipo Krill. Esse tipo cresce apenas de 1 a 2 cm. Evidentemente, a <a title=\"A baleia-azul \u2013 O maior Animal l\u00e1 nunca foi!\" href=\"http:\/\/www.big-animals.com\/pt\/the-blue-whale-the-biggest-animal-there-ever-was\/\">baleia-azul<\/a> come uma quantidade grande de Krill diariamente para sobreviver. Elas nadam para lugares com muitos Krills, d\u00e3o um grande gole jogando a \u00e1gua fora atrav\u00e9s da bolsa ventral.\u00a0 Os Krills ficam presos na boca e s\u00e3o engolidos.<\/p>\n<p>As <a title=\"A baleia-azul \u2013 O maior Animal l\u00e1 nunca foi!\" href=\"http:\/\/www.big-animals.com\/pt\/the-blue-whale-the-biggest-animal-there-ever-was\/\">baleias-azuis<\/a> podem nadar com velocidade de at\u00e9 50 km\/h (30 m.\/h) mas, normalmente nadam a menos da metade disso. Quando est\u00e3o comendo,nadam bem devagar, cerca de 5 km\/h (3 m.\/h). Normalmente vivem sozinhas ou em pares e acredita-se que podem viver at\u00e9 80 anos.<\/p>\n<p><b>Fotografias da\u00a0<a title=\"A baleia-azul \u2013 O maior animal que j\u00e1 existiu!\" href=\"http:\/\/www.big-animals.com\/pt\/the-blue-whale-the-biggest-animal-there-ever-was\/\">baleia-azul<\/a>:<\/b>\u00a0\u00c9 muito dif\u00edcil conseguir fotografar uma\u00a0<a title=\"A baleia-azul \u2013 O maior Animal l\u00e1 nunca foi!\" href=\"http:\/\/www.big-animals.com\/pt\/the-blue-whale-the-biggest-animal-there-ever-was\/\">baleia-azul<\/a>\u00a0porque\u00a0s\u00e3o criaturas raras. O esqueleto na foto acima est\u00e1 em exibi\u00e7\u00e3o no Centro de pesquisa marinha na Calif\u00f3rnia, em torno de 1,6 km de onde encalhou. Voc\u00ea pode at\u00e9 ver a foto do esqueleto tirada por um sat\u00e9lite &#8211; veja abaixo e compare com o tamanho dos carros estacionado perto.<\/p>\n<p style=\"text-align: center\"><span class=\"gts_text\" id=\"gts_text_48\">[map:http:\/\/maps.google.com\/?ie=UTF8 &amp; ll = 36.949179,-122.065393 &amp; spn = 0.000967, 0.001591 &amp; t = h &amp; z = 20]<\/span><\/p>\n","protected":false},"excerpt":{"rendered":"<p>&nbsp; O Tamanho da Baleia-Azul :\u00a0maior do que o maior dos dinossauros, a baleia-azul cresce at\u00e9 30 metro ( cerca de 100 p\u00e9s)\u00a0 de comprimento. Acredita-se que pesa em torno de 180.000 kg (quase 400.000 libras) &#8211; aproximadamente o tamanho de um Boeing 747-400 pronto para decolar &#8211; a pesagem exata desse animal \u00a0\u00e9 muito &hellip; <a href=\"https:\/\/www.big-animals.com\/pt\/the-blue-whale-the-biggest-animal-there-ever-was\/\" class=\"more-link\">Continue reading <span class=\"screen-reader-text\">A baleia-azul &#8211; O maior animal que j\u00e1 existiu!<\/span><\/a><\/p>\n","protected":false},"author":1,"featured_media":0,"parent":0,"menu_order":0,"comment_status":"closed","ping_status":"open","template":"","meta":{"_acf_changed":false,"footnotes":""},"acf":[],"_links":{"self":[{"href":"https:\/\/www.big-animals.com\/pt\/wp-json\/wp\/v2\/pages\/9"}],"collection":[{"href":"https:\/\/www.big-animals.com\/pt\/wp-json\/wp\/v2\/pages"}],"about":[{"href":"https:\/\/www.big-animals.com\/pt\/wp-json\/wp\/v2\/types\/page"}],"author":[{"embeddable":true,"href":"https:\/\/www.big-animals.com\/pt\/wp-json\/wp\/v2\/users\/1"}],"replies":[{"embeddable":true,"href":"https:\/\/www.big-animals.com\/pt\/wp-json\/wp\/v2\/comments?post=9"}],"version-history":[{"count":7,"href":"https:\/\/www.big-animals.com\/pt\/wp-json\/wp\/v2\/pages\/9\/revisions"}],"predecessor-version":[{"id":309,"href":"https:\/\/www.big-animals.com\/pt\/wp-json\/wp\/v2\/pages\/9\/revisions\/309"}],"wp:attachment":[{"href":"https:\/\/www.big-animals.com\/pt\/wp-json\/wp\/v2\/media?parent=9"}],"curies":[{"name":"wp","href":"https:\/\/api.w.org\/{rel}","templated":true}]}}