{"id":92,"date":"2011-06-05T21:08:05","date_gmt":"2011-06-05T21:08:05","guid":{"rendered":""},"modified":"2014-05-21T19:42:19","modified_gmt":"2014-05-21T19:42:19","slug":"arara-azul","status":"publish","type":"page","link":"https:\/\/www.big-animals.com\/pt\/arara-azul\/","title":{"rendered":"Arara-azul"},"content":{"rendered":"<p><figure id=\"attachment_1251\" aria-describedby=\"caption-attachment-1251\" style=\"width: 300px\" class=\"wp-caption alignright\"><figcaption id=\"caption-attachment-1251\" class=\"wp-caption-text\">Arara-azul - fotografada pelo usu\u00e1rio da Wikimedia,  Bluesy Pete<\/figcaption><\/figure><a href=\"http:\/\/www.big-animals.com\/wp-content\/uploads\/2011\/06\/Hyacinth_Macaw.jpeg\"><img loading=\"lazy\" decoding=\"async\" class=\"size-medium wp-image-1251\" title=\"The Hyacinth Macaw - Photograph by Wikimedia user BluesyPete\" alt=\"The Hyacinth Macaw - Photograph by Wikimedia user BluesyPete\" src=\"http:\/\/www.big-animals.com\/wp-content\/uploads\/2011\/06\/Hyacinth_Macaw-300x237.jpg\" width=\"300\" height=\"237\" \/><span class=\"gts_text\" id=\"gts_text_1\"><\/span><\/a><\/p>\n<p>A <a title=\"Arara-azul\" href=\"http:\/\/www.big-animals.com\/pt\/arara-azul\/\">Arara-azul<\/a> pode ser encontrada nas Am\u00e9ricas central e sul. Elas adoram os p\u00e2ntanos e florestas mas, n\u00e3o gostam de florestas \u00famidas. Elas s\u00e3o bem soci\u00e1veis e inteligentes, por isso, para os amantes das aves, \u00e9 um sonho ter uma Arara-azul. Infelizmente, por causa da alta demanda, a sua popula\u00e7\u00e3o \u00e9 severamente amea\u00e7ada.<\/p>\n<p>Ela \u00e9 a maior arara e a maior esp\u00e9cie de Psitaciforme no mundo. Em termos de comprimento, essa \u00e9 a maior ave das esp\u00e9cies dos psitaciformes. Sua popula\u00e7\u00e3o vem diminuindo devido ao com\u00e9rcio ilegal e do desmatamento do seu habitat.<\/p>\n<p>A Arara-azul tem 100 cm (40 polegadas) de altura, medida da ponta da sua calda at\u00e9 o topo da sua cabe\u00e7a. Pesa em torno de 1.2 a 1.7 quilos ( 2.6 a 3.7 libras). Suas penas s\u00e3o azul claro em cima, escuro nas asas e tem um bico largo, curvado e preto. A pele em baixo do seu bico inferior e ao redor dos seus olhos s\u00e3o amarelo ouro. F\u00eameas e macho s\u00e3o parecidos.<\/p>\n<p><figure id=\"attachment_1252\" aria-describedby=\"caption-attachment-1252\" style=\"width: 223px\" class=\"wp-caption alignleft\"><figcaption id=\"caption-attachment-1252\" class=\"wp-caption-text\">A arara azul \u00e9 a maior arara do mundo<\/figcaption><\/figure><a href=\"http:\/\/www.big-animals.com\/wp-content\/uploads\/2011\/06\/Hyacinth_Macaw_and_Human.png\"><img loading=\"lazy\" decoding=\"async\" class=\"size-medium wp-image-1252\" title=\"the Hyacinth Macaw is the world's longest parrot\" alt=\"the Hyacinth Macaw is the world's longest parrot\" src=\"http:\/\/www.big-animals.com\/wp-content\/uploads\/2011\/06\/Hyacinth_Macaw_and_Human-223x300.png\" width=\"223\" height=\"300\" \/><span class=\"gts_text\" id=\"gts_text_16\"><\/span><\/a><\/p>\n<p>Elas tem um bico bem forte para comer. O bico pode at\u00e9 quebrar uma barra de ferro soldada de uma gaiola. Se alimentam do miolo e das sementes das nozes, am\u00eandoas, avel\u00e3s e castanhas. Seu bico resistente \u00e9 capaz de quebrar cocos, casca da castanha do Par\u00e1 e macadamia. Al\u00e9m disso, elas comem frutas e outros vegetais tamb\u00e9m. Elas amam comer pinh\u00f5es.<\/p>\n<p>Elas constroem seus ninhos em buracos nas \u00e1rvores. A m\u00e3e p\u00f5e um ou dois ovos. A arara-azul jovem fica com sua m\u00e3e e pai at\u00e9 seus tr\u00eas meses. Tem uma taxa de reprodu\u00e7\u00e3o bem baixa\u00a0 e n\u00e3o se reproduzem necessariamente a cada ano. Os corvos, gamb\u00e1s, quatis e tucanos comem seus ovos. Felizmente, as araras adultas s\u00f3 tem os humanos como predadores. A Arara azul \u00e9 uma esp\u00e9cie de arara amea\u00e7ada de extin\u00e7\u00e3o. O projeto Arara-azul foi lan\u00e7ado para proteger esse bel\u00edssimo tipo de p\u00e1ssaro da extin\u00e7\u00e3o.<\/p>\n<p>&nbsp;<\/p>\n","protected":false},"excerpt":{"rendered":"<p>A Arara-azul pode ser encontrada nas Am\u00e9ricas central e sul. Elas adoram os p\u00e2ntanos e florestas mas, n\u00e3o gostam de florestas \u00famidas. Elas s\u00e3o bem soci\u00e1veis e inteligentes, por isso, para os amantes das aves, \u00e9 um sonho ter uma Arara-azul. Infelizmente, por causa da alta demanda, a sua popula\u00e7\u00e3o \u00e9 severamente amea\u00e7ada. Ela \u00e9 &hellip; <a href=\"https:\/\/www.big-animals.com\/pt\/arara-azul\/\" class=\"more-link\">Continue reading <span class=\"screen-reader-text\">Arara-azul<\/span><\/a><\/p>\n","protected":false},"author":1,"featured_media":0,"parent":0,"menu_order":0,"comment_status":"closed","ping_status":"open","template":"","meta":{"_acf_changed":false,"footnotes":""},"acf":[],"_links":{"self":[{"href":"https:\/\/www.big-animals.com\/pt\/wp-json\/wp\/v2\/pages\/92"}],"collection":[{"href":"https:\/\/www.big-animals.com\/pt\/wp-json\/wp\/v2\/pages"}],"about":[{"href":"https:\/\/www.big-animals.com\/pt\/wp-json\/wp\/v2\/types\/page"}],"author":[{"embeddable":true,"href":"https:\/\/www.big-animals.com\/pt\/wp-json\/wp\/v2\/users\/1"}],"replies":[{"embeddable":true,"href":"https:\/\/www.big-animals.com\/pt\/wp-json\/wp\/v2\/comments?post=92"}],"version-history":[{"count":5,"href":"https:\/\/www.big-animals.com\/pt\/wp-json\/wp\/v2\/pages\/92\/revisions"}],"predecessor-version":[{"id":288,"href":"https:\/\/www.big-animals.com\/pt\/wp-json\/wp\/v2\/pages\/92\/revisions\/288"}],"wp:attachment":[{"href":"https:\/\/www.big-animals.com\/pt\/wp-json\/wp\/v2\/media?parent=92"}],"curies":[{"name":"wp","href":"https:\/\/api.w.org\/{rel}","templated":true}]}}