{"id":95,"date":"2011-06-06T02:10:49","date_gmt":"2011-06-06T02:10:49","guid":{"rendered":""},"modified":"2014-06-24T20:00:44","modified_gmt":"2014-06-24T20:00:44","slug":"aves-aquaticas","status":"publish","type":"page","link":"https:\/\/www.big-animals.com\/pt\/aves-aquaticas\/","title":{"rendered":"Aves aqu\u00e1ticas"},"content":{"rendered":"<p><figure id=\"attachment_1268\" aria-describedby=\"caption-attachment-1268\" style=\"width: 127px\" class=\"wp-caption alignleft\"><figcaption id=\"caption-attachment-1268\" class=\"wp-caption-text\">A marreca \u00e9 uma  t\u00edpica ave aqu\u00e1tica<\/figcaption><\/figure><a href=\"http:\/\/www.big-animals.com\/wp-content\/uploads\/2011\/06\/Whistling_Duck.jpg\"><img loading=\"lazy\" decoding=\"async\" class=\"size-medium wp-image-1268\" title=\"The Whistling Duck is a typical waterfowl\" src=\"http:\/\/www.big-animals.com\/wp-content\/uploads\/2011\/06\/Whistling_Duck-127x300.jpg\" alt=\"The Whistling Duck is a typical waterfowl\" width=\"127\" height=\"300\" \/><\/a><\/p>\n<p>O grupo de\u00a0<a href=\"http:\/\/www.big-animals.com\/the-worlds-biggest-birds\/\">p\u00e1ssaros<\/a> chamado de\u00a0 Aves aqu\u00e1ticas, inclui patos, gansos e cines. Eles s\u00e3o grandes nadadores com um porte que varia de m\u00e9dio a largo. S\u00e3o fonte de alimento para os seres humanos, fornecendo carne e ovos. Eles tamb\u00e9m servem de alvo para ca\u00e7a. As vezes s\u00e3o mantidos como animais de estima\u00e7\u00e3o, especialmente patos e gansos domesticados.<\/p>\n<p>&nbsp;<\/p>\n<p>A maior ave aqu\u00e1tica \u00e9\u00a0<a href=\"http:\/\/www.big-animals.com\/trumpeter-swan\/\">o cisne-trombeteiro<\/a>, que\u00a0\u00a0mede em torno de 1.82 metros (6 p\u00e9s) de comprimento. Tem uma envergadura de 3 metros (10 p\u00e9s) e pesa aproximadamente 17.3 quilos (38 libras) Isso que \u00e9 ave gigante!<\/p>\n<p>&nbsp;<\/p>\n","protected":false},"excerpt":{"rendered":"<p>O grupo de\u00a0p\u00e1ssaros chamado de\u00a0 Aves aqu\u00e1ticas, inclui patos, gansos e cines. Eles s\u00e3o grandes nadadores com um porte que varia de m\u00e9dio a largo. S\u00e3o fonte de alimento para os seres humanos, fornecendo carne e ovos. Eles tamb\u00e9m servem de alvo para ca\u00e7a. As vezes s\u00e3o mantidos como animais de estima\u00e7\u00e3o, especialmente patos e &hellip; <a href=\"https:\/\/www.big-animals.com\/pt\/aves-aquaticas\/\" class=\"more-link\">Continue reading <span class=\"screen-reader-text\">Aves aqu\u00e1ticas<\/span><\/a><\/p>\n","protected":false},"author":1,"featured_media":0,"parent":0,"menu_order":0,"comment_status":"closed","ping_status":"open","template":"","meta":{"_acf_changed":false,"footnotes":""},"acf":[],"_links":{"self":[{"href":"https:\/\/www.big-animals.com\/pt\/wp-json\/wp\/v2\/pages\/95"}],"collection":[{"href":"https:\/\/www.big-animals.com\/pt\/wp-json\/wp\/v2\/pages"}],"about":[{"href":"https:\/\/www.big-animals.com\/pt\/wp-json\/wp\/v2\/types\/page"}],"author":[{"embeddable":true,"href":"https:\/\/www.big-animals.com\/pt\/wp-json\/wp\/v2\/users\/1"}],"replies":[{"embeddable":true,"href":"https:\/\/www.big-animals.com\/pt\/wp-json\/wp\/v2\/comments?post=95"}],"version-history":[{"count":2,"href":"https:\/\/www.big-animals.com\/pt\/wp-json\/wp\/v2\/pages\/95\/revisions"}],"predecessor-version":[{"id":354,"href":"https:\/\/www.big-animals.com\/pt\/wp-json\/wp\/v2\/pages\/95\/revisions\/354"}],"wp:attachment":[{"href":"https:\/\/www.big-animals.com\/pt\/wp-json\/wp\/v2\/media?parent=95"}],"curies":[{"name":"wp","href":"https:\/\/api.w.org\/{rel}","templated":true}]}}