{"id":98,"date":"2011-06-10T21:34:20","date_gmt":"2011-06-10T21:34:20","guid":{"rendered":""},"modified":"2011-06-10T21:34:20","modified_gmt":"2011-06-10T21:34:20","slug":"corujas","status":"publish","type":"page","link":"https:\/\/www.big-animals.com\/pt\/corujas\/","title":{"rendered":"Corujas"},"content":{"rendered":"<p><html><head><\/head><body><figure id=\"attachment_1303\" aria-describedby=\"caption-attachment-1303\" style=\"width: 156px\" class=\"wp-caption alignright\"><a href=\"http:\/\/www.big-animals.com\/wp-content\/uploads\/2011\/06\/Northern_Spotted_Owl.jpg\"><img loading=\"lazy\" decoding=\"async\" class=\"size-medium wp-image-1303 gts_attribute gts_attribute_1_alt gts_attribute_3_title\" title=\"Northern malhado\" src=\"http:\/\/www.big-animals.com\/wp-content\/uploads\/2011\/06\/Northern_Spotted_Owl-156x300.jpg\" alt=\"Northern malhado\" width=\"156\" height=\"300\" \/><\/a><figcaption id=\"caption-attachment-1303\" class=\"wp-caption-text\">Northern Spotted Owl<\/figcaption><\/figure><\/p>\n<p><span id=\"gts_text_1\" class=\"gts_text\">Existem 200 esp\u00e9cies de corujas no mundo.<\/span> <span id=\"gts_text_2\" class=\"gts_text\">Eles t\u00eam muito bom senso de audi\u00e7\u00e3o e vis\u00e3o.<\/span> <span id=\"gts_text_3\" class=\"gts_text\">Voc\u00ea pode encontr\u00e1-los em todos os lugares do mundo, exceto para a Ant\u00e1rtida, a maior parte da Gronel\u00e2ndia e algumas ilhas isoladas.<\/span> <span id=\"gts_text_4\" class=\"gts_text\">Os ovos s\u00e3o brancos e em forma de esfera.<\/span> <span id=\"gts_text_5\" class=\"gts_text\">Eles p\u00f5em sobre alguns at\u00e9 uma d\u00fazia de ovos, dependendo da esp\u00e9cie.<\/span> <span id=\"gts_text_6\" class=\"gts_text\">A coruja m\u00e3e toma seu tempo para p\u00f4r ovos.<\/span> <span id=\"gts_text_7\" class=\"gts_text\">Os ovos s\u00e3o postos em intervalos de 1 a 3 dias e n\u00e3o de uma s\u00f3 vez.<\/span> <span id=\"gts_text_8\" class=\"gts_text\">Ao contr\u00e1rio de outras <a title=\"The World\u2019s Biggest Birds!\" href=\"http:\/\/www.big-animals.com\/the-worlds-biggest-birds\/\" class=\" gts_attribute gts_attribute_4_title\">aves<\/a>, corujas n\u00e3o fazem seus ninhos.<\/span> <span id=\"gts_text_9\" class=\"gts_text\">Eles olham para um local de nidifica\u00e7\u00e3o abrigado ou um ninho abandonado em \u00e1rvores, tocas subterr\u00e2neas ou em edif\u00edcios, celeiros e cavernas.<\/span><\/p>\n<p><span id=\"gts_text_10\" class=\"gts_text\">A maioria das corujas s\u00e3o ativos \u00e0 noite e sono durante o dia, assim como morcegos.<\/span> <span id=\"gts_text_11\" class=\"gts_text\">Alguns s\u00e3o ativos durante as horas do crep\u00fasculo do amanhecer e anoitecer, por exemplo, a coruja Cabur\u00e9.<\/span> <span id=\"gts_text_12\" class=\"gts_text\">Alguns corujas s\u00e3o ativos durante o dia, por exemplo, a coruja-buraqueira e a coruja de Short-Eared.<\/span><\/p>\n<p><span id=\"gts_text_13\" class=\"gts_text\">As corujas s\u00e3o capazes de ca\u00e7ar calmamente e surpreender suas presas muito bem.<\/span> <span id=\"gts_text_14\" class=\"gts_text\">Isso \u00e9 porque eles s\u00e3o cobertos com penas de cor mais fraco que os tornam dif\u00edcil de ver.<\/span> <span id=\"gts_text_15\" class=\"gts_text\">Corujas tendem a copiar as cores de seus arredores.<\/span> <span id=\"gts_text_16\" class=\"gts_text\">Por exemplo, a coruja branca, que \u00e9 bleach branco, misturas perfeitamente bem em seus arredores nevadas.<\/span> <span id=\"gts_text_17\" class=\"gts_text\">A Muted madeira-coruja que tem brown, penas pretas e tan tornam quase imposs\u00edvel para localiz\u00e1-los entre as \u00e1rvores da floresta.<\/span> <span id=\"gts_text_18\" class=\"gts_text\">Coruja maior do mundo \u00e9 o <a title=\"Eurasian Eagle Owl\" href=\"http:\/\/www.big-animals.com\/eurasian-eagle-owl\/\" class=\" gts_attribute gts_attribute_5_title\">Bufo real<\/a>.<\/span> <span id=\"gts_text_19\" class=\"gts_text\">O maior alguma vez coruja foi a <a title=\"Cuban Giant Owl\" href=\"http:\/\/www.big-animals.com\/cuban-giant-owl\/\" class=\" gts_attribute gts_attribute_6_title\">Coruja gigante cubano<\/a>, que ficou cerca de 1. 1 metros (43 cent\u00edmetros) de alto!<\/span><\/p>\n<figure id=\"attachment_1304\" aria-describedby=\"caption-attachment-1304\" style=\"width: 257px\" class=\"wp-caption alignleft\"><a href=\"http:\/\/www.big-animals.com\/wp-content\/uploads\/2011\/06\/Snowy_owl.jpg\"><img loading=\"lazy\" decoding=\"async\" class=\"size-medium wp-image-1304 gts_attribute gts_attribute_2_alt gts_attribute_7_title\" title=\"Coruja\" src=\"http:\/\/www.big-animals.com\/wp-content\/uploads\/2011\/06\/Snowy_owl-257x300.jpg\" alt=\"Coruja\" width=\"257\" height=\"300\" \/><\/a><figcaption id=\"caption-attachment-1304\" class=\"wp-caption-text\">Snowy Owl<\/figcaption><\/figure>\n<p><span id=\"gts_text_20\" class=\"gts_text\">Eles t\u00eam asas especiais que permitem que eles voar silenciosamente.<\/span> <span id=\"gts_text_21\" class=\"gts_text\">Eles t\u00eam um bico afiado e poderosas garras afiadas que s\u00e3o usadas para matar suas presas.<\/span> <span id=\"gts_text_22\" class=\"gts_text\">Em seguida, eles engolem toda a menos que seja muito grande.<\/span> <span id=\"gts_text_23\" class=\"gts_text\">Seu bico \u00e9 curto, curvo e virado para baixo.<\/span> <span id=\"gts_text_24\" class=\"gts_text\">Porque ele enfrenta para baixo, ele n\u00e3o bloqueia o seu ponto de vista na frente.<\/span> <span id=\"gts_text_25\" class=\"gts_text\">Eles se alimentam de insetos e pequenos roedores como camundongos, ratos e coelhos.<\/span> <span id=\"gts_text_26\" class=\"gts_text\">Alguns s\u00f3 comem peixe.<\/span><\/p>\n<p><span id=\"gts_text_27\" class=\"gts_text\">As corujas s\u00e3o incapazes de mover os olhos, mas eles podem mover sua cabe\u00e7a 270 graus ao redor!<\/span> <span id=\"gts_text_28\" class=\"gts_text\">N\u00e3o \u00e9 surpreendente que?<\/span> <span id=\"gts_text_29\" class=\"gts_text\">Uma vez que eles podem olhar ao redor sem mover seu corpo, eles fazem muito menos som como eles busca de presas.<\/span> <span id=\"gts_text_30\" class=\"gts_text\">Os olhos dos corujas s\u00e3o colocados lado a lado n\u00e3o \u00e9 como outros p\u00e1ssaros.<\/span> <span id=\"gts_text_31\" class=\"gts_text\">Portanto, eles s\u00e3o capazes de usar ambos os olhos para ver objetos distantes.<\/span> <span id=\"gts_text_32\" class=\"gts_text\">Mas eles s\u00e3o clarividentes e n\u00e3o consigo ver objetos a poucos cent\u00edmetros na frente de seus olhos.<\/span><\/p>\n<p><span id=\"gts_text_33\" class=\"gts_text\">As corujas t\u00eam orelhas que s\u00e3o colocadas em lugares diferentes no cr\u00e2nio.<\/span> <span id=\"gts_text_34\" class=\"gts_text\">Isso ajuda a coruja para descobrir onde est\u00e1 sua presa.<\/span> <span id=\"gts_text_35\" class=\"gts_text\">Eles s\u00e3o capazes de detectar o mesmo o som mais \u00ednfimo de um rato insidiosa.<\/span><\/body><\/html><\/p>\n","protected":false},"excerpt":{"rendered":"<p><html><head><\/head><body><\/body><\/html><\/p>\n","protected":false},"author":1,"featured_media":0,"parent":0,"menu_order":0,"comment_status":"closed","ping_status":"open","template":"","meta":{"_acf_changed":false,"footnotes":""},"acf":[],"_links":{"self":[{"href":"https:\/\/www.big-animals.com\/pt\/wp-json\/wp\/v2\/pages\/98"}],"collection":[{"href":"https:\/\/www.big-animals.com\/pt\/wp-json\/wp\/v2\/pages"}],"about":[{"href":"https:\/\/www.big-animals.com\/pt\/wp-json\/wp\/v2\/types\/page"}],"author":[{"embeddable":true,"href":"https:\/\/www.big-animals.com\/pt\/wp-json\/wp\/v2\/users\/1"}],"replies":[{"embeddable":true,"href":"https:\/\/www.big-animals.com\/pt\/wp-json\/wp\/v2\/comments?post=98"}],"version-history":[{"count":0,"href":"https:\/\/www.big-animals.com\/pt\/wp-json\/wp\/v2\/pages\/98\/revisions"}],"wp:attachment":[{"href":"https:\/\/www.big-animals.com\/pt\/wp-json\/wp\/v2\/media?parent=98"}],"curies":[{"name":"wp","href":"https:\/\/api.w.org\/{rel}","templated":true}]}}