{"id":99,"date":"2011-06-11T07:27:02","date_gmt":"2011-06-11T07:27:02","guid":{"rendered":""},"modified":"2014-05-29T19:57:43","modified_gmt":"2014-05-29T19:57:43","slug":"bufo-real","status":"publish","type":"page","link":"https:\/\/www.big-animals.com\/pt\/bufo-real\/","title":{"rendered":"Bufo-Real"},"content":{"rendered":"<p>Especialistas dizem que a maior <a title=\"Corujas\" href=\"http:\/\/www.big-animals.com\/pt\/corujas\/\">coruja<\/a>\u00a0do mundo\u00a0\u00e9 o Bufo Real. Algumas pessoas dizem que a coruja Bubo blakistoni \u00e9 maior, mas ainda n\u00e3o foi comprovado. O Bufo Real tem uma envergadura de 138-200 cm (55-79 polegadas) e medem de 58-75 cm (23-30 polegadas) de comprimento. As f\u00eameas pesam em torno de 1,75-4,5 quilos (3,9-10 libras) e os machos pesam em torno de 1,5-3,2 quilos (3,3-7 libras).<\/p>\n<figure id=\"attachment_1307\" aria-describedby=\"caption-attachment-1307\" style=\"width: 300px\" class=\"wp-caption alignleft\"><a href=\"http:\/\/www.big-animals.com\/wp-content\/uploads\/2011\/06\/EurasianEagleOwl.jpg\"><img loading=\"lazy\" decoding=\"async\" class=\"size-medium wp-image-1307 gts_attribute gts_attribute_1_alt gts_attribute_4_title\" title=\"O Bufo real - fotografia por Adam Kumiszcza\" alt=\"O Bufo real - fotografia por Adam Kumiszcza\" src=\"http:\/\/www.big-animals.com\/wp-content\/uploads\/2011\/06\/EurasianEagleOwl-300x200.jpg\" width=\"300\" height=\"200\" \/><\/a><figcaption id=\"caption-attachment-1307\" class=\"wp-caption-text\">The Eurasian Eagle Owl &#8211; Photograph by Adam Kumiszcza<\/figcaption><\/figure>\n<p>O Bufo-Real &#8211; Fotografado por Adam Kumiszcza<\/p>\n<p>O bufo real \u00e9 a coruja mais larga, com grandes tufos de penas nas orelhas e olhos alaranjados brilhantes.\u00a0 Os tufos de pena das orelhas dos machos s\u00e3o mais perpendiculares que das f\u00eameas. O queixo, garganta e peito s\u00e3o brancos. A penugem da parte da frente da coruja \u00e9 uma esp\u00e9cie de ondulado escuro. Na verdade, a cor do bufo-real depende bastante de qual subesp\u00e9cie ele \u00e9 exatamente.\u00a0\u00a0 Seu bico \u00e9 preto e bem evidente. Eles s\u00e3o p\u00e1ssaros muito poderosos. Podem voar poderosamente como um falc\u00e3o. Seus dedos s\u00e3o cobertos de penas, longos e potentes. Suas garras s\u00e3o pretas e mais largas que a de um leopardo. O bufo-real, assim como outras corujas, tem a habilidades de direcionar suas garras para frente ou para tr\u00e1s enquanto est\u00e3o ca\u00e7ando.<\/p>\n<p>Eles se alimentam de pequenos mam\u00edferos, como ratazanas, ratos, camundongos e coelhos. Por\u00e9m, Eles s\u00e3o capazes de matar uma presa do tamanho de uma raposa ou filhote de veado. Tamb\u00e9m comem outros p\u00e1ssaros como pica-paus, patos, aves marinhas e gansos.<\/p>\n<p>O canto &#8220;ooh-hu&#8221; do bufo-real macho \u00e9 profundo e mon\u00f3tono. O chamado da f\u00eamea \u00e9 um pouco mais agudo, soa como &#8220;uh-hu&#8221;. Cada bufo-real pode ser identificado por seu chamado diferente.<\/p>\n<figure id=\"attachment_1308\" aria-describedby=\"caption-attachment-1308\" style=\"width: 211px\" class=\"wp-caption alignright\"><a href=\"http:\/\/www.big-animals.com\/wp-content\/uploads\/2011\/06\/EurasianEagleOwlAndHuman.png\"><img loading=\"lazy\" decoding=\"async\" class=\"size-medium wp-image-1308 gts_attribute gts_attribute_2_alt gts_attribute_5_title\" title=\"Especialistas dizem que o Bufo real \u00e9 coruja maior do mundo\" alt=\"Especialistas dizem que o Bufo real \u00e9 coruja maior do mundo\" src=\"http:\/\/www.big-animals.com\/wp-content\/uploads\/2011\/06\/EurasianEagleOwlAndHuman-211x300.png\" width=\"211\" height=\"300\" \/><\/a><figcaption id=\"caption-attachment-1308\" class=\"wp-caption-text\">Especialistas afirmam que o bufo-real \u00e9 a maior coruja do mundo.<\/figcaption><\/figure>\n<p>Eles s\u00e3o ativo a noite. Geralmente p\u00f5em seus ovos nas bordas dos penhascos no final do inverno. A f\u00eameas p\u00f5em seus ovos somente uma vez por ano. Ela p\u00f5e de 1 a 4 ovos. Os ovos tem aproximadamente 56-73mm de comprimento e 44-53mm transversalmente (2.2-2.9 polegadas de comprimento e 1.7-2.1 polegadas transversalmente). Pesam aproximadamente 75-80g (2.6-2.8 on\u00e7as). Elas p\u00f5e os ovos com 3 dias de diferen\u00e7a de cada um. A coruja m\u00e3e \u00e9 quem choca os ovos at\u00e9 nascerem, o que leva em torno de 31-36 dias para dar cria. Enquanto a m\u00e3e choca os ovos, o pai vai \u00e0 ca\u00e7a de alimento para ela. Depois que os ovos chocam, os filhotes ficam sobre cuidados por 2 semanas. A m\u00e3e vai trazer comida e vai alimentar os filhotes com pequenas quantidades. Com 3 semanas os filhotes come\u00e7am a ficar independentes. Eles v\u00e3o se alimentar sozinhos e come\u00e7ar a engolir toda a comida. Com 5 semanas os filhotes come\u00e7am a andar em volta do ninho. Ent\u00e3o, em 52 dias, eles s\u00e3o capazes de voar alguns metros. Com 3-4 semanas de vida eles saem dos ninhos no solo. Se o ninho estiver no alto, eles demoram mais, s\u00f3 saem em torno de 5-7 semanas. Caso contr\u00e1rio, eles cairiam no ch\u00e3o e n\u00e3o seriam capazes de voltar.<\/p>\n<p>As aves jovens que t\u00eam penas das asas e s\u00e3o grandes o suficiente para voar s\u00e3o cuidadas por ambos m\u00e3e e meu pai por cerca de 20-24 semanas. O bufo-real pode viver at\u00e9 os 20 anos de idade na floresta, mas em cativeiro pode chegar a 60 anos.\u00a0 Eles n\u00e3o tem predadores, tirando os humanos.<\/p>\n<p>Eles s\u00e3o encontrados em toda a Europa, Oriente M\u00e9dio e tamb\u00e9m no continente africano.\u00a0 S\u00e3o muito resistente e s\u00e3o capazes de se reproduzir no extremamente seco deserto do Sahara. No entanto, eles preferem se reproduzir perto de florestas, vales dos rios, desfiladeiros e \u00e1reas rochosas.<\/p>\n<p><span class=\"gts_text\" id=\"gts_text_50\">\u00a0<\/span><\/p>\n","protected":false},"excerpt":{"rendered":"<p>Especialistas dizem que a maior coruja\u00a0do mundo\u00a0\u00e9 o Bufo Real. Algumas pessoas dizem que a coruja Bubo blakistoni \u00e9 maior, mas ainda n\u00e3o foi comprovado. O Bufo Real tem uma envergadura de 138-200 cm (55-79 polegadas) e medem de 58-75 cm (23-30 polegadas) de comprimento. As f\u00eameas pesam em torno de 1,75-4,5 quilos (3,9-10 libras) &hellip; <a href=\"https:\/\/www.big-animals.com\/pt\/bufo-real\/\" class=\"more-link\">Continue reading <span class=\"screen-reader-text\">Bufo-Real<\/span><\/a><\/p>\n","protected":false},"author":1,"featured_media":0,"parent":0,"menu_order":0,"comment_status":"closed","ping_status":"open","template":"","meta":{"_acf_changed":false,"footnotes":""},"acf":[],"_links":{"self":[{"href":"https:\/\/www.big-animals.com\/pt\/wp-json\/wp\/v2\/pages\/99"}],"collection":[{"href":"https:\/\/www.big-animals.com\/pt\/wp-json\/wp\/v2\/pages"}],"about":[{"href":"https:\/\/www.big-animals.com\/pt\/wp-json\/wp\/v2\/types\/page"}],"author":[{"embeddable":true,"href":"https:\/\/www.big-animals.com\/pt\/wp-json\/wp\/v2\/users\/1"}],"replies":[{"embeddable":true,"href":"https:\/\/www.big-animals.com\/pt\/wp-json\/wp\/v2\/comments?post=99"}],"version-history":[{"count":4,"href":"https:\/\/www.big-animals.com\/pt\/wp-json\/wp\/v2\/pages\/99\/revisions"}],"predecessor-version":[{"id":351,"href":"https:\/\/www.big-animals.com\/pt\/wp-json\/wp\/v2\/pages\/99\/revisions\/351"}],"wp:attachment":[{"href":"https:\/\/www.big-animals.com\/pt\/wp-json\/wp\/v2\/media?parent=99"}],"curies":[{"name":"wp","href":"https:\/\/api.w.org\/{rel}","templated":true}]}}