{"id":111,"date":"2011-10-18T11:46:56","date_gmt":"2011-10-18T11:46:56","guid":{"rendered":""},"modified":"2014-04-17T16:27:45","modified_gmt":"2014-04-17T16:27:45","slug":"the-red-kangaroo-the-worlds-biggest-marsupial","status":"publish","type":"page","link":"https:\/\/www.big-animals.com\/sv\/the-red-kangaroo-the-worlds-biggest-marsupial\/","title":{"rendered":"Den r\u00f6da k\u00e4ngurun &#8211; v\u00e4rldens st\u00f6rsta pungdjur!"},"content":{"rendered":"<h3><span class=\"gts_text\" id=\"gts_text_1\">Hur stor \u00e4r den r\u00f6da k\u00e4ngurun?<\/span><\/h3>\n<p><span style=\"float: left\"><img decoding=\"async\" class=\" gts_attribute gts_attribute_1_alt\" alt=\"Red Kangaroo och m\u00e4nskliga.\" src=\"http:\/\/ba.dr-mikes-maths.com\/\/wp-content\/themes\/twentyten\/images\/ba\/red-kangaroo-and-human.png\" \/><\/span><\/p>\n<p><span class=\"gts_text\" id=\"gts_text_2\">\u00a0<\/span><\/p>\n<p><span class=\"gts_text\" id=\"gts_text_3\">\u00a0<\/span><\/p>\n<p><span class=\"gts_text\" id=\"gts_text_4\">\u00a0<\/span><\/p>\n<p><span class=\"gts_text\" id=\"gts_text_5\">\u00a0<\/span><\/p>\n<p><span class=\"gts_text\" id=\"gts_text_6\">\u00a0<\/span><\/p>\n<p><span class=\"gts_text\" id=\"gts_text_7\">\u00a0<\/span><\/p>\n<p><span class=\"gts_text\" id=\"gts_text_8\">\u00a0<\/span><\/p>\n<p><span class=\"gts_text\" id=\"gts_text_9\">\u00a0<\/span><\/p>\n<p><span class=\"gts_text\" id=\"gts_text_10\">\u00a0<\/span><\/p>\n<p><span class=\"gts_text\" id=\"gts_text_11\">\u00a0<\/span><\/p>\n<p><span class=\"gts_text\" id=\"gts_text_12\">\u00a0<\/span><\/p>\n<p><span class=\"gts_text\" id=\"gts_text_13\">\u00a0<\/span><\/p>\n<p><span class=\"gts_text\" id=\"gts_text_14\">\u00a0<\/span><\/p>\n<p><span class=\"gts_text\" id=\"gts_text_15\">\u00a0<\/span><\/p>\n<p><span class=\"gts_text\" id=\"gts_text_16\">Den r\u00f6da k\u00e4ngurun \u00e4r v\u00e4rldens st\u00f6rsta <a href=\"\/Marsupials.html\">pungdjur<\/a>.<\/span> <span class=\"gts_text\" id=\"gts_text_17\">En genomsnittlig medelstor r\u00f6d k\u00e4nguru \u00e4r cirka 1,5 meter h\u00f6g, lite kortare \u00e4n en genomsnittlig m\u00e4nniska.<\/span> <span class=\"gts_text\" id=\"gts_text_18\">De kan ofta bli ytterligare en halv meter h\u00f6gre.<\/span> <span class=\"gts_text\" id=\"gts_text_19\">En vuxen hane kan v\u00e4ga 85 kg, men \u00e4r i genomsnitt cirka 25% l\u00e4ttare \u00e4n det.<\/span><\/p>\n<h3><span class=\"gts_text\" id=\"gts_text_20\">Den r\u00f6da k\u00e4nguruns livsmilj\u00f6<\/span><\/h3>\n<p><span class=\"gts_text\" id=\"gts_text_21\">Det finns flera typer av k\u00e4ngurur i Australien.<\/span>\u00a0D<span class=\"gts_text\" id=\"gts_text_22\">en r\u00f6da k\u00e4ngurun \u00e4r den st\u00f6rsta och lever i de torra \u00f6knarna i norr.<\/span> <span class=\"gts_text\" id=\"gts_text_23\">Den h\u00e5ller sig sval genom att vistas i skuggan och h\u00e5lla sig stilla n\u00e4r det \u00e4r varmt &#8211; det \u00e4r mest aktiva p\u00e5 natten, och s\u00e4rskilt i gryning och skymning.<\/span> <span class=\"gts_text\" id=\"gts_text_24\">De fl\u00e5sar ocks\u00e5 (som hundar) och slickar sina framben.<\/span><\/p>\n<p><span class=\"gts_text\" id=\"gts_text_25\">Liksom alla k\u00e4ngurur \u00e4r den r\u00f6da k\u00e4ngurun\u00a0en v\u00e4xt\u00e4tare.<\/span>\u00a0Dess<span class=\"gts_text\" id=\"gts_text_26\">\u00a0favoritmat \u00e4r gr\u00e4s och l\u00e5ga v\u00e4xter.<\/span>\u00a0K\u00e4nguruns kropp tar tillvara\u00a0<span class=\"gts_text\" id=\"gts_text_27\">vatten mycket bra, s\u00e5 att den kan f\u00e5 i sig tillr\u00e4ckligt med vatten fr\u00e5n den mat den \u00e4ter.<\/span> <span class=\"gts_text\" id=\"gts_text_28\">I sj\u00e4lva verket kan den \u00f6verleva l\u00e5nga perioder utan att dricka\u00a0s\u00e5 l\u00e4nge den har tillr\u00e4ckligt med mat.<\/span><\/p>\n<h3><span class=\"gts_text\" id=\"gts_text_29\">Fakta om r\u00f6d\u00a0k\u00e4nguru<\/span><\/h3>\n<p><span class=\"gts_text\" id=\"gts_text_30\">Forskarna kallar den r\u00f6da k\u00e4ngurun<\/span> <span style=\"font-style: italic\"><span class=\"gts_text\" id=\"gts_text_31\">Macropus Rufus<\/span><\/span><span class=\"gts_text\" id=\"gts_text_32\">, vilket betyder &#8220;r\u00f6d storfot&#8221;.<\/span> <span class=\"gts_text\" id=\"gts_text_33\">Det finns 14 olika typer av<\/span> <span style=\"font-style: italic\"><span class=\"gts_text\" id=\"gts_text_34\">Macropus<\/span><\/span><span class=\"gts_text\" id=\"gts_text_35\">, vilket inkluderar alla olika typer av k\u00e4ngurur, vallabyer (sm\u00e5 k\u00e4ngurur) och vallaroer (mellanstorlek mellan\u00a0k\u00e4nguru och vallaby).<\/span>\u00a0B\u00e5de v<span class=\"gts_text\" id=\"gts_text_36\">allabyer och vallaroer \u00a0liknar mycket p\u00e5 k\u00e4nguruer.<\/span><br \/>\n<span style=\"float: right\"><img decoding=\"async\" class=\" gts_attribute gts_attribute_2_alt\" alt=\"Ett par r\u00f6da k\u00e4nguruer.\" src=\"http:\/\/ba.dr-mikes-maths.com\/\/wp-content\/themes\/twentyten\/images\/ba\/red-kangaroo-2.jpg\" \/><\/span><br \/>\n<span class=\"gts_text\" id=\"gts_text_37\">Alla dessa tillh\u00f6r en familj som kallas<\/span> <span style=\"font-style: italic\"><span class=\"gts_text\" id=\"gts_text_38\">Macropodidae<\/span><\/span><span class=\"gts_text\" id=\"gts_text_39\">, vilket ocks\u00e5 betyder &#8220;storfot&#8221;.<\/span> <span class=\"gts_text\" id=\"gts_text_40\">Alla dessa varelser \u00a0har l\u00e5nga f\u00f6tter och f\u00f6rflyttar sig genom att hoppa, men m\u00e5nga av dem liknar inte s\u00e5 mycket p\u00e5 k\u00e4nguruer.<\/span> <span class=\"gts_text\" id=\"gts_text_41\">Tidiga holl\u00e4ndska uppt\u00e4cktsresande kallade faktiskt en viss \u00f6 utanf\u00f6r v\u00e4stra Australien f\u00f6r ett &#8220;r\u00e5ttbo&#8221; eftersom den var full av medelstora k\u00e4ngurudjur, s\u00e5 kallade &#8220;Quokka&#8221;.<\/span><\/p>\n<p><span class=\"gts_text\" id=\"gts_text_42\">Familjen Macropodidae h\u00f6r till ordningen<\/span> <span style=\"font-style: italic\"><span class=\"gts_text\" id=\"gts_text_43\">Diprotodontia<\/span><\/span><span class=\"gts_text\" id=\"gts_text_44\">, vilket betyder &#8220;tv\u00e5 framt\u00e4nder&#8221;.<\/span> <span class=\"gts_text\" id=\"gts_text_45\">Dessa inkluderar alla de mest k\u00e4nda pungdjuren &#8211; k\u00e4ngurur, koalor, vombater, pungr\u00e5ttor med flera.<\/span> <span class=\"gts_text\" id=\"gts_text_46\">Den r\u00f6da k\u00e4ngurun\u00a0\u00e4r d\u00e4rf\u00f6r<\/span><\/p>\n<ul>\n<li><span class=\"gts_text\" id=\"gts_text_47\">V\u00e4rldens st\u00f6rsta av de 14 typerna av k\u00e4nguru, vallaby och vallaroo,<\/span><\/li>\n<li><span class=\"gts_text\" id=\"gts_text_48\">V\u00e4rldens st\u00f6rsta av de cirka 47 \u00a0typerna av k\u00e4ngurudjur,<\/span><\/li>\n<li><span class=\"gts_text\" id=\"gts_text_49\">V\u00e4rldens st\u00f6rsta av de cirka 120 typerna av<\/span> <span style=\"font-style: italic\"><span class=\"gts_text\" id=\"gts_text_50\">Diprotodontia<\/span><\/span><span class=\"gts_text\" id=\"gts_text_51\">,<\/span><\/li>\n<\/ul>\n<p><span class=\"gts_text\" id=\"gts_text_52\">och dessutom v\u00e4rldens st\u00f6rsta pungdjur.<\/span> <span class=\"gts_text\" id=\"gts_text_53\">Den \u00e4r dock inte det st\u00f6rsta <a href=\"\/Mammals.html\">d\u00e4ggdjuret<\/a>\u00a0eller ens det st\u00f6rsta landd\u00e4ggdjuret.<\/span> <span class=\"gts_text\" id=\"gts_text_54\">Dessa utm\u00e4rkelser g\u00e5 till <a href=\"\/Blue-Whale.html\">bl\u00e5valen<\/a>\u00a0och <a href=\"\/African-Bush-Elephant.html\">den afrikanska savannelefanten<\/a> .<\/span><\/p>\n<h3><span class=\"gts_text\" id=\"gts_text_55\">Den r\u00f6da k\u00e4nguruns\u00a0hopp<\/span><\/h3>\n<p><span class=\"gts_text\" id=\"gts_text_56\">K\u00e4ngurun\u00a0har ett fantastiskt hopp.<\/span> <span class=\"gts_text\" id=\"gts_text_57\">Den kan hoppa \u00f6ver ett 3 meter h\u00f6gt staket, och \u00f6ver 5 meter p\u00e5 l\u00e4ngden.<\/span> <span class=\"gts_text\" id=\"gts_text_58\">Detta fantastiska spr\u00e5ng har till och med inspirerat poeter, inklusive en av mina favoritdikter av <a href=\"http:\/\/en.wikipedia.org\/wiki\/Ogden_Nash\" target=\"_blank\">Ogden Nash<\/a>, som han skrev till\u00a0<a class=\" gts_attribute gts_attribute_4_title\" title=\"Camille Saint-Sa\u00ebns\" href=\"http:\/\/en.wikipedia.org\/wiki\/Camille_Saint-Sa%C3%ABns\" target=\"_blank\">Camille Saint-Sa\u00ebns<\/a>&#8216;\u00a0<a href=\"http:\/\/en.wikipedia.org\/wiki\/Carnival_of_the_Animals\" target=\"_blank\">Djurkarnevalen<\/a>\u00a0:<\/span><\/p>\n<div style=\"margin-left: 40px\"><span style=\"font-style: italic\"><span class=\"gts_text\" id=\"gts_text_59\">K\u00e4ngurun kan hoppa otroligt.<\/span><br \/>\n<span class=\"gts_text\" id=\"gts_text_60\">Han m\u00e5ste hoppa, f\u00f6r han \u00e4r \u00e4tlig.<\/span><br \/>\n<span class=\"gts_text\" id=\"gts_text_61\">Jag skulle inte \u00e4ta en k\u00e4nguru,<\/span><br \/>\n<span class=\"gts_text\" id=\"gts_text_62\">Men det g\u00f6r m\u00e5nga australiensare.<\/span><br \/>\n<span class=\"gts_text\" id=\"gts_text_63\">De med kokb\u00f6cker och bumeranger,<\/span><br \/>\n<span class=\"gts_text\" id=\"gts_text_64\">kan njuta av l\u00e4ckra k\u00e4nguru-mar\u00e4nger<\/span><\/span><span class=\"gts_text\" id=\"gts_text_65\">.<\/span><\/div>\n<p><span class=\"gts_text\" id=\"gts_text_66\">Jag vet inte vad jag tycker om mar\u00e4ngerna, men ett 5-metershopp av ett 1,5-meters djur \u00e4r verkligen otroligt.<\/span><\/p>\n<p><span class=\"gts_text\" id=\"gts_text_67\">K\u00e4ngurun har s\u00e4rskilda t\u00e4njbara senor i sina ben, som fungerar som fj\u00e4drar d\u00e5 den studsar fr\u00e5n hopp till hopp.<\/span>\u00a0Den<span class=\"gts_text\" id=\"gts_text_68\">\u00a0r\u00f6da k\u00e4ngurun anv\u00e4nder ungef\u00e4r samma m\u00e4ngd energi n\u00e4r den hoppar snabbt som n\u00e4r den hoppar l\u00e5ngsamt.<\/span><\/p>\n<h3><span class=\"gts_text\" id=\"gts_text_69\">\u00d6vriga fakta om r\u00f6d k\u00e4nguru<\/span><\/h3>\n<p><span class=\"gts_text\" id=\"gts_text_70\">Dessa fantastiska varelser \u00e4r lyckligtvis inte det minsta utrotningshotade.<\/span> <span class=\"gts_text\" id=\"gts_text_71\">I bra tider kan de \u00f6ka i antal mycket snabbt.<\/span> <span class=\"gts_text\" id=\"gts_text_72\">De lever i upp till 14 \u00e5r, och en k\u00e4ngurumamma kan f\u00f6da en unge var \u00e5ttonde eller nionde m\u00e5nad.<\/span> <span class=\"gts_text\" id=\"gts_text_73\">En k\u00e4nguruunge \u00e4r en &#8220;Joey&#8221;, och en grupp k\u00e4ngurur kallas en &#8220;Mobb&#8221;.<\/span> <span class=\"gts_text\" id=\"gts_text_74\">N\u00e4r r\u00f6da k\u00e4nguruhanar sl\u00e5ss, balanserar de p\u00e5 sina bakben och svans, brottas med sina framtassar och ibland levererar de en snabb bakbensspark.<\/span> <span class=\"gts_text\" id=\"gts_text_75\">Om du vill kan du se en <a href=\"http:\/\/au.youtube.com\/watch?v=CEDq0SAYW44\" target=\"_blank\">video p\u00e5 n\u00e4r det h\u00e4nder<\/a>.<\/span> <span class=\"gts_text\" id=\"gts_text_76\">Det ser lite ut som att de boxas, s\u00e5 d\u00e4rf\u00f6r talar man ibland om &#8220;boxande k\u00e4ngurur&#8221;.<\/span><\/p>\n<div style=\"text-align: center\"><img decoding=\"async\" class=\" gts_attribute gts_attribute_3_alt gts_attribute_5_title\" style=\"width: 600px;height: 325px\" title=\"r\u00f6d k\u00e4nguru\" alt=\"r\u00f6d k\u00e4nguru\" src=\"http:\/\/ba.dr-mikes-maths.com\/\/wp-content\/themes\/twentyten\/images\/ba\/red-kangaroo.jpg\" \/><\/div>\n","protected":false},"excerpt":{"rendered":"<p>Hur stor \u00e4r den r\u00f6da k\u00e4ngurun? \u00a0 \u00a0 \u00a0 \u00a0 \u00a0 \u00a0 \u00a0 \u00a0 \u00a0 \u00a0 \u00a0 \u00a0 \u00a0 \u00a0 Den r\u00f6da k\u00e4ngurun \u00e4r v\u00e4rldens st\u00f6rsta pungdjur. En genomsnittlig medelstor r\u00f6d k\u00e4nguru \u00e4r cirka 1,5 meter h\u00f6g, lite kortare \u00e4n en genomsnittlig m\u00e4nniska. De kan ofta bli ytterligare en halv meter h\u00f6gre. En vuxen hane &hellip; <a href=\"https:\/\/www.big-animals.com\/sv\/the-red-kangaroo-the-worlds-biggest-marsupial\/\" class=\"more-link\">Continue reading <span class=\"screen-reader-text\">Den r\u00f6da k\u00e4ngurun &#8211; v\u00e4rldens st\u00f6rsta pungdjur!<\/span><\/a><\/p>\n","protected":false},"author":1,"featured_media":0,"parent":0,"menu_order":0,"comment_status":"closed","ping_status":"open","template":"","meta":{"_acf_changed":false,"footnotes":""},"acf":[],"_links":{"self":[{"href":"https:\/\/www.big-animals.com\/sv\/wp-json\/wp\/v2\/pages\/111"}],"collection":[{"href":"https:\/\/www.big-animals.com\/sv\/wp-json\/wp\/v2\/pages"}],"about":[{"href":"https:\/\/www.big-animals.com\/sv\/wp-json\/wp\/v2\/types\/page"}],"author":[{"embeddable":true,"href":"https:\/\/www.big-animals.com\/sv\/wp-json\/wp\/v2\/users\/1"}],"replies":[{"embeddable":true,"href":"https:\/\/www.big-animals.com\/sv\/wp-json\/wp\/v2\/comments?post=111"}],"version-history":[{"count":3,"href":"https:\/\/www.big-animals.com\/sv\/wp-json\/wp\/v2\/pages\/111\/revisions"}],"predecessor-version":[{"id":285,"href":"https:\/\/www.big-animals.com\/sv\/wp-json\/wp\/v2\/pages\/111\/revisions\/285"}],"wp:attachment":[{"href":"https:\/\/www.big-animals.com\/sv\/wp-json\/wp\/v2\/media?parent=111"}],"curies":[{"name":"wp","href":"https:\/\/api.w.org\/{rel}","templated":true}]}}