{"id":15,"date":"2011-05-09T09:04:18","date_gmt":"2011-05-09T09:04:18","guid":{"rendered":""},"modified":"2011-05-09T09:04:18","modified_gmt":"2011-05-09T09:04:18","slug":"skoldpaddorna-och-skoldpaddor","status":"publish","type":"page","link":"https:\/\/www.big-animals.com\/sv\/skoldpaddorna-och-skoldpaddor\/","title":{"rendered":"Sk\u00f6ldpaddor"},"content":{"rendered":"<p><span id=\"gts_text_1\" class=\"gts_text\">Sk\u00f6ldpaddor \u00e4r <a href=\"http:\/\/www.big-animals.com\/the-worlds-biggest-reptiles\/\">reptiler<\/a>. <\/span><span id=\"gts_text_2\" class=\"gts_text\">De har en s\u00e4rskild skal som fungerar som en sk\u00f6ld. <\/span><span id=\"gts_text_3\" class=\"gts_text\">De skyddas av ett skal p\u00e5 toppen och under. <\/span><span id=\"gts_text_4\" class=\"gts_text\">Den \u00f6versta kupolf\u00f6rsedda delen kallas <em>sk\u00f6ldens<\/em>. <\/span><span id=\"gts_text_5\" class=\"gts_text\">Den nedre delen som omsluter magen kallas dess <em>Plastrong<\/em>. <\/span><span id=\"gts_text_6\" class=\"gts_text\">B\u00e5de sk\u00f6ldens och Plastrong \u00e4r ihopkopplade med beniga strukturer kallas broar. <\/span><span id=\"gts_text_7\" class=\"gts_text\">Sk\u00f6ldpaddornas skal best\u00e5r av 60 olika ben som delar av ryggraden, br\u00f6stbenet och revbenen. <\/span><span id=\"gts_text_8\" class=\"gts_text\">Detta inneb\u00e4r, till skillnad fr\u00e5n vad du ser i tecknade serier, sk\u00f6ldpaddan inte kommer ut ur sitt skal.<\/span><\/p>\n<p><span id=\"gts_text_9\" class=\"gts_text\">Form av skalet ber\u00e4ttar hur sk\u00f6ldpaddan lever. <\/span><span id=\"gts_text_10\" class=\"gts_text\">De flesta sk\u00f6ldpaddor har en stor kupolen-formade skalet som en sk\u00f6ld mot deras predatorer. <\/span><span id=\"gts_text_11\" class=\"gts_text\">Men afrikanska pannkaka sk\u00f6ldpaddan har en platt flexibla skal som hj\u00e4lper till att snabbt k\u00f6ra ifr\u00e5n deras predatorer genom att g\u00f6mma sig i rock sprickor.<\/span><\/p>\n<p><span id=\"gts_text_12\" class=\"gts_text\">De flesta sk\u00f6ldpaddor som lever i vatten har platt tankar att hj\u00e4lpa dem att simma och dyka. <\/span><span id=\"gts_text_13\" class=\"gts_text\">Amerikansk f\u00e4stfunktionen sk\u00f6ldpaddorna och Musk sk\u00f6ldpaddor har sm\u00e5, cross-formad l\u00e4gre skal s\u00e5 att de kan g\u00e5 mer effektivt l\u00e4ngst ned i dammar och vattendrag.<\/span><\/p>\n<p><span id=\"gts_text_14\" class=\"gts_text\">Olika sk\u00f6ldpaddorna har skal av olika f\u00e4rger. <\/span><span id=\"gts_text_15\" class=\"gts_text\">De vanligaste f\u00e4rgerna \u00e4r brown, svart eller gr\u00f6n olivolja. <\/span><span id=\"gts_text_16\" class=\"gts_text\">En av de mest f\u00e4rgstarka sk\u00f6ldpaddorna \u00e4r \u00f6stra m\u00e5lade sk\u00f6ldpaddan som har en gul l\u00e4gre skal och en svart eller olivolja shell med r\u00f6d m\u00e4rkning runt kraterranden. <\/span><span id=\"gts_text_17\" class=\"gts_text\">\u00c4r inte det f\u00e4rgglada!<\/span><\/p>\n<p><span id=\"gts_text_18\" class=\"gts_text\">Sk\u00f6ldpaddor, som tillbringar st\u00f6rre delen av sitt liv p\u00e5 land, har tyngre och h\u00f6gre kupolen-formade tankar. <\/span><span id=\"gts_text_19\" class=\"gts_text\">Akvatiska och soft-shelled sk\u00f6ldpaddorna har har l\u00e4tta skal s\u00e5 att de kommer att sjunka till botten av havet. <\/span><span id=\"gts_text_20\" class=\"gts_text\">En ljusare skal bidrar ocks\u00e5 till dem att simma snabbare. <\/span><span id=\"gts_text_21\" class=\"gts_text\">Till exempel Frank Gallagher sk\u00f6ldpaddorna \u00e4r utm\u00e4rkta simmare och har mycket l\u00e4tta skal.<\/span><\/p>\n<p><span id=\"gts_text_22\" class=\"gts_text\">Sk\u00f6ldpaddorna var runt n\u00e4r dinosaurierna roamed jorden. <\/span><span id=\"gts_text_23\" class=\"gts_text\">Detta g\u00f6r sk\u00f6ldpaddorna en av de \u00e4ldsta reptiler, \u00f6dlor, ormar och krokodiler. <\/span><span id=\"gts_text_24\" class=\"gts_text\">Vissa sk\u00f6ldpaddorna kan leva \u00f6ver 100 \u00e5r gamla. <\/span><span id=\"gts_text_25\" class=\"gts_text\">Anledningen varf\u00f6r de lever som l\u00e4nge eftersom sk\u00f6ldpaddornas organ forts\u00e4tta arbeta samt de \u00e5lder.<\/span><\/p>\n<figure id=\"attachment_363\" aria-describedby=\"caption-attachment-363\" style=\"width: 259px\" class=\"wp-caption alignleft\"><a href=\"http:\/\/www.big-animals.com\/wp-content\/uploads\/2011\/01\/Harriet.jpg\"><img loading=\"lazy\" decoding=\"async\" class=\"size-full wp-image-363\" title=\"Harriet, The Long-Lived Gal\u00e1pagos Tortoise\" src=\"http:\/\/www.big-animals.com\/wp-content\/uploads\/2011\/01\/Harriet.jpg\" alt=\"Harriet, The Long-Lived Gal\u00e1pagos Tortoise\" width=\"259\" height=\"144\" \/><\/a><figcaption id=\"caption-attachment-363\" class=\"wp-caption-text\">Harriet, The Long-Lived Gal\u00e1pagos Tortoise<\/figcaption><\/figure>\n<p><span id=\"gts_text_26\" class=\"gts_text\">Adwaita (enligt &#8220;en och endast&#8221; i Sanskrit) var namnet p\u00e5 en manlig Aldabra j\u00e4tte sk\u00f6ldpadda i Alipore zoologiska tr\u00e4dg\u00e5rdar i Kolkata, Indien. <\/span><span id=\"gts_text_27\" class=\"gts_text\">Han var bland de \u00e4ldsta levande djur i v\u00e4rlden. <\/span><span id=\"gts_text_28\" class=\"gts_text\">Han dog n\u00e4r han var cirka 255 \u00e5r 2006. <\/span><span id=\"gts_text_29\" class=\"gts_text\">Tu&#8217;i Malila \u00e4r andra Zhivkovkonstitutionen sk\u00f6ldpaddan efter Adwaita. <\/span><span id=\"gts_text_30\" class=\"gts_text\">Han dog 1965 vid en \u00e5lder av 188. <\/span><span id=\"gts_text_31\" class=\"gts_text\">N\u00e4sta, Harriet, en <a href=\"http:\/\/www.big-animals.com\/galapagos-tortoise\/\">Gal\u00e1pagossk\u00f6ldpaddor sk\u00f6ldpadda<\/a> \u00e4r tredje l\u00e4ngsta-levande sk\u00f6ldpaddan som dog vid en \u00e5lder av 175 \u00e5r i Australien 2006.<\/span><\/p>\n<p><span id=\"gts_text_32\" class=\"gts_text\">N\u00e5gra av de m\u00e5nga arterna som lever i dag \u00e4r riskerar att d\u00f6 ut. <\/span><span id=\"gts_text_33\" class=\"gts_text\">Alla havssk\u00f6ldpaddor \u00e4r hotade. <\/span><span id=\"gts_text_34\" class=\"gts_text\">Det finns lagar f\u00f6r att skydda dem, men deras k\u00f6tt \u00e4r mycket efterfr\u00e5gade i vissa kulturer. <\/span><span id=\"gts_text_35\" class=\"gts_text\">Sk\u00f6ldpaddorna soppa \u00e4r en dyr sk\u00e5len, till exempel. <\/span><span id=\"gts_text_36\" class=\"gts_text\">De har varit s\u00e5 aggressivt jagade i Asien att sk\u00f6ldpaddorna f\u00f6rsvunnit n\u00e4stan helt.<\/span><\/p>\n<p><span id=\"gts_text_37\" class=\"gts_text\">Gissa vad damer! <\/span><span id=\"gts_text_38\" class=\"gts_text\">Fett fr\u00e5n sk\u00f6ldpaddorna anv\u00e4nds ocks\u00e5 i V\u00e4stindien och Mexiko som en ingrediens i kosmetiska produkter. <\/span><span id=\"gts_text_39\" class=\"gts_text\">En sk\u00f6ldpadda nedre skalet anv\u00e4nds i traditionell kinesisk medicin.<\/span><\/p>\n<p><span id=\"gts_text_40\" class=\"gts_text\">F\u00f6r att m\u00f6ta den h\u00f6ga efterfr\u00e5gan p\u00e5 sk\u00f6ldpaddor har m\u00e5nga m\u00e4nniskor b\u00f6rjade st\u00e4lla in sk\u00f6ldpaddorna anl\u00e4ggningar i Kina, Oklahoma och Louisiana.<\/span><\/p>\n<p><span id=\"gts_text_41\" class=\"gts_text\">Sk\u00f6ldpaddorna \u00e4r kallt blooded. <\/span><span id=\"gts_text_42\" class=\"gts_text\">D\u00e4rf\u00f6r \u00e4ndra sina kroppar temperatur med omgivningen. <\/span><span id=\"gts_text_43\" class=\"gts_text\">Sk\u00f6ldpaddorna f\u00f6rbli livl\u00f6s i kallt vatten. <\/span><span id=\"gts_text_44\" class=\"gts_text\">De flesta av dem sova under vintern. <\/span><span id=\"gts_text_45\" class=\"gts_text\">Alla sk\u00f6ldpaddor andas luft. <\/span><span id=\"gts_text_46\" class=\"gts_text\">Sk\u00f6ldpaddorna under vattnet m\u00e5ste g\u00e5 till ytan att fylla p\u00e5 sina lungor.<\/span><\/p>\n<p><span id=\"gts_text_47\" class=\"gts_text\">Sk\u00f6ldpaddorna inte l\u00e4gger sina \u00e4gg under vattnet. <\/span><span id=\"gts_text_48\" class=\"gts_text\">De flesta av kvinnliga sk\u00f6ldpaddorna \u00e5terv\u00e4nder till stranden att l\u00e4gga sina \u00e4gg efter reser hundratals kilometer. <\/span><span id=\"gts_text_49\" class=\"gts_text\">Sk\u00f6ldpaddorna har flipprarna att hj\u00e4lpa dem att simma. <\/span><span id=\"gts_text_50\" class=\"gts_text\">Tro det eller ej de kan ta det simmar lika snabbt som m\u00e4nniskor kan k\u00f6ras p\u00e5 marken. <\/span><span id=\"gts_text_51\" class=\"gts_text\">De flyttar sin fr\u00e4mre flipprarna att simma och bakre flipparna g\u00f6ra styrningen.<\/span><\/p>\n<figure id=\"attachment_364\" aria-describedby=\"caption-attachment-364\" style=\"width: 213px\" class=\"wp-caption alignright\"><a href=\"http:\/\/www.big-animals.com\/wp-content\/uploads\/2011\/01\/HaeckelChelonia.jpg\"><img loading=\"lazy\" decoding=\"async\" class=\"size-medium wp-image-364\" title=\"Different Types of Turtles and Tortoises - Drawings by Haeckel, 1904\" src=\"http:\/\/www.big-animals.com\/wp-content\/uploads\/2011\/01\/HaeckelChelonia-213x300.jpg\" alt=\"Different Types of Turtles and Tortoises - Drawings by Haeckel, 1904\" width=\"213\" height=\"300\" \/><\/a><figcaption id=\"caption-attachment-364\" class=\"wp-caption-text\">Different Types of Turtles and Tortoises - Drawings by Haeckel, 1904<\/figcaption><\/figure>\n<p><span id=\"gts_text_52\" class=\"gts_text\">Eftersom de \u00e4r s\u00e5 vana att vara i vattnet, tycker de att det verkligen sv\u00e5rt att flytta p\u00e5 marken. <\/span><span id=\"gts_text_53\" class=\"gts_text\">Det \u00e4r d\u00e4rf\u00f6r mor sk\u00f6ldpaddorna g\u00e5 mycket l\u00e5ngsamt p\u00e5 land, att dra sig fram\u00e5t med sina flipprarna att hitta en plats att gr\u00e4va ett h\u00e5l och l\u00e4gger sina \u00e4gg. <\/span><span id=\"gts_text_54\" class=\"gts_text\">De kommer att l\u00e4gga flera hundra \u00e4gg som kommer att se ut ping pong bollar. <\/span><span id=\"gts_text_55\" class=\"gts_text\">De kommer att omfatta h\u00e5l med lera eller sand. <\/span><span id=\"gts_text_56\" class=\"gts_text\">M\u00f6drarna ska du l\u00e4mna sina \u00e4gg i h\u00e5let. <\/span><span id=\"gts_text_57\" class=\"gts_text\">Moder sk\u00f6ldpaddorna bryr sig inte f\u00f6r sina barn.<\/span><\/p>\n<p><span id=\"gts_text_58\" class=\"gts_text\">V\u00e4rmen fr\u00e5n solen kommer att bidra till kl\u00e4cks \u00e4ggen. <\/span><span id=\"gts_text_59\" class=\"gts_text\">Kvinnliga sk\u00f6ldpaddorna kl\u00e4cks fr\u00e5n varmare \u00e4ggen som n\u00e4rmare ytan av sand eller lera. <\/span><span id=\"gts_text_60\" class=\"gts_text\">Manliga sk\u00f6ldpaddorna kl\u00e4cks fr\u00e5n de svalare \u00e4gg som \u00e4r l\u00e4ngst ned i h\u00e5let. <\/span><span id=\"gts_text_61\" class=\"gts_text\">Dessa sm\u00e5 baby sk\u00f6ldpaddorna till ytan gr\u00e4va sig och sedan simma till havet. <\/span><span id=\"gts_text_62\" class=\"gts_text\">Det finns m\u00e5nga f\u00e5glar, krabbor och djur som v\u00e4ntar p\u00e5 att avnjuta dem som de tar sig tillbaka till havet. <\/span><span id=\"gts_text_63\" class=\"gts_text\">Tyv\u00e4rr, bara 1 procent av alla barn sk\u00f6ldpaddorna n\u00e5r vuxen \u00e5lder.<\/span><\/p>\n<p><span id=\"gts_text_64\" class=\"gts_text\">Vissa sk\u00f6ldpaddorna kan s\u00e4nka sin hals och dra huvudet raka tillbaka till skalet. <\/span><span id=\"gts_text_65\" class=\"gts_text\">Dessa arter av sk\u00f6ldpaddorna inneh\u00e5lla s\u00f6tvatten sk\u00f6ldpaddorna, f\u00e4stning sk\u00f6ldpaddor, sk\u00f6ldpaddor, soft &#8211; shelled sk\u00f6ldpaddorna och havssk\u00f6ldpaddor. <\/span><span id=\"gts_text_66\" class=\"gts_text\">\u00d6vriga sk\u00f6ldpaddor, kallas sida-hals sk\u00f6ldpaddor, dra nacken sidledes till gr\u00e4nssnittet. <\/span><span id=\"gts_text_67\" class=\"gts_text\">De kallas sidohalsen sk\u00f6ldpaddorna, och lever p\u00e5 s\u00f6dra halvklotet.<\/span><\/p>\n<p><span id=\"gts_text_68\" class=\"gts_text\">En sk\u00f6ldpadda huvudet t\u00e4cks i h\u00e5rda fj\u00e4ll. <\/span><span id=\"gts_text_69\" class=\"gts_text\">De flesta sk\u00f6ldpaddor som merparten av sin tid p\u00e5 mark har sina \u00f6gon tittar p\u00e5 objekt i dem. <\/span><span id=\"gts_text_70\" class=\"gts_text\">Vissa akvatiska turtles som f\u00e4stning sk\u00f6ldpaddorna och soft-shelled sk\u00f6ldpaddorna har \u00f6gon n\u00e4rmare l\u00e4ngst upp i huvudet. <\/span><span id=\"gts_text_71\" class=\"gts_text\">Dessa arter av sk\u00f6ldpaddorna kan d\u00f6lja fr\u00e5n predatorer genom sjunker i grunt vatten, men se till att deras \u00f6gon och n\u00e4sborrar \u00e4r ovanf\u00f6r ytan. <\/span><span id=\"gts_text_72\" class=\"gts_text\">Havssk\u00f6ldpaddor har k\u00f6rtlar n\u00e4ra deras \u00f6gon att bli av med \u00f6verskottet saltet i sin kropp som de f\u00e5r fr\u00e5n deras dricksvatten.<\/span><\/p>\n<p><span id=\"gts_text_73\" class=\"gts_text\">Sk\u00f6ldpaddorna har superba m\u00f6rkerseende. <\/span><span id=\"gts_text_74\" class=\"gts_text\">Det hj\u00e4lper mycket att tydligt se l\u00e4ngst ned i de m\u00f6rka havet eller p\u00e5 natten p\u00e5 marken n\u00e4r de kommer att l\u00e4gga sina \u00e4gg.<\/span><\/p>\n<p><span id=\"gts_text_75\" class=\"gts_text\">Vissa sk\u00f6ldpaddorna \u00e4ter b\u00e5de v\u00e4xter och k\u00f6tt, vissa \u00e4ter mestadels v\u00e4xter och andra fr\u00e4mst k\u00f6tt. <\/span><span id=\"gts_text_76\" class=\"gts_text\">Sk\u00f6ldpaddorna har inte t\u00e4nder men de har en stark n\u00e4bb. <\/span><span id=\"gts_text_77\" class=\"gts_text\">Anl\u00e4ggningen-\u00e4ta sk\u00f6ldpaddorna har en s\u00e5g-liknande kant till deras n\u00e4bb som hj\u00e4lper dem skurna i tuffa livsmedel som havet gr\u00e4s. <\/span><span id=\"gts_text_78\" class=\"gts_text\">\u00c5 andra sidan har k\u00f6tt \u00e4ta sk\u00f6ldpaddorna kniv-sharp n\u00e4bben f\u00f6r skivning genom sina byten. <\/span><span id=\"gts_text_79\" class=\"gts_text\">Sk\u00f6ldpaddorna anv\u00e4nda sina tungor f\u00f6r att hj\u00e4lpa dem att sv\u00e4lja mat men de kan inte sticka ut sina tungor att f\u00e5nga mat som en groda.<\/span><\/p>\n<p><span id=\"gts_text_80\" class=\"gts_text\">Den st\u00f6rsta levande havssk\u00f6ldpadda \u00e4r det stora <a href=\"http:\/\/www.big-animals.com\/leatherback-sea-turtle\/\">havet Sentry<\/a>. <\/span><span id=\"gts_text_81\" class=\"gts_text\">L\u00e4ngden p\u00e5 sitt skal \u00e4r ca 200 cm (6,6 meter) och kan v\u00e4ga \u00f6ver 900 kg (2000lb). <\/span><span id=\"gts_text_82\" class=\"gts_text\">Dess skal \u00e4r t\u00e4ckt med leathery huden med upph\u00f6jda r\u00e4nder. <\/span><span id=\"gts_text_83\" class=\"gts_text\">Den har en h\u00f6gre kroppstemperatur \u00e4n det omgivande vattnet p\u00e5 grund av dess h\u00f6ga metabolisk hastighet. <\/span><span id=\"gts_text_84\" class=\"gts_text\">Det bor i varmare oceanen haven. <\/span><span id=\"gts_text_85\" class=\"gts_text\">Havssk\u00f6ldpaddor har mer plattare form s\u00e5 att de kan glida genom vattnet ett st\u00e4dat s\u00e4tt. <\/span><span id=\"gts_text_86\" class=\"gts_text\">De lever i havet hela sina liv. <\/span><span id=\"gts_text_87\" class=\"gts_text\">Archelon (enligt linjalen p\u00e5 grekiska) sk\u00f6ldpadda \u00e4r den st\u00f6rsta havssk\u00f6ldpadda n\u00e5gonsin, men det \u00e4r redan utd\u00f6da. <\/span><span id=\"gts_text_88\" class=\"gts_text\">Det var 4,6 meter (15 meter). <\/span><span id=\"gts_text_89\" class=\"gts_text\">Det var mer \u00e4n 2 200 kg (4500lbs). <\/span><span id=\"gts_text_90\" class=\"gts_text\">De flesta av resterna av Archelon sk\u00f6ldpaddorna kunde hittas i South Dakota och Wyoming.\u00a0Det finns vissa sk\u00f6ldpaddor som ocks\u00e5 lever i s\u00f6tvatten. <\/span><span id=\"gts_text_91\" class=\"gts_text\">F\u00e4rskvatten sk\u00f6ldpaddorna \u00e4r i allm\u00e4nhet mindre j\u00e4mf\u00f6rt med havssk\u00f6ldpaddor. <\/span><span id=\"gts_text_92\" class=\"gts_text\">St\u00f6rsta f\u00e4rskvatten sk\u00f6ldpaddorna \u00e4r den asiatiska soft-shelled turtle. <\/span><span id=\"gts_text_93\" class=\"gts_text\">Denna turtle kan v\u00e4xa upp till 2 meter (6,6).<\/span><\/p>\n<p><span id=\"gts_text_94\" class=\"gts_text\">Sk\u00f6ldpaddorna \u00e4ter b\u00e5de v\u00e4xter och insekter. <\/span><span id=\"gts_text_95\" class=\"gts_text\">De har webbed fr\u00e4mre fot som ser ut som flipprarna. <\/span><span id=\"gts_text_96\" class=\"gts_text\">Gris-Nosed sk\u00f6ldpaddorna har verkliga flipprarna. <\/span><span id=\"gts_text_97\" class=\"gts_text\">Men sk\u00f6ldpaddor, som tillbringar st\u00f6rre delen av sitt liv p\u00e5 mark, runt benen med vassa klor f\u00f6r gr\u00e4va. <\/span><span id=\"gts_text_98\" class=\"gts_text\">Sk\u00f6ldpaddor \u00e4ter bara v\u00e4xter, blad och andra l\u00e5g ligger v\u00e4xtlighet. <\/span><span id=\"gts_text_99\" class=\"gts_text\">De tenderar att bo i ett omr\u00e5de. <\/span><span id=\"gts_text_100\" class=\"gts_text\">De tr\u00e4der endast i vattnet n\u00e4r de \u00e4r t\u00f6rstig eller bathing. <\/span><span id=\"gts_text_101\" class=\"gts_text\">De kan vara drunknar i starka str\u00f6mmar. <\/span><span id=\"gts_text_102\" class=\"gts_text\">De kan hittas i torra omr\u00e5den. <\/span><span id=\"gts_text_103\" class=\"gts_text\">De \u00e4r vanligen st\u00f6rre, otympliga och tyngre. <\/span><span id=\"gts_text_104\" class=\"gts_text\">St\u00f6rsta levande sk\u00f6ldpaddan \u00e4r <a href=\"http:\/\/www.big-animals.com\/galapagos-tortoise\/\">Gal\u00e1pagossk\u00f6ldpaddor sk\u00f6ldpadda<\/a> som v\u00e4xer till ca 1,8 meter (6 meter) l\u00e5ng och det kan v\u00e4ga \u00f6ver 400kilograms (882 lb). <\/span><span id=\"gts_text_105\" class=\"gts_text\">Det \u00e4r bland de l\u00e4ngsta levde i alla ryggradsdjur. <\/span><span id=\"gts_text_106\" class=\"gts_text\">Den kan leva \u00f6ver 100 \u00e5r gammal i naturen. <\/span><span id=\"gts_text_107\" class=\"gts_text\">\u00c4ldsta Gal\u00e1pagossk\u00f6ldpaddor sk\u00f6ldpaddan var minst 170 \u00e5r gammal. <\/span><span id=\"gts_text_108\" class=\"gts_text\">Den \u00e5terfinns p\u00e5 Galapagos\u00f6arna i Stilla havet. <\/span><span id=\"gts_text_109\" class=\"gts_text\">Den st\u00f6rsta utd\u00f6da sk\u00f6ldpaddan \u00e4r Meiolania sk\u00f6ldpaddan. <\/span><span id=\"gts_text_110\" class=\"gts_text\">De finns i nord och Sydamerika, Australien och Afrika. <\/span><span id=\"gts_text_111\" class=\"gts_text\">De utslocknade 2000 \u00e5r sedan n\u00e4r m\u00e4nniskan b\u00f6rjade jaga dem f\u00f6r livsmedel. <\/span><span id=\"gts_text_112\" class=\"gts_text\">De \u00e4r ungef\u00e4r 2,5 meter (8.2 fot) l\u00e5ng.<\/span><\/p>\n<p><span id=\"gts_text_113\" class=\"gts_text\">\u00c5 andra sidan, v\u00e4rldens minsta sk\u00f6ldpadda \u00e4r fl\u00e4ckig Padloper sk\u00f6ldpaddan &#8211; hanarna endast v\u00e4xa till ca 6-8 cm (2.4 &#8211; 3,1 tum) l\u00e5ng &#8211; men Honorna \u00e4r n\u00e5got st\u00f6rre. <\/span><span id=\"gts_text_114\" class=\"gts_text\">De v\u00e4ga omkring 95-165 gram (3.4-5.8 oz). <\/span><span id=\"gts_text_115\" class=\"gts_text\">Deras favoritmat \u00e4r sm\u00e5 fett v\u00e4xter med massor av vatten i dem. <\/span><span id=\"gts_text_116\" class=\"gts_text\">De bor p\u00e5 steniga marken. <\/span><span id=\"gts_text_117\" class=\"gts_text\">De kan hittas i v\u00e4stra Sydafrika. <\/span><span id=\"gts_text_118\" class=\"gts_text\">Tv\u00e5 andra sm\u00e5 arter sk\u00f6ldpaddorna \u00e4r amerikansk Mud sk\u00f6ldpaddorna och Musk sk\u00f6ldpaddor som bor i ett omr\u00e5de som str\u00e4cker sig fr\u00e5n Kanada till Sydamerika. <\/span><span id=\"gts_text_119\" class=\"gts_text\">Deras tankar var mindre \u00e4n 13 cm (5.1inches) i l\u00e4ngd.<\/span><\/p>\n<p><span id=\"gts_text_120\" class=\"gts_text\">Sk\u00f6ldpaddorna anv\u00e4nda hj\u00e4lp av solens str\u00e5lar f\u00f6r att v\u00e4rma sig sj\u00e4lva och de anv\u00e4nder vatten eller skugga svalna sj\u00e4lva. <\/span><span id=\"gts_text_121\" class=\"gts_text\">Sk\u00f6ldpaddor tenderar att v\u00e4rma sina kroppar av sun badvatten och \u00e4ven burrowing sig sj\u00e4lva p\u00e5 plats f\u00f6r att h\u00e5lla sval. <\/span><span id=\"gts_text_122\" class=\"gts_text\">Det yttersta lagret av skalet \u00e4r en del av huden. <\/span><span id=\"gts_text_123\" class=\"gts_text\">Sk\u00f6ldpaddorna inte kasta deras skinn p\u00e5 en g\u00e5ng som orm. <\/span><span id=\"gts_text_124\" class=\"gts_text\">Sk\u00f6ldpaddorna kasta sin hud bit f\u00f6r bit. <\/span><span id=\"gts_text_125\" class=\"gts_text\">Sk\u00f6ldpaddor kasta ocks\u00e5 hud. <\/span><span id=\"gts_text_126\" class=\"gts_text\">Dessa d\u00f6da huden kommer att samlas i en tjock knoppar och plattor som kommer att skydda vissa delar av kroppen, utanf\u00f6r skalet.<\/span><\/p>\n<p><span id=\"gts_text_127\" class=\"gts_text\">Stora sk\u00f6ldpaddorna tenderar att simma mindre \u00e4n mindre. <\/span><span id=\"gts_text_128\" class=\"gts_text\">Till exempel simmar Alligator f\u00e4stning Turtle, som \u00e4r en av de st\u00f6rsta s\u00f6tvatten sk\u00f6ldpaddorna i v\u00e4rlden, knappast alls. <\/span><span id=\"gts_text_129\" class=\"gts_text\">De f\u00f6redrar att g\u00e5 l\u00e4ngst ned i sj\u00f6n eller flod. <\/span><span id=\"gts_text_130\" class=\"gts_text\">Sk\u00f6ldpaddorna anv\u00e4nda deras l\u00e5nga klor f\u00f6r att kl\u00e4ttra p\u00e5 flodstr\u00e4nderna och flytande loggar.<\/span><\/p>\n<p><span id=\"gts_text_131\" class=\"gts_text\">Sm\u00e5 mark sk\u00f6ldpaddorna och s\u00f6tvatten sk\u00f6ldpaddorna h\u00e5lls ibland som s\u00e4llskapsdjur. <\/span><span id=\"gts_text_132\" class=\"gts_text\">De mest popul\u00e4ra \u00e4r ryska sk\u00f6ldpaddor, Spur-Thighed sk\u00f6ldpaddor och Red-Eared skjutreglagen.<\/span><\/p>\n","protected":false},"excerpt":{"rendered":"<p>Sk\u00f6ldpaddor \u00e4r reptiler. De har en s\u00e4rskild skal som fungerar som en sk\u00f6ld. De skyddas av ett skal p\u00e5 toppen och under. Den \u00f6versta kupolf\u00f6rsedda delen kallas sk\u00f6ldens. Den nedre delen som omsluter magen kallas dess Plastrong. B\u00e5de sk\u00f6ldens och Plastrong \u00e4r ihopkopplade med beniga strukturer kallas broar. Sk\u00f6ldpaddornas skal best\u00e5r av 60 olika ben &hellip; <a href=\"https:\/\/www.big-animals.com\/sv\/skoldpaddorna-och-skoldpaddor\/\" class=\"more-link\">Continue reading <span class=\"screen-reader-text\">Sk\u00f6ldpaddor<\/span><\/a><\/p>\n","protected":false},"author":1,"featured_media":0,"parent":0,"menu_order":0,"comment_status":"closed","ping_status":"open","template":"","meta":{"_acf_changed":false,"footnotes":""},"acf":[],"_links":{"self":[{"href":"https:\/\/www.big-animals.com\/sv\/wp-json\/wp\/v2\/pages\/15"}],"collection":[{"href":"https:\/\/www.big-animals.com\/sv\/wp-json\/wp\/v2\/pages"}],"about":[{"href":"https:\/\/www.big-animals.com\/sv\/wp-json\/wp\/v2\/types\/page"}],"author":[{"embeddable":true,"href":"https:\/\/www.big-animals.com\/sv\/wp-json\/wp\/v2\/users\/1"}],"replies":[{"embeddable":true,"href":"https:\/\/www.big-animals.com\/sv\/wp-json\/wp\/v2\/comments?post=15"}],"version-history":[{"count":0,"href":"https:\/\/www.big-animals.com\/sv\/wp-json\/wp\/v2\/pages\/15\/revisions"}],"wp:attachment":[{"href":"https:\/\/www.big-animals.com\/sv\/wp-json\/wp\/v2\/media?parent=15"}],"curies":[{"name":"wp","href":"https:\/\/api.w.org\/{rel}","templated":true}]}}