{"id":28,"date":"2011-05-09T09:10:39","date_gmt":"2011-05-09T09:10:39","guid":{"rendered":""},"modified":"2011-05-09T09:10:39","modified_gmt":"2011-05-09T09:10:39","slug":"sekretesspolicy","status":"publish","type":"page","link":"https:\/\/www.big-animals.com\/sv\/sekretesspolicy\/","title":{"rendered":"Sekretesspolicy"},"content":{"rendered":"<p><span id=\"gts_text_1\" class=\"gts_text\">Den h\u00e4r sidan f\u00f6rklaras sekretesspolicyn f\u00f6r Big-Animals.com.<\/span><\/p>\n<p>\n<span id=\"gts_text_2\" class=\"gts_text\">Denna webbplats inte i grund och botten samla in n\u00e5gon personlig information om dig. <\/span><span id=\"gts_text_3\" class=\"gts_text\">Din integritet \u00e4r s\u00e4ker. <\/span><span id=\"gts_text_4\" class=\"gts_text\">Vissa s\u00e4rskilda delar av webbplatser kan lagra information som du tillhandah\u00e5ller (som f\u00f6rklaras nedan), men ingen del av webbplatsen f\u00f6rs\u00f6ker f\u00e5 information utan din vetskap.<\/span> <\/p>\n<p><span id=\"gts_text_5\" class=\"gts_text\">\u00c5 andra sidan <i>dessa platser <i>har<\/i> butiken genomsnittliga och totala<\/i> information om <i>alla<\/i> bes\u00f6kare till sajten. <\/span><span id=\"gts_text_6\" class=\"gts_text\">Detta sker via<\/span><\/p>\n<ul>\n<li> <span id=\"gts_text_7\" class=\"gts_text\">Framf\u00f6r allt <a href=\"http:\/\/www.google.com\/analytics\">google Analytics<\/a><\/span>\n<\/li>\n<li> <span id=\"gts_text_8\" class=\"gts_text\">Webbserverloggar.<\/span>\n<\/li>\n<li> <span id=\"gts_text_9\" class=\"gts_text\">Det totala antalet bes\u00f6k p\u00e5 varje sida lagras.<\/span>\n<\/li>\n<\/ul>\n<p><span id=\"gts_text_10\" class=\"gts_text\">Dessa sammanst\u00e4lla statistik ing\u00e5r inte n\u00e5gon information som kan identifiera dig personligen. <\/span><span id=\"gts_text_11\" class=\"gts_text\">Informationen anv\u00e4nds f\u00f6r att g\u00f6ra webbplatsen b\u00e4ttre f\u00f6r alla.<\/span><\/p>\n<p><span id=\"gts_text_12\" class=\"gts_text\">Vissa delar av vissa webbplatser <i>kan<\/i> samla in och lagra mer personlig information, men bara om du anger det. <\/span><span id=\"gts_text_13\" class=\"gts_text\">I synnerhet valurnorna lagra dina svar, men denna information identifiera inte dig personligen, naturligtvis.<\/span>\n<\/p>\n<p><span id=\"gts_text_14\" class=\"gts_text\">Vissa delar av denna webbplats att anv\u00e4nda inneh\u00e5ll fr\u00e5n andra webbplatser. <\/span><span id=\"gts_text_15\" class=\"gts_text\">Dessa element kommer normalt att lagra cookies p\u00e5 din dator. <\/span><span id=\"gts_text_16\" class=\"gts_text\">I synnerhet<\/span>\n<\/p>\n<ul>\n<li> <span id=\"gts_text_17\" class=\"gts_text\">De flesta annonser tillhandah\u00e5lls via Google Adsense-program. <\/span><span id=\"gts_text_18\" class=\"gts_text\">Observera<\/span>\n<ul>\n<li> <span id=\"gts_text_19\" class=\"gts_text\">Google anv\u00e4nder cookies f\u00f6r att avg\u00f6ra vilka annonser till dig.<\/span>\n     <\/li>\n<li> <span id=\"gts_text_20\" class=\"gts_text\">Googles anv\u00e4ndning av DART-cookien inneb\u00e4r att annonser visas kan bero p\u00e5 vilka webbplatser du har bes\u00f6kt tidigare.<\/span>\n     <\/li>\n<li> <span id=\"gts_text_21\" class=\"gts_text\">Om du vill stoppa Google med DART-cookien p\u00e5 en viss dator, eller om du vill f\u00e5 mer information om google-annonser och privatlivet, <a href=\"http:\/\/www.google.com\/privacy_ads.html\" target=\"new\">kan du g\u00f6ra det h\u00e4r<\/a>.<\/span>\n<\/li>\n<\/ul>\n<\/li>\n<li> <span id=\"gts_text_22\" class=\"gts_text\">Totalt samlas (inte) personuppgifter in med hj\u00e4lp av Google Analytics.<\/span>\n<\/li>\n<li> <span id=\"gts_text_23\" class=\"gts_text\">Webbplatss\u00f6kning ges ocks\u00e5 av Google.<\/span>\n<\/li>\n<li> <span id=\"gts_text_24\" class=\"gts_text\">L\u00e4nkar till Amazon.com \u00e4r anslutna till Amazon&#8217;s Associates program.<\/span>\n<\/li>\n<li> <span id=\"gts_text_25\" class=\"gts_text\">Reklam f\u00f6r Zazzle produkter, tillhandah\u00e5lls om n\u00e5gra, av Zazzle.<\/span>\n<\/li>\n<li> <span id=\"gts_text_26\" class=\"gts_text\">&#8220;Djur teman Games&#8221; tillhandah\u00e5lls av Hooked Media.<\/span>\n<\/li>\n<p><\/uL><br \/>\n<span id=\"gts_text_27\" class=\"gts_text\">Om du inte vill detta, b\u00f6r du konsultera sekretesspolicyn f\u00f6r <a href=\"http:\/\/www.google.com\/privacy.html\" target=\"new\">Google<\/a>, <a href=\"http:\/\/www.amazon.com\/gp\/help\/customer\/display.html?nodeId=468496\" target=\"new\">Amazon.com<\/a>, <a href=\"http:\/\/www.hookedmediagroup.com\/Global\/Privacy.aspx\">Hooked Media Group<\/a> och <a href=\"http:\/\/www.zazzle.com\/mk\/policy\/privacy_policy\">Zazzle<\/a>.<\/span><\/p>\n<p><span id=\"gts_text_28\" class=\"gts_text\">Hoppas det hj\u00e4lper!<\/span><\/p>\n","protected":false},"excerpt":{"rendered":"<p>Den h\u00e4r sidan f\u00f6rklaras sekretesspolicyn f\u00f6r Big-Animals.com. Denna webbplats inte i grund och botten samla in n\u00e5gon personlig information om dig. Din integritet \u00e4r s\u00e4ker. Vissa s\u00e4rskilda delar av webbplatser kan lagra information som du tillhandah\u00e5ller (som f\u00f6rklaras nedan), men ingen del av webbplatsen f\u00f6rs\u00f6ker f\u00e5 information utan din vetskap. \u00c5 andra sidan dessa platser &hellip; <a href=\"https:\/\/www.big-animals.com\/sv\/sekretesspolicy\/\" class=\"more-link\">Continue reading <span class=\"screen-reader-text\">Sekretesspolicy<\/span><\/a><\/p>\n","protected":false},"author":1,"featured_media":0,"parent":0,"menu_order":0,"comment_status":"closed","ping_status":"open","template":"","meta":{"_acf_changed":false,"footnotes":""},"acf":[],"_links":{"self":[{"href":"https:\/\/www.big-animals.com\/sv\/wp-json\/wp\/v2\/pages\/28"}],"collection":[{"href":"https:\/\/www.big-animals.com\/sv\/wp-json\/wp\/v2\/pages"}],"about":[{"href":"https:\/\/www.big-animals.com\/sv\/wp-json\/wp\/v2\/types\/page"}],"author":[{"embeddable":true,"href":"https:\/\/www.big-animals.com\/sv\/wp-json\/wp\/v2\/users\/1"}],"replies":[{"embeddable":true,"href":"https:\/\/www.big-animals.com\/sv\/wp-json\/wp\/v2\/comments?post=28"}],"version-history":[{"count":0,"href":"https:\/\/www.big-animals.com\/sv\/wp-json\/wp\/v2\/pages\/28\/revisions"}],"wp:attachment":[{"href":"https:\/\/www.big-animals.com\/sv\/wp-json\/wp\/v2\/media?parent=28"}],"curies":[{"name":"wp","href":"https:\/\/api.w.org\/{rel}","templated":true}]}}