{"id":35,"date":"2011-05-09T09:22:58","date_gmt":"2011-05-09T09:22:58","guid":{"rendered":""},"modified":"2011-05-09T09:22:58","modified_gmt":"2011-05-09T09:22:58","slug":"gigantopithecus","status":"publish","type":"page","link":"https:\/\/www.big-animals.com\/sv\/gigantopithecus\/","title":{"rendered":"Gigantopithecus"},"content":{"rendered":"<p><span id=\"gts_text_1\" class=\"gts_text\">Gigantopithecus \u00e4r den st\u00f6rsta <a title=\"Primates\" href=\"http:\/\/www.big-animals.com\/primates\/\">primat<\/a> som n\u00e5gonsin levat. <\/span><span id=\"gts_text_2\" class=\"gts_text\">Det fanns 300 000 \u00e5r sedan. <\/span><span id=\"gts_text_3\" class=\"gts_text\">Dess fossil har hittats i Kina, Indien och Vietnam. <\/span><span id=\"gts_text_4\" class=\"gts_text\">Det \u00e4r n\u00e4ra besl\u00e4ktade med apornas. <\/span><span id=\"gts_text_5\" class=\"gts_text\">Den manliga Gigantopithecus var ca 3 meter (10) l\u00e5ng och v\u00e4gde cirka 540 kg (1200 lb).<\/span><\/p>\n<figure id=\"attachment_706\" aria-describedby=\"caption-attachment-706\" style=\"width: 216px\" class=\"wp-caption alignright\"><a href=\"http:\/\/www.big-animals.com\/wp-content\/uploads\/2011\/03\/Gigantopithecus_and_human.png\"><img loading=\"lazy\" decoding=\"async\" class=\"size-medium wp-image-706\" title=\"The Gigantopithecus is the Biggest Ever Primate\" src=\"http:\/\/www.big-animals.com\/wp-content\/uploads\/2011\/03\/Gigantopithecus_and_human-216x300.png\" alt=\"The Gigantopithecus is the Biggest Ever Primate\" width=\"216\" height=\"300\" \/><\/a><figcaption id=\"caption-attachment-706\" class=\"wp-caption-text\">The Gigantopithecus is the Biggest Ever Primate<\/figcaption><\/figure>\n<p><span id=\"gts_text_6\" class=\"gts_text\">Vissa m\u00e4nniskor anser fortfarande att det \u00f6verlever i avl\u00e4gsna delar av Asien tills i dag. <\/span><span id=\"gts_text_7\" class=\"gts_text\">Dessa m\u00e4nniskor kallar det Yetin, Yeren eller Mande-Barung. <\/span><span id=\"gts_text_8\" class=\"gts_text\">De flesta forskare \u00e4r dock ganska s\u00e4ker p\u00e5 att Gogantopithecus dog ut sedan l\u00e4nge. <\/span><span id=\"gts_text_9\" class=\"gts_text\">Det enda som har hittats fr\u00e5n Gigantopithecus \u00e4r fossiliserad t\u00e4nder och k\u00e4kben. <\/span><span id=\"gts_text_10\" class=\"gts_text\">Dess fossila t\u00e4nder och ben \u00e4r ofta marken till pulver och anv\u00e4nds i traditionell kinesisk medicin.<\/span><\/p>\n<p><span id=\"gts_text_11\" class=\"gts_text\">Tyv\u00e4rr vi inte s\u00e4ker p\u00e5 hur Gigantopithecus flyttade runt, eftersom ingen hiphop eller benet Ben har hittats. <\/span><span id=\"gts_text_12\" class=\"gts_text\">Forskare gissa att det \u00e4r faktiskt 2 till 3 g\u00e5nger tyngre \u00e4n moderna gorillor och n\u00e4stan 5 g\u00e5nger tyngre \u00e4n Orangutang, vilket \u00e4r den levande primat \u00e4r det mest liknar. <\/span><span id=\"gts_text_13\" class=\"gts_text\">De vuxna kvinnliga Gigantopithecus var halva vikten av hanarna.<\/span><\/p>\n<p><span id=\"gts_text_14\" class=\"gts_text\">De bodde i en skog i bambu. <\/span><span id=\"gts_text_15\" class=\"gts_text\">Dess fossila har hittats tillsammans med utd\u00f6da typer av panda. <\/span><span id=\"gts_text_16\" class=\"gts_text\">Slutsatsen har d\u00e4rf\u00f6r varit att dessa enorma Gigantopithecus var anl\u00e4ggningen eaters. <\/span><span id=\"gts_text_17\" class=\"gts_text\">Deras k\u00e4ftar \u00e4r djupa och tjocka. <\/span><span id=\"gts_text_18\" class=\"gts_text\">Sina t\u00e4nder och k\u00e4kar \u00e4r l\u00e4mpliga f\u00f6r tuffa slipning och tuggtobak h\u00e5rda fibr\u00f6sa mat, som bambu. <\/span><span id=\"gts_text_19\" class=\"gts_text\">H\u00e5ligheter i t\u00e4nderna liknar dem som finns i j\u00e4tte pandas. <\/span><span id=\"gts_text_20\" class=\"gts_text\">Bortsett fr\u00e5n bambu \u00e5t det f\u00f6rmodligen fr\u00f6n och frukter ocks\u00e5.<\/span><\/p>\n<p><span id=\"gts_text_21\" class=\"gts_text\"><\/span><\/p>\n","protected":false},"excerpt":{"rendered":"<p>Gigantopithecus \u00e4r den st\u00f6rsta primat som n\u00e5gonsin levat. Det fanns 300 000 \u00e5r sedan. Dess fossil har hittats i Kina, Indien och Vietnam. Det \u00e4r n\u00e4ra besl\u00e4ktade med apornas. Den manliga Gigantopithecus var ca 3 meter (10) l\u00e5ng och v\u00e4gde cirka 540 kg (1200 lb). Vissa m\u00e4nniskor anser fortfarande att det \u00f6verlever i avl\u00e4gsna delar &hellip; <a href=\"https:\/\/www.big-animals.com\/sv\/gigantopithecus\/\" class=\"more-link\">Continue reading <span class=\"screen-reader-text\">Gigantopithecus<\/span><\/a><\/p>\n","protected":false},"author":1,"featured_media":0,"parent":0,"menu_order":0,"comment_status":"closed","ping_status":"open","template":"","meta":{"_acf_changed":false,"footnotes":""},"acf":[],"_links":{"self":[{"href":"https:\/\/www.big-animals.com\/sv\/wp-json\/wp\/v2\/pages\/35"}],"collection":[{"href":"https:\/\/www.big-animals.com\/sv\/wp-json\/wp\/v2\/pages"}],"about":[{"href":"https:\/\/www.big-animals.com\/sv\/wp-json\/wp\/v2\/types\/page"}],"author":[{"embeddable":true,"href":"https:\/\/www.big-animals.com\/sv\/wp-json\/wp\/v2\/users\/1"}],"replies":[{"embeddable":true,"href":"https:\/\/www.big-animals.com\/sv\/wp-json\/wp\/v2\/comments?post=35"}],"version-history":[{"count":0,"href":"https:\/\/www.big-animals.com\/sv\/wp-json\/wp\/v2\/pages\/35\/revisions"}],"wp:attachment":[{"href":"https:\/\/www.big-animals.com\/sv\/wp-json\/wp\/v2\/media?parent=35"}],"curies":[{"name":"wp","href":"https:\/\/api.w.org\/{rel}","templated":true}]}}