{"id":36,"date":"2011-05-09T09:23:06","date_gmt":"2011-05-09T09:23:06","guid":{"rendered":""},"modified":"2011-05-09T09:23:06","modified_gmt":"2011-05-09T09:23:06","slug":"galapagos-skoldpadda","status":"publish","type":"page","link":"https:\/\/www.big-animals.com\/sv\/galapagos-skoldpadda\/","title":{"rendered":"Gal\u00e1pagossk\u00f6ldpaddor sk\u00f6ldpadda"},"content":{"rendered":"<figure id=\"attachment_355\" aria-describedby=\"caption-attachment-355\" style=\"width: 300px\" class=\"wp-caption alignleft\"><a href=\"http:\/\/www.big-animals.com\/wp-content\/uploads\/2011\/02\/GalapagosGiantTortoiseGeocheloneElephantopus.jpg\"><img loading=\"lazy\" decoding=\"async\" class=\"size-medium wp-image-355\" title=\"Galapagos Giant Tortoise Geochelone Elephantopus - Photograph by Matthew Field\" src=\"http:\/\/www.big-animals.com\/wp-content\/uploads\/2011\/02\/GalapagosGiantTortoiseGeocheloneElephantopus-300x208.jpg\" alt=\"Galapagos Giant Tortoise Geochelone Elephantopus - Photograph by Matthew Field\" width=\"300\" height=\"208\" \/><\/a><figcaption id=\"caption-attachment-355\" class=\"wp-caption-text\">Gal\u00e1pagos Giant Tortoise Geochelone Elephantopus - Picture by Matthew Field (www.photography.mattfield.com)<\/figcaption><\/figure>\n<h3><span id=\"gts_text_1\" class=\"gts_text\">Gal\u00e1pagossk\u00f6ldpaddor Tortoise fakta<\/span><\/h3>\n<p><span id=\"gts_text_2\" class=\"gts_text\">Gal\u00e1pagossk\u00f6ldpaddor sk\u00f6ldpaddan \u00e4r den st\u00f6rsta <a href=\"http:\/\/www.big-animals.com\/turtles-and-tortoises\/\">sk\u00f6ldpaddan<\/a> i v\u00e4rlden. <\/span><span id=\"gts_text_3\" class=\"gts_text\">Den kan v\u00e4ga \u00f6ver 400 kg (880 lb) och v\u00e4xa mer \u00e4n 1,8 meter (2 meter). <\/span><span id=\"gts_text_4\" class=\"gts_text\">Denna m\u00e4ktiga sk\u00f6ldpadda har en livsl\u00e4ngd p\u00e5 mer \u00e4n 100 \u00e5r. <\/span><span id=\"gts_text_5\" class=\"gts_text\">Denna gigantiska sk\u00f6ldpadda kan b\u00e4ra en man p\u00e5 sig sj\u00e4lv. <\/span><span id=\"gts_text_6\" class=\"gts_text\">Vad en stark sk\u00f6ldpadda \u00e4r det! <\/span><span id=\"gts_text_7\" class=\"gts_text\">Den \u00e4ldsta som n\u00e5dde till minst 170 \u00e5r gamla.<\/span><\/p>\n<p><span id=\"gts_text_8\" class=\"gts_text\">Sk\u00f6ldpaddan \u00e4r inbyggt i sju vulkaniska \u00f6ar Gal\u00e1pagossk\u00f6ldpaddor som ligger v\u00e4ster om Ecuador. <\/span><span id=\"gts_text_9\" class=\"gts_text\">Galapagos\u00f6arna uppt\u00e4cktes av spanska sj\u00f6m\u00e4n 1535 och de namngivna \u00f6ar efter sadeln. <\/span><span id=\"gts_text_10\" class=\"gts_text\">Sk\u00f6ldpaddor skal p\u00e5mint dem om en sorts sadel kallas en <em>galapago<\/em>.<\/span><\/p>\n<p><span id=\"gts_text_11\" class=\"gts_text\">Storlek och skal formen p\u00e5 sk\u00f6ldpaddan \u00e4r olika beroende p\u00e5 var de bor. <\/span><span id=\"gts_text_12\" class=\"gts_text\">Gal\u00e1pagossk\u00f6ldpaddor sk\u00f6ldpaddor \u00e4r hotade. <\/span><span id=\"gts_text_13\" class=\"gts_text\">Den totala befolkningen i sk\u00f6ldpaddor har minskat fr\u00e5n \u00f6ver 250 000 p\u00e5 1500-talet till 20 000 nu p\u00e5 grund av m\u00e4nskliga aktiviteter s\u00e5som jakt och avskogning f\u00f6r jordbruket.<\/span><\/p>\n<h3><span id=\"gts_text_14\" class=\"gts_text\">Lonesome George<\/span><\/h3>\n<p><span id=\"gts_text_15\" class=\"gts_text\">7 underarter av 10 kan hittas i naturen och en andra underarter representeras av en enda \u00e5terst\u00e5ende hane kallas Lonesome George. <\/span><span id=\"gts_text_16\" class=\"gts_text\">Lonesome George \u00e4r v\u00e4rldens mest s\u00e4llsynta levande varelse och han kallas &#8220;lonesome&#8221; eftersom han \u00e4r sista av sina underarter.<\/span><\/p>\n<p><span id=\"gts_text_17\" class=\"gts_text\">Alla Gal\u00e1pagossk\u00f6ldpaddor sk\u00f6ldpaddor h\u00e4rstammar fr\u00e5n avl\u00e4gsna anf\u00e4der som anl\u00e4nde fr\u00e5n fastlandet Sydamerika. <\/span><span id=\"gts_text_18\" class=\"gts_text\">M\u00e5nga \u00e5r sedan, kanske vissa gravida kvinnor sk\u00f6ldpaddor fl\u00f6t till Galapagos\u00f6arna p\u00e5 stycken av vegetation \u00f6ver havet fr\u00e5n i Sydamerika. <\/span><span id=\"gts_text_19\" class=\"gts_text\">Dessa sk\u00f6ldpaddor skulle ha kunnat \u00f6verleva den l\u00e5nga resan, \u00e4ven om det skulle ha inneburit m\u00e5nader utan mat och vatten. <\/span><span id=\"gts_text_20\" class=\"gts_text\">Ett kallt hav aktuella som flyter norrut-v\u00e4sterut l\u00e4ngs den v\u00e4stra kusten av Sydamerika skulle ha hj\u00e4lpt dessa gigantiska sk\u00f6ldpaddor att komma fram till nya destinationen p\u00e5 Galapagos\u00f6arna. <\/span><span id=\"gts_text_21\" class=\"gts_text\">Den n\u00e4rmast levande sl\u00e4kting till Gal\u00e1pagossk\u00f6ldpaddor sk\u00f6ldpadda \u00e4r argentinsk sk\u00f6ldpaddan som \u00e4r mycket mindre i storlek. <\/span><span id=\"gts_text_22\" class=\"gts_text\">Den \u00e5terfinns i Argentina.<\/span><\/p>\n<p><span id=\"gts_text_23\" class=\"gts_text\">Sk\u00f6ldpaddor har en stor beniga \u00f6versta skal. <\/span><span id=\"gts_text_24\" class=\"gts_text\">Den har en Matt brun f\u00e4rg. <\/span><span id=\"gts_text_25\" class=\"gts_text\">Deras ryggrad, br\u00f6stbenet och revbenen har blivit en del av skalet. <\/span><span id=\"gts_text_26\" class=\"gts_text\">Du kan aldrig separera sk\u00f6ldpaddan fr\u00e5n sitt skal. <\/span><span id=\"gts_text_27\" class=\"gts_text\">Gr\u00e5 eller gula moss (lavar) kan v\u00e4xa p\u00e5 skal av de l\u00e5ngsamma sk\u00f6ldpaddor. <\/span><span id=\"gts_text_28\" class=\"gts_text\">Sk\u00f6ldpaddan kan skydda sig genom att dra tillbaka sitt huvud, hals och fr\u00e4mre ben till dess h\u00e5rda skal. <\/span><span id=\"gts_text_29\" class=\"gts_text\">Det har ben som \u00e4r stora och runt. <\/span><span id=\"gts_text_30\" class=\"gts_text\">Det \u00e4r t\u00e4ckt med torr fj\u00e4llig hud och h\u00e5rda fj\u00e4ll. <\/span><span id=\"gts_text_31\" class=\"gts_text\">De fr\u00e4mre ben har 5 klor och bakre benen har 4 klor.<\/span><\/p>\n<p><span id=\"gts_text_32\" class=\"gts_text\">Olika typer av Gal\u00e1pagossk\u00f6ldpaddor sk\u00f6ldpadda ha olika skal former. <\/span><span id=\"gts_text_33\" class=\"gts_text\">Den f\u00f6rsta formen som skal \u00e4r en sadel. <\/span><span id=\"gts_text_34\" class=\"gts_text\">En <em>Sadelformade<\/em> sk\u00f6ldpadda har ett skal som ser ut som en sadel. <\/span><span id=\"gts_text_35\" class=\"gts_text\">En <em>kupoler<\/em> sk\u00f6ldpadda har ett skal som ser ut som en kupol. <\/span><span id=\"gts_text_36\" class=\"gts_text\"><em>Mellanliggande<\/em> sk\u00f6ldpaddan har formen skal som \u00e4r halvv\u00e4gs mellan en sadel och en kupol.<\/span><\/p>\n<h3><span id=\"gts_text_37\" class=\"gts_text\">Gal\u00e1pagossk\u00f6ldpaddor Tortoise anpassningar<\/span><\/h3>\n<p><span id=\"gts_text_38\" class=\"gts_text\">Det brukade vara 15 underarter Gal\u00e1pagossk\u00f6ldpaddor sk\u00f6ldpaddor. <\/span><span id=\"gts_text_39\" class=\"gts_text\">Men nu finns det bara 11 av dem. <\/span><span id=\"gts_text_40\" class=\"gts_text\">De minsta gigantiska sk\u00f6ldpaddor \u00e4r Sadelformade sk\u00f6ldpaddor. <\/span><span id=\"gts_text_41\" class=\"gts_text\">Den st\u00f6rsta av sk\u00f6ldpaddor \u00e4r kupolen backas upp sk\u00f6ldpaddor.<\/span><\/p>\n<p><span id=\"gts_text_42\" class=\"gts_text\">De olika underarterna var \u00e5tskilda till olika \u00f6ar. <\/span><span id=\"gts_text_43\" class=\"gts_text\">De bor i olika livsmilj\u00f6er. <\/span><span id=\"gts_text_44\" class=\"gts_text\">Storlek och skal formen p\u00e5 sk\u00f6ldpaddan \u00e4r olika baserat p\u00e5 vad de \u00e4ter och d\u00e4r de lever. <\/span><span id=\"gts_text_45\" class=\"gts_text\">Gal\u00e1pagossk\u00f6ldpaddor sk\u00f6ldpaddor som bor p\u00e5 \u00f6n med massor av l\u00e5g ligger vegetation tenderar att ha kupolen skal och blir st\u00f6rre. <\/span><span id=\"gts_text_46\" class=\"gts_text\">De har kortare hals och benen eftersom de inte beh\u00f6ver n\u00e5 h\u00f6g f\u00f6r livsmedel som Sadelformade sk\u00f6ldpaddan. <\/span><span id=\"gts_text_47\" class=\"gts_text\">Kupolen formade sk\u00f6ldpaddor lever p\u00e5 h\u00f6gre grund av \u00f6n d\u00e4r det \u00e4r svalare och v\u00e5tare. <\/span><span id=\"gts_text_48\" class=\"gts_text\">Detta \u00e4r f\u00f6r att de \u00e4r b\u00e4ttre kunna st\u00e5 emot kallare temperaturer.<\/span><\/p>\n<p><span id=\"gts_text_49\" class=\"gts_text\">Sadelformade sk\u00f6ldpaddan som \u00e4lskar att \u00e4ta kaktus har l\u00e4ngre hals och ben. <\/span><span id=\"gts_text_50\" class=\"gts_text\">L\u00e5ng hals och ben hj\u00e4lper sk\u00f6ldpaddor n\u00e5 upp och bita h\u00f6gt kaktus v\u00e4xter. <\/span><span id=\"gts_text_51\" class=\"gts_text\">De tenderar att ha tankar som till\u00e5ter den upp\u00e5tg\u00e5ende r\u00f6relsen av halsen med en facklade \u00e5s p\u00e5 framtill p\u00e5 skalet. <\/span><span id=\"gts_text_52\" class=\"gts_text\">De \u00e4r mindre \u00e4n kupolf\u00f6rsedda formad sk\u00f6ldpadda. <\/span><span id=\"gts_text_53\" class=\"gts_text\">Sadelformade sk\u00f6ldpaddan lever p\u00e5 Galapagos\u00f6arna varmare och torrare \u00f6arna.<\/span><\/p>\n<p><span id=\"gts_text_54\" class=\"gts_text\">Eftersom sk\u00f6ldpaddor \u00e4r reptiler, \u00e4r de kallblodiga. <\/span><span id=\"gts_text_55\" class=\"gts_text\">De hyllas f\u00f6r 1-2 timmar efter gryningen till absorberar solens v\u00e4rme genom deras m\u00f6rka tankar innan aktivt s\u00f6ker mat f\u00f6r 8-9 timmar per dag. <\/span><span id=\"gts_text_56\" class=\"gts_text\">De reser oftast i tidigt p\u00e5 morgonen eller sen eftermiddag. <\/span><span id=\"gts_text_57\" class=\"gts_text\">De \u00e4r kapabla att g\u00e5 l\u00e5ngsamt med en hastighet av 0.3 km per timme (0.2 kilometer per timme). <\/span><span id=\"gts_text_58\" class=\"gts_text\">Gal\u00e1pagossk\u00f6ldpaddor sk\u00f6ldpaddor \u00e4r lugna och fridfulla djur som sover n\u00e4stan 16 timmar per dag. <\/span><span id=\"gts_text_59\" class=\"gts_text\">Vad sovande vackra de \u00e4r!<\/span><\/p>\n<h3><span id=\"gts_text_60\" class=\"gts_text\">Gal\u00e1pagossk\u00f6ldpaddor Tortoise livsmilj\u00f6<\/span><\/h3>\n<p><span id=\"gts_text_61\" class=\"gts_text\">P\u00e5 de st\u00f6rre och mer fuktigt \u00f6arna migrera sk\u00f6ldpaddor s\u00e4songsvis till l\u00e4gre mark som \u00e4r t\u00e4ckt med gr\u00e4s under regnperioden och h\u00f6gre marken som \u00e4r en \u00e4ng under torrperioden. <\/span><span id=\"gts_text_62\" class=\"gts_text\">Denna s\u00e4song migration har p\u00e5g\u00e5tt i m\u00e5nga generationer. <\/span><span id=\"gts_text_63\" class=\"gts_text\">Som ett resultat har av sk\u00f6ldpaddor skapat v\u00e4ldefinierade banor genom skogen som kallas en &#8220;sk\u00f6ldpadda highways&#8221;.<\/span><\/p>\n<p><span id=\"gts_text_64\" class=\"gts_text\">P\u00e5 v\u00e5tare \u00f6arna ses ofta kupolen-formad sk\u00f6ldpaddan i en stora bes\u00e4ttningar. <\/span><span id=\"gts_text_65\" class=\"gts_text\">De \u00e4lskar bolaget, till skillnad fr\u00e5n de mer ensamma och territoriella Sadelformade sk\u00f6ldpaddor.<\/span><\/p>\n<p><span id=\"gts_text_66\" class=\"gts_text\">Ibland kommer denna sk\u00f6ldpaddor chokladkonsumenterna i lera eller stora regn p\u00f6lar n\u00e4r de vill v\u00e4rma under svala n\u00e4tter. <\/span><span id=\"gts_text_67\" class=\"gts_text\">Denna handling upp i leran ocks\u00e5 hj\u00e4lpa dem att bli av myggor och f\u00e4stingar. <\/span><span id=\"gts_text_68\" class=\"gts_text\">De kan ocks\u00e5 bli av myggor och f\u00e4stingar n\u00e4r de bada sig med damm i l\u00f6s jord. <\/span><span id=\"gts_text_69\" class=\"gts_text\">Under natten kommer dessa sk\u00f6ldpaddor vila under \u00f6verh\u00e4ngande klippor.<\/span><\/p>\n<h3><span id=\"gts_text_70\" class=\"gts_text\">Gal\u00e1pagossk\u00f6ldpaddor Tortoise kost<\/span><\/h3>\n<p><span id=\"gts_text_71\" class=\"gts_text\">De gigantiska sk\u00f6ldpaddor \u00e4ter mestadels bara v\u00e4xter. <\/span><span id=\"gts_text_72\" class=\"gts_text\">De \u00e4ter kaktus, gr\u00e4s, blad, bananer, \u00e4pplen, vinstockar och annan vegetation. <\/span><span id=\"gts_text_73\" class=\"gts_text\">De f\u00e5r sin dryck fr\u00e5n dagg och sap i v\u00e4xterna. <\/span><span id=\"gts_text_74\" class=\"gts_text\">P\u00e5 torr \u00f6ar, kommer sk\u00f6ldpadda slicka upp morning dew fr\u00e5n stenblocken. <\/span><span id=\"gts_text_75\" class=\"gts_text\">Som ett resultat av den kontinuerliga slickande genom sk\u00f6ldpaddor i m\u00e5nga \u00e5r har m\u00e5nga stenar halv-omr\u00e5det-formad sjunkna h\u00e5l i ytan. <\/span><span id=\"gts_text_76\" class=\"gts_text\">De kan leva p\u00e5 18 m\u00e5nader utan mat och vatten. <\/span><span id=\"gts_text_77\" class=\"gts_text\">Under tider som \u00f6verlever de genom att bryta ned deras kroppsfett att producera vatten. <\/span><span id=\"gts_text_78\" class=\"gts_text\">De kan ocks\u00e5 snabbt dricker mycket vatten n\u00e4r de \u00e4r t\u00f6rstig. <\/span><span id=\"gts_text_79\" class=\"gts_text\">De kommer att lagra vatten i sina bl\u00e5sor och i halsen. <\/span><span id=\"gts_text_80\" class=\"gts_text\">Denna unika egenskap gjorde dem en anv\u00e4ndbar k\u00e4lla till vatten p\u00e5 fartyg.<\/span><\/p>\n<p><span id=\"gts_text_81\" class=\"gts_text\">Gal\u00e1pagossk\u00f6ldpaddor sk\u00f6ldpaddor \u00e4r inte d\u00f6va, men de \u00e4r mer beroende av deras k\u00e4nsla av lukt och vision att forts\u00e4tta med sitt dagliga liv.<\/span><\/p>\n<p><span id=\"gts_text_82\" class=\"gts_text\">Gal\u00e1pagossk\u00f6ldpaddor sk\u00f6ldpaddor \u00e5tnjuta en v\u00e4nskaplig relation med vissa f\u00e5glar, kallas finkar. <\/span><span id=\"gts_text_83\" class=\"gts_text\">Sk\u00f6ldpaddan kommer att ut\u00f6ka hakan s\u00e5 att finch att plocka bort f\u00e4stingar p\u00e5 halsen, tillbaka till ben och hud n\u00e4ra skalet. <\/span><span id=\"gts_text_84\" class=\"gts_text\">Plocka f\u00e4stingar \u00e4r inte omst\u00e4ndligt f\u00f6r finch eftersom de \u00e4lskar att \u00e4ta dem &#8211; men d\u00e5 och d\u00e5, sk\u00f6ldpaddan spelar en ot\u00e4ck trick. <\/span><span id=\"gts_text_85\" class=\"gts_text\">Det kommer att v\u00e4nta tills f\u00e5geln g\u00e5r under dess kropp, d\u00e5 pl\u00f6tsligt sitta ned, squashing stackars f\u00e5geln! <\/span><span id=\"gts_text_86\" class=\"gts_text\">Den sedan \u00e4ter den squashed f\u00e5geln &#8211; kanske eftersom det beh\u00f6ver n\u00e5gra extra protein.<\/span><\/p>\n<h3><span id=\"gts_text_87\" class=\"gts_text\">Gal\u00e1pagossk\u00f6ldpaddor Tortoise reproduktion<\/span><\/h3>\n<p><span id=\"gts_text_88\" class=\"gts_text\">Mor Gal\u00e1pagossk\u00f6ldpaddor sk\u00f6ldpaddor har att g\u00e5 flera kilometer i juli till November att n\u00e5 deras h\u00e4ckande grunder, som \u00e4r torra och sandiga. <\/span><span id=\"gts_text_89\" class=\"gts_text\">De kan ta m\u00e5nga timmar och m\u00e5nga dagar att gr\u00e4va ett h\u00e5l. <\/span><span id=\"gts_text_90\" class=\"gts_text\">Det \u00e4r tr\u00f6ttsamt arbete f\u00f6r mor Gal\u00e1pagossk\u00f6ldpaddor sk\u00f6ldpaddor. <\/span><span id=\"gts_text_91\" class=\"gts_text\">De anv\u00e4nder sina bakre benen f\u00f6r att gr\u00e4va djupa h\u00e5l 30 cm (1 ft) att l\u00e4gga sina \u00e4gg. <\/span><span id=\"gts_text_92\" class=\"gts_text\">De har m\u00f6jlighet att l\u00e4gga upp till 16 \u00e4gg. <\/span><span id=\"gts_text_93\" class=\"gts_text\">\u00c4ggen v\u00e4g fr\u00e5n 80 till 160 gram (2.8-5.6 oz). <\/span><span id=\"gts_text_94\" class=\"gts_text\">\u00c4ggen \u00e4r storleken p\u00e5 Biljard bollar.<\/span><\/p>\n<p><span id=\"gts_text_95\" class=\"gts_text\">Ungarna kommer att gr\u00e4va sig till ytan i sanden efter 4-8 m\u00e5nader fr\u00e5n December till April. <\/span><span id=\"gts_text_96\" class=\"gts_text\">De v\u00e4ger bara 50 gram (1,7 oz) och \u00e4r ca 6 cm (2,4 tum) l\u00e5ng. <\/span><span id=\"gts_text_97\" class=\"gts_text\">De fattiga ungarna kommer att ta flera veckor att gr\u00e4va sig ut ur marken!<\/span><\/p>\n<p><span id=\"gts_text_98\" class=\"gts_text\">I mycket torra omr\u00e5den, kan de d\u00f6r under jord om de \u00e4r begravda med h\u00e4rdade jord, och om det finns en \u00f6versv\u00e4mning i omr\u00e5det h\u00e4ckar, de kan vara drunknade. <\/span><span id=\"gts_text_99\" class=\"gts_text\">Till en b\u00f6rjan \u00e4r det sv\u00e5rt att identifiera vilken typ av Gal\u00e1pagossk\u00f6ldpaddor sk\u00f6ldpadda barnet \u00e4r, eftersom alla av dem har en kupolen-formade skalet. <\/span><span id=\"gts_text_100\" class=\"gts_text\">De unga sk\u00f6ldpaddor bo i varmare l\u00e5g marken f\u00f6r de f\u00f6rsta 10-15 \u00e5ren. <\/span><span id=\"gts_text_101\" class=\"gts_text\">De uts\u00e4tts f\u00f6r alla typer av risker, som i sprickor, krossas av fallande stenar och extrem v\u00e4rme.<\/span><\/p>\n<h3><span id=\"gts_text_102\" class=\"gts_text\">Hotas Gal\u00e1pagossk\u00f6ldpaddor sk\u00f6ldpadda?<\/span><\/h3>\n<p><span id=\"gts_text_103\" class=\"gts_text\">De enda inhemska naturliga Rovdjuret av Gal\u00e1pagossk\u00f6ldpaddor sk\u00f6ldpaddan \u00e4r Gal\u00e1pagossk\u00f6ldpaddor hawk. <\/span><span id=\"gts_text_104\" class=\"gts_text\">Hawk kustindustri p\u00e5 Gal\u00e1pagossk\u00f6ldpaddor sk\u00f6ldpadda \u00e4gg och att ungarna. <\/span><span id=\"gts_text_105\" class=\"gts_text\">De huvudsakliga hoten mot vuxna sk\u00f6ldpaddor \u00e4r f\u00f6rst\u00f6relse av livsmilj\u00f6er och olaglig jakt. <\/span><span id=\"gts_text_106\" class=\"gts_text\">N\u00e4r de uppt\u00e4cktes f\u00f6rst p\u00e5 1500-talet, fanns det cirka 250 000 Gal\u00e1pagossk\u00f6ldpaddor sk\u00f6ldpadda. <\/span><span id=\"gts_text_107\" class=\"gts_text\">Efter flera decennier av m\u00e4nsklig jakt p\u00e5 sk\u00f6ldpaddan som livsmedel finns det bara omkring 20 000 Gal\u00e1pagossk\u00f6ldpaddor sk\u00f6ldpaddor kvar p\u00e5 Galapagos\u00f6arna. <\/span><span id=\"gts_text_108\" class=\"gts_text\">Dessa l\u00e5ngsamma flytta gigantiska sk\u00f6ldpaddor samlas in och f\u00f6rvaras ombord p\u00e5 fartyg av sj\u00f6m\u00e4n som beh\u00f6vs f\u00f6r f\u00e4rskt k\u00f6tt att \u00e4ta. <\/span><span id=\"gts_text_109\" class=\"gts_text\">Inte bara l\u00e4mnade sk\u00f6ldpaddor proteinet, deras utsp\u00e4dda kissa kan ocks\u00e5 anv\u00e4ndas som dricksvatten &#8211; \u00e4ven om jag inte vill dricka sk\u00f6ldpadda kissa! <\/span><span id=\"gts_text_110\" class=\"gts_text\">Sj\u00f6m\u00e4n l\u00e4ggs Gal\u00e1pagossk\u00f6ldpaddor sk\u00f6ldpaddan mat k\u00e4llan eftersom dessa sk\u00f6ldpaddor kan \u00f6verleva i mer \u00e4n ett \u00e5r utan att \u00e4ta och dricka. <\/span><span id=\"gts_text_111\" class=\"gts_text\">De beh\u00f6ver inte utfodras eller v\u00e5rdas. <\/span><span id=\"gts_text_112\" class=\"gts_text\">Det kostar inte n\u00e5got att h\u00e5lla sk\u00f6ldpaddor ombord p\u00e5 fartyget. <\/span><span id=\"gts_text_113\" class=\"gts_text\">D\u00e4rf\u00f6r var det mycket Gal\u00e1pagossk\u00f6ldpaddor sk\u00f6ldpaddor efterfr\u00e5gan av sj\u00f6m\u00e4n, pirater och whale j\u00e4gare. <\/span><span id=\"gts_text_114\" class=\"gts_text\">De skulle stanna vid Galapagos\u00f6arna fyller sina livsmedel och vatten.<\/span><\/p>\n<figure id=\"attachment_358\" aria-describedby=\"caption-attachment-358\" style=\"width: 300px\" class=\"wp-caption alignright\"><a href=\"http:\/\/www.big-animals.com\/wp-content\/uploads\/2011\/02\/GalapagosTortoiseAndMan.png\"><img loading=\"lazy\" decoding=\"async\" class=\"size-medium wp-image-358\" title=\"This Shows the Relative Sizes of the Galapagos Tortoise And A Human\" src=\"http:\/\/www.big-animals.com\/wp-content\/uploads\/2011\/02\/GalapagosTortoiseAndMan-300x215.png\" alt=\"This Shows the Relative Sizes of the Galapagos Tortoise And A Human\" width=\"300\" height=\"215\" \/><\/a><figcaption id=\"caption-attachment-358\" class=\"wp-caption-text\">This Shows the Relative Sizes of the Gal\u00e1pagos Tortoise And A Human<\/figcaption><\/figure>\n<p><span id=\"gts_text_115\" class=\"gts_text\">Dessa grupper av m\u00e4nniskor som kom till Galapagos\u00f6arna fyller sina livsmedel och vatten ocks\u00e5 f\u00f6rt tillsammans med dem grisar, getter, h\u00e4star och kor, som har blivit ett annat hot mot sk\u00f6ldpaddor. <\/span><span id=\"gts_text_116\" class=\"gts_text\">De \u00e5t den lilla vegetationen som fanns p\u00e5 \u00f6arna. <\/span><span id=\"gts_text_117\" class=\"gts_text\">Som ett resultat av detta var brist p\u00e5 mat f\u00f6r sk\u00f6ldpaddor. <\/span><span id=\"gts_text_118\" class=\"gts_text\">Djurens kl\u00f6var krossade den landsk\u00f6ldpadda \u00e4gg. <\/span><span id=\"gts_text_119\" class=\"gts_text\">Ovanp\u00e5 det \u00e4ter hundar, katter, r\u00e5ttor och grisar sk\u00f6ldpaddas \u00e4gg och att ungarna.<\/span><\/p>\n<p><span id=\"gts_text_120\" class=\"gts_text\">Sk\u00f6ldpaddor var ocks\u00e5 jagade av h\u00f6g klass turtle olja fr\u00e5n slutet av 1800-talet. <\/span><span id=\"gts_text_121\" class=\"gts_text\">Dessa oljor sades vara likv\u00e4rdigt med torsk lever olja. <\/span><span id=\"gts_text_122\" class=\"gts_text\">Avmarkera \u00f6arna att g\u00f6ra plats f\u00f6r jordbruk, har frukt planteringar, turistorter och m\u00e4nsklig bos\u00e4ttning f\u00f6rst\u00f6rt massor av the turtle livsmilj\u00f6ns. <\/span><span id=\"gts_text_123\" class=\"gts_text\">Som en f\u00f6ljd av jakt och f\u00f6rlorat habitat den totala antal Gal\u00e1pagossk\u00f6ldpaddor sk\u00f6ldpaddor har sjunkit drastiskt.<\/span><\/p>\n<p><span id=\"gts_text_124\" class=\"gts_text\">Framtida generationer utan n\u00e5gra anstr\u00e4ngningar f\u00f6r att bevara dessa sk\u00f6ldpaddor, kommer att aldrig f\u00e5 m\u00f6jlighet att se en verkliga livet Gal\u00e1pagossk\u00f6ldpaddor sk\u00f6ldpadda. <\/span><span id=\"gts_text_125\" class=\"gts_text\">De kommer att bli utd\u00f6d i vilt tillst\u00e5nd.<\/span><\/p>\n<h3><span id=\"gts_text_126\" class=\"gts_text\">Gal\u00e1pagossk\u00f6ldpaddor Tortoise bevarande<\/span><\/h3>\n<p><span id=\"gts_text_127\" class=\"gts_text\">Nu skyddas strikt Gal\u00e1pagossk\u00f6ldpaddor j\u00e4tte sk\u00f6ldpaddan. <\/span><span id=\"gts_text_128\" class=\"gts_text\">1959, Alla obebodda omr\u00e5den i Gal\u00e1pagossk\u00f6ldpaddor blev nationalparker och en Forskningsstation fastst\u00e4lldes. <\/span><span id=\"gts_text_129\" class=\"gts_text\">D\u00e5 var alla 11 \u00e5terst\u00e5ende arter av sk\u00f6ldpaddor hotade. <\/span><span id=\"gts_text_130\" class=\"gts_text\">1970 F\u00f6rbj\u00f6ds alla jakt f\u00f6r sk\u00f6ldpaddor och deras \u00e4gg. <\/span><span id=\"gts_text_131\" class=\"gts_text\">Export av sk\u00f6ldpaddor ans\u00e5gs vara olaglig. <\/span><span id=\"gts_text_132\" class=\"gts_text\">Ett 1971 Ecudorian dekret gjorde det olagligt att f\u00f6rst\u00f6ra, ta bort eller st\u00f6ra n\u00e5gon organism, rock eller fysiska objekt i Gal\u00e1pagossk\u00f6ldpaddor nationalpark.<\/span><\/p>\n<p><span id=\"gts_text_133\" class=\"gts_text\">Charles Darwin Research Station i Gal\u00e1pagossk\u00f6ldpaddor startade en sk\u00f6ldpadda uppf\u00f6dning projekt. <\/span><span id=\"gts_text_134\" class=\"gts_text\">De insamlade sk\u00f6ldpadda \u00e4gg fr\u00e5n hotade omr\u00e5den som h\u00e4ckar p\u00e5 \u00f6arna och f\u00f6rde dem tillbaka till stationen att tas hand om &#8211; att se till att de \u00f6verleva och v\u00e4xa till vackra friska sk\u00f6ldpaddor innan de tas emot till naturen.\u00a0Den <\/span><span id=\"gts_text_135\" class=\"gts_text\">\u00e4gg inkuberas och kl\u00e4ckts p\u00e5 Darwin Station, och ungarna lever vid stationen i ungef\u00e4r 4-5 \u00e5r.<\/span><\/p>\n<p><span id=\"gts_text_136\" class=\"gts_text\">Sk\u00f6ldpadda uppf\u00f6dning projektet har varit en stor framg\u00e5ng. <\/span><span id=\"gts_text_137\" class=\"gts_text\">Av de 11 arter som en g\u00e5ng var hotad, har 10 arter v\u00e4xt upp till en mindre utrotningshotade niv\u00e5. <\/span><span id=\"gts_text_138\" class=\"gts_text\">Den mest framg\u00e5ngsrika historien \u00e4r att av Espanola sk\u00f6ldpaddan som sparades fr\u00e5n att d\u00f6 ut. <\/span><span id=\"gts_text_139\" class=\"gts_text\">N\u00e4r projektet b\u00f6rjade fanns det bara 3 m\u00e4n och 12 kvinnor. <\/span><span id=\"gts_text_140\" class=\"gts_text\">Under de f\u00f6ljande 33 \u00e5ren producerat dessa 15 sk\u00f6ldpaddor mer \u00e4n 1200 sk\u00f6ldpaddor som har sl\u00e4ppts till naturliga livsmilj\u00f6n. <\/span><span id=\"gts_text_141\" class=\"gts_text\">Vad en stor framg\u00e5ngssaga f\u00f6r Gal\u00e1pagossk\u00f6ldpaddor sk\u00f6ldpaddan!<\/span><\/p>\n","protected":false},"excerpt":{"rendered":"<p>Gal\u00e1pagossk\u00f6ldpaddor Tortoise fakta Gal\u00e1pagossk\u00f6ldpaddor sk\u00f6ldpaddan \u00e4r den st\u00f6rsta sk\u00f6ldpaddan i v\u00e4rlden. Den kan v\u00e4ga \u00f6ver 400 kg (880 lb) och v\u00e4xa mer \u00e4n 1,8 meter (2 meter). Denna m\u00e4ktiga sk\u00f6ldpadda har en livsl\u00e4ngd p\u00e5 mer \u00e4n 100 \u00e5r. Denna gigantiska sk\u00f6ldpadda kan b\u00e4ra en man p\u00e5 sig sj\u00e4lv. Vad en stark sk\u00f6ldpadda \u00e4r det! Den &hellip; <a href=\"https:\/\/www.big-animals.com\/sv\/galapagos-skoldpadda\/\" class=\"more-link\">Continue reading <span class=\"screen-reader-text\">Gal\u00e1pagossk\u00f6ldpaddor sk\u00f6ldpadda<\/span><\/a><\/p>\n","protected":false},"author":1,"featured_media":0,"parent":0,"menu_order":0,"comment_status":"closed","ping_status":"open","template":"","meta":{"_acf_changed":false,"footnotes":""},"acf":[],"_links":{"self":[{"href":"https:\/\/www.big-animals.com\/sv\/wp-json\/wp\/v2\/pages\/36"}],"collection":[{"href":"https:\/\/www.big-animals.com\/sv\/wp-json\/wp\/v2\/pages"}],"about":[{"href":"https:\/\/www.big-animals.com\/sv\/wp-json\/wp\/v2\/types\/page"}],"author":[{"embeddable":true,"href":"https:\/\/www.big-animals.com\/sv\/wp-json\/wp\/v2\/users\/1"}],"replies":[{"embeddable":true,"href":"https:\/\/www.big-animals.com\/sv\/wp-json\/wp\/v2\/comments?post=36"}],"version-history":[{"count":0,"href":"https:\/\/www.big-animals.com\/sv\/wp-json\/wp\/v2\/pages\/36\/revisions"}],"wp:attachment":[{"href":"https:\/\/www.big-animals.com\/sv\/wp-json\/wp\/v2\/media?parent=36"}],"curies":[{"name":"wp","href":"https:\/\/api.w.org\/{rel}","templated":true}]}}