{"id":38,"date":"2011-05-09T09:23:34","date_gmt":"2011-05-09T09:23:34","guid":{"rendered":""},"modified":"2011-05-09T09:23:34","modified_gmt":"2011-05-09T09:23:34","slug":"goliat-groda","status":"publish","type":"page","link":"https:\/\/www.big-animals.com\/sv\/goliat-groda\/","title":{"rendered":"Goliath Frog"},"content":{"rendered":"<p><span id=\"gts_text_1\" class=\"gts_text\">Goliath grodor \u00e4r den st\u00f6rsta <a title=\"Frog\" href=\"http:\/\/www.big-animals.com\/frog\/\">grodor<\/a> i v\u00e4rlden. <\/span><span id=\"gts_text_2\" class=\"gts_text\">De \u00e4r lika stor som ett hus katt! <\/span><span id=\"gts_text_3\" class=\"gts_text\">Barn i vissa afrikanska l\u00e4nder behandlar denna groda som s\u00e4llskapsdjur hund eller en katt som s\u00e4llskapsdjur. <\/span><span id=\"gts_text_4\" class=\"gts_text\">De kan v\u00e4xa upp till 13 tum (33 cm). <\/span><span id=\"gts_text_5\" class=\"gts_text\">N\u00e4r benen \u00e4r utstr\u00e4ckt, de \u00e4r cirka 3 meter l\u00e5ng (90 cm) och kan v\u00e4ga lika mycket som en nyf\u00f6dd baby. <\/span><span id=\"gts_text_6\" class=\"gts_text\">De \u00e4r ca 3 kg (6,6 lb).<\/span><\/p>\n<figure id=\"attachment_973\" aria-describedby=\"caption-attachment-973\" style=\"width: 204px\" class=\"wp-caption alignright\"><a href=\"http:\/\/www.big-animals.com\/wp-content\/uploads\/2011\/05\/goliath-frog-and-human.png\"><img loading=\"lazy\" decoding=\"async\" class=\"size-medium wp-image-973\" title=\"Goliath Frog and Human\" src=\"http:\/\/www.big-animals.com\/wp-content\/uploads\/2011\/05\/goliath-frog-and-human-204x300.png\" alt=\"Goliath Frog and Human\" width=\"204\" height=\"300\" \/><\/a><figcaption id=\"caption-attachment-973\" class=\"wp-caption-text\">Goliath Frog and Human<\/figcaption><\/figure>\n<p><span id=\"gts_text_7\" class=\"gts_text\">Tyv\u00e4rr befolkningen i dessa grodor sjunker eftersom de jagas f\u00f6r livsmedel och f\u00f6r att s\u00e4ljas som s\u00e4llskapsdjur, och deras livsmilj\u00f6 f\u00f6rst\u00f6rs. <\/span><span id=\"gts_text_8\" class=\"gts_text\">Anstr\u00e4ngningarna att bevara har genomf\u00f6rts f\u00f6r att skydda grodorna genom att placera dem i djurparker. <\/span><span id=\"gts_text_9\" class=\"gts_text\">Men de inte h\u00e4ckar eller \u00f6verleva i f\u00e5ngenskap. <\/span><span id=\"gts_text_10\" class=\"gts_text\">Det enda verkliga hoppet f\u00f6r dem att \u00f6verleva \u00e4r att se till att m\u00e4nniskor skydda dem i naturen och inte utnyttja. <\/span><span id=\"gts_text_11\" class=\"gts_text\">Eftersom de \u00e4r klassificerade som hotade, ekvatoriella guineanska regeringen har f\u00f6rklarat att mer \u00e4n 300 Goliath grodor kan tas ut ur landet per \u00e5r.<\/span><\/p>\n<p><span id=\"gts_text_12\" class=\"gts_text\">Goliath grodor kan hittas i de snabbt fl\u00f6dande floderna med sandiga underdel i de v\u00e4stafrikanska Kamerun och Ekvatorialguinea. <\/span><span id=\"gts_text_13\" class=\"gts_text\">Floder som detta kan hittas i t\u00e4t regnskog och \u00e4r vanligtvis \u00e4r tydliga. <\/span><span id=\"gts_text_14\" class=\"gts_text\">Vattnet har mycket syre. <\/span><span id=\"gts_text_15\" class=\"gts_text\">Omr\u00e5det kring dessa floder \u00e4r vanligtvis mycket fuktigt och varmt.<\/span><\/p>\n<p><span id=\"gts_text_16\" class=\"gts_text\">Upp p\u00e5 grodan \u00e4r gr\u00f6naktiga brown och dess undersida \u00e4r gulaktigt-orange. <\/span><span id=\"gts_text_17\" class=\"gts_text\">Den har grov hud. <\/span><span id=\"gts_text_18\" class=\"gts_text\">P\u00e5 grund av dess storlek har det att \u00e4ta mycket. <\/span><span id=\"gts_text_19\" class=\"gts_text\">Det \u00e4r en k\u00f6tt\u00e4tare, huvudsakligen \u00e4ter insekter, krabbor, fisk och mindre grodor. <\/span><span id=\"gts_text_20\" class=\"gts_text\">\u00c5 andra sidan \u00e4ter grodyngel bara v\u00e4xter. <\/span><span id=\"gts_text_21\" class=\"gts_text\">Det kan leva upp till 15 \u00e5r. <\/span><span id=\"gts_text_22\" class=\"gts_text\">Det \u00e4r en m\u00e4ktig bygel. <\/span><span id=\"gts_text_23\" class=\"gts_text\">Det kan ta upp upp till 10 meter (3 meter) i en bounce. <\/span><span id=\"gts_text_24\" class=\"gts_text\">S\u00e5, det \u00e4r inte l\u00e4tt att f\u00e5nga! <\/span><span id=\"gts_text_25\" class=\"gts_text\">Det har helt webbed t\u00e5r som g\u00f6r det en stor simmare i floden v\u00e5ldsam.<\/span><\/p>\n<p><span id=\"gts_text_26\" class=\"gts_text\">Goliath grodor \u00e4r tyst. <\/span><span id=\"gts_text_27\" class=\"gts_text\">De g\u00f6r inte n\u00e5gon buller men de goda lyssnare. <\/span><span id=\"gts_text_28\" class=\"gts_text\">Kvinnliga Goliath grodor l\u00e4gger flera hundra \u00e4gg som \u00e4r kopplade till v\u00e4xter som v\u00e4xer p\u00e5 undersidan av floderna d\u00e4r de lever. <\/span><span id=\"gts_text_29\" class=\"gts_text\">N\u00e4r \u00e4ggen kl\u00e4cks, tar det cirka 85-95 dagar f\u00f6r grodyngel att utveckla.\u00a0\u00c4ven om de \u00e4r stora som vuxen, \u00e4r \u00e4gg och grodyngel ungef\u00e4r samma storlek som de av andra grodor.<\/span><\/p>\n<p><span id=\"gts_text_30\" class=\"gts_text\"><\/span><\/p>\n","protected":false},"excerpt":{"rendered":"<p>Goliath grodor \u00e4r den st\u00f6rsta grodor i v\u00e4rlden. De \u00e4r lika stor som ett hus katt! Barn i vissa afrikanska l\u00e4nder behandlar denna groda som s\u00e4llskapsdjur hund eller en katt som s\u00e4llskapsdjur. De kan v\u00e4xa upp till 13 tum (33 cm). N\u00e4r benen \u00e4r utstr\u00e4ckt, de \u00e4r cirka 3 meter l\u00e5ng (90 cm) och kan &hellip; <a href=\"https:\/\/www.big-animals.com\/sv\/goliat-groda\/\" class=\"more-link\">Continue reading <span class=\"screen-reader-text\">Goliath Frog<\/span><\/a><\/p>\n","protected":false},"author":1,"featured_media":0,"parent":0,"menu_order":0,"comment_status":"closed","ping_status":"open","template":"","meta":{"_acf_changed":false,"footnotes":""},"acf":[],"_links":{"self":[{"href":"https:\/\/www.big-animals.com\/sv\/wp-json\/wp\/v2\/pages\/38"}],"collection":[{"href":"https:\/\/www.big-animals.com\/sv\/wp-json\/wp\/v2\/pages"}],"about":[{"href":"https:\/\/www.big-animals.com\/sv\/wp-json\/wp\/v2\/types\/page"}],"author":[{"embeddable":true,"href":"https:\/\/www.big-animals.com\/sv\/wp-json\/wp\/v2\/users\/1"}],"replies":[{"embeddable":true,"href":"https:\/\/www.big-animals.com\/sv\/wp-json\/wp\/v2\/comments?post=38"}],"version-history":[{"count":0,"href":"https:\/\/www.big-animals.com\/sv\/wp-json\/wp\/v2\/pages\/38\/revisions"}],"wp:attachment":[{"href":"https:\/\/www.big-animals.com\/sv\/wp-json\/wp\/v2\/media?parent=38"}],"curies":[{"name":"wp","href":"https:\/\/api.w.org\/{rel}","templated":true}]}}