{"id":4,"date":"2011-05-09T08:54:06","date_gmt":"2011-05-09T08:54:06","guid":{"rendered":""},"modified":"2014-04-18T00:21:46","modified_gmt":"2014-04-18T00:21:46","slug":"a-list-of-the-worlds-biggest-animals-sorted-by-type","status":"publish","type":"page","link":"https:\/\/www.big-animals.com\/sv\/a-list-of-the-worlds-biggest-animals-sorted-by-type\/","title":{"rendered":"Lista \u00f6ver v\u00e4rldens st\u00f6rsta djur, sorterade efter typ"},"content":{"rendered":"<p><span class=\"gts_text\" id=\"gts_text_1\">Listan nedan visar alla typer av djur som \u00a0du kan hitta p\u00e5 den h\u00e4r \u00a0hemsidan och anger vilket det st\u00f6rsta djuret \u00e4r av den typen.<\/span>\u00a0<span class=\"gts_text\" id=\"gts_text_2\">S\u00e5, f\u00f6lj l\u00e4nkarna nedan och uppt\u00e4ck mer om de tyngsta, st\u00f6rsta, h\u00f6gsta och l\u00e4ngsta&#8230;<\/span><\/p>\n<p><span class=\"gts_text\" id=\"gts_text_3\"><a href=\"\/Animals.html\"><strong>Djur<\/strong><\/a> &#8211; <a href=\"\/Blue-Whale.html\">Bl\u00e5val<\/a>\u00a0(st\u00f6rsta och st\u00f6rsta n\u00e5gonsin), <a href=\"\/African-Bush-Elephant.html\">Afrikansk savannelefant<\/a> (tyngsta p\u00e5 land), <a href=\"\/Giraffe.html\">giraff<\/a> (h\u00f6gsta p\u00e5 land)<\/span><\/p>\n<ul>\n<li><span class=\"gts_text\" id=\"gts_text_4\"><a href=\"\/Chordates.html\"><strong>Ryggstr\u00e4ngsdjur<\/strong><\/a>\u00a0&#8211; <a href=\"\/Blue-Whale.html\">Bl\u00e5val<\/a>\u00a0(st\u00f6rsta n\u00e5gonsin), <a href=\"\/African-Bush-Elephant.html\">Afrikansk savannelefant<\/a>\u00a0(tyngsta p\u00e5 land), <a href=\"\/Giraffe.html\">giraff<\/a> (h\u00f6gsta p\u00e5 land)<\/span>\n<ul>\n<li><span class=\"gts_text\" id=\"gts_text_5\"><a href=\"\/Vertebrates.html\"><strong>Ryggradsdjur<\/strong><\/a> &#8211; <a href=\"\/Blue-Whale.html\">Bl\u00e5val<\/a>\u00a0(st\u00f6rsta n\u00e5gonsin), <a href=\"\/African-Bush-Elephant.html\">Afrikansk savannelefant<\/a> (tyngsta p\u00e5 land), <a href=\"\/Giraffe.html\">giraff<\/a> (h\u00f6gsta p\u00e5 land)<\/span>\n<ul>\n<li><span class=\"gts_text\" id=\"gts_text_6\"><strong><a href=\"\/Fish.html\">Fiskar<\/a><\/strong>\u00a0&#8211; <a href=\"\/Whale-Shark.html\">Valhaj<\/a>\u00a0(st\u00f6rsta), <a href=\"\/Leedsichthys.html\">Leedsichthys<\/a> (st\u00f6rsta n\u00e5gonsin)<\/span>\n<ul>\n<li><span class=\"gts_text\" id=\"gts_text_7\"><a href=\"\/Cartilaginous-Fish.html\"><strong>Broskfiskar<\/strong><\/a>\u00a0&#8211; <a href=\"\/Whale-Shark.html\">Valhaj<\/a>\u00a0(st\u00f6rsta), <a href=\"\/Megalodon-Shark.html\">Megalodonhaj<\/a>\u00a0(st\u00f6rsta n\u00e5gonsin)<\/span>\n<ul>\n<li><span class=\"gts_text\" id=\"gts_text_8\"><a href=\"\/Sharks.html\"><strong>Hajar<\/strong><\/a> &#8211; <a href=\"\/Whale-Shark.html\">Valhaj<\/a>\u00a0(st\u00f6rsta), <a href=\"\/Megalodon-Shark.html\">Megalodonhaj<\/a>\u00a0(st\u00f6rsta n\u00e5gonsin)<\/span><\/li>\n<\/ul>\n<\/li>\n<\/ul>\n<\/li>\n<li><span class=\"gts_text\" id=\"gts_text_9\"><a class=\" gts_attribute gts_attribute_1_title\" title=\"Amphibian\" href=\"http:\/\/www.big-animals.com\/amphibian\/\"><strong>Groddjur<\/strong><\/a>\u00a0&#8211; <a class=\" gts_attribute gts_attribute_2_title\" title=\"Chinese Giant Salamander\" href=\"http:\/\/www.big-animals.com\/chinese-giant-salamander\/\">Kinesisk J\u00e4ttesalamander<\/a> (st\u00f6rsta)<\/span>\n<ul>\n<li><span class=\"gts_text\" id=\"gts_text_10\"><a class=\" gts_attribute gts_attribute_3_title\" title=\"Caecilian\" href=\"http:\/\/www.big-animals.com\/caecilian\/\"><strong>Maskgroddjur<\/strong><\/a>\u00a0&#8211; <a class=\" gts_attribute gts_attribute_4_title\" title=\"Caecilian Thompsoni\" href=\"http:\/\/www.big-animals.com\/caecilian-thompsoni\/\"><em>\u00a0Caecilia Thompsoni<\/em><\/a> (st\u00f6rsta)<strong><\/strong><\/span><\/li>\n<li><span class=\"gts_text\" id=\"gts_text_11\"><a class=\" gts_attribute gts_attribute_5_title\" title=\"Frog\" href=\"http:\/\/www.big-animals.com\/frog\/\"><strong>Grodor<\/strong><\/a> &#8211; <a class=\" gts_attribute gts_attribute_6_title\" title=\"Goliath Frog\" href=\"http:\/\/www.big-animals.com\/goliath-frog\/\">Goliatgroda<\/a>\u00a0(st\u00f6rsta)<\/span><\/li>\n<li><span class=\"gts_text\" id=\"gts_text_12\"><a class=\" gts_attribute gts_attribute_7_title\" title=\"Salamanders\" href=\"http:\/\/www.big-animals.com\/salamanders\/\"><strong>Salamandrar<\/strong><\/a>\u00a0&#8211; <a class=\" gts_attribute gts_attribute_8_title\" title=\"Chinese Giant Salamander\" href=\"http:\/\/www.big-animals.com\/chinese-giant-salamander\/\">Kinesisk J\u00e4ttesalamander<\/a> (st\u00f6rsta)<\/span><\/li>\n<\/ul>\n<\/li>\n<li><span class=\"gts_text\" id=\"gts_text_13\"><a href=\"http:\/\/www.big-animals.com\/the-worlds-biggest-reptiles\/\"><strong>Reptiler<\/strong><\/a> &#8211; <a href=\"http:\/\/www.big-animals.com\/the-saltwater-crocodile-the-words-biggest-reptile\/\">Saltvattenkrokodil<\/a> (st\u00f6rsta), <a href=\"..\/the-reticulated-python\/\">N\u00e4tpyton<\/a>\u00a0(l\u00e4ngsta)<\/span>\n<ul>\n<li><span class=\"gts_text\" id=\"gts_text_14\"><a class=\" gts_attribute gts_attribute_9_title\" title=\"Crocodilians\" href=\"http:\/\/www.big-animals.com\/crocodilians\/\"><strong>Krokodildjur<\/strong><\/a>\u00a0&#8211; <a href=\"http:\/\/www.big-animals.com\/the-saltwater-crocodile-the-words-biggest-reptile\/\">Saltvattenkrokodil<\/a> (st\u00f6rsta)<\/span><\/li>\n<li><span class=\"gts_text\" id=\"gts_text_15\"><a class=\" gts_attribute gts_attribute_10_title\" title=\"Lizards\" href=\"http:\/\/www.big-animals.com\/lizards\/\"><strong>\u00d6dlor<\/strong><\/a> &#8211; <a class=\" gts_attribute gts_attribute_11_title\" title=\"Komodo Dragon\" href=\"http:\/\/www.big-animals.com\/komodo-dragon\/\">komodovaran<\/a>\u00a0(st\u00f6rsta), <a class=\" gts_attribute gts_attribute_12_title\" title=\"Tylosaurus\" href=\"http:\/\/www.big-animals.com\/tylosaurus\/\">Tylosaurus<\/a> (st\u00f6rsta n\u00e5gonsin), <a class=\" gts_attribute gts_attribute_13_title\" title=\"Megalania\" href=\"http:\/\/www.big-animals.com\/megalania\/\">Megalania<\/a> (st\u00f6rsta n\u00e5gonsin p\u00e5 land)<\/span><\/li>\n<li><span class=\"gts_text\" id=\"gts_text_16\"><a href=\"http:\/\/www.big-animals.com\/snakes\/\"><strong>Ormar<\/strong><\/a> &#8211; <a href=\"http:\/\/www.big-animals.com\/titanoboa-the-biggest-ever-snake\/\">Titanoboa<\/a> (st\u00f6rsta n\u00e5gonsin), <a href=\"http:\/\/www.big-animals.com\/the-reticulated-python\/\">N\u00e4tpyton<\/a>\u00a0(l\u00e4ngsta), <a href=\"http:\/\/www.big-animals.com\/green-anaconda\/\">Gr\u00f6n Anakonda<\/a> (tyngsta), <a class=\" gts_attribute gts_attribute_14_title\" title=\"The King Cobra\" href=\"http:\/\/www.big-animals.com\/the-king-cobra\/\">Kungskobra<\/a> (st\u00f6rsta giftig)<\/span><\/li>\n<li><span class=\"gts_text\" id=\"gts_text_17\"><a href=\"http:\/\/www.big-animals.com\/tuatara\/\"><strong>Brygg\u00f6dla (Tuatara)<\/strong><\/a>\u00a0&#8211; <a href=\"http:\/\/www.big-animals.com\/tuatara\/\">Cook Strait Tuatara<\/a> (st\u00f6rsta)<\/span><\/li>\n<li><span class=\"gts_text\" id=\"gts_text_18\"><a href=\"http:\/\/www.big-animals.com\/turtles-and-tortoises\/\"><strong>Sk\u00f6ldpaddor<\/strong><\/a> &#8211; <a href=\"http:\/\/www.big-animals.com\/leatherback-sea-turtle\/\">Havsl\u00e4dersk\u00f6ldpadda<\/a>\u00a0(st\u00f6rsta), <a href=\"http:\/\/www.big-animals.com\/galapagos-tortoise\/\">Gal\u00e1pagossk\u00f6ldpadda<\/a> (st\u00f6rsta sk\u00f6ldpadda)<\/span><\/li>\n<\/ul>\n<\/li>\n<li><span class=\"gts_text\" id=\"gts_text_19\"><a href=\"\/Birds.html\"><strong>F\u00e5glar<\/strong><\/a> &#8211; <a href=\"\/Ostrich.html\">Struts<\/a> (st\u00f6rsta), <a href=\"\/Wandering-Albatross.html\">Vandringsalbatross<\/a> (st\u00f6rsta flygande), <a class=\" gts_attribute gts_attribute_15_title\" title=\"Elephant Bird\" href=\"http:\/\/www.big-animals.com\/elephant-bird-2\/\">Elefantf\u00e5glar<\/a>\u00a0(tyngsta n\u00e5gonsin), <a href=\"\/Giant-Moa.html\">J\u00e4ttemoa<\/a> (h\u00f6gsta n\u00e5gonsin), Koritrapp (tyngsta flygande)<\/span>\n<ul>\n<li><span class=\"gts_text\" id=\"gts_text_20\"><a class=\" gts_attribute gts_attribute_16_title\" title=\"Flamingos\" href=\"http:\/\/www.big-animals.com\/flamingos\/\"><strong>Flamingon<\/strong><\/a>\u00a0&#8211; <a class=\" gts_attribute gts_attribute_17_title\" title=\"Greater Flamingo\" href=\"http:\/\/www.big-animals.com\/greater-flamingo\/\">St\u00f6rre Flamingo<\/a> (st\u00f6rsta och h\u00f6gsta)<\/span><\/li>\n<li><span class=\"gts_text\" id=\"gts_text_21\"><a class=\" gts_attribute gts_attribute_18_title\" title=\"Galliformes\" href=\"http:\/\/www.big-animals.com\/galliformes\/\"><strong>H\u00f6nsf\u00e5glar<\/strong><\/a> &#8211; <a class=\" gts_attribute gts_attribute_19_title\" title=\"North American Wild Turkey\" href=\"http:\/\/www.big-animals.com\/north-american-wild-turkey\/\">Amerikansk Vildkalkon<\/a>\u00a0(st\u00f6rsta), <a class=\" gts_attribute gts_attribute_20_title\" title=\"Green Peafowl\" href=\"http:\/\/www.big-animals.com\/green-peafowl\/\">Gr\u00f6n P\u00e5f\u00e5gel<\/a> (l\u00e4ngsta vingbredd)<\/span><\/li>\n<li><span class=\"gts_text\"><span class=\"gts_text\"><a class=\" gts_attribute gts_attribute_21_title\" title=\"Owls\" href=\"http:\/\/www.big-animals.com\/owls\/\"><strong>Ugglor<\/strong><\/a> &#8211; <a class=\" gts_attribute gts_attribute_22_title\" title=\"Eurasian Eagle Owl\" href=\"http:\/\/www.big-animals.com\/eurasian-eagle-owl\/\">Berguv<\/a>\u00a0(st\u00f6rsta), <\/span><\/span><span class=\"gts_text\" id=\"gts_text_22\"><a class=\" gts_attribute gts_attribute_23_title\" title=\"Cuban Giant Owl\" href=\"http:\/\/www.big-animals.com\/cuban-giant-owl\/\">Ornimegalonyx (Kubansk J\u00e4tteuggla)<\/a>\u00a0(st\u00f6rsta n\u00e5gonsin)<\/span><\/li>\n<li><span class=\"gts_text\" id=\"gts_text_23\"><a class=\" gts_attribute gts_attribute_24_title\" title=\"Parrots\" href=\"http:\/\/www.big-animals.com\/parrots\/\"><strong>Papegojor<\/strong><\/a> &#8211; <a class=\" gts_attribute gts_attribute_25_title\" title=\"Hyacinth Macaw\" href=\"http:\/\/www.big-animals.com\/hyacinth-macaw\/\">Hyacinthara<\/a>\u00a0(l\u00e4ngsta, st\u00f6rsta flygande), <a class=\" gts_attribute gts_attribute_26_title\" title=\"Kakapo\" href=\"http:\/\/www.big-animals.com\/kakapo\/\">Kakapo<\/a> (st\u00f6rsta)<strong><\/strong><\/span><\/li>\n<li><span class=\"gts_text\" id=\"gts_text_24\"><a class=\" gts_attribute gts_attribute_27_title\" title=\"Penguins\" href=\"..\/penguins\/\"><strong>Pingviner<\/strong><\/a>\u00a0&#8211; <a class=\" gts_attribute gts_attribute_28_title\" title=\"Emperor Penguin\" href=\"..\/emperor-penguin\/\">Kejsarpingvin<\/a> (st\u00f6rsta), <a class=\" gts_attribute gts_attribute_29_title\" title=\"Anthropornis\" href=\"..\/anthropornis\/\"><em>Anthropornis<\/em><\/a> (st\u00f6rsta n\u00e5gonsin)<\/span><\/li>\n<li><span class=\"gts_text\" id=\"gts_text_25\"><a class=\" gts_attribute gts_attribute_30_title\" title=\"Columbidae\" href=\"http:\/\/www.big-animals.com\/columbidae\/\"><strong>Duvor och duvf\u00e5glar<\/strong><\/a>\u00a0&#8211; <a class=\" gts_attribute gts_attribute_31_title\" title=\"Marquesan Imperial Pigeon\" href=\"http:\/\/www.big-animals.com\/marquesan-imperial-pigeon\/\">Marquesaskejsarduva<\/a>\u00a0(st\u00f6rsta), <a class=\" gts_attribute gts_attribute_32_title\" title=\"Crowned Pigeons\" href=\"http:\/\/www.big-animals.com\/crowned-pigeons\/\">Kronduvor\u00a0<\/a>(st\u00f6rsta tr\u00e4dlevande), <a class=\" gts_attribute gts_attribute_33_title\" title=\"Dodo\" href=\"http:\/\/www.big-animals.com\/dodo\/\">Dront<\/a>\u00a0(st\u00f6rsta n\u00e5gonsin)<\/span><\/li>\n<li><span class=\"gts_text\" id=\"gts_text_26\"><a class=\" gts_attribute gts_attribute_34_title\" title=\"Ratites\" href=\"http:\/\/www.big-animals.com\/ratites\/\"><strong>Strutsf\u00e5glar<\/strong><\/a>\u00a0&#8211; <a class=\" gts_attribute gts_attribute_35_title\" title=\"The Ostrich \u2013 The World\u2019s Biggest Bird!\" href=\"http:\/\/www.big-animals.com\/the-ostrich-the-worlds-biggest-bird\/\">struts<\/a> (st\u00f6rsta) <a class=\" gts_attribute gts_attribute_36_title\" title=\"Elephant Bird\" href=\"http:\/\/www.big-animals.com\/elephant-bird-2\/\">Elefantf\u00e5gel<\/a>\u00a0(tyngsta n\u00e5gonsin), <a class=\" gts_attribute gts_attribute_37_title\" title=\"The Giant Moa \u2013 The Tallest Bird There Ever Was!\" href=\"http:\/\/www.big-animals.com\/the-giant-moa-the-tallest-bird-there-ever-was\/\">J\u00e4ttemoa<\/a> (h\u00f6gsta n\u00e5gonsin)<\/span><\/li>\n<li><span class=\"gts_text\" id=\"gts_text_27\"><a class=\" gts_attribute gts_attribute_38_title\" title=\"Waders\" href=\"..\/waders\/\"><strong>Vadare<\/strong><\/a>\u00a0&#8211; <a class=\" gts_attribute gts_attribute_39_title\" title=\"Far Eastern Curlew\" href=\"..\/far-eastern-curlew\/\">Orientspov<\/a> (st\u00f6rsta) <a class=\" gts_attribute gts_attribute_40_title\" title=\"Beach Stone Curlew\" href=\"..\/beach-stone-curlew\/\">Storspov\u00a0<\/a>(tyngsta)<\/span><\/li>\n<li><span class=\"gts_text\" id=\"gts_text_28\"><a class=\" gts_attribute gts_attribute_41_title\" title=\"Waterfowl\" href=\"http:\/\/www.big-animals.com\/waterfowl\/\"><strong>Sj\u00f6f\u00e5glar<\/strong><\/a> &#8211; <a class=\" gts_attribute gts_attribute_42_title\" title=\"Trumpeter Swan\" href=\"http:\/\/www.big-animals.com\/trumpeter-swan\/\">Trumpetarsvan<\/a>\u00a0(st\u00f6rsta)<\/span><\/li>\n<\/ul>\n<\/li>\n<li><span class=\"gts_text\" id=\"gts_text_29\"><a href=\"\/Mammals.html\"><strong>D\u00e4ggdjur<\/strong><\/a> &#8211; <a href=\"\/Blue-Whale.html\">Bl\u00e5val<\/a> (st\u00f6rsta och st\u00f6rsta n\u00e5gonsin), <a href=\"\/African-Bush-Elephant.html\">Afrikansk savannelefant<\/a>\u00a0(tyngsta p\u00e5 land), <a href=\"\/Giraffe.html\">giraff<\/a> (h\u00f6gsta p\u00e5 land)<\/span>\n<ul>\n<li><span class=\"gts_text\" id=\"gts_text_30\"><strong>H\u00f6gre d\u00e4ggdjur<\/strong>\u00a0&#8211; <a href=\"\/Blue-Whale.html\">Bl\u00e5val<\/a> (st\u00f6rsta och st\u00f6rsta n\u00e5gonsin), <a href=\"\/African-Bush-Elephant.html\">Afrikansk savannelefant<\/a> (tyngsta p\u00e5 land), <a href=\"\/Giraffe.html\">giraff<\/a> (h\u00f6gsta p\u00e5 land)<\/span>\n<ul>\n<li><span class=\"gts_text\" id=\"gts_text_31\"><a class=\" gts_attribute gts_attribute_43_title\" title=\"Bats\" href=\"http:\/\/www.big-animals.com\/bats\/\"><strong>Fladderm\u00f6ss<\/strong><\/a> &#8211; <a class=\" gts_attribute gts_attribute_44_title\" title=\"Giant Golden-Crowned Flying Fox\" href=\"http:\/\/www.big-animals.com\/giant-golden-crowned-flying-fox\/\">Acerodon Jubatus<\/a>\u00a0(st\u00f6rsta)<\/span><\/li>\n<li><span class=\"gts_text\" id=\"gts_text_32\"><a class=\" gts_attribute gts_attribute_45_title\" title=\"Carnivora\" href=\"http:\/\/www.big-animals.com\/carnivora\/\"><strong>Rovdjur<\/strong><\/a> &#8211; <a class=\" gts_attribute gts_attribute_46_title\" title=\"Southern Elephant Seal\" href=\"http:\/\/www.big-animals.com\/southern-elephant-seal\/\">sydlig sj\u00f6elefant<\/a>\u00a0(st\u00f6rsta), <a class=\" gts_attribute gts_attribute_47_title\" title=\"Polar Bear\" href=\"http:\/\/www.big-animals.com\/polar-bear\/\">isbj\u00f6rn<\/a> (st\u00f6rsta p\u00e5 land)<strong><\/strong><\/span><\/li>\n<li><span class=\"gts_text\" id=\"gts_text_33\"><a class=\" gts_attribute gts_attribute_48_title\" title=\"Cetaceans\" href=\"http:\/\/www.big-animals.com\/cetaceans\/\"><strong>Valar<\/strong><\/a> &#8211; <a class=\" gts_attribute gts_attribute_49_title\" title=\"The Blue Whale \u2013 The Biggest Animal There Ever Was!\" href=\"http:\/\/www.big-animals.com\/the-blue-whale-the-biggest-animal-there-ever-was\/\">Bl\u00e5val<\/a> (st\u00f6rsta och st\u00f6rsta n\u00e5gonsin)<\/span><\/li>\n<li><span class=\"gts_text\" id=\"gts_text_34\"><a class=\" gts_attribute gts_attribute_50_title\" title=\"Even-toed ungulate\" href=\"http:\/\/www.big-animals.com\/even-toed-ungulate\/\"><strong>Part\u00e5iga hovdjur<\/strong><\/a>\u00a0&#8211; <a class=\" gts_attribute gts_attribute_51_title\" title=\"Hippopotamus\" href=\"http:\/\/www.big-animals.com\/hippopotamus\/\">flodh\u00e4st<\/a> (st\u00f6rsta), <a class=\" gts_attribute gts_attribute_52_title\" title=\"The Giraffe \u2013 The World\u2019s Tallest Animal!\" href=\"http:\/\/www.big-animals.com\/the-giraffe-the-worlds-tallest-animal\/\">giraff<\/a> (h\u00f6gsta)<\/span><\/li>\n<li><span class=\"gts_text\" id=\"gts_text_35\"><a class=\" gts_attribute gts_attribute_53_title\" title=\"Odd Toed-Ungulates\" href=\"http:\/\/www.big-animals.com\/odd-toed-ungulates\/\"><strong>Uddat\u00e5iga hovdjur<\/strong><\/a> &#8211; <a class=\" gts_attribute gts_attribute_54_title\" title=\"White Rhinoceros\" href=\"http:\/\/www.big-animals.com\/white-rhinoceros\/\">Trubbnosh\u00f6rning<\/a> (st\u00f6rsta)<\/span><\/li>\n<li><span class=\"gts_text\" id=\"gts_text_36\"><a class=\" gts_attribute gts_attribute_55_title\" title=\"Primates\" href=\"..\/primates\/\"><strong>Primater<\/strong><\/a> &#8211; <a class=\" gts_attribute gts_attribute_56_title\" title=\"Mountain Gorilla\" href=\"..\/mountain-gorilla\/\">Bergsgorilla<\/a> (st\u00f6rsta), <a class=\" gts_attribute gts_attribute_57_title\" title=\"Gigantopithecus\" href=\"..\/gigantopithecus\/\">Gigantopithecus<\/a> (st\u00f6rsta n\u00e5gonsin)<\/span><\/li>\n<li><span class=\"gts_text\" id=\"gts_text_37\"><a class=\" gts_attribute gts_attribute_58_title\" title=\"Proboscidea\" href=\"http:\/\/www.big-animals.com\/proboscidea\/\"><strong>Elefantdjur<\/strong><\/a>\u00a0&#8211; <a class=\" gts_attribute gts_attribute_59_title\" title=\"African Bush Elephant \u2013 The World\u2019s Biggest Land Animal!\" href=\"http:\/\/www.big-animals.com\/the-african-bush-elephant-the-worlds-biggest-land-animal\/\">Afrikansk savannelefant<\/a>\u00a0(st\u00f6rsta)<\/span><\/li>\n<li><span class=\"gts_text\" id=\"gts_text_38\"><a class=\" gts_attribute gts_attribute_60_title\" title=\"Rodents\" href=\"http:\/\/www.big-animals.com\/rodents\/\"><strong>Gnagare<\/strong><\/a> &#8211; <a class=\" gts_attribute gts_attribute_61_title\" title=\"Capybara\" href=\"http:\/\/www.big-animals.com\/capybara\/\">Kapybara<\/a> (st\u00f6rsta), <a class=\" gts_attribute gts_attribute_62_title\" title=\"Josephoartigasia Monesi\" href=\"http:\/\/www.big-animals.com\/josephoartigasia-monesi\/\"><em>josephoartigasia monesi<\/em><\/a> (st\u00f6rsta n\u00e5gonsin)<\/span><\/li>\n<\/ul>\n<\/li>\n<li><span class=\"gts_text\" id=\"gts_text_39\"><a href=\"\/Marsupials.html\"><strong>Pungdjur<\/strong><\/a> &#8211; <a href=\"\/Red-Kangaroo.html\">R\u00f6d k\u00e4nguru<\/a>\u00a0(st\u00f6rsta), <a href=\"\/Diprotodon.html\">Diprotodon<\/a> (st\u00f6rsta n\u00e5gonsin)<\/span><\/li>\n<li><span class=\"gts_text\" id=\"gts_text_40\"><a class=\" gts_attribute gts_attribute_63_title\" title=\"Monotremes\" href=\"http:\/\/www.big-animals.com\/monotremes\/\"><strong>Kloakdjur<\/strong><\/a> &#8211; <a class=\" gts_attribute gts_attribute_64_title\" title=\"Western Long Beaked Echidna\" href=\"http:\/\/www.big-animals.com\/western-long-beaked-echidna\/\">V\u00e4stligt l\u00e5ngn\u00e4bbat myrpiggsvin<\/a>\u00a0(zaglossus bruijni)\u00a0(st\u00f6rsta)<\/span><\/li>\n<\/ul>\n<\/li>\n<\/ul>\n<\/li>\n<\/ul>\n<\/li>\n<li><span class=\"gts_text\" id=\"gts_text_41\"><strong><a href=\"\/Echinoderms.html\">Tagghudingar<\/a><\/strong> &#8211; Catala&#8217;s Sj\u00f6stj\u00e4rna (tyngsta), eller <a href=\"\/Midgardia-Xandaros.html\">Midgardia xandaros<\/a> (l\u00e4ngsta armar)<\/span><\/li>\n<li><span class=\"gts_text\" id=\"gts_text_42\"><strong><a href=\"\/Arthropods.html\">Leddjur<\/a><\/strong> &#8211; <a href=\"\/Japanese-Spider-Crab.html\">Japansk spindelkrabba<\/a> (st\u00f6rsta), <a href=\"\/American-Lobster.html\">Amerikansk hummer<\/a> (tyngsta), <a href=\"\/Coconut-Crab.html\">Kokoskrabba<\/a> (st\u00f6rsta p\u00e5 land)<\/span>\n<ul>\n<li><span class=\"gts_text\" id=\"gts_text_43\"><strong><a href=\"\/Crustaceans.html\">Kr\u00e4ftdjur<\/a><\/strong> &#8211; <a href=\"\/Japanese-Spider-Crab.html\">Japansk spindelkrabba<\/a> (st\u00f6rsta), <a href=\"\/American-Lobster.html\">Amerikansk hummer<\/a> (tyngsta), <a href=\"\/Coconut-Crab.html\">Kokoskrabba<\/a> (st\u00f6rsta p\u00e5 land)<\/span><\/li>\n<li><span class=\"gts_text\" id=\"gts_text_44\"><strong>Palpk\u00e4kar<\/strong><\/span>\n<ul>\n<li><span class=\"gts_text\" id=\"gts_text_45\"><strong>Kvalster<\/strong><\/span>\n<ul>\n<li><span class=\"gts_text\" id=\"gts_text_46\"><strong>Spindlar<\/strong> &#8211; <a href=\"\/Goliath-Bird-Eating-Spider.html\">Goliatspindel<\/a>\u00a0(st\u00f6rsta n\u00e5gonsin)<\/span><\/li>\n<\/ul>\n<\/li>\n<\/ul>\n<\/li>\n<li><span class=\"gts_text\" id=\"gts_text_47\"><strong><a href=\"\/Insects.html\">Insekter<\/a><\/strong> &#8211; <a href=\"\/Goliath-Beetle.html\">Goliatbagge<\/a>\u00a0(tyngsta), <a href=\"\/Wetapunga.html\">Deinacrida<\/a>\u00a0(tyngsta som vuxen), <a href=\"\/Atlas-Moth.html\">Atlasspinnare<\/a>\u00a0(st\u00f6rsta vingar)<\/span><\/li>\n<\/ul>\n<\/li>\n<li><span class=\"gts_text\" id=\"gts_text_48\"><a href=\"\/Mollusks.html\"><strong>Bl\u00f6tdjur<\/strong><\/a> &#8211; <a class=\" gts_attribute gts_attribute_65_title\" title=\"Colossal Squid\" href=\"http:\/\/www.big-animals.com\/colossal-squid\/\">Kolossbl\u00e4ckfisk<\/a> (st\u00f6rsta)<\/span><\/li>\n<li><span class=\"gts_text\" id=\"gts_text_49\"><a href=\"\/Placozoans.html\"><strong>Placozoer<\/strong><\/a>\u00a0&#8211; <a href=\"\/Trichoplax.html\">Trichoplax Adhaerens<\/a> (st\u00f6rsta och enda)<\/span><\/li>\n<li><span class=\"gts_text\" id=\"gts_text_50\"><a href=\"\/Velvet-Worms.html\"><strong>Klomaskar (Onychophora)<\/strong><\/a> &#8211; en <a href=\"\/Giant-Velvet-Worm.html\">Ej namngiven art<\/a>\u00a0(\u00f6verl\u00e4gset st\u00f6rsta)<\/span><\/li>\n<\/ul>\n<p>&nbsp;<\/p>\n","protected":false},"excerpt":{"rendered":"<p>Listan nedan visar alla typer av djur som \u00a0du kan hitta p\u00e5 den h\u00e4r \u00a0hemsidan och anger vilket det st\u00f6rsta djuret \u00e4r av den typen.\u00a0S\u00e5, f\u00f6lj l\u00e4nkarna nedan och uppt\u00e4ck mer om de tyngsta, st\u00f6rsta, h\u00f6gsta och l\u00e4ngsta&#8230; Djur &#8211; Bl\u00e5val\u00a0(st\u00f6rsta och st\u00f6rsta n\u00e5gonsin), Afrikansk savannelefant (tyngsta p\u00e5 land), giraff (h\u00f6gsta p\u00e5 land) Ryggstr\u00e4ngsdjur\u00a0&#8211; Bl\u00e5val\u00a0(st\u00f6rsta &hellip; <a href=\"https:\/\/www.big-animals.com\/sv\/a-list-of-the-worlds-biggest-animals-sorted-by-type\/\" class=\"more-link\">Continue reading <span class=\"screen-reader-text\">Lista \u00f6ver v\u00e4rldens st\u00f6rsta djur, sorterade efter typ<\/span><\/a><\/p>\n","protected":false},"author":1,"featured_media":0,"parent":0,"menu_order":0,"comment_status":"closed","ping_status":"open","template":"","meta":{"_acf_changed":false,"footnotes":""},"acf":[],"_links":{"self":[{"href":"https:\/\/www.big-animals.com\/sv\/wp-json\/wp\/v2\/pages\/4"}],"collection":[{"href":"https:\/\/www.big-animals.com\/sv\/wp-json\/wp\/v2\/pages"}],"about":[{"href":"https:\/\/www.big-animals.com\/sv\/wp-json\/wp\/v2\/types\/page"}],"author":[{"embeddable":true,"href":"https:\/\/www.big-animals.com\/sv\/wp-json\/wp\/v2\/users\/1"}],"replies":[{"embeddable":true,"href":"https:\/\/www.big-animals.com\/sv\/wp-json\/wp\/v2\/comments?post=4"}],"version-history":[{"count":4,"href":"https:\/\/www.big-animals.com\/sv\/wp-json\/wp\/v2\/pages\/4\/revisions"}],"predecessor-version":[{"id":294,"href":"https:\/\/www.big-animals.com\/sv\/wp-json\/wp\/v2\/pages\/4\/revisions\/294"}],"wp:attachment":[{"href":"https:\/\/www.big-animals.com\/sv\/wp-json\/wp\/v2\/media?parent=4"}],"curies":[{"name":"wp","href":"https:\/\/api.w.org\/{rel}","templated":true}]}}