{"id":46,"date":"2011-05-09T09:26:11","date_gmt":"2011-05-09T09:26:11","guid":{"rendered":""},"modified":"2011-05-09T09:26:11","modified_gmt":"2011-05-09T09:26:11","slug":"kloakdjur","status":"publish","type":"page","link":"https:\/\/www.big-animals.com\/sv\/kloakdjur\/","title":{"rendered":"Kloakdjur"},"content":{"rendered":"<figure id=\"attachment_995\" aria-describedby=\"caption-attachment-995\" style=\"width: 300px\" class=\"wp-caption alignright\"><a href=\"http:\/\/www.big-animals.com\/wp-content\/uploads\/2011\/05\/Platypus.jpeg\"><img loading=\"lazy\" decoding=\"async\" class=\"size-medium wp-image-995\" title=\"The Platypus - photo by &#038;quot;Rainbow606&#038;quot;\" src=\"http:\/\/www.big-animals.com\/wp-content\/uploads\/2011\/05\/Platypus-300x290.jpg\" alt=\"The Platypus - photo by &#038;quot;Rainbow606&#038;quot;\" width=\"300\" height=\"290\" \/><\/a><figcaption id=\"caption-attachment-995\" class=\"wp-caption-text\">The Platypus - photo by &#038;quot;Rainbow606&#038;quot;<\/figcaption><\/figure>\n<p><span id=\"gts_text_1\" class=\"gts_text\">Kloakdjur \u00e4r en slags ovanligt <a title=\"The World\u2019s Biggest Mammals!\" href=\"http:\/\/www.big-animals.com\/the-worlds-biggest-mammals\/\">d\u00e4ggdjur<\/a> som l\u00e4gger \u00e4gg. <\/span><span id=\"gts_text_2\" class=\"gts_text\">De f\u00f6der leva unga. <\/span><span id=\"gts_text_3\" class=\"gts_text\">De kan hittas i Australien, Tasmanien och Nya Guinea. <\/span><span id=\"gts_text_4\" class=\"gts_text\">Denna grupp omfattar n\u00e4bbdjur och de fyra typerna av Echidna (Spiny anteater).<\/span><\/p>\n<p><span id=\"gts_text_5\" class=\"gts_text\">Kloakdjur \u00e4r precis som andra d\u00e4ggdjur, varmblodiga med h\u00f6g metabolisk hastighet, men inte s\u00e5 h\u00f6g som andra d\u00e4ggdjur. <\/span><span id=\"gts_text_6\" class=\"gts_text\">De har h\u00e5r p\u00e5 deras kroppar. <\/span><span id=\"gts_text_7\" class=\"gts_text\">Efter sp\u00e4dbarn har kl\u00e4ckts, utfodras de med modersmj\u00f6lken. <\/span><span id=\"gts_text_8\" class=\"gts_text\">M\u00f6drar har ingen dinappar, s\u00e5 sp\u00e4dbarn kommer bara slicka upp mj\u00f6lk som utstr\u00e5lar fr\u00e5n sin mors hud.<\/span><\/p>\n<p><span id=\"gts_text_9\" class=\"gts_text\">Vuxna kloakdjur har inga t\u00e4nder. <\/span><span id=\"gts_text_10\" class=\"gts_text\">De har ett enda ben i deras l\u00e4gre k\u00e4ken, tre mellan\u00f6rat ben och n\u00e4bb. <\/span><span id=\"gts_text_11\" class=\"gts_text\">De har extra ben i bogen g\u00f6rdel. <\/span><span id=\"gts_text_12\" class=\"gts_text\">De walk like reptiler, med benen p\u00e5 sidorna snarare \u00e4n under deras kroppar. <\/span><span id=\"gts_text_13\" class=\"gts_text\">De l\u00e4gger sm\u00e5 \u00e4gg. <\/span><span id=\"gts_text_14\" class=\"gts_text\">De kommer normalt l\u00e4gger 2 \u00e4gg i taget. <\/span><span id=\"gts_text_15\" class=\"gts_text\">\u00c4ggen \u00e4r t\u00e4ckta med leathery skal som reptiler \u00e4gg.<\/span><\/p>\n<figure id=\"attachment_996\" aria-describedby=\"caption-attachment-996\" style=\"width: 300px\" class=\"wp-caption alignleft\"><a href=\"http:\/\/www.big-animals.com\/wp-content\/uploads\/2011\/05\/Echidna.jpg\"><img loading=\"lazy\" decoding=\"async\" class=\"size-medium wp-image-996\" title=\"An Echidna - picture by &#038;quot;KeresH&#038;quot;\" src=\"http:\/\/www.big-animals.com\/wp-content\/uploads\/2011\/05\/Echidna-300x196.jpg\" alt=\"An Echidna - picture by &#038;quot;KeresH&#038;quot;\" width=\"300\" height=\"196\" \/><\/a><figcaption id=\"caption-attachment-996\" class=\"wp-caption-text\">An Echidna - picture by &#038;quot;KeresH&#038;quot;<\/figcaption><\/figure>\n<p><span id=\"gts_text_16\" class=\"gts_text\">N\u00e4bbdjur tillbringar stor del av sitt liv i vattnet. <\/span><span id=\"gts_text_17\" class=\"gts_text\">Dess simhudsf\u00f6rsedda t\u00e5rna har inget h\u00e5r, en bl\u00e5 gr\u00e5 n\u00e4bb som en Anka bill, vattent\u00e4t kort brun p\u00e4ls och en platt v\u00e5ldsamhet svans som en b\u00e4ver svans. <\/span><span id=\"gts_text_18\" class=\"gts_text\">Det lilla \u00f6ra sk\u00e4r, sm\u00e5 \u00f6gon kan man st\u00e4nga dess n\u00e4sborrar att h\u00e5lla vattnet ut n\u00e4r man simmar. <\/span><span id=\"gts_text_19\" class=\"gts_text\">Det \u00e4r mellan 1 och 2 meter l\u00e5ng (30-60 cm) och den v\u00e4ger mellan 3 eller 4 pund (1.3 &#8211; 1,7 kg). <\/span><span id=\"gts_text_20\" class=\"gts_text\">Den \u00e4ter insektslarver, r\u00e4kor, grodor och fisk \u00e4gg.<\/span><\/p>\n<p><span id=\"gts_text_21\" class=\"gts_text\">Echidnas har svart eller brunt h\u00e5r, ljusare f\u00e4rgade ryggar. <\/span><span id=\"gts_text_22\" class=\"gts_text\">Det har sm\u00e5 \u00f6gon och en liten mun med n\u00e5gra t\u00e4nder. <\/span><span id=\"gts_text_23\" class=\"gts_text\">Den har en mycket l\u00e5ng klibbiga tungan som anv\u00e4nds f\u00f6r att f\u00e5nga termiter och myror. <\/span><span id=\"gts_text_24\" class=\"gts_text\">Echidnas \u00e4r ocks\u00e5 mellan 1 till 2 meter l\u00e5ng (30-60 cm). <\/span><span id=\"gts_text_25\" class=\"gts_text\">Den har korta ben med l\u00e5nga tunga klor p\u00e5 f\u00f6tter och en Rundspetsad nos.<\/span><\/p>\n<p><span id=\"gts_text_26\" class=\"gts_text\">Den st\u00f6rsta typ av Myrpiggsvin, och den st\u00f6rsta kloakdjur, \u00e4r <a title=\"Western Long Beaked Echidna\" href=\"http:\/\/www.big-animals.com\/western-long-beaked-echidna\/\">V\u00e4stra Long-Tasmansk Myrpiggsvin<\/a>.<\/span><\/p>\n<p><span id=\"gts_text_27\" class=\"gts_text\"><\/span><\/p>\n","protected":false},"excerpt":{"rendered":"<p>Kloakdjur \u00e4r en slags ovanligt d\u00e4ggdjur som l\u00e4gger \u00e4gg. De f\u00f6der leva unga. De kan hittas i Australien, Tasmanien och Nya Guinea. Denna grupp omfattar n\u00e4bbdjur och de fyra typerna av Echidna (Spiny anteater). Kloakdjur \u00e4r precis som andra d\u00e4ggdjur, varmblodiga med h\u00f6g metabolisk hastighet, men inte s\u00e5 h\u00f6g som andra d\u00e4ggdjur. De har h\u00e5r &hellip; <a href=\"https:\/\/www.big-animals.com\/sv\/kloakdjur\/\" class=\"more-link\">Continue reading <span class=\"screen-reader-text\">Kloakdjur<\/span><\/a><\/p>\n","protected":false},"author":1,"featured_media":0,"parent":0,"menu_order":0,"comment_status":"closed","ping_status":"open","template":"","meta":{"_acf_changed":false,"footnotes":""},"acf":[],"_links":{"self":[{"href":"https:\/\/www.big-animals.com\/sv\/wp-json\/wp\/v2\/pages\/46"}],"collection":[{"href":"https:\/\/www.big-animals.com\/sv\/wp-json\/wp\/v2\/pages"}],"about":[{"href":"https:\/\/www.big-animals.com\/sv\/wp-json\/wp\/v2\/types\/page"}],"author":[{"embeddable":true,"href":"https:\/\/www.big-animals.com\/sv\/wp-json\/wp\/v2\/users\/1"}],"replies":[{"embeddable":true,"href":"https:\/\/www.big-animals.com\/sv\/wp-json\/wp\/v2\/comments?post=46"}],"version-history":[{"count":0,"href":"https:\/\/www.big-animals.com\/sv\/wp-json\/wp\/v2\/pages\/46\/revisions"}],"wp:attachment":[{"href":"https:\/\/www.big-animals.com\/sv\/wp-json\/wp\/v2\/media?parent=46"}],"curies":[{"name":"wp","href":"https:\/\/api.w.org\/{rel}","templated":true}]}}