{"id":48,"date":"2011-05-09T09:26:28","date_gmt":"2011-05-09T09:26:28","guid":{"rendered":""},"modified":"2011-05-09T09:26:28","modified_gmt":"2011-05-09T09:26:28","slug":"salamander","status":"publish","type":"page","link":"https:\/\/www.big-animals.com\/sv\/salamander\/","title":{"rendered":"Salamander"},"content":{"rendered":"<p><span id=\"gts_text_1\" class=\"gts_text\">Det finns cirka 500 arter av <a title=\"Amphibian\" href=\"http:\/\/www.big-animals.com\/amphibian\/\">groddjur<\/a> kallas salamander. <\/span><span id=\"gts_text_2\" class=\"gts_text\">De tunna organ, kort n\u00e4sa och l\u00e5nga svansar. <\/span><span id=\"gts_text_3\" class=\"gts_text\">Liksom alla groddjur, de ryggradsdjur och \u00e4r kallt blooded. <\/span><span id=\"gts_text_4\" class=\"gts_text\">De flesta salamander har 4 t\u00e5r p\u00e5 benen fr\u00e4mre och 5 t\u00e5rna p\u00e5 deras tillbaka Ben lemmar. <\/span><span id=\"gts_text_5\" class=\"gts_text\">De har 4 ben som en \u00f6dla. <\/span><span id=\"gts_text_6\" class=\"gts_text\">De har inte klor. <\/span><span id=\"gts_text_7\" class=\"gts_text\">De kan grepp tr\u00e4d med f\u00f6tterna.<\/span><\/p>\n<figure id=\"attachment_888\" aria-describedby=\"caption-attachment-888\" style=\"width: 251px\" class=\"wp-caption alignleft\"><a href=\"http:\/\/www.big-animals.com\/wp-content\/uploads\/2011\/04\/Axolotl1.jpg\"><img loading=\"lazy\" decoding=\"async\" class=\"size-full wp-image-888\" title=\"Some salamanders live in water, some on land\" src=\"http:\/\/www.big-animals.com\/wp-content\/uploads\/2011\/04\/Axolotl1.jpg\" alt=\"Some salamanders live in water, some on land\" width=\"251\" height=\"202\" \/><\/a><figcaption id=\"caption-attachment-888\" class=\"wp-caption-text\">Some salamanders live in water, some on land<\/figcaption><\/figure>\n<h3><span id=\"gts_text_8\" class=\"gts_text\">Stj\u00e4rtgroddjur livsmilj\u00f6er<\/span><\/h3>\n<p><span id=\"gts_text_9\" class=\"gts_text\">De fuktig hud eftersom de bor n\u00e4ra eller i vattnet. <\/span><span id=\"gts_text_10\" class=\"gts_text\">De flesta typer av Salamander bor i v\u00e5tmarker som en liten str\u00f6mmar eller dammar. <\/span><span id=\"gts_text_11\" class=\"gts_text\">De finns i de flesta delar av v\u00e4rlden med undantag f\u00f6r \u00f6knar och n\u00e4ra norra och s\u00f6dra polacker. <\/span><span id=\"gts_text_12\" class=\"gts_text\">De finns inte i Australien, Antarktis eller st\u00f6rre delen av Afrika. <\/span><span id=\"gts_text_13\" class=\"gts_text\">En tredjedel av de k\u00e4nda stj\u00e4rtgroddjur arterna som f\u00f6rekommer i Nordamerika. <\/span><span id=\"gts_text_14\" class=\"gts_text\">Vissa salamander tillbringa hela sitt liv i vatten, vissa tillbringar ibland tid i vattnet och n\u00e5gra tillbringar sina hela vuxna liv p\u00e5 land.<\/span><\/p>\n<p><span id=\"gts_text_15\" class=\"gts_text\">Salamander kan v\u00e4xa tillbaka sina lemmar, liksom andra kroppsdelar n\u00e4r de \u00e4r skadade, precis som vissa \u00f6dlor kan re-grow deras svansar. <\/span><span id=\"gts_text_16\" class=\"gts_text\">Men \u00e4r de mer n\u00e4rbesl\u00e4ktade med grodor och inte \u00f6dlor, \u00e4ven om de ser mer som en \u00f6dla \u00e4n en groda. <\/span><span id=\"gts_text_17\" class=\"gts_text\">De flesta arter av salamander har sm\u00e5 eller inga armar och ben vilket g\u00f6r att de ser ut som en \u00e5l. <\/span><span id=\"gts_text_18\" class=\"gts_text\">De \u00e4r ofta ljust f\u00e4rgade. <\/span><span id=\"gts_text_19\" class=\"gts_text\">Salamander som bo under jord \u00e4r ofta vitt eller rosa.<\/span><\/p>\n<p><span id=\"gts_text_20\" class=\"gts_text\">De flesta salamander \u00e4r ganska sm\u00e5, men det finns n\u00e5gra riktigt stora s\u00e5dana. <\/span><span id=\"gts_text_21\" class=\"gts_text\">De varierar i storlek fr\u00e5n en liten salamander med en total l\u00e4ngd p\u00e5 2,7 cm (1 tum) inklusive svans, att de <a title=\"Chinese Giant Salamander\" href=\"http:\/\/www.big-animals.com\/chinese-giant-salamander\/\">Kinesiska Giant Salamander<\/a>, den st\u00f6rsta flyter, som kan n\u00e5 upp till 180 cm (6 ft) och v\u00e4ga upp till 65 kg (144 lb). <\/span><span id=\"gts_text_22\" class=\"gts_text\">De flesta salamander \u00e4r mellan 10 cm-20 cm i l\u00e4ngd (4-8 tum). <\/span><span id=\"gts_text_23\" class=\"gts_text\">De kasta regelbundet det yttersta lagret av sin hud n\u00e4r de blir st\u00f6rre &#8211; och sedan \u00e4ter de att d\u00f6da hud!<\/span><\/p>\n<figure id=\"attachment_889\" aria-describedby=\"caption-attachment-889\" style=\"width: 300px\" class=\"wp-caption aligncenter\"><a href=\"http:\/\/www.big-animals.com\/wp-content\/uploads\/2011\/04\/Cave_salamander.jpg\"><img loading=\"lazy\" decoding=\"async\" class=\"size-medium wp-image-889\" title=\"Looks like a lizard, but it's more like a frog\" src=\"http:\/\/www.big-animals.com\/wp-content\/uploads\/2011\/04\/Cave_salamander-300x103.jpg\" alt=\"Looks like a lizard, but it's more like a frog\" width=\"300\" height=\"103\" \/><\/a><figcaption id=\"caption-attachment-889\" class=\"wp-caption-text\">This spotted salamander looks like a lizard, but it&#038;#39;s more like a frog<\/figcaption><\/figure>\n<p><span id=\"gts_text_24\" class=\"gts_text\">Olika arter av salamander har olika metoder f\u00f6r att andas. <\/span><span id=\"gts_text_25\" class=\"gts_text\">De som inte har lungor kommer att bl\u00e5sa genom sina g\u00e4lar. <\/span><span id=\"gts_text_26\" class=\"gts_text\">De flesta av dessa g\u00e4larna \u00e4r utanf\u00f6r deras organ, p\u00e5 vardera sidan av huvudet. <\/span><span id=\"gts_text_27\" class=\"gts_text\">Vissa salamander lever p\u00e5 land och har lungorna att hj\u00e4lpa dem att andas. <\/span><span id=\"gts_text_28\" class=\"gts_text\">Sina lungor \u00e4r enkla. <\/span><span id=\"gts_text_29\" class=\"gts_text\">De flesta arter som Olm har b\u00e5da lungorna och gills n\u00e4r de vuxna.\u00a0Vissa <\/span><span id=\"gts_text_30\" class=\"gts_text\">salamander som bor p\u00e5 landet har inte lungor och g\u00e4lar &#8211; de andas genom sin hud. <\/span><span id=\"gts_text_31\" class=\"gts_text\">Vissa arter med lungorna kan ocks\u00e5 andas genom sin hud.<\/span><\/p>\n<p><span id=\"gts_text_32\" class=\"gts_text\">Salamander huden producerar slem som bidrar till att h\u00e5lla dem fuktig n\u00e4r de \u00e4r p\u00e5 torr mark, och ocks\u00e5 hj\u00e4lper dem att beh\u00e5lla sina salt balans i vattnet. <\/span><span id=\"gts_text_33\" class=\"gts_text\">Slem ger n\u00e5gon form av sm\u00f6rjmedel och simning, att hj\u00e4lpa dem att glida genom vattnet l\u00e4ttare. <\/span><span id=\"gts_text_34\" class=\"gts_text\">Med hj\u00e4lp av detta sm\u00f6rjmedel och simhudsf\u00f6rsedda f\u00f6tterna \u00e4r salamander stora simmare. <\/span><span id=\"gts_text_35\" class=\"gts_text\">Se upp! <\/span><span id=\"gts_text_36\" class=\"gts_text\">Vissa salamander producera gift fr\u00e5n k\u00f6rtlar i sin hud att skydda dem fr\u00e5n predatorer.<\/span><\/p>\n<h3><span id=\"gts_text_37\" class=\"gts_text\">Vad \u00e4ter salamander?<\/span><\/h3>\n<p><span id=\"gts_text_38\" class=\"gts_text\">De har en klibbig tungan som hj\u00e4lper dem att f\u00e5nga sitt byte. <\/span><span id=\"gts_text_39\" class=\"gts_text\">Vissa salamander kan skjuta deras klibbiga tunga l\u00e5ngt ut f\u00f6r att f\u00e5nga sitt byte. <\/span><span id=\"gts_text_40\" class=\"gts_text\">De flesta arter stj\u00e4rtgroddjur har sm\u00e5 t\u00e4nder i b\u00e5de \u00f6vre och nedre k\u00e4ftarna, till skillnad fr\u00e5n en vanlig groda, som endast har t\u00e4nder i \u00f6verk\u00e4ken. <\/span><span id=\"gts_text_41\" class=\"gts_text\">\u00c4ven larver av salamander har t\u00e4nder! <\/span><span id=\"gts_text_42\" class=\"gts_text\">Salamander vilja \u00e4ta sniglar.<\/span><\/p>\n<figure id=\"attachment_890\" aria-describedby=\"caption-attachment-890\" style=\"width: 300px\" class=\"wp-caption aligncenter\"><a href=\"http:\/\/www.big-animals.com\/wp-content\/uploads\/2011\/04\/Colorful_Salamander.jpg\"><img loading=\"lazy\" decoding=\"async\" class=\"size-medium wp-image-890\" title=\"Salamanders are often brightly colored\" src=\"http:\/\/www.big-animals.com\/wp-content\/uploads\/2011\/04\/Colorful_Salamander-300x104.jpg\" alt=\"Salamanders are often brightly colored\" width=\"300\" height=\"104\" \/><\/a><figcaption id=\"caption-attachment-890\" class=\"wp-caption-text\">Salamanders are often brightly colored<\/figcaption><\/figure>\n<p><span id=\"gts_text_43\" class=\"gts_text\">De har en bra k\u00e4nsla av lukt men de har usel f\u00f6rhandlingen. <\/span><span id=\"gts_text_44\" class=\"gts_text\">De flesta salamander ha god syn, f\u00f6rutom att de att tunnelbanan har d\u00e5lig syn &#8211; \u00f6gon kan \u00e4ven omfattas av ett lager av huden. <\/span><span id=\"gts_text_45\" class=\"gts_text\">De anv\u00e4nder sina \u00f6gon f\u00f6r att jaga f\u00f6r livsmedel. <\/span><span id=\"gts_text_46\" class=\"gts_text\">Larver och vuxna salamander som lever i vattnet har en s\u00e4rskild fj\u00e4rranalys linje p\u00e5 deras sidor (precis som fisk g\u00f6r) att uppt\u00e4cka r\u00f6rlighet och vibrationer i vattnet. <\/span><span id=\"gts_text_47\" class=\"gts_text\">Detta sensoriskt organ skyddar dem fr\u00e5n deras predatorer. <\/span><span id=\"gts_text_48\" class=\"gts_text\">De har inte externa \u00f6rat. <\/span><span id=\"gts_text_49\" class=\"gts_text\">De anv\u00e4nder sin svans fly snabbt n\u00e4r de beh\u00f6ver. <\/span><span id=\"gts_text_50\" class=\"gts_text\">N\u00e4r ett rovdjur anfaller en salamander, kommer att svansen av och frita runt f\u00f6r ett tag och detta kommer att ge stj\u00e4rtgroddjur m\u00f6jlighet att fly medan Rovdjuret \u00e4r distraherade av krumbuktande svans. <\/span><span id=\"gts_text_51\" class=\"gts_text\">Inom bara ett par veckor kan stj\u00e4rtgroddjur v\u00e4xa tillbaka den saknade svansen eller andra lemmar som det har kanske f\u00f6rlorat.<\/span><\/p>\n<p><span id=\"gts_text_52\" class=\"gts_text\">Salamander l\u00e4gger sina \u00e4gg i vattnet. <\/span><span id=\"gts_text_53\" class=\"gts_text\">De tillbringar den f\u00f6rsta delen av sitt liv i vattnet. <\/span><span id=\"gts_text_54\" class=\"gts_text\">\u00c4ggen ska kl\u00e4ckas till yngel. <\/span><span id=\"gts_text_55\" class=\"gts_text\">Dessa larver har g\u00e4lar att andas. <\/span><span id=\"gts_text_56\" class=\"gts_text\">Beroende p\u00e5 art, larver scenen kan eller f\u00e5r inte benen. <\/span><span id=\"gts_text_57\" class=\"gts_text\">Larver scenen f\u00e5r p\u00e5g\u00e5 fr\u00e5n dagar till \u00e5r, beroende p\u00e5 art av stj\u00e4rtgroddjur. <\/span><span id=\"gts_text_58\" class=\"gts_text\">Vissa arter som Dunns Salamander har inga larver scenen. <\/span><span id=\"gts_text_59\" class=\"gts_text\">Barn som ser ut som sin pappa och deras mamma.<\/span><\/p>\n<p><span id=\"gts_text_60\" class=\"gts_text\">Antalet salamander i v\u00e4rlden kommer p\u00e5 grund av att m\u00e4nniskor som f\u00f6rst\u00f6r skogar och v\u00e5tmarker, och beror p\u00e5 klimatf\u00f6r\u00e4ndringar.<\/span><\/p>\n","protected":false},"excerpt":{"rendered":"<p>Det finns cirka 500 arter av groddjur kallas salamander. De tunna organ, kort n\u00e4sa och l\u00e5nga svansar. Liksom alla groddjur, de ryggradsdjur och \u00e4r kallt blooded. De flesta salamander har 4 t\u00e5r p\u00e5 benen fr\u00e4mre och 5 t\u00e5rna p\u00e5 deras tillbaka Ben lemmar. De har 4 ben som en \u00f6dla. De har inte klor. De &hellip; <a href=\"https:\/\/www.big-animals.com\/sv\/salamander\/\" class=\"more-link\">Continue reading <span class=\"screen-reader-text\">Salamander<\/span><\/a><\/p>\n","protected":false},"author":1,"featured_media":0,"parent":0,"menu_order":0,"comment_status":"closed","ping_status":"open","template":"","meta":{"_acf_changed":false,"footnotes":""},"acf":[],"_links":{"self":[{"href":"https:\/\/www.big-animals.com\/sv\/wp-json\/wp\/v2\/pages\/48"}],"collection":[{"href":"https:\/\/www.big-animals.com\/sv\/wp-json\/wp\/v2\/pages"}],"about":[{"href":"https:\/\/www.big-animals.com\/sv\/wp-json\/wp\/v2\/types\/page"}],"author":[{"embeddable":true,"href":"https:\/\/www.big-animals.com\/sv\/wp-json\/wp\/v2\/users\/1"}],"replies":[{"embeddable":true,"href":"https:\/\/www.big-animals.com\/sv\/wp-json\/wp\/v2\/comments?post=48"}],"version-history":[{"count":0,"href":"https:\/\/www.big-animals.com\/sv\/wp-json\/wp\/v2\/pages\/48\/revisions"}],"wp:attachment":[{"href":"https:\/\/www.big-animals.com\/sv\/wp-json\/wp\/v2\/media?parent=48"}],"curies":[{"name":"wp","href":"https:\/\/api.w.org\/{rel}","templated":true}]}}