{"id":5,"date":"2011-05-09T08:54:16","date_gmt":"2011-05-09T08:54:16","guid":{"rendered":""},"modified":"2014-04-18T00:18:15","modified_gmt":"2014-04-18T00:18:15","slug":"an-alphabetical-list-of-the-worlds-largest-animals","status":"publish","type":"page","link":"https:\/\/www.big-animals.com\/sv\/an-alphabetical-list-of-the-worlds-largest-animals\/","title":{"rendered":"Alfabetisk lista \u00f6ver v\u00e4rldens st\u00f6rsta djur"},"content":{"rendered":"<p><a name=\"top\"><\/a><\/p>\n<p><span class=\"gts_text\" id=\"gts_text_1\">Denna sida inneh\u00e5ller en alfabetisk lista \u00f6ver alla djur p\u00e5 den h\u00e4r hemsidan.<\/span> <span class=\"gts_text\" id=\"gts_text_2\">Sl\u00e5 upp din favorit av de stora djuren och se vad som g\u00f6r det s\u00e5 speciellt!<\/span><\/p>\n<p><span class=\"gts_text\" id=\"gts_text_3\"><a href=\"#a\">A<\/a> <a href=\"#b\">B<\/a> <a href=\"#c\">C<\/a> <a href=\"#d\">D<\/a> <a href=\"#e\">E<\/a> <a href=\"#f\">F<\/a> <a href=\"#g\">G<\/a> <a href=\"#h\">H<\/a> <a href=\"#i\">I<\/a> <a href=\"#j\">J<\/a> <a href=\"#k\">K<\/a> <a href=\"#l\">L<\/a> <a href=\"#m\">M<\/a> <a href=\"#n\">N<\/a> <a href=\"#o\">O<\/a> <a href=\"#p\">P<\/a> <a href=\"#q\">Q<\/a> <a href=\"#r\">R<\/a> <a href=\"#s\">S<\/a> <a href=\"#t\">T<\/a> <a href=\"#u\">U<\/a> <a href=\"#v\">V<\/a> <a href=\"#w\">W<\/a> <a href=\"#x\">X<\/a> <a href=\"#y\">Y<\/a> <a href=\"#z\">Z<\/a><\/span><\/p>\n<h3><span class=\"gts_text\" id=\"gts_text_4\"><a name=\"a\"><\/a>A<\/span><\/h3>\n<p><span class=\"gts_text\" id=\"gts_text_5\"><a title=\"Giant Golden-Crowned Flying Fox\" href=\"http:\/\/www.big-animals.com\/giant-golden-crowned-flying-fox\/\">Acerodon jubatus<\/a>\u00a0&#8211; st\u00f6rsta fladdermus<\/span><\/p>\n<p><span class=\"gts_text\" id=\"gts_text_5\"><a href=\"\/African-Bush-Elephant.html\">Afrikansk savannelefant<\/a> &#8211; tyngsta landdjur<\/span><br \/>\n<span class=\"gts_text\" id=\"gts_text_6\"><a href=\"\/American-Lobster.html\">Amerikansk hummer<\/a> &#8211; tyngsta leddjur och kr\u00e4ftdjur<\/span><\/p>\n<p><a title=\"North American Wild Turkey\" href=\"http:\/\/www.big-animals.com\/north-american-wild-turkey\/\">Amerikansk vildkalkon<\/a>\u00a0&#8211; st\u00f6rsta h\u00f6nsf\u00e5gel<br \/>\n<span class=\"gts_text\" id=\"gts_text_7\">Anakonda &#8211; se <a href=\"#g\">Gr\u00f6n Anakonda<\/a><\/span><br \/>\n<span class=\"gts_text\" id=\"gts_text_8\">Antarktisk Bl\u00e4ckfisk &#8211; se <a href=\"#c\">Kolossbl\u00e4ckfisk<\/a><\/span><br \/>\n<span class=\"gts_text\" id=\"gts_text_9\"><a class=\" gts_attribute gts_attribute_1_title\" title=\"Anthropornis\" href=\"http:\/\/www.big-animals.com\/anthropornis\/\"><em> Anthropornis<\/em><\/a> &#8211; st\u00f6rsta pingvin n\u00e5gonsin<\/span><br \/>\n<span class=\"gts_text\" id=\"gts_text_10\">Asiatisk n\u00e4tpyton &#8211; se <a href=\"#r\">N\u00e4tpyton<\/a><\/span><br \/>\n<span class=\"gts_text\" id=\"gts_text_11\"><a href=\"\/Atlas-Moth.html\">Atlasspinnare<\/a>\u00a0&#8211; st\u00f6rsta fj\u00e4ril, insekten med st\u00f6rsta vingarna<\/span><\/p>\n<p><span class=\"gts_text\" id=\"gts_text_12\">~~ <a href=\"#top\">Till toppen<\/a>\u00a0~~<\/span><\/p>\n<h3><span class=\"gts_text\" id=\"gts_text_13\"><a name=\"b\"><\/a>B<\/span><\/h3>\n<p><a title=\"Mountain Gorilla\" href=\"http:\/\/www.big-animals.com\/mountain-gorilla\/\">Bergsgorilla<\/a>\u00a0&#8211; st\u00f6rsta primat<br \/>\n<a title=\"Eurasian Eagle Owl\" href=\"http:\/\/www.big-animals.com\/eurasian-eagle-owl\/\">Berguv<\/a>\u00a0&#8211; st\u00f6rsta uggla<\/p>\n<p><span class=\"gts_text\" id=\"gts_text_16\"><a class=\" gts_attribute gts_attribute_3_title\" title=\"The Blue Whale \u2013 The Biggest Animal There Ever Was!\" href=\"http:\/\/www.big-animals.com\/the-blue-whale-the-biggest-animal-there-ever-was\/\">Bl\u00e5val<\/a> &#8211; st\u00f6rsta djur<\/span><\/p>\n<p><span class=\"gts_text\" id=\"gts_text_17\">~~ <a href=\"#top\">Till toppen<\/a>\u00a0~~<\/span><\/p>\n<h3><span class=\"gts_text\" id=\"gts_text_18\"><a name=\"c\"><\/a>C<\/span><\/h3>\n<p><span class=\"gts_text\" id=\"gts_text_19\"><a class=\" gts_attribute gts_attribute_4_title\" title=\"Caecilian Thompsoni\" href=\"http:\/\/www.big-animals.com\/caecilian-thompsoni\/\"><em>Catala&#8217;s Sj\u00f6stj\u00e4rna &#8211; tyngsta tagghudingen och sj\u00f6stj\u00e4rnan<\/em><\/a><\/span><\/p>\n<p><span class=\"gts_text\" id=\"gts_text_19\"><a class=\" gts_attribute gts_attribute_4_title\" title=\"Caecilian Thompsoni\" href=\"http:\/\/www.big-animals.com\/caecilian-thompsoni\/\"><em>Caecilia Thompsoni<\/em><\/a> &#8211; v\u00e4rldens st\u00f6rsta maskgroddjur<\/span><br \/>\n<span class=\"gts_text\" id=\"gts_text_26\"><a href=\"http:\/\/www.big-animals.com\/tuatara\/\">Cook Strait Tuatara<\/a> &#8211; st\u00f6rsta tuatara<\/span><\/p>\n<p><span class=\"gts_text\" id=\"gts_text_29\">~~ <a href=\"#top\">Till toppen<\/a>\u00a0~~<\/span><\/p>\n<h3><span class=\"gts_text\" id=\"gts_text_30\"><a name=\"d\"><\/a>D<\/span><\/h3>\n<p><span class=\"gts_text\" id=\"gts_text_31\"><a href=\"\/Wetapunga.html\">Deinacrida heteracantha<\/a>\u00a0&#8211; st\u00f6rsta vuxna insekten<\/span><\/p>\n<p><span class=\"gts_text\" id=\"gts_text_31\"><a style=\"font-style: italic\" href=\"\/Diprotodon.html\">Diprotodon<\/a> &#8211; st\u00f6rsta n\u00e5gonsin pungdjur d\u00e4ggdjur<\/span><br \/>\n<span class=\"gts_text\" id=\"gts_text_32\"><a class=\" gts_attribute gts_attribute_10_title\" title=\"Dodo\" href=\"http:\/\/www.big-animals.com\/dodo\/\">Dront<\/a>\u00a0&#8211; st\u00f6rsta duvf\u00e5gel n\u00e5gonsin<\/span><\/p>\n<p><span class=\"gts_text\" id=\"gts_text_33\">~~ <a href=\"#top\">Top<\/a> ~~<\/span><\/p>\n<h3><span class=\"gts_text\" id=\"gts_text_34\"><a name=\"e\"><\/a>E<\/span><\/h3>\n<p><span class=\"gts_text\" id=\"gts_text_35\"><a class=\" gts_attribute gts_attribute_11_title\" title=\"Elephant Bird\" href=\"http:\/\/www.big-animals.com\/elephant-bird-2\/\">Elefantf\u00e5gel<\/a>\u00a0&#8211; tyngsta f\u00e5gel n\u00e5gonsin<\/span><\/p>\n<p><span class=\"gts_text\" id=\"gts_text_38\">~~ <a href=\"#top\">Till toppen<\/a>\u00a0~~<\/span><\/p>\n<h3><span class=\"gts_text\" id=\"gts_text_39\"><a name=\"f\"><\/a>F<\/span><\/h3>\n<p><a style=\"line-height: 1.5em\" title=\"Hippopotamus\" href=\"http:\/\/www.big-animals.com\/hippopotamus\/\">Flodh\u00e4st<\/a><span style=\"line-height: 1.5em\">\u00a0&#8211; tyngsta part\u00e5iga hovdjuret<\/span><\/p>\n<p><span class=\"gts_text\" id=\"gts_text_41\">~~ <a href=\"#top\">Till toppen<\/a>\u00a0~~<\/span><\/p>\n<h3><span class=\"gts_text\" id=\"gts_text_42\"><a name=\"g\"><\/a>G<\/span><\/h3>\n<p><span class=\"gts_text\" id=\"gts_text_43\"><a href=\"http:\/\/www.big-animals.com\/galapagos-tortoise\/\">Gal\u00e1pagossk\u00f6ldpadda<\/a>\u00a0&#8211; st\u00f6rsta sk\u00f6ldpadda<\/span><br \/>\n<span class=\"gts_text\" id=\"gts_text_49\"><em><a class=\" gts_attribute gts_attribute_16_title\" title=\"Gigantopithecus\" href=\"http:\/\/www.big-animals.com\/gigantopithecus\/\">Gigantopithecus<\/a><\/em> &#8211; st\u00f6rsta primat n\u00e5gonsin<\/span><br \/>\n<span class=\"gts_text\" id=\"gts_text_50\"><a href=\"\/Giraffe.html\">Giraff<\/a> &#8211; h\u00f6gsta landdjur<\/span><br \/>\n<span class=\"gts_text\" id=\"gts_text_52\"><a href=\"\/Goliath-Beetle.html\">Goliatbagge<\/a>\u00a0&#8211; tyngsta insekt<\/span><br \/>\n<span class=\"gts_text\" id=\"gts_text_53\"><a href=\"\/Goliath-Bird-Eating-Spider.html\">Goliatspindel<\/a>\u00a0&#8211; st\u00f6rsta spindel<\/span><br \/>\n<span class=\"gts_text\" id=\"gts_text_54\"><a href=\"http:\/\/www.big-animals.com\/goliath-frog\/\">Goliatgroda<\/a>\u00a0&#8211; st\u00f6rsta groda<\/span><br \/>\n<span class=\"gts_text\" id=\"gts_text_56\"><a href=\"http:\/\/www.big-animals.com\/green-anaconda\/\">Gr\u00f6n Anakonda<\/a> &#8211; tyngsta ormen<\/span><br \/>\n<span class=\"gts_text\" id=\"gts_text_57\"><a class=\" gts_attribute gts_attribute_18_title\" title=\"Green Peafowl\" href=\"http:\/\/www.big-animals.com\/green-peafowl\/\">Gr\u00f6n P\u00e5f\u00e5gel<\/a> &#8211; H\u00f6nsf\u00e5gel med den st\u00f6rsta vingbredden<\/span><\/p>\n<p><span class=\"gts_text\" id=\"gts_text_58\">~~ <a href=\"#top\">Till toppen<\/a>\u00a0~~<\/span><\/p>\n<h3><span class=\"gts_text\" id=\"gts_text_59\"><a name=\"h\"><\/a>H<\/span><\/h3>\n<p><span class=\"gts_text\" id=\"gts_text_60\"><a href=\"http:\/\/www.big-animals.com\/leatherback-sea-turtle\/\">Havsl\u00e4dersk\u00f6ldpadda<\/a>\u00a0&#8211; st\u00f6rsta sk\u00f6ldpadda<\/span><\/p>\n<p><span class=\"gts_text\" id=\"gts_text_61\"><a class=\" gts_attribute gts_attribute_20_title\" title=\"Hyacinth Macaw\" href=\"http:\/\/www.big-animals.com\/hyacinth-macaw\/\">Hyacintara<\/a> &#8211; l\u00e4ngsta papegoja, st\u00f6rsta flygande papegoja<\/span><\/p>\n<p><span class=\"gts_text\" id=\"gts_text_62\">~~ <a href=\"#top\">Till toppen<\/a>\u00a0~~<\/span><\/p>\n<h3><span class=\"gts_text\" id=\"gts_text_63\"><a name=\"i\"><\/a>I<\/span><\/h3>\n<p><a title=\"Polar Bear\" href=\"http:\/\/www.big-animals.com\/polar-bear\/\">Isbj\u00f6rn<\/a>\u00a0&#8211; st\u00f6rsta landrovdjuret<\/p>\n<p><span class=\"gts_text\" id=\"gts_text_64\">~~ <a href=\"#top\">Till toppen<\/a>\u00a0~~<\/span><\/p>\n<h3><span class=\"gts_text\" id=\"gts_text_65\"><a name=\"j\"><\/a>J<\/span><\/h3>\n<p><span class=\"gts_text\" id=\"gts_text_66\"><a href=\"\/Japanese-Spider-Crab.html\">Japansk spindelkrabba<\/a> &#8211; st\u00f6rsta leddjur och kr\u00e4ftdjur<\/span><br \/>\n<span class=\"gts_text\" id=\"gts_text_67\"><a class=\" gts_attribute gts_attribute_21_title\" title=\"Josephoartigasia Monesi\" href=\"http:\/\/www.big-animals.com\/josephoartigasia-monesi\/\"><em>josephoartigasia monesi<\/em><\/a> &#8211; st\u00f6rsta gnagaren n\u00e5gonsin<\/span><\/p>\n<p>J\u00e4ttebl\u00e4ckfiskar &#8211; se\u00a0<a href=\"#c\">Kolossbl\u00e4ckfisk<\/a><br \/>\n<a href=\"\/Giant-Moa.html\">J\u00e4ttemoa<\/a>\u00a0&#8211; st\u00f6rsta f\u00e5gel n\u00e5gonsin<br \/>\nJ\u00e4tteklomask- se\u00a0<a href=\"#u\">icke namngivna arter av klomask<\/a><\/p>\n<p><span class=\"gts_text\" id=\"gts_text_68\">~~ <a href=\"#top\">Till toppen<\/a>\u00a0~~<\/span><\/p>\n<h3><span class=\"gts_text\" id=\"gts_text_69\"><a name=\"k\"><\/a>K<\/span><\/h3>\n<p><span class=\"gts_text\" id=\"gts_text_70\"><a class=\" gts_attribute gts_attribute_22_title\" title=\"Kakapo\" href=\"http:\/\/www.big-animals.com\/kakapo\/\">Kakapo<\/a> &#8211; tyngsta papegojan<\/span><br \/>\n<a title=\"Emperor Penguin\" href=\"http:\/\/www.big-animals.com\/emperor-penguin\/\">Kejsarpingvin<\/a>\u00a0&#8211; st\u00f6rsta pingvin<\/p>\n<p><span class=\"gts_text\" id=\"gts_text_71\"><a class=\" gts_attribute gts_attribute_23_title\" title=\"The King Cobra\" href=\"http:\/\/www.big-animals.com\/the-king-cobra\/\">Kungskobra<\/a> &#8211; st\u00f6rsta giftiga ormen<\/span><br \/>\n<span class=\"gts_text\" id=\"gts_text_72\"><a class=\" gts_attribute gts_attribute_24_title\" title=\"Komodo Dragon\" href=\"http:\/\/www.big-animals.com\/komodo-dragon\/\">Komodovaran<\/a>\u00a0&#8211; st\u00f6rsta \u00f6dla<\/span><\/p>\n<p><span class=\"gts_text\" id=\"gts_text_72\"><a title=\"Capybara\" href=\"http:\/\/www.big-animals.com\/capybara\/\">Kapybara<\/a>\u00a0&#8211; v\u00e4rldens st\u00f6rsta gnagare<br \/>\n<a title=\"Chinese Giant Salamander\" href=\"http:\/\/www.big-animals.com\/chinese-giant-salamander\/\">Kinesisk J\u00e4ttesalamander<\/a>\u00a0&#8211; v\u00e4rldens st\u00f6rsta groddjur<br \/>\nKokoskrabba &#8211; st\u00f6rsta landleddjur och kr\u00e4ftdjur<br \/>\n<a title=\"Colossal Squid\" href=\"http:\/\/www.big-animals.com\/colossal-squid\/\">Kolossbl\u00e4ckfisk<\/a>\u00a0&#8211; st\u00f6rsta bl\u00f6tdjur, st\u00f6rsta ryggradsl\u00f6sa djur<br \/>\n<\/span><\/p>\n<p><span class=\"gts_text\" id=\"gts_text_72\"><\/span>Kokostjuv\/Palmtjuv &#8211; se\u00a0<a href=\"#c\">kokoskrabba<\/a><\/p>\n<p><span class=\"gts_text\" id=\"gts_text_73\">Koritrapp &#8211; tyngsta flygande f\u00e5gel<\/span><\/p>\n<p><a title=\"Crowned Pigeons\" href=\"http:\/\/www.big-animals.com\/crowned-pigeons\/\">Kronduva<\/a>\u00a0&#8211; st\u00f6rsta tr\u00e4dlevande duva<\/p>\n<p>Kusttjockfot &#8211; se\u00a0<a href=\"#b\">Storspov<\/a><\/p>\n<p><span class=\"gts_text\" id=\"gts_text_74\">~~ <a href=\"#top\">Till toppen<\/a>\u00a0~~<\/span><\/p>\n<h3><span class=\"gts_text\" id=\"gts_text_75\"><a name=\"l\"><\/a>L<\/span><\/h3>\n<p><span class=\"gts_text\" id=\"gts_text_77\"><a style=\"font-style: italic\" href=\"\/Leedsichthys.html\">Leedsichthys<\/a> &#8211; st\u00f6rsta fisk n\u00e5gonsin<\/span><\/p>\n<p><span class=\"gts_text\" id=\"gts_text_79\">~~ <a href=\"#top\">Till toppen<\/a>\u00a0~~<\/span><\/p>\n<h3><span class=\"gts_text\" id=\"gts_text_80\"><a name=\"m\"><\/a>M<\/span><\/h3>\n<p><span class=\"gts_text\" id=\"gts_text_81\"><a class=\" gts_attribute gts_attribute_25_title\" title=\"Marquesan Imperial Pigeon\" href=\"http:\/\/www.big-animals.com\/marquesan-imperial-pigeon\/\">Marquesaskejsarduva<\/a>\u00a0&#8211; st\u00f6rsta duva<\/span><br \/>\n<span class=\"gts_text\" id=\"gts_text_82\"><a class=\" gts_attribute gts_attribute_26_title\" title=\"Megalania\" href=\"http:\/\/www.big-animals.com\/megalania\/\">Megalania<\/a> &#8211; st\u00f6rsta land\u00f6dla n\u00e5gonsin<\/span><br \/>\n<a href=\"\/Megalodon-Shark.html\"><em><span><span class=\"gts_text\" id=\"gts_text_83\">Megalodonhaj<\/span><\/span><\/em><\/a>\u00a0&#8211; st\u00f6rsta hajen n\u00e5gonsin<br \/>\n<span class=\"gts_text\" id=\"gts_text_85\"><a style=\"font-style: italic\" href=\"\/Midgardia-Xandaros.html\">midgardia xandaros<\/a> &#8211; st\u00f6rsta sj\u00f6stj\u00e4rnan och tagghudingen (l\u00e4ngsta armar, inte den tyngsta)<\/span><\/p>\n<p><span class=\"gts_text\" id=\"gts_text_87\">~~ <a href=\"#top\">Till toppen<\/a>\u00a0~~<\/span><\/p>\n<h3><span class=\"gts_text\" id=\"gts_text_88\"><a name=\"n\"><\/a>N<\/span><\/h3>\n<p><a href=\"\/Giant-Velvet-Worm.html\">Namnl\u00f6s art av klomask<\/a>\u00a0&#8211; st\u00f6rsta klomask<\/p>\n<p><a style=\"line-height: 1.5em\" href=\"http:\/\/www.big-animals.com\/the-reticulated-python\/\">N\u00e4tpyton<\/a><span style=\"line-height: 1.5em\">\u00a0&#8211; l\u00e4ngsta orm<\/span><\/p>\n<p><span class=\"gts_text\" id=\"gts_text_90\">~~ <a href=\"#top\">Till toppen<\/a>\u00a0~~<\/span><\/p>\n<h3><span class=\"gts_text\" id=\"gts_text_91\"><a name=\"o\"><\/a>O<\/span><\/h3>\n<p>&nbsp;<\/p>\n<p><a title=\"Cuban Giant Owl\" href=\"http:\/\/www.big-animals.com\/cuban-giant-owl\/\">Ornimegalonyx (Kubansk J\u00e4tteuggla)<\/a>\u00a0&#8211; st\u00f6rsta ugglor n\u00e5gonsin<\/p>\n<p><a title=\"Far Eastern Curlew\" href=\"http:\/\/www.big-animals.com\/far-eastern-curlew\/\">Orientspov<\/a>\u00a0&#8211; st\u00f6rsta vadare<\/p>\n<p><span class=\"gts_text\" id=\"gts_text_94\">~~ <a href=\"#top\">Till toppen<\/a>\u00a0~~<\/span><\/p>\n<h3><span class=\"gts_text\" id=\"gts_text_95\"><a name=\"p\"><\/a>P<\/span><\/h3>\n<p><span class=\"gts_text\" id=\"gts_text_97\">~~ <a href=\"#top\">Till toppen<\/a>\u00a0~~<\/span><\/p>\n<h3><span class=\"gts_text\" id=\"gts_text_98\"><a name=\"q\"><\/a>Q<\/span><\/h3>\n<p><span class=\"gts_text\" id=\"gts_text_99\">~~ <a href=\"#top\">Till toppen<\/a>\u00a0~~<\/span><\/p>\n<h3><span class=\"gts_text\" id=\"gts_text_100\"><a name=\"r\"><\/a>R<\/span><\/h3>\n<p><span class=\"gts_text\" id=\"gts_text_101\"><a href=\"\/Red-Kangaroo.html\">R\u00f6d k\u00e4nguru<\/a>\u00a0&#8211; st\u00f6rsta pungdjuret<\/span><span class=\"gts_text\" id=\"gts_text_103\"><br \/>\n<\/span><\/p>\n<p><span class=\"gts_text\" id=\"gts_text_104\">~~ <a href=\"#top\">Till toppen<\/a>\u00a0~~<\/span><\/p>\n<h3><span class=\"gts_text\" id=\"gts_text_105\"><a name=\"s\"><\/a>S<\/span><\/h3>\n<p><span class=\"gts_text\" id=\"gts_text_106\"><a href=\"http:\/\/www.big-animals.com\/the-saltwater-crocodile-the-words-biggest-reptile\/\">Saltvattenkrokodil<\/a> &#8211; st\u00f6rsta reptil<\/span><\/p>\n<p><a title=\"Beach Stone Curlew\" href=\"http:\/\/www.big-animals.com\/beach-stone-curlew\/\">Storspov<\/a>\u00a0&#8211; tyngsta vadare<br \/>\n<a href=\"\/Ostrich.html\">Struts<\/a>\u00a0&#8211; st\u00f6rsta f\u00e5gel<\/p>\n<p><a title=\"Greater Flamingo\" href=\"http:\/\/www.big-animals.com\/greater-flamingo\/\">St\u00f6rre Flamingo<\/a>\u00a0&#8211; st\u00f6rsta flamingo<\/p>\n<p><span class=\"gts_text\" id=\"gts_text_107\"><a class=\" gts_attribute gts_attribute_30_title\" title=\"Southern Elephant Seal\" href=\"http:\/\/www.big-animals.com\/southern-elephant-seal\/\">Sydlig sj\u00f6elefant<\/a>\u00a0&#8211; st\u00f6rsta rovdjursfamiljen<\/span><span class=\"gts_text\" id=\"gts_text_108\"><br \/>\n<\/span><\/p>\n<p><span class=\"gts_text\" id=\"gts_text_109\">~~ <a href=\"#top\">Till toppen<\/a>\u00a0~~<\/span><\/p>\n<h3><span class=\"gts_text\" id=\"gts_text_110\"><a name=\"t\"><\/a>T<\/span><\/h3>\n<p><span class=\"gts_text\" id=\"gts_text_111\">Thompsons Maskgroddjur &#8211; se <a href=\"#c\"><em>Maskgroddjur Thompsoni<\/em><\/a><\/span><br \/>\n<span class=\"gts_text\" id=\"gts_text_112\"><a href=\"..\/titanoboa-the-biggest-ever-snake\/\">Titanoboa<\/a> &#8211; st\u00f6rsta orm n\u00e5gonsin<\/span><br \/>\n<span class=\"gts_text\" id=\"gts_text_113\"><a style=\"font-style: italic\" href=\"\/Trichoplax.html\">Placozoer Adhaerens<\/a> &#8211; st\u00f6rsta (och enda) Placozoan<\/span><\/p>\n<p><span class=\"gts_text\" id=\"gts_text_113\"><\/span><a title=\"White Rhinoceros\" href=\"http:\/\/www.big-animals.com\/white-rhinoceros\/\">Trubbnosh\u00f6rning<\/a>\u00a0&#8211; st\u00f6rsta uddat\u00e5iga hovdjur, fj\u00e4rde st\u00f6rsta landdjur<\/p>\n<p><a class=\" gts_attribute gts_attribute_31_title\" style=\"line-height: 1.5em\" title=\"Trumpeter Swan\" href=\"http:\/\/www.big-animals.com\/trumpeter-swan\/\">Trumpetaresvan<\/a><span style=\"line-height: 1.5em\"> &#8211; st\u00f6rsta sj\u00f6f\u00e5gel<\/span><\/p>\n<p><span class=\"gts_text\" id=\"gts_text_115\"><a class=\" gts_attribute gts_attribute_32_title\" title=\"Tylosaurus\" href=\"http:\/\/www.big-animals.com\/tylosaurus\/\">Tylosaurus<\/a> &#8211; st\u00f6rsta \u00f6dlan n\u00e5gonsin, st\u00f6rsta marina reptil n\u00e5gonsin<\/span><\/p>\n<p><span class=\"gts_text\" id=\"gts_text_116\">~~ <a href=\"#top\">Till toppen<\/a>\u00a0~~<\/span><\/p>\n<h3><span class=\"gts_text\" id=\"gts_text_117\"><a name=\"u\"><\/a>U<\/span><\/h3>\n<p><span class=\"gts_text\" id=\"gts_text_119\">~~ <a href=\"#top\">Till toppen<\/a>\u00a0~~<\/span><\/p>\n<h3><span class=\"gts_text\" id=\"gts_text_120\"><a name=\"v\"><\/a>V<\/span><\/h3>\n<p><a href=\"\/Wandering-Albatross.html\">Vanlig anakonda &#8211; se\u00a0<\/a><a href=\"#g\">Gr\u00f6n Anakonda<\/a><\/p>\n<p><a href=\"\/Wandering-Albatross.html\">Vandringsalbatross<\/a>\u00a0&#8211; st\u00f6rsta flygande f\u00e5gel<br \/>\n<a title=\"Western Long Beaked Echidna\" href=\"http:\/\/www.big-animals.com\/western-long-beaked-echidna\/\">V\u00e4stligt l\u00e5ngn\u00e4bbat myrpiggsvin<\/a>\u00a0(zaglossus bruijni)\u00a0&#8211; st\u00f6rsta kloakdjur<br \/>\n<a href=\"\/Whale-Shark.html\">Valhaj<\/a>\u00a0&#8211; st\u00f6rsta fisk<\/p>\n<p><span class=\"gts_text\" id=\"gts_text_121\">~~ <a href=\"#top\">Till toppen<\/a>\u00a0~~<\/span><\/p>\n<h3><span class=\"gts_text\" id=\"gts_text_122\"><a name=\"w\"><\/a>W<\/span><\/h3>\n<p>Wetapunga &#8211; se\u00a0<a href=\"#l\">Deinacrida heteracantha<\/a><\/p>\n<p><span class=\"gts_text\" id=\"gts_text_129\">~~ <a href=\"#top\">Till toppen<\/a>\u00a0~~<\/span><\/p>\n<h3><span class=\"gts_text\" id=\"gts_text_130\"><a name=\"x\"><\/a>X<\/span><\/h3>\n<p><span class=\"gts_text\" id=\"gts_text_131\">~~ <a href=\"#top\">Till toppen<\/a>\u00a0~~<\/span><\/p>\n<h3><span class=\"gts_text\" id=\"gts_text_132\"><a name=\"y\"><\/a>Y<\/span><\/h3>\n<p><span class=\"gts_text\" id=\"gts_text_133\">~~ <a href=\"#top\">Till toppen<\/a>\u00a0~~<\/span><\/p>\n<h3><span class=\"gts_text\" id=\"gts_text_134\"><a name=\"z\"><\/a>Z<\/span><\/h3>\n<p><span class=\"gts_text\" id=\"gts_text_135\">~~ <a href=\"#top\">Top<\/a> ~~<\/span><\/p>\n","protected":false},"excerpt":{"rendered":"<p>Denna sida inneh\u00e5ller en alfabetisk lista \u00f6ver alla djur p\u00e5 den h\u00e4r hemsidan. Sl\u00e5 upp din favorit av de stora djuren och se vad som g\u00f6r det s\u00e5 speciellt! A B C D E F G H I J K L M N O P Q R S T U V W X Y Z &hellip; <a href=\"https:\/\/www.big-animals.com\/sv\/an-alphabetical-list-of-the-worlds-largest-animals\/\" class=\"more-link\">Continue reading <span class=\"screen-reader-text\">Alfabetisk lista \u00f6ver v\u00e4rldens st\u00f6rsta djur<\/span><\/a><\/p>\n","protected":false},"author":1,"featured_media":0,"parent":0,"menu_order":0,"comment_status":"closed","ping_status":"open","template":"","meta":{"_acf_changed":false,"footnotes":""},"acf":[],"_links":{"self":[{"href":"https:\/\/www.big-animals.com\/sv\/wp-json\/wp\/v2\/pages\/5"}],"collection":[{"href":"https:\/\/www.big-animals.com\/sv\/wp-json\/wp\/v2\/pages"}],"about":[{"href":"https:\/\/www.big-animals.com\/sv\/wp-json\/wp\/v2\/types\/page"}],"author":[{"embeddable":true,"href":"https:\/\/www.big-animals.com\/sv\/wp-json\/wp\/v2\/users\/1"}],"replies":[{"embeddable":true,"href":"https:\/\/www.big-animals.com\/sv\/wp-json\/wp\/v2\/comments?post=5"}],"version-history":[{"count":3,"href":"https:\/\/www.big-animals.com\/sv\/wp-json\/wp\/v2\/pages\/5\/revisions"}],"predecessor-version":[{"id":292,"href":"https:\/\/www.big-animals.com\/sv\/wp-json\/wp\/v2\/pages\/5\/revisions\/292"}],"wp:attachment":[{"href":"https:\/\/www.big-animals.com\/sv\/wp-json\/wp\/v2\/media?parent=5"}],"curies":[{"name":"wp","href":"https:\/\/api.w.org\/{rel}","templated":true}]}}