{"id":50,"date":"2011-05-09T09:27:38","date_gmt":"2011-05-09T09:27:38","guid":{"rendered":""},"modified":"2011-05-09T09:27:38","modified_gmt":"2011-05-09T09:27:38","slug":"the-giant-moa-the-tallest-bird-there-ever-was","status":"publish","type":"page","link":"https:\/\/www.big-animals.com\/sv\/the-giant-moa-the-tallest-bird-there-ever-was\/","title":{"rendered":"J\u00e4tte Moa &#8211; h\u00f6gsta f\u00e5geln det var allt!"},"content":{"rendered":"<h3><span id=\"gts_text_1\" class=\"gts_text\">Den utd\u00f6da j\u00e4tte Moa<\/span><\/h3>\n<p><span id=\"gts_text_2\" class=\"gts_text\">Den h\u00f6gsta <a href=\"\/Birds.html\">f\u00e5geln<\/a> var st\u00e4ndigt nya Zeeland Giant Moa. <\/span><span id=\"gts_text_3\" class=\"gts_text\">Vissa forskare anser att de s\u00e5g ut som en mycket stor struts, andra s\u00e4ga de f\u00f6rmodligen inte g\u00e5 med sin hals h\u00f6ll s\u00e5 h\u00f6g. <\/span><span id=\"gts_text_4\" class=\"gts_text\">Om de <span style=\"font-style: italic;\">gjorde<\/span> promenad som en struts, honorna hade varit cirka tre meter (10 meter) h\u00f6gt (\u00e4ven om m\u00e4nnen var kortare). <span style=\"float: right;\"><\/span><img loading=\"lazy\" decoding=\"async\" title=\"a typical human next to a typical giant moa\" src=\"http:\/\/ba.dr-mikes-maths.com\/\/wp-content\/themes\/twentyten\/images\/ba\/giant-moa-and-human.png\" alt=\"a picture showing the relative sizes of a human and a giant moa\" width=\"243\" height=\"283\"> <span id=\"gts_text_5\" class=\"gts_text\"><\/span>Tyv\u00e4rr ingen vet s\u00e4kert &#8211; sist Giant Moa dog omkring 500 \u00e5r sedan.<\/span><\/p>\n<h3><span id=\"gts_text_6\" class=\"gts_text\">Moas i Nya Zeeland<\/span><\/h3>\n<p><span id=\"gts_text_7\" class=\"gts_text\">Moas var en hel grupp av f\u00e5glar, som levde i Nya Zeeland. <\/span><span id=\"gts_text_8\" class=\"gts_text\">Giant Moa var den st\u00f6rsta Moa, de minsta var stor som en Turkiet. <\/span><span id=\"gts_text_9\" class=\"gts_text\">Giant Moas bodde i skogarna. <\/span><span id=\"gts_text_10\" class=\"gts_text\">De var s\u00e5 stor att innan m\u00e4nniskor kom, de hade endast en fiende &#8211; en j\u00e4tte och medelstora eagle kallas Haast&#8217;s Eagle. <\/span><span id=\"gts_text_11\" class=\"gts_text\">Tyv\u00e4rr har varit en stor f\u00e5gel en mycket bra f\u00e5ngst f\u00f6r en j\u00e4gare med en hungrig familj. <\/span><span id=\"gts_text_12\" class=\"gts_text\">Den tidiga nya Zealands b\u00f6rjade ocks\u00e5, avmarkera skogen som g\u00f6r g\u00e5rdar, s\u00e5 j\u00e4tte Moa fick mindre utrymme f\u00f6r att leva.<\/span><\/p>\n<h3><span id=\"gts_text_13\" class=\"gts_text\">Giant Moa Information<\/span><\/h3>\n<p><span id=\"gts_text_14\" class=\"gts_text\">Moas tillh\u00f6rde en grupp av f\u00e5glar som kallas <a title=\"Ratites\" href=\"http:\/\/www.big-animals.com\/ratites\/\"><span style=\"font-style: italic;\">ratiter<\/span><\/a>, emuer, strutsar och Kiwi. <\/span><span id=\"gts_text_15\" class=\"gts_text\">Deras br\u00f6st ben \u00e4r platt, liksom en rad (ordet <span style=\"font-style: italic;\">ratiter<\/span> kommer fr\u00e5n det latinska ordet f\u00f6r flotte). <\/span><span id=\"gts_text_16\" class=\"gts_text\">Detta inneb\u00e4r vingen p\u00e5 en ratiter muskler inte skulle vara tillr\u00e4ckligt starka f\u00f6r att hj\u00e4lpa den att flyga, \u00e4ven om vingarna var stora och mycket sm\u00e5 f\u00e5geln. <\/span><span id=\"gts_text_17\" class=\"gts_text\">I sj\u00e4lva verket verkar det Giant Moa har hade inga vingar p\u00e5 alla!<\/span><\/p>\n<p><span id=\"gts_text_18\" class=\"gts_text\">S\u00e5 j\u00e4tte Moa, eftersom det var v\u00e4rldens h\u00f6gsta n\u00e5gonsin bird, var ocks\u00e5 det h\u00f6gsta n\u00e5gonsin ratiter och det h\u00f6gsta n\u00e5gonsin Moa!\u00a0Det tyngsta n\u00e5gonsin bird ( <a title=\"Elephant Bird\" href=\"http:\/\/www.big-animals.com\/elephant-bird-2\/\">Elefant Bird<\/a>) och den h\u00f6gsta och tyngsta f\u00e5geln idag levande ( <a href=\"\/Ostrich.html\">struts<\/a>) \u00e4r alla strutsf\u00e5glar-verkligen en fantastisk grupp f\u00e5glar!<\/span><\/p>\n<h3><span id=\"gts_text_19\" class=\"gts_text\">Giant Moa bilder<\/span><\/h3>\n<p><span id=\"gts_text_20\" class=\"gts_text\">Tyv\u00e4rr, eftersom de \u00e4r utd\u00f6da, ingen vet exakt hur en Giant Moa s\u00e5g ut. <\/span><span id=\"gts_text_21\" class=\"gts_text\">Du kan se deras ben i vissa museer, och en artister har gjort gissningar och ritade bilder. <\/span><span id=\"gts_text_22\" class=\"gts_text\">En <a href=\"http:\/\/images.google.com.au\/images?q=Giant+Moa\" target=\"_blank\">google bilds\u00f6kning<\/a> visa m\u00e5nga exempel!<\/span><\/p>\n","protected":false},"excerpt":{"rendered":"<p>Den utd\u00f6da j\u00e4tte Moa Den h\u00f6gsta f\u00e5geln var st\u00e4ndigt nya Zeeland Giant Moa. Vissa forskare anser att de s\u00e5g ut som en mycket stor struts, andra s\u00e4ga de f\u00f6rmodligen inte g\u00e5 med sin hals h\u00f6ll s\u00e5 h\u00f6g. Om de gjorde promenad som en struts, honorna hade varit cirka tre meter (10 meter) h\u00f6gt (\u00e4ven om &hellip; <a href=\"https:\/\/www.big-animals.com\/sv\/the-giant-moa-the-tallest-bird-there-ever-was\/\" class=\"more-link\">Continue reading <span class=\"screen-reader-text\">J\u00e4tte Moa &#8211; h\u00f6gsta f\u00e5geln det var allt!<\/span><\/a><\/p>\n","protected":false},"author":1,"featured_media":0,"parent":0,"menu_order":0,"comment_status":"closed","ping_status":"open","template":"","meta":{"_acf_changed":false,"footnotes":""},"acf":[],"_links":{"self":[{"href":"https:\/\/www.big-animals.com\/sv\/wp-json\/wp\/v2\/pages\/50"}],"collection":[{"href":"https:\/\/www.big-animals.com\/sv\/wp-json\/wp\/v2\/pages"}],"about":[{"href":"https:\/\/www.big-animals.com\/sv\/wp-json\/wp\/v2\/types\/page"}],"author":[{"embeddable":true,"href":"https:\/\/www.big-animals.com\/sv\/wp-json\/wp\/v2\/users\/1"}],"replies":[{"embeddable":true,"href":"https:\/\/www.big-animals.com\/sv\/wp-json\/wp\/v2\/comments?post=50"}],"version-history":[{"count":0,"href":"https:\/\/www.big-animals.com\/sv\/wp-json\/wp\/v2\/pages\/50\/revisions"}],"wp:attachment":[{"href":"https:\/\/www.big-animals.com\/sv\/wp-json\/wp\/v2\/media?parent=50"}],"curies":[{"name":"wp","href":"https:\/\/api.w.org\/{rel}","templated":true}]}}