{"id":51,"date":"2011-05-09T09:27:49","date_gmt":"2011-05-09T09:27:49","guid":{"rendered":""},"modified":"2014-04-18T12:06:49","modified_gmt":"2014-04-18T12:06:49","slug":"the-atlas-moth-the-worlds-biggest-moth","status":"publish","type":"page","link":"https:\/\/www.big-animals.com\/sv\/the-atlas-moth-the-worlds-biggest-moth\/","title":{"rendered":"Atlasspinnaren &#8211; v\u00e4rldens st\u00f6rsta fj\u00e4ril!"},"content":{"rendered":"<h3><span class=\"gts_text\" id=\"gts_text_1\">Fakta om om Atlasspinnaren, <em>attacus Atlas<\/em><\/span><\/h3>\n<p><span class=\"gts_text\" id=\"gts_text_2\"><br \/>\n<img loading=\"lazy\" decoding=\"async\" title=\"Atlas moth - the largest moth in the world, and the insect with the biggest wings\" alt=\"Atlas moth - the largest moth in the world, and the insect with the biggest wings\" src=\"http:\/\/ba.dr-mikes-maths.com\/\/wp-content\/themes\/twentyten\/images\/ba\/atlas-moth.jpg\" width=\"355\" height=\"177\" \/><span class=\"gts_text\" id=\"gts_text_3\"><strong>Atlasspinnare har st\u00f6rre vingar \u00e4n n\u00e5gon annan <a title=\"The World\u2019s Biggest Insects!\" href=\"http:\/\/www.big-animals.com\/the-worlds-biggest-insects\/\">insekt<\/a>!<\/strong><\/span> <\/span><\/p>\n<p><span class=\"gts_text\" id=\"gts_text_4\">Den h\u00e4r stora fj\u00e4rilen finns i de tropiska och subtropiska skogarna i s\u00f6dra Asien och s\u00f6dra Kina och den \u00e4r \u00e4ven ofta p\u00e5tr\u00e4ffad i den Malajiska sk\u00e4rg\u00e5rden, fr\u00e5n Thailand till Singapore och Indonesien. <\/span><span class=\"gts_text\" id=\"gts_text_5\">Den har den st\u00f6rsta vingytan av alla\u00a0<a title=\"The World\u2019s Biggest Insects!\" href=\"http:\/\/www.big-animals.com\/the-worlds-biggest-insects\/\">insekter<\/a>\u00a0&#8211; 400 kvadratcentimeter! <\/span><span class=\"gts_text\" id=\"gts_text_6\">I Indien f\u00f6der man upp atlasspinnare f\u00f6r deras kokonger av silke &#8211; de producerar brun silke som \u00e4r lite som ylle. Deras<\/span><span class=\"gts_text\" id=\"gts_text_7\">\u00a0kokonger anv\u00e4nds som pl\u00e5nb\u00f6cker i Taiwan!\u00a0De kallas atlasspinnare eftersom de stora m\u00f6nstren p\u00e5 vingarna ser ut som en karta.<\/span><\/p>\n<p><span class=\"gts_text\" id=\"gts_text_8\">Honfj\u00e4rilarna \u00e4r st\u00f6rre och tyngre \u00e4n hanarna. Vingspetsarna<\/span><span class=\"gts_text\" id=\"gts_text_9\">\u00a0\u00e4r b\u00f6jda och vissa s\u00e4ger att de ser ut som ett ormhuvud med \u00f6gon, med syfte att skr\u00e4mma bort rovdjur. <\/span><span class=\"gts_text\" id=\"gts_text_10\">Deras kroppar \u00e4r h\u00e5riga och sm\u00e5 j\u00e4mf\u00f6rt med deras vingar. <\/span><span class=\"gts_text\" id=\"gts_text_11\">De varierar i f\u00e4rg, i olika nyanser av brunt. <\/span><span class=\"gts_text\" id=\"gts_text_12\">Den honfj\u00e4rilen l\u00e4gger \u00e4gg. <\/span><span class=\"gts_text\" id=\"gts_text_13\">Dessa \u00e4gg kommer sedan att f\u00f6rvandlas till dimgr\u00f6na fj\u00e4rilslarver efter 2 veckor. <\/span><span class=\"gts_text\" id=\"gts_text_14\">De \u00e4ter blad fr\u00e5n citrustr\u00e4d och andra vintergr\u00f6na v\u00e4xter. <\/span><span class=\"gts_text\" id=\"gts_text_15\">Den vuxna fj\u00e4rilen kan man se efter en m\u00e5nad.<\/span><\/p>\n","protected":false},"excerpt":{"rendered":"<p>Fakta om om Atlasspinnaren, attacus Atlas Atlasspinnare har st\u00f6rre vingar \u00e4n n\u00e5gon annan insekt! Den h\u00e4r stora fj\u00e4rilen finns i de tropiska och subtropiska skogarna i s\u00f6dra Asien och s\u00f6dra Kina och den \u00e4r \u00e4ven ofta p\u00e5tr\u00e4ffad i den Malajiska sk\u00e4rg\u00e5rden, fr\u00e5n Thailand till Singapore och Indonesien. Den har den st\u00f6rsta vingytan av alla\u00a0insekter\u00a0&#8211; 400 &hellip; <a href=\"https:\/\/www.big-animals.com\/sv\/the-atlas-moth-the-worlds-biggest-moth\/\" class=\"more-link\">Continue reading <span class=\"screen-reader-text\">Atlasspinnaren &#8211; v\u00e4rldens st\u00f6rsta fj\u00e4ril!<\/span><\/a><\/p>\n","protected":false},"author":1,"featured_media":0,"parent":0,"menu_order":0,"comment_status":"closed","ping_status":"open","template":"","meta":{"_acf_changed":false,"footnotes":""},"acf":[],"_links":{"self":[{"href":"https:\/\/www.big-animals.com\/sv\/wp-json\/wp\/v2\/pages\/51"}],"collection":[{"href":"https:\/\/www.big-animals.com\/sv\/wp-json\/wp\/v2\/pages"}],"about":[{"href":"https:\/\/www.big-animals.com\/sv\/wp-json\/wp\/v2\/types\/page"}],"author":[{"embeddable":true,"href":"https:\/\/www.big-animals.com\/sv\/wp-json\/wp\/v2\/users\/1"}],"replies":[{"embeddable":true,"href":"https:\/\/www.big-animals.com\/sv\/wp-json\/wp\/v2\/comments?post=51"}],"version-history":[{"count":2,"href":"https:\/\/www.big-animals.com\/sv\/wp-json\/wp\/v2\/pages\/51\/revisions"}],"predecessor-version":[{"id":297,"href":"https:\/\/www.big-animals.com\/sv\/wp-json\/wp\/v2\/pages\/51\/revisions\/297"}],"wp:attachment":[{"href":"https:\/\/www.big-animals.com\/sv\/wp-json\/wp\/v2\/media?parent=51"}],"curies":[{"name":"wp","href":"https:\/\/api.w.org\/{rel}","templated":true}]}}