{"id":63,"date":"2011-05-09T09:33:53","date_gmt":"2011-05-09T09:33:53","guid":{"rendered":""},"modified":"2013-07-11T12:58:59","modified_gmt":"2013-07-11T12:58:59","slug":"varldens-storsta-djur","status":"publish","type":"page","link":"https:\/\/www.big-animals.com\/sv\/","title":{"rendered":"V\u00e4rldens st\u00f6rsta djur"},"content":{"rendered":"<p><span id=\"gts_text_1\" class=\"gts_text\">Denna webbplats syftar till att samla ihop information om alla v\u00e4rldens st\u00f6rsta djur &#8211; de st\u00f6rsta, tyngsta, l\u00e4ngsta och st\u00f6rsta av alla typer av djur, med fascinerande fakta om var och en!<\/span><\/p>\n<p><span id=\"gts_text_2\" class=\"gts_text\">Vill du veta vad som \u00e4r v\u00e4rldens st\u00f6rsta spindel? <\/span><span id=\"gts_text_3\" class=\"gts_text\">Eller tyngsta krabba? <\/span><span id=\"gts_text_4\" class=\"gts_text\">Eller den st\u00f6rsta fisken n\u00e5gonsin?<\/span><\/p>\n<p><span id=\"gts_text_5\" class=\"gts_text\">Det finns flera s\u00e4tt att utforska denna webbplats&#8230;<\/span><\/p>\n<ul>\n<li> <span id=\"gts_text_6\" class=\"gts_text\">Du kan se en <a href=\"\/Alphabetical-List-Of-Animals.html\">alfabetisk lista<\/a> \u00f6ver alla djur p\u00e5 denna webbplats och zooma direkt till det djur som du \u00e4r intresserad.<\/span><\/li>\n<li> <span id=\"gts_text_7\" class=\"gts_text\">Du kan se en <a href=\"\/List-Of-Animals-By-Type.html\">lista \u00f6ver alla olika <em>typer<\/em> av djur<\/a>, och rulla ned till <em>typ<\/em> (d\u00e4ggdjur, ryggradsdjur, spindlar, etc) du \u00e4r intresserad.<\/span><\/li>\n<li> <span id=\"gts_text_8\" class=\"gts_text\">Du kan klicka direkt till <a href=\"\/Animals.html\">Ing\u00e5ngssidan om djur<\/a>, l\u00e4sa vad \u00e4r s\u00e5 speciellt om dem och klicka dig igenom de l\u00e4nkar du hittar d\u00e4r.<\/span><\/li>\n<\/ul>\n<p><span id=\"gts_text_10\" class=\"gts_text\">Det \u00e4r min f\u00f6rhoppning att denna webbplats kommer att vara en fascinerande plats att utforska alla de mest enorma fr\u00e5n djurriket!<\/span><\/p>\n","protected":false},"excerpt":{"rendered":"<p>Denna webbplats syftar till att samla ihop information om alla v\u00e4rldens st\u00f6rsta djur &#8211; de st\u00f6rsta, tyngsta, l\u00e4ngsta och st\u00f6rsta av alla typer av djur, med fascinerande fakta om var och en! Vill du veta vad som \u00e4r v\u00e4rldens st\u00f6rsta spindel? Eller tyngsta krabba? Eller den st\u00f6rsta fisken n\u00e5gonsin? Det finns flera s\u00e4tt att utforska &hellip; <a href=\"https:\/\/www.big-animals.com\/sv\/\" class=\"more-link\">Continue reading <span class=\"screen-reader-text\">V\u00e4rldens st\u00f6rsta djur<\/span><\/a><\/p>\n","protected":false},"author":1,"featured_media":0,"parent":0,"menu_order":0,"comment_status":"closed","ping_status":"open","template":"","meta":{"_acf_changed":false,"footnotes":""},"acf":[],"_links":{"self":[{"href":"https:\/\/www.big-animals.com\/sv\/wp-json\/wp\/v2\/pages\/63"}],"collection":[{"href":"https:\/\/www.big-animals.com\/sv\/wp-json\/wp\/v2\/pages"}],"about":[{"href":"https:\/\/www.big-animals.com\/sv\/wp-json\/wp\/v2\/types\/page"}],"author":[{"embeddable":true,"href":"https:\/\/www.big-animals.com\/sv\/wp-json\/wp\/v2\/users\/1"}],"replies":[{"embeddable":true,"href":"https:\/\/www.big-animals.com\/sv\/wp-json\/wp\/v2\/comments?post=63"}],"version-history":[{"count":1,"href":"https:\/\/www.big-animals.com\/sv\/wp-json\/wp\/v2\/pages\/63\/revisions"}],"predecessor-version":[{"id":117,"href":"https:\/\/www.big-animals.com\/sv\/wp-json\/wp\/v2\/pages\/63\/revisions\/117"}],"wp:attachment":[{"href":"https:\/\/www.big-animals.com\/sv\/wp-json\/wp\/v2\/media?parent=63"}],"curies":[{"name":"wp","href":"https:\/\/api.w.org\/{rel}","templated":true}]}}