{"id":7,"date":"2011-05-09T08:54:34","date_gmt":"2011-05-09T08:54:34","guid":{"rendered":""},"modified":"2011-05-09T08:54:34","modified_gmt":"2011-05-09T08:54:34","slug":"adlor","status":"publish","type":"page","link":"https:\/\/www.big-animals.com\/sv\/adlor\/","title":{"rendered":"\u00d6dlor"},"content":{"rendered":"<p><span id=\"gts_text_1\" class=\"gts_text\">\u00d6dlor \u00e4r <a title=\"The World\u2019s Biggest Reptiles!\" href=\"http:\/\/www.big-animals.com\/the-worlds-biggest-reptiles\/\">reptiler<\/a>. <\/span><span id=\"gts_text_2\" class=\"gts_text\">Det finns n\u00e4stan 3800 olika typer av \u00f6dla i v\u00e4rlden. <\/span><span id=\"gts_text_3\" class=\"gts_text\">Eftersom de \u00e4r cold blooded varelser, hittar du dem i alla v\u00e4rldsdelar s\u00e4rskilt i varmare klimat kontinenter utom Antarktis och mest oceanic \u00f6ar.<\/span><\/p>\n<p><span id=\"gts_text_4\" class=\"gts_text\">\u00d6dlor har fj\u00e4llig hud som \u00e4r kasta hela \u00e5ret. <\/span><span id=\"gts_text_5\" class=\"gts_text\">De inte kasta sin hud p\u00e5 en g\u00e5ng som orm. <\/span><span id=\"gts_text_6\" class=\"gts_text\">Vissa \u00f6dlor \u00e4ter bara k\u00f6tt, andra \u00e4ter bara v\u00e4xter och fortfarande andra \u00e4ter b\u00e5de k\u00f6tt och v\u00e4xter. <\/span><span id=\"gts_text_7\" class=\"gts_text\">De har lemmar och yttre \u00f6ron men ormar har inte lemmar och yttre \u00f6ron. <\/span><span id=\"gts_text_8\" class=\"gts_text\">De flesta \u00f6dlor kommer att frig\u00f6ra deras svansar n\u00e4r de f\u00e5ngas s\u00e5 lizard flyr medan Rovdjuret endast f\u00e5r en svans att \u00e4ta. <\/span><span id=\"gts_text_9\" class=\"gts_text\">De kommunicerar med varandra med hj\u00e4lp av kroppsspr\u00e5k eller ljusa f\u00e4rger p\u00e5 deras kroppar.<\/span><\/p>\n<p><span id=\"gts_text_10\" class=\"gts_text\">\u00d6dla finns i olika storlekar. <\/span><span id=\"gts_text_11\" class=\"gts_text\">Den minsta \u00e4r bara n\u00e5gra centimeter (ett par centimeter), till exempel kameleonter eller gecko\u00f6dlor. <\/span><span id=\"gts_text_12\" class=\"gts_text\">Den l\u00e4ngsta v\u00e4xa till n\u00e4stan 3 meter (10)! <\/span><span id=\"gts_text_13\" class=\"gts_text\">Den st\u00f6rsta levande \u00f6dla \u00e4r k\u00f6ttet \u00e4ta <a title=\"Komodo Dragon\" href=\"http:\/\/www.big-animals.com\/komodo-dragon\/\">komodovaranen<\/a>. <\/span><span id=\"gts_text_14\" class=\"gts_text\">Det finns vissa \u00e4ven huger utd\u00f6da \u00f6dlor, som havet-bostad- <a title=\"Tylosaurus\" href=\"http:\/\/www.big-animals.com\/tylosaurus\/\">Tylosaurus<\/a> som var cirka 17 meter (56) l\u00e5ng och de <a title=\"Megalania\" href=\"http:\/\/www.big-animals.com\/megalania\/\"> Megalania<\/a>, en gigantisk bildsk\u00e4rm \u00f6dla om 7 meter (23 ft) l\u00e4ngd.<\/span><\/p>\n<figure id=\"attachment_571\" aria-describedby=\"caption-attachment-571\" style=\"width: 300px\" class=\"wp-caption alignright\"><a href=\"http:\/\/www.big-animals.com\/wp-content\/uploads\/2011\/02\/Chamaleon.jpg\"><img loading=\"lazy\" decoding=\"async\" class=\"size-medium wp-image-571\" title=\"Chameleons are famous for their ability to change color\" src=\"http:\/\/www.big-animals.com\/wp-content\/uploads\/2011\/02\/Chamaleon-300x194.jpg\" alt=\"Chameleons are famous for their ability to change color\" width=\"300\" height=\"194\" \/><\/a><figcaption id=\"caption-attachment-571\" class=\"wp-caption-text\">Chameleons are famous for their ability to change color<\/figcaption><\/figure>\n<p><span id=\"gts_text_15\" class=\"gts_text\">Synen \u00e4r mycket viktigt f\u00f6r de flesta \u00f6dlor. <\/span><span id=\"gts_text_16\" class=\"gts_text\">de anv\u00e4nder sina ur sikte att jaga f\u00f6r sina byten och kommunicera med andra \u00f6dlor. <\/span><span id=\"gts_text_17\" class=\"gts_text\">De flesta \u00f6dlor har stor f\u00e4rg vision. <\/span><span id=\"gts_text_18\" class=\"gts_text\">De beror mycket p\u00e5 kroppsspr\u00e5k. <\/span><span id=\"gts_text_19\" class=\"gts_text\">Till exempel anv\u00e4nda de s\u00e4rskilda arbetsst\u00e4llningar, gester och r\u00f6relser att definiera sina territorier och l\u00f6sa slagsm\u00e5l sinsemellan. <\/span><span id=\"gts_text_20\" class=\"gts_text\">Vissa \u00f6dlor har mycket ljust f\u00e4rgade skal. <\/span><span id=\"gts_text_21\" class=\"gts_text\">Vissa kan \u00e4ndra f\u00e4rg p\u00e5 sin hud &#8211; en ljust f\u00e4rgade \u00f6dla p\u00e5 m\u00f6rka stenar blir \u00e4nnu m\u00f6rkare. <\/span><span id=\"gts_text_22\" class=\"gts_text\">Vissa, som v\u00e4stra staket \u00f6dla, har \u00e4ven hud som ser annorlunda ut beroende p\u00e5 vinkeln som du titta p\u00e5 det!<\/span><\/p>\n<p><span id=\"gts_text_23\" class=\"gts_text\">N\u00e4r en sk\u00e4rm beh\u00f6vs vissa \u00f6dlor kommer att lyfta upp en viss Ben sin hals och sedan en stor vertikala flapp bj\u00e4rt f\u00e4rgade huden under huvudet visas vackert som skall anv\u00e4ndas f\u00f6r kommunikation. <\/span><span id=\"gts_text_24\" class=\"gts_text\">Anoles eller kameleonter \u00e4r k\u00e4nd f\u00f6r att denna vackra visas. <\/span><span id=\"gts_text_25\" class=\"gts_text\">Varje art of chameleon har m\u00e5nga olika f\u00e4rger. <\/span><span id=\"gts_text_26\" class=\"gts_text\">De har \u00e4ven m\u00f6nster som bara kan ses i UV-belysning, och s\u00e5 \u00f6dlor sj\u00e4lva ofta kan se ultraviolett ljus.<\/span><\/p>\n<p><span id=\"gts_text_27\" class=\"gts_text\">De flesta \u00f6dlor \u00e4r ofarlig f\u00f6r m\u00e4nniskor. <\/span><span id=\"gts_text_28\" class=\"gts_text\">Endast de st\u00f6rre \u00f6dla arterna kan vara farliga. <\/span><span id=\"gts_text_29\" class=\"gts_text\">Till exempel kommer att komodovaranen f\u00f6rf\u00f6lja, angripa och ibland i slut\u00e4ndan d\u00f6da m\u00e4nniskor. <\/span><span id=\"gts_text_30\" class=\"gts_text\">Venom Gila Shlomo monster \u00f6dlor och Bead lizard \u00e4r inte oftast d\u00f6dliga, men de har kraftfulla k\u00e4ftar som kan bita snabbt och kommer h\u00e5lla t\u00e4tt om offren. <\/span><span id=\"gts_text_31\" class=\"gts_text\">Deras bite \u00e4r mycket sm\u00e4rtsamt.<\/span><\/p>\n<p><span id=\"gts_text_32\" class=\"gts_text\">M\u00e5nga \u00f6dlor h\u00e5lls som s\u00e4llskapsdjur p\u00e5 grund av deras sk\u00f6nhet. <\/span><span id=\"gts_text_33\" class=\"gts_text\">Exempelvis h\u00e5lls gr\u00f6n aztekiska som en exotiska husdjur.<\/span><\/p>\n","protected":false},"excerpt":{"rendered":"<p>\u00d6dlor \u00e4r reptiler. Det finns n\u00e4stan 3800 olika typer av \u00f6dla i v\u00e4rlden. Eftersom de \u00e4r cold blooded varelser, hittar du dem i alla v\u00e4rldsdelar s\u00e4rskilt i varmare klimat kontinenter utom Antarktis och mest oceanic \u00f6ar. \u00d6dlor har fj\u00e4llig hud som \u00e4r kasta hela \u00e5ret. De inte kasta sin hud p\u00e5 en g\u00e5ng som orm. &hellip; <a href=\"https:\/\/www.big-animals.com\/sv\/adlor\/\" class=\"more-link\">Continue reading <span class=\"screen-reader-text\">\u00d6dlor<\/span><\/a><\/p>\n","protected":false},"author":1,"featured_media":0,"parent":0,"menu_order":0,"comment_status":"closed","ping_status":"open","template":"","meta":{"_acf_changed":false,"footnotes":""},"acf":[],"_links":{"self":[{"href":"https:\/\/www.big-animals.com\/sv\/wp-json\/wp\/v2\/pages\/7"}],"collection":[{"href":"https:\/\/www.big-animals.com\/sv\/wp-json\/wp\/v2\/pages"}],"about":[{"href":"https:\/\/www.big-animals.com\/sv\/wp-json\/wp\/v2\/types\/page"}],"author":[{"embeddable":true,"href":"https:\/\/www.big-animals.com\/sv\/wp-json\/wp\/v2\/users\/1"}],"replies":[{"embeddable":true,"href":"https:\/\/www.big-animals.com\/sv\/wp-json\/wp\/v2\/comments?post=7"}],"version-history":[{"count":0,"href":"https:\/\/www.big-animals.com\/sv\/wp-json\/wp\/v2\/pages\/7\/revisions"}],"wp:attachment":[{"href":"https:\/\/www.big-animals.com\/sv\/wp-json\/wp\/v2\/media?parent=7"}],"curies":[{"name":"wp","href":"https:\/\/api.w.org\/{rel}","templated":true}]}}