{"id":70,"date":"2011-05-09T11:33:55","date_gmt":"2011-05-09T11:33:55","guid":{"rendered":""},"modified":"2011-05-09T11:33:55","modified_gmt":"2011-05-09T11:33:55","slug":"the-giraffe-the-worlds-tallest-animal","status":"publish","type":"page","link":"https:\/\/www.big-animals.com\/sv\/the-giraffe-the-worlds-tallest-animal\/","title":{"rendered":"Giraffen &#8211; v\u00e4rldens h\u00f6gsta djur!"},"content":{"rendered":"<p><span id=\"gts_text_1\" class=\"gts_text\">Giraffen \u00e4r v\u00e4rldens h\u00f6gsta levande <a href=\"\/Animals.html\">djur<\/a> &#8211; en manlig giraff v\u00e4xer upp till 16-18 meter h\u00f6gt (4.9-5,5 meter). <\/span><span id=\"gts_text_2\" class=\"gts_text\">Det h\u00f6gsta n\u00e5gonsin giraff var 19,2 meter h\u00f6g! <\/span><span id=\"gts_text_3\" class=\"gts_text\">Forskarna kallar giraff <span style=\"font-style: italic;\">giraffa camelopardus<\/span>.<span style=\"float: left;\"> <\/span> <\/span><span id=\"gts_text_4\" class=\"gts_text\">Ordet &#8220;Giraff&#8221; kommer fr\u00e5n det arabiska ordet f\u00f6r &#8220;h\u00f6g&#8221;. <\/span><span id=\"gts_text_5\" class=\"gts_text\">I olden times kallades Giraffen ett &#8220;Camel-leopard&#8221;, eftersom det hade fl\u00e4ckar lite som en leopard, men gick lite som en kamel. <\/span><span id=\"gts_text_6\" class=\"gts_text\">Eftersom Giraffen \u00e4r s\u00e5 h\u00f6gt, har vissa andra s\u00e4rskilda funktioner.<\/span><\/p>\n<figure id=\"attachment_1074\" aria-describedby=\"caption-attachment-1074\" style=\"width: 222px\" class=\"wp-caption alignleft\"><a href=\"http:\/\/www.big-animals.com\/wp-content\/uploads\/2008\/12\/Giraffe.jpg\"><img loading=\"lazy\" decoding=\"async\" class=\"size-medium wp-image-1074\" title=\"The Giraffe is the World's Tallest Animal\" src=\"http:\/\/www.big-animals.com\/wp-content\/uploads\/2008\/12\/Giraffe-222x300.jpg\" alt=\"The Giraffe is the World's Tallest Animal\" width=\"222\" height=\"300\" \/><\/a><figcaption id=\"caption-attachment-1074\" class=\"wp-caption-text\">The Giraffe is the World&#038;#39;s Tallest Animal<\/figcaption><\/figure>\n<p><span id=\"gts_text_7\" class=\"gts_text\">F\u00f6rst och fr\u00e4mst till pumpen blod hela v\u00e4gen upp sin l\u00e5nga hals, beh\u00f6ver Giraffen ett starkt hj\u00e4rta. <\/span><span id=\"gts_text_8\" class=\"gts_text\">I sj\u00e4lva verket v\u00e4ger sitt hj\u00e4rta 26 lb (12 kg), vilket g\u00f6r det st\u00f6rsta hj\u00e4rtat i djurriket! <\/span><span id=\"gts_text_9\" class=\"gts_text\">Den har ocks\u00e5 s\u00e4rskilda blodk\u00e4rl i huvudet att f\u00f6rhindra svimning n\u00e4r det lyfter huvudet pl\u00f6tsligt!<\/span><\/p>\n<p><span id=\"gts_text_10\" class=\"gts_text\">N\u00e4r en giraff h\u00e5lls i en djurpark, \u00e4r ibland det h\u00f6gsta som i hela zoo. <\/span><span id=\"gts_text_11\" class=\"gts_text\">Detta inneb\u00e4r att det \u00e4r mest sannolikt att tr\u00e4ffas av blixten under \u00e5ska! <\/span><span id=\"gts_text_12\" class=\"gts_text\">I naturen, giraffer lever bland tr\u00e4d som \u00e4r h\u00f6gre \u00e4n de &#8211; och dessutom de platser som de bor har mycket mindre lightning \u00e4n de flesta andra h\u00e5ll i v\u00e4rlden.<\/span><\/p>\n<p><span id=\"gts_text_13\" class=\"gts_text\">I bilden nedan visas hur stor en giraff \u00e4r relativ till en vanlig m\u00e4nniska.<\/span><\/p>\n<h3><span id=\"gts_text_14\" class=\"gts_text\">En giraff hals<\/span><\/h3>\n<p><span id=\"gts_text_15\" class=\"gts_text\">Giraffen har en mycket l\u00e5ng hals, men har samma antal hals ben som en m\u00e4nniska &#8211; sju. <\/span><span id=\"gts_text_16\" class=\"gts_text\">Detta \u00e4r h\u00e4lften av antalet hals ben som en kolibri! <\/span><span id=\"gts_text_17\" class=\"gts_text\">Fogar mellan benen \u00e4r dock mycket flexibelt.<\/span><\/p>\n<p><span id=\"gts_text_18\" class=\"gts_text\">Giraffer kommer ibland gnuggar halsen tillsammans. <\/span><span id=\"gts_text_19\" class=\"gts_text\">Detta kan vara en trevlig gest, eller kan ing\u00e5 i en kamp.<\/span><\/p>\n<figure id=\"attachment_1077\" aria-describedby=\"caption-attachment-1077\" style=\"width: 198px\" class=\"wp-caption alignright\"><a href=\"http:\/\/www.big-animals.com\/wp-content\/uploads\/2008\/12\/giraffe-and-human1.png\"><img loading=\"lazy\" decoding=\"async\" class=\"size-medium wp-image-1077\" title=\"Giraffe And Human\" src=\"http:\/\/www.big-animals.com\/wp-content\/uploads\/2008\/12\/giraffe-and-human1-198x300.png\" alt=\"Giraffe And Human\" width=\"198\" height=\"300\" \/><\/a><figcaption id=\"caption-attachment-1077\" class=\"wp-caption-text\">Giraffe And Human<\/figcaption><\/figure>\n<h3><span id=\"gts_text_20\" class=\"gts_text\">En giraff tungan<\/span><\/h3>\n<p><span id=\"gts_text_21\" class=\"gts_text\">Den giraff tungan \u00e4r mycket anm\u00e4rkningsv\u00e4rt &#8211; f\u00f6rst och fr\u00e4mst \u00e4r det mycket l\u00e5ng &#8211; cirka 18-20 tum (45-50 cm). <\/span><span id=\"gts_text_22\" class=\"gts_text\">N\u00e4r dess l\u00e5nga ben och l\u00e5nga hals inte \u00e4r ganska l\u00e5ng tid, anv\u00e4nder sin l\u00e5nga tunga f\u00f6r att hj\u00e4lpa den att n\u00e5 bladen v\u00e4xer h\u00f6gt upp. <\/span><span id=\"gts_text_23\" class=\"gts_text\">Den hittar sin tunga anv\u00e4ndbar jaktstart buggar utanf\u00f6r sitt ansikte.<\/span><\/p>\n<p><span id=\"gts_text_24\" class=\"gts_text\">Giraffen gillar alla typer av v\u00e4xter, men n\u00e5gra av sina favoriter \u00e4r mycket sv\u00e5ra. <\/span><span id=\"gts_text_25\" class=\"gts_text\">P\u00e5 grund av detta \u00e4r sitt modersm\u00e5l ocks\u00e5 mycket h\u00e5rd, s\u00e5 att det inte f\u00e5 ont under lunchen!<\/span><\/p>\n<h3><span id=\"gts_text_26\" class=\"gts_text\">Giraffens horn<\/span><\/h3>\n<p><span id=\"gts_text_27\" class=\"gts_text\">Giraffens horn best\u00e5r av h\u00e4rdade <span style=\"font-style: italic;\">brosk<\/span> &#8211; liksom de saker som ger form till v\u00e5r n\u00e4sa, men sv\u00e5rare. <\/span><span id=\"gts_text_28\" class=\"gts_text\">Hornen omfattas i huden. <\/span><span id=\"gts_text_29\" class=\"gts_text\">En kvinnlig giraff horn \u00e4r kortare \u00e4n en hane, och tenderar att ha h\u00e5r p\u00e5 toppen.<\/span><\/p>\n<h3><span id=\"gts_text_30\" class=\"gts_text\">Giraff livsmilj\u00f6 och kost<\/span><\/h3>\n<p><span id=\"gts_text_31\" class=\"gts_text\">Giraffer vill \u00f6ppna omr\u00e5den med spridda tr\u00e4d &#8211; s\u00e4rskilt akacia tr\u00e4d. <\/span><span id=\"gts_text_32\" class=\"gts_text\">De \u00e4ter av tr\u00e4d, sammanfattad dem f\u00f6r ett tag sedan (som kor) spyr upp halva uppl\u00f6sning l\u00e4mnar (&#8220;cud&#8221;) s\u00e5 att de kan tugga det lite mer och sm\u00e4lta det igen i en annan del av sin mage. <\/span><span id=\"gts_text_33\" class=\"gts_text\">P\u00e5 grund av denna vana klassificeras giraffer (med kor) som &#8220;Idisslare&#8221;.<\/span><\/p>\n<p><span id=\"gts_text_34\" class=\"gts_text\">Giraffer kan leva p\u00e5 samma platser som husdjur, eftersom giraffer f\u00f6redrar att \u00e4ta bladen som husdjur inte kan n\u00e5. <\/span><span id=\"gts_text_35\" class=\"gts_text\">Om jordbrukarna rensa bort alla tr\u00e4d fr\u00e5n ett omr\u00e5de, emellertid Giraffen stora problem. <\/span><span id=\"gts_text_36\" class=\"gts_text\">Giraffer som en art \u00e4r s\u00e4ker, i vissa delar av Afrika, kommer deras antal.<\/span><\/p>\n<h3><span id=\"gts_text_37\" class=\"gts_text\">Andra giraff fakta och Information<\/span><\/h3>\n<p><span id=\"gts_text_38\" class=\"gts_text\">Giraffen beh\u00f6ver mycket lite s\u00f6mn &#8211; bara cirka tv\u00e5 timmar om dagen, med mycket kort handlingsplanerna mellan. <\/span><span id=\"gts_text_39\" class=\"gts_text\">Giraffer verkar mycket tyst, men de g\u00f6r i sj\u00e4lva verket en m\u00e4ngd olika ljud &#8211; hosta, grunt (s\u00e5ng), bleats, visselpipor- och mycket mer ljud som \u00e4r f\u00f6r l\u00e5gt f\u00f6r oss att h\u00f6ra.<\/span><\/p>\n<p><span id=\"gts_text_40\" class=\"gts_text\">Forskare s\u00e4tta giraffer i en familj av d\u00e4ggdjur som kallas <span style=\"font-style: italic;\">Giraffdjur<\/span>. <\/span><span id=\"gts_text_41\" class=\"gts_text\">Det finns bara tv\u00e5 typer av Giraffdjur lever idag, Giraffen sj\u00e4lv och Okapi (ett vackert utseende djur och de enda d\u00e4ggdjur som kan slicka sina egna \u00f6ron). <\/span><span id=\"gts_text_42\" class=\"gts_text\">Giraffdjur \u00e4r i sin tur idisslare, vilka i sin tur i den &#8220;ordning&#8221; som kallas <span style=\"font-style: italic;\">Artiodactyla<\/span>eller &#8220;<a title=\"Even-toed ungulate\" href=\"http:\/\/www.big-animals.com\/even-toed-ungulate\/\">\u00e4ven-r\u00e4ttning hovdjur<\/a>&#8220;.<\/span><\/p>\n<p><span id=\"gts_text_43\" class=\"gts_text\">Giraffer \u00e4r<\/span><\/p>\n<ul>\n<li><span id=\"gts_text_44\" class=\"gts_text\">V\u00e4rldens st\u00f6rsta Girrafids &#8211; det vill s\u00e4ga de \u00e4r st\u00f6rre \u00e4n Okapis<\/span><\/li>\n<li><span id=\"gts_text_45\" class=\"gts_text\">V\u00e4rldens st\u00f6rsta idisslare &#8211; det vill s\u00e4ga den st\u00f6rsta bland de n\u00e4stan 200 typerna av djur som tuggar deras cud<\/span><\/li>\n<li><span id=\"gts_text_46\" class=\"gts_text\">V\u00e4rldens h\u00f6gsta n\u00e4stan 230 typer av &#8220;\u00e4ven-r\u00e4ttning hovdjur&#8221;- men inte det tyngsta, eftersom en <a title=\"Hippopotamus\" href=\"http:\/\/www.big-animals.com\/hippopotamus\/\">flodh\u00e4st<\/a> v\u00e4ger ungef\u00e4r samma som en giraff<\/span><\/li>\n<li><span id=\"gts_text_47\" class=\"gts_text\">V\u00e4rldens h\u00f6gsta 5400 typer av <a href=\"\/Mammals.html\">d\u00e4ggdjur<\/a><\/span><\/li>\n<\/ul>\n<p><span id=\"gts_text_48\" class=\"gts_text\">som \u00e4r v\u00e4rldens h\u00f6gsta levande <a href=\"\/Animals.html\">djur<\/a>.<\/span><\/p>\n<p><span id=\"gts_text_49\" class=\"gts_text\">N\u00e4r en giraff vill k\u00f6ra, kan den k\u00f6ra mycket snabbt. <\/span><span id=\"gts_text_50\" class=\"gts_text\">Tack vare sin l\u00e5nga ben, kan den n\u00e5 hastigheter p\u00e5 35\/tim (55 km\/h). <\/span><span id=\"gts_text_51\" class=\"gts_text\">De flesta fyrbenta djur, kommer att n\u00e4r de k\u00f6r, flytta fr\u00e4mre h\u00f6ger och tillbaka v\u00e4nster ben fram\u00e5t tillsammans, och sedan fr\u00e4mre v\u00e4nster och tillbaka h\u00f6ger ben. <\/span><span id=\"gts_text_52\" class=\"gts_text\">Om Giraffen provat det, kan man resa \u00f6ver! <\/span><span id=\"gts_text_53\" class=\"gts_text\">S\u00e5 i st\u00e4llet flyttas b\u00e5da dess v\u00e4nstra ben fram\u00e5t, d\u00e5 b\u00e5de sitt h\u00f6gra ben &#8211; ta steg upp till 15 meter (5 meter) l\u00e5ng.<\/span><\/p>\n<div style=\"text-align: center;\">\n<figure id=\"attachment_1078\" aria-describedby=\"caption-attachment-1078\" style=\"width: 475px\" class=\"wp-caption aligncenter\"><a href=\"http:\/\/www.big-animals.com\/wp-content\/uploads\/2008\/12\/GiraffeHead.jpg\"><img loading=\"lazy\" decoding=\"async\" class=\"size-large wp-image-1078   \" title=\"This Giraffe Photograph is by Michigan Photographer Cody Hough\" src=\"http:\/\/www.big-animals.com\/wp-content\/uploads\/2008\/12\/GiraffeHead-791x1024.jpg\" alt=\"This Giraffe Photograph is by Michigan Photographer Cody Hough\" width=\"475\" height=\"614\" \/><\/a><figcaption id=\"caption-attachment-1078\" class=\"wp-caption-text\">This Giraffe Photograph is by Michigan Photographer Cody Hough<\/figcaption><\/figure>\n<\/div>\n","protected":false},"excerpt":{"rendered":"<p>Giraffen \u00e4r v\u00e4rldens h\u00f6gsta levande djur &#8211; en manlig giraff v\u00e4xer upp till 16-18 meter h\u00f6gt (4.9-5,5 meter). Det h\u00f6gsta n\u00e5gonsin giraff var 19,2 meter h\u00f6g! Forskarna kallar giraff giraffa camelopardus. Ordet &#8220;Giraff&#8221; kommer fr\u00e5n det arabiska ordet f\u00f6r &#8220;h\u00f6g&#8221;. I olden times kallades Giraffen ett &#8220;Camel-leopard&#8221;, eftersom det hade fl\u00e4ckar lite som en leopard, &hellip; <a href=\"https:\/\/www.big-animals.com\/sv\/the-giraffe-the-worlds-tallest-animal\/\" class=\"more-link\">Continue reading <span class=\"screen-reader-text\">Giraffen &#8211; v\u00e4rldens h\u00f6gsta djur!<\/span><\/a><\/p>\n","protected":false},"author":1,"featured_media":0,"parent":0,"menu_order":0,"comment_status":"closed","ping_status":"open","template":"","meta":{"_acf_changed":false,"footnotes":""},"acf":[],"_links":{"self":[{"href":"https:\/\/www.big-animals.com\/sv\/wp-json\/wp\/v2\/pages\/70"}],"collection":[{"href":"https:\/\/www.big-animals.com\/sv\/wp-json\/wp\/v2\/pages"}],"about":[{"href":"https:\/\/www.big-animals.com\/sv\/wp-json\/wp\/v2\/types\/page"}],"author":[{"embeddable":true,"href":"https:\/\/www.big-animals.com\/sv\/wp-json\/wp\/v2\/users\/1"}],"replies":[{"embeddable":true,"href":"https:\/\/www.big-animals.com\/sv\/wp-json\/wp\/v2\/comments?post=70"}],"version-history":[{"count":0,"href":"https:\/\/www.big-animals.com\/sv\/wp-json\/wp\/v2\/pages\/70\/revisions"}],"wp:attachment":[{"href":"https:\/\/www.big-animals.com\/sv\/wp-json\/wp\/v2\/media?parent=70"}],"curies":[{"name":"wp","href":"https:\/\/api.w.org\/{rel}","templated":true}]}}