{"id":71,"date":"2011-05-09T11:34:07","date_gmt":"2011-05-09T11:34:07","guid":{"rendered":""},"modified":"2011-05-09T11:34:07","modified_gmt":"2011-05-09T11:34:07","slug":"the-japanese-spider-crab-the-worlds-biggest-arthropod","status":"publish","type":"page","link":"https:\/\/www.big-animals.com\/sv\/the-japanese-spider-crab-the-worlds-biggest-arthropod\/","title":{"rendered":"Japansk spindelkrabba"},"content":{"rendered":"<h3><span id=\"gts_text_1\" class=\"gts_text\">Vad \u00e4r japansk spindelkrabba?<\/span><\/h3>\n<p><span id=\"gts_text_2\" class=\"gts_text\">V\u00e4rldens st\u00f6rsta <a href=\"\/Arthropods.html\">leddjur<\/a> \u00e4r japansk spindelkrabba.<\/span> <span id=\"gts_text_3\" class=\"gts_text\">De kallas spindelkrabba eftersom deras l\u00e5nga tunna Ben g\u00f6ra dem ser ut som spindlar!<\/span> <span id=\"gts_text_4\" class=\"gts_text\">Du kan se en bild av en h\u00e4r.<\/span><\/p>\n<div style=\"text-align: center;\"><img decoding=\"async\" style=\"width: 500px; height: 405px;\" src=\"http:\/\/ba.dr-mikes-maths.com\/\/wp-content\/themes\/twentyten\/images\/ba\/japanese-spider-crab-in-singapore.jpg\" alt=\"Japansk spindelkrabba i Singapore undervattensv\u00e4rld Sentosa \u00f6n\" class=\" gts_attribute gts_attribute_1_alt\" \/><br \/>\n<span style=\"font-weight: bold;\"><span id=\"gts_text_5\" class=\"gts_text\">Japansk spindelkrabba \u00e4r v\u00e4rldens st\u00f6rsta <a href=\"\/Crustaceans.html\">kr\u00e4ftdjur<\/a> och leddjur.<\/span> <span id=\"gts_text_6\" class=\"gts_text\">Detta foto togs vid Singapore undervattensv\u00e4rld Sentosa \u00f6n<\/span><\/span><\/div>\n<p><span id=\"gts_text_7\" class=\"gts_text\">Japansk spindelkrabba kan v\u00e4ga upp till 20 kg (44 lb) och n\u00e4r helt utstr\u00e4ckt, kan m\u00e4ta 4 meter (13 meter) fr\u00e5n spetsen p\u00e5 ett ben till andra!<\/span> <span id=\"gts_text_8\" class=\"gts_text\">Deras kropp \u00e4r liten j\u00e4mf\u00f6rt med benen, men kan \u00e4nd\u00e5 n\u00e5 60 cm (2 meter).<\/span> <span id=\"gts_text_9\" class=\"gts_text\">De har 10 Ben &#8211; fr\u00e4mre tv\u00e5 benen anv\u00e4nds som klor f\u00f6r utfodring.<\/span> <span id=\"gts_text_10\" class=\"gts_text\">\u00c4ven om det \u00e4r v\u00e4rldens st\u00f6rsta <a href=\"\/Crustaceans.html\">kr\u00e4ftdjur<\/a>, det \u00e4r inte v\u00e4rldens tyngsta &#8211; <a href=\"\/American-Lobster.html\">Amerikansk hummer<\/a> v\u00e4ger mer.<\/span><\/p>\n<h3><span id=\"gts_text_11\" class=\"gts_text\">D\u00e4r g\u00f6r japansk spindelkrabba Live?<\/span><\/h3>\n<p><span id=\"gts_text_12\" class=\"gts_text\">Japansk spindelkrabba finns i Stilla havet runt Japan.<\/span> <span id=\"gts_text_13\" class=\"gts_text\">De tillbringar st\u00f6rre delen av tiden lever under vatten &#8211; de kan leva i vatten lika djupa som 200-300 m (220-330 meter).\u00a0De<\/span> <span id=\"gts_text_14\" class=\"gts_text\">kan leva upp till 100 \u00e5r.<\/span> <span id=\"gts_text_15\" class=\"gts_text\">De har orange organ med vita fl\u00e4ckar p\u00e5 sina tunna ben.<\/span> <span id=\"gts_text_16\" class=\"gts_text\">Deras \u00f6gon \u00e4r bel\u00e4gna p\u00e5 framsidan och tv\u00e5 thorns sticka ut dem emellan.<\/span> <span id=\"gts_text_17\" class=\"gts_text\">Under v\u00e5ren l\u00e4gger de \u00e4gg i vatten s\u00e5 ytligt som 50 m (165 meter).<\/span> <span id=\"gts_text_18\" class=\"gts_text\">De \u00e4ter v\u00e4xter, alger och sm\u00e5fisk.<\/span> <span id=\"gts_text_19\" class=\"gts_text\">Deras l\u00e5nga ben hj\u00e4lpa dem att snabbt f\u00e5nga sitt byte.<\/span><\/p>\n<h3><span id=\"gts_text_20\" class=\"gts_text\">Vad \u00e4r en spindelkrabba?<\/span><\/h3>\n<p><span id=\"gts_text_21\" class=\"gts_text\">Det finns cirka 700 typer av spindelkrabba i v\u00e4rlden &#8211; de har skal med en punkt vid fronten, och har ofta l\u00e5nga ben.<\/span> <span id=\"gts_text_22\" class=\"gts_text\">Dessa \u00e4r omkring 10% av de vet Crab &#8211; forskarna kallar dem<\/span> <span style=\"font-style: italic;\"><span id=\"gts_text_23\" class=\"gts_text\">Brachyura<\/span><\/span><span id=\"gts_text_24\" class=\"gts_text\">, vilket betyder &quot;kort stj\u00e4rt&quot;.<\/span> <span id=\"gts_text_25\" class=\"gts_text\">Krabbor \u00e4r kr\u00e4ftdjur med endast en kort svans eller ingen alls.<\/span> <span id=\"gts_text_26\" class=\"gts_text\">Krabbor grupperas tillsammans med hummer och r\u00e4kor i en grupp som kallas<\/span> <span style=\"font-style: italic;\"><span id=\"gts_text_27\" class=\"gts_text\">Decapods<\/span><\/span> <span id=\"gts_text_28\" class=\"gts_text\">(tio meter), och sedan igen i en st\u00f6rre grupp av kr\u00e4ftdjur med cirka 22000 arter.<\/span> <span id=\"gts_text_29\" class=\"gts_text\">\u00d6verraskande, detta st\u00f6rre grupper namn)<\/span><span style=\"font-style: italic;\"><span id=\"gts_text_30\" class=\"gts_text\">Malacostrata<\/span><\/span><span id=\"gts_text_31\" class=\"gts_text\">) betyder &quot;soft shell&quot;!<\/span> <span id=\"gts_text_32\" class=\"gts_text\">Malacostrata \u00e4r kr\u00e4ftdjur, och kr\u00e4ftdjur grupperas tillsammans med spindlar, insekter, tusenfotingar och scorpions till en stam kallas den<\/span> <span style=\"font-style: italic;\"><span id=\"gts_text_33\" class=\"gts_text\">Leddjur<\/span><\/span><span id=\"gts_text_34\" class=\"gts_text\">.<\/span><\/p>\n<p><span id=\"gts_text_35\" class=\"gts_text\">Japansk spindelkrabba, som \u00e4r v\u00e4rldens st\u00f6rsta leddjur, allts\u00e5 \u00e4ven<\/span><\/p>\n<ul>\n<li><span id=\"gts_text_36\" class=\"gts_text\">V\u00e4rldens st\u00f6rsta <a href=\"\/Crustaceans.html\">kr\u00e4ftdjur<\/a>,<\/span><\/li>\n<li><span id=\"gts_text_37\" class=\"gts_text\">V\u00e4rldens st\u00f6rsta Malacostrata,<\/span><\/li>\n<li><span id=\"gts_text_38\" class=\"gts_text\">V\u00e4rldens st\u00f6rsta Decapod,<\/span><\/li>\n<li><span id=\"gts_text_39\" class=\"gts_text\">V\u00e4rldens st\u00f6rsta och tyngsta krabba, och<\/span><\/li>\n<li><span id=\"gts_text_40\" class=\"gts_text\">V\u00e4rldens st\u00f6rsta och tyngsta spindelkrabba<\/span><\/li>\n<\/ul>\n<p><span id=\"gts_text_41\" class=\"gts_text\">Det \u00e4r inte den tyngsta leddjur, kr\u00e4ft- eller Decapod &#8211; att \u00e4ra g\u00e5r till Ther\u00e9s amerikansk hummer, som v\u00e4ger tyngre \u00e4n japansk spindelkrabba av 2 kg (4,5 lb).<\/span><\/p>\n<h3><span id=\"gts_text_42\" class=\"gts_text\">Japanska Spider krabbor och m\u00e4nniskor.<\/span><\/h3>\n<p><span id=\"gts_text_43\" class=\"gts_text\">M\u00e4nniskor \u00e4ter japansk Spider krabbor.<\/span> <span id=\"gts_text_44\" class=\"gts_text\">De anses en delikatess i olika delar av Japan, d\u00e4r det \u00e4r saltade och \u00e5ngas.<\/span> <span id=\"gts_text_45\" class=\"gts_text\">Tyv\u00e4rr i vissa delar, m\u00e4nniskor har f\u00e5ngats f\u00f6r m\u00e5nga, och numren av japanska Spider krabbor sl\u00e4ppa.<\/span> <span id=\"gts_text_46\" class=\"gts_text\">Nu finns det vissa anstr\u00e4ngningar att skydda japansk spindelkrabba s\u00e5 det inte d\u00f6 ut helt &#8211; fiskare \u00e4r till exempel inte till\u00e5tet att f\u00e5nga dem under v\u00e5ren, n\u00e4r de l\u00e4gger sina \u00e4gg.<\/span> <span id=\"gts_text_47\" class=\"gts_text\">Japanska Spider krabbor \u00e4r mycket mild, och \u00e4r popul\u00e4ra i stora akvarier.<\/span><\/p>\n","protected":false},"excerpt":{"rendered":"<p>Vad \u00e4r japansk spindelkrabba? V\u00e4rldens st\u00f6rsta leddjur \u00e4r japansk spindelkrabba. De kallas spindelkrabba eftersom deras l\u00e5nga tunna Ben g\u00f6ra dem ser ut som spindlar! Du kan se en bild av en h\u00e4r. Japansk spindelkrabba \u00e4r v\u00e4rldens st\u00f6rsta kr\u00e4ftdjur och leddjur. Detta foto togs vid Singapore undervattensv\u00e4rld Sentosa \u00f6n Japansk spindelkrabba kan v\u00e4ga upp till 20 &hellip; <a href=\"https:\/\/www.big-animals.com\/sv\/the-japanese-spider-crab-the-worlds-biggest-arthropod\/\" class=\"more-link\">Continue reading <span class=\"screen-reader-text\">Japansk spindelkrabba<\/span><\/a><\/p>\n","protected":false},"author":1,"featured_media":0,"parent":0,"menu_order":0,"comment_status":"closed","ping_status":"open","template":"","meta":{"_acf_changed":false,"footnotes":""},"acf":[],"_links":{"self":[{"href":"https:\/\/www.big-animals.com\/sv\/wp-json\/wp\/v2\/pages\/71"}],"collection":[{"href":"https:\/\/www.big-animals.com\/sv\/wp-json\/wp\/v2\/pages"}],"about":[{"href":"https:\/\/www.big-animals.com\/sv\/wp-json\/wp\/v2\/types\/page"}],"author":[{"embeddable":true,"href":"https:\/\/www.big-animals.com\/sv\/wp-json\/wp\/v2\/users\/1"}],"replies":[{"embeddable":true,"href":"https:\/\/www.big-animals.com\/sv\/wp-json\/wp\/v2\/comments?post=71"}],"version-history":[{"count":0,"href":"https:\/\/www.big-animals.com\/sv\/wp-json\/wp\/v2\/pages\/71\/revisions"}],"wp:attachment":[{"href":"https:\/\/www.big-animals.com\/sv\/wp-json\/wp\/v2\/media?parent=71"}],"curies":[{"name":"wp","href":"https:\/\/api.w.org\/{rel}","templated":true}]}}