{"id":78,"date":"2011-05-09T11:36:48","date_gmt":"2011-05-09T11:36:48","guid":{"rendered":""},"modified":"2011-05-09T11:36:48","modified_gmt":"2011-05-09T11:36:48","slug":"den-varldens-storsta-kraftdjur","status":"publish","type":"page","link":"https:\/\/www.big-animals.com\/sv\/den-varldens-storsta-kraftdjur\/","title":{"rendered":"V\u00e4rldens st\u00f6rsta kr\u00e4ftdjur!"},"content":{"rendered":"<h3><span id=\"gts_text_1\" class=\"gts_text\">Vad \u00e4r kr\u00e4ftdjur?<\/span><\/h3>\n<p><span id=\"gts_text_2\" class=\"gts_text\">Ordet &#8220;Skaldjur&#8221; kanske l\u00e5ter som ett l\u00e5ngt ord till dig, men denna grupp av djur som inneh\u00e5ller vissa mycket bekant som. <\/span><span id=\"gts_text_3\" class=\"gts_text\">Krabbor, hummer, kr\u00e4ftor, r\u00e4kor och rankfotingar \u00e4r alla kr\u00e4ftdjur. <\/span><span id=\"gts_text_4\" class=\"gts_text\">Kr\u00e4ftdjur som alla h\u00f6r till en st\u00f6rre grupp av djur, kallas <a href=\"\/Arthropods.html\"><span style=\"font-style: italic;\">leddjur<\/span><\/a>, som ocks\u00e5 inkluderar insekter, spindlar och scorpions.<\/span><\/p>\n<h3><span id=\"gts_text_5\" class=\"gts_text\">D\u00e4r bor kr\u00e4ftdjur?<\/span><\/h3>\n<p><span id=\"gts_text_6\" class=\"gts_text\">De flesta av dem lever i havet eller f\u00e4rskt vatten. <\/span><span id=\"gts_text_7\" class=\"gts_text\">N\u00e5gra av dem \u00e4r kunna leva p\u00e5 mark, som eremit krabbor som vissa personer h\u00e5lla som s\u00e4llskapsdjur i ett akvarium! <\/span><span id=\"gts_text_8\" class=\"gts_text\">Kr\u00e4ftdjur har ett h\u00e5rt skal att skydda sig fr\u00e5n sin fiende. <\/span><span id=\"gts_text_9\" class=\"gts_text\">Deras kropp \u00e4r vanligen uppdelad i tv\u00e5 delar, ett huvud och en buk. <\/span><span id=\"gts_text_10\" class=\"gts_text\">De antenner som de anv\u00e4nder f\u00f6r att k\u00e4nna v\u00e4rlden omkring dem, att hitta mat eller undvika faran. <\/span><span id=\"gts_text_11\" class=\"gts_text\">Buken inneh\u00e5ller hj\u00e4rtat, digestive system och reproduktiva systemet. <\/span><span id=\"gts_text_12\" class=\"gts_text\">De har starka ben f\u00f6r genoms\u00f6kning och simning. <\/span><span id=\"gts_text_13\" class=\"gts_text\">M\u00e5nga kr\u00e4ftdjur anv\u00e4nder sina klor som hj\u00e4lper dem att \u00e4ta.<\/span><\/p>\n<h3><span id=\"gts_text_14\" class=\"gts_text\">Vilka typer av kr\u00e4ftdjur finns det?<\/span><\/h3>\n<p><span style=\"width: 400px; float: right; text-align: center;\"> <img decoding=\"async\" src=\"http:\/\/ba.dr-mikes-maths.com\/\/wp-content\/themes\/twentyten\/images\/ba\/japanese-spider-crab.jpg\" alt=\"japanese spider crab\" \/><br \/>\n<span id=\"gts_text_15\" class=\"gts_text\"><strong><a href=\"\/Japanese-Spider-Crab.html\">Japansk spindelkrabba<\/a> \u00e4r v\u00e4rldens st\u00f6rsta kr\u00e4ftdjur, och i sj\u00e4lva verket till v\u00e4rldens st\u00f6rsta leddjur<\/strong> <\/span><\/span><br \/>\n<span id=\"gts_text_16\" class=\"gts_text\">Forskare gruppen kr\u00e4ftdjur i grupper, som de kallar &#8220;klasser&#8221;. <\/span><span id=\"gts_text_17\" class=\"gts_text\">Dessa \u00e4r<\/span><\/p>\n<ul>\n<li><span id=\"gts_text_18\" class=\"gts_text\">Det finns cirka 900 typer av <span style=\"font-style: italic;\">Branchiopods<\/span>. <\/span><span id=\"gts_text_19\" class=\"gts_text\">Dessa brukar vara ganska sm\u00e5 &#8211; de ser ut som sm\u00e5 r\u00e4kor. <\/span><span id=\"gts_text_20\" class=\"gts_text\">De kan \u00f6verleva i milj\u00f6er d\u00e4r andra djur kan inte, s\u00e5som en n\u00e4stan torkade ut sj\u00f6. <\/span><span id=\"gts_text_21\" class=\"gts_text\">De ber\u00f6mda &#8220;havet-Monkeys&#8221; som h\u00e5lls som husdjur \u00e4r Branchiopods.<\/span><\/li>\n<li><span id=\"gts_text_22\" class=\"gts_text\">De 17 Remipedes \u00e4r blinda, och tillbringar sin tid som simmar upp och ned p\u00e5 ryggen p\u00e5 botten av havet. <\/span><span id=\"gts_text_23\" class=\"gts_text\">De har en mycket komplicerad huvud, med en l\u00e5ng b\u00e5l och huggt\u00e4nder. <\/span><span id=\"gts_text_24\" class=\"gts_text\">Mycket lite \u00e4r k\u00e4nt om dem.<\/span><\/li>\n<li><span id=\"gts_text_25\" class=\"gts_text\">Horseshoe r\u00e4kor \u00e4r sm\u00e5 varelser som lever i leran p\u00e5 havsbotten. <\/span><span id=\"gts_text_26\" class=\"gts_text\">De \u00e4ter av sitter fortfarande och whooshing vatten och lera i munnen, hoppas att n\u00e5got smaskiga kommer att tv\u00e4ttas i. <\/span><span id=\"gts_text_27\" class=\"gts_text\">Forskarna kallar dem <span style=\"font-style: italic;\">Cephalocarida<\/span>.<\/span><\/li>\n<li><span id=\"gts_text_28\" class=\"gts_text\"><span style=\"font-style: italic;\">Maxillopods<\/span> har en liten kropp och ben j\u00e4mf\u00f6rt med sitt huvud. <\/span><span id=\"gts_text_29\" class=\"gts_text\">Den mest extrema \u00e4r rankfotingar, som h\u00e5lla sig permanent bekv\u00e4mt under vattenytan ytor.<\/span><\/li>\n<li><span id=\"gts_text_30\" class=\"gts_text\">Det finns 13000 levande arter av uts\u00e4de r\u00e4ka. <\/span><span id=\"gts_text_31\" class=\"gts_text\">Dessa sm\u00e5 kr\u00e4ftdjur som utg\u00f6r del av det vi kallar Plankton, \u00e4r s\u00e5 viktig f\u00f6da f\u00f6r m\u00e5nga havslevande djur. <\/span><span id=\"gts_text_32\" class=\"gts_text\">Andra leve i, eller i havsbottnen eller ens i fuktiga skogar jord!<\/span><\/li>\n<li><span id=\"gts_text_33\" class=\"gts_text\">Den sista gruppen (forskare kallar dem <span> stil = &#8220;font-style: kursiv.&#8221;&#038;gt; Storkr\u00e4ftor<\/span>) inneh\u00e5ller alla de mest v\u00e4lbekanta (och alla de st\u00f6rsta) kr\u00e4ftdjur. <\/span><span id=\"gts_text_34\" class=\"gts_text\">Det finns<\/span>\n<ul>\n<li><span id=\"gts_text_35\" class=\"gts_text\">Den lilla <span style=\"font-style: italic;\">Leptostraca<\/span> (namnet betyder &#8220;tunna skal&#8221;) lever i hela v\u00e4rldens oceaner.<\/span><\/li>\n<li><span id=\"gts_text_36\" class=\"gts_text\">Mantis r\u00e4kor \u00e4r inte r\u00e4kor, men ser ut som dem. <\/span><span id=\"gts_text_37\" class=\"gts_text\">Det finns cirka 400 olika arter, den st\u00f6rsta kan v\u00e4xa \u00f6ver en fot l\u00e5ng (30 cm). <\/span><span id=\"gts_text_38\" class=\"gts_text\">De har mycket m\u00e4ktiga klor, och kallas ibland &#8220;tumme splitters&#8221; eller &#8220;r\u00e4kor m\u00f6rdare&#8221;.<\/span><\/li>\n<li><span id=\"gts_text_39\" class=\"gts_text\">Woodlice, pillbugs, krabbor, hummer, r\u00e4kor och r\u00e4kor som alla h\u00f6r till den tredje och sista underklassen till Storkr\u00e4ftor. <\/span><span id=\"gts_text_40\" class=\"gts_text\">M\u00e5nga av dessa \u00e4ts av m\u00e4nniskor. <\/span><span id=\"gts_text_41\" class=\"gts_text\">Alla de st\u00f6rsta kr\u00e4ftdjur h\u00f6r till denna grupp.<\/span><\/li>\n<\/ul>\n<\/li>\n<\/ul>\n<h3><span id=\"gts_text_42\" class=\"gts_text\">Vad \u00e4r v\u00e4rldens st\u00f6rsta kr\u00e4ft?<\/span><\/h3>\n<p><span id=\"gts_text_43\" class=\"gts_text\">V\u00e4rldens st\u00f6rsta kr\u00e4ftdjuret \u00e4r <a href=\"\/Japanese-Spider-Crab.html\">japansk spindelkrabba<\/a>. <\/span><span id=\"gts_text_44\" class=\"gts_text\">Den kan v\u00e4ga upp till 20 kg (45 lb). <\/span><span id=\"gts_text_45\" class=\"gts_text\">Om det str\u00e4cker ut sina ben, kan de n\u00e5 upp till 4 meter (13) fr\u00e5n tips till tips!<span style=\"font-style: italic;\"> <\/span><\/span><span id=\"gts_text_46\" class=\"gts_text\"><span style=\"font-style: italic;\"><\/span>Det har f\u00e5tt sitt namn eftersom dess l\u00e5nga ben p\u00e5minna om en enorm spindel.<\/span><\/p>\n<p><span id=\"gts_text_47\" class=\"gts_text\">\u00c5 andra sidan, krabba <a href=\"\/American-Lobster.html\">Amerikansk hummer<\/a> (men mindre) v\u00e4ger mer \u00e4n japanska spider. <\/span><span id=\"gts_text_48\" class=\"gts_text\">Det kan i bulk upp till v\u00e4ger upp till 22 kg (48 lb) och \u00e5tg\u00e4rd n\u00e4stan 1,2 meter (1,3 meter).<\/span><\/p>\n<p><span id=\"gts_text_49\" class=\"gts_text\">B\u00e5de japansk spindelkrabba och amerikansk hummer lever i havet.\u00a0<a href=\"\/Coconut-Crab.html\">The Coconut krabba<\/a>, <em>Birgus latro<\/em>, \u00e4r inte bara det st\u00f6rsta mark-levande kr\u00e4ftdjuret, det \u00e4r den st\u00f6rsta mark leddjur och den st\u00f6rsta mark ryggradsl\u00f6sa djur av alla! <\/span><span id=\"gts_text_50\" class=\"gts_text\">Den har en kropp som m\u00e4ter upp till 40 cm l\u00e5nga (16 tum) och v\u00e4ger upp till 4 kg (8,8 lb). <\/span><span id=\"gts_text_51\" class=\"gts_text\">Dess ben kan str\u00e4cka sig \u00f6ver 1 m (39 tum). <\/span><span id=\"gts_text_52\" class=\"gts_text\">Det har f\u00e5tt sitt namn fr\u00e5n sin favoritmat.<\/span><\/p>\n<p><span id=\"gts_text_53\" class=\"gts_text\">Det st\u00f6rsta s\u00f6tvatten kr\u00e4ftdjuret \u00e4r j\u00e4tte Fairy r\u00e4kor, <span style=\"font-style: italic;\">Branchinecta gigas<\/span> som har en kroppsl\u00e4ngd av 15 cm (6 tum). <\/span><span id=\"gts_text_54\" class=\"gts_text\">Den st\u00f6rsta Vitkindad \u00e4r den Giant Acorn Barnacle, <em>Balanus nubilis<\/em>, n\u00e5r 7 cm (2,8) i diameter och 12,7 cm (5) h\u00f6g. <\/span><span id=\"gts_text_55\" class=\"gts_text\">Den st\u00f6rsta kr\u00e4ftdjur som stannar i en grotta \u00e4r art <span style=\"font-style: italic;\">Godzillius robustus. <\/span> <\/span><span id=\"gts_text_56\" class=\"gts_text\">Det \u00e4r 4,5 cm i l\u00e4ngd.<\/span><\/p>\n","protected":false},"excerpt":{"rendered":"<p>Vad \u00e4r kr\u00e4ftdjur? Ordet &#8220;Skaldjur&#8221; kanske l\u00e5ter som ett l\u00e5ngt ord till dig, men denna grupp av djur som inneh\u00e5ller vissa mycket bekant som. Krabbor, hummer, kr\u00e4ftor, r\u00e4kor och rankfotingar \u00e4r alla kr\u00e4ftdjur. Kr\u00e4ftdjur som alla h\u00f6r till en st\u00f6rre grupp av djur, kallas leddjur, som ocks\u00e5 inkluderar insekter, spindlar och scorpions. D\u00e4r bor kr\u00e4ftdjur? &hellip; <a href=\"https:\/\/www.big-animals.com\/sv\/den-varldens-storsta-kraftdjur\/\" class=\"more-link\">Continue reading <span class=\"screen-reader-text\">V\u00e4rldens st\u00f6rsta kr\u00e4ftdjur!<\/span><\/a><\/p>\n","protected":false},"author":1,"featured_media":0,"parent":0,"menu_order":0,"comment_status":"closed","ping_status":"open","template":"","meta":{"_acf_changed":false,"footnotes":""},"acf":[],"_links":{"self":[{"href":"https:\/\/www.big-animals.com\/sv\/wp-json\/wp\/v2\/pages\/78"}],"collection":[{"href":"https:\/\/www.big-animals.com\/sv\/wp-json\/wp\/v2\/pages"}],"about":[{"href":"https:\/\/www.big-animals.com\/sv\/wp-json\/wp\/v2\/types\/page"}],"author":[{"embeddable":true,"href":"https:\/\/www.big-animals.com\/sv\/wp-json\/wp\/v2\/users\/1"}],"replies":[{"embeddable":true,"href":"https:\/\/www.big-animals.com\/sv\/wp-json\/wp\/v2\/comments?post=78"}],"version-history":[{"count":0,"href":"https:\/\/www.big-animals.com\/sv\/wp-json\/wp\/v2\/pages\/78\/revisions"}],"wp:attachment":[{"href":"https:\/\/www.big-animals.com\/sv\/wp-json\/wp\/v2\/media?parent=78"}],"curies":[{"name":"wp","href":"https:\/\/api.w.org\/{rel}","templated":true}]}}