{"id":80,"date":"2011-05-09T11:37:21","date_gmt":"2011-05-09T11:37:21","guid":{"rendered":""},"modified":"2011-05-09T11:37:21","modified_gmt":"2011-05-09T11:37:21","slug":"den-varldens-storsta-blotdjur","status":"publish","type":"page","link":"https:\/\/www.big-animals.com\/sv\/den-varldens-storsta-blotdjur\/","title":{"rendered":"V\u00e4rldens st\u00f6rsta bl\u00f6tdjur!"},"content":{"rendered":"<h3><span id=\"gts_text_1\" class=\"gts_text\">Vad \u00e4r bl\u00f6tdjur<\/span><\/h3>\n<p><span id=\"gts_text_2\" class=\"gts_text\">Bl\u00f6tdjur \u00e4r <a href=\"\/Animals.html\">djur<\/a>. <\/span><span id=\"gts_text_3\" class=\"gts_text\">Det finns cirka 93,000 k\u00e4nda arter av bl\u00f6tdjur. <\/span><span id=\"gts_text_4\" class=\"gts_text\">Det finns bl\u00f6tdjur som lever i havet, s\u00f6tvatten och p\u00e5 marken.\u00a0Inte <\/span><span id=\"gts_text_5\" class=\"gts_text\">bara bor bl\u00f6tdjur p\u00e5 m\u00e5nga olika platser, \u00e4ven finns i m\u00e5nga olika storlekar och former och beter sig p\u00e5 m\u00e5nga olika s\u00e4tt. <\/span><span id=\"gts_text_6\" class=\"gts_text\">De \u00e4r indelade i tio klasser, varav tv\u00e5 har d\u00f6tt ut.<\/span><\/p>\n<p><span id=\"gts_text_7\" class=\"gts_text\">V\u00e4rldens st\u00f6rsta mollusk \u00e4r <a title=\"Colossal Squid\" href=\"http:\/\/www.big-animals.com\/colossal-squid\/\">Kolossala bl\u00e4ckfisk<\/a>, som uppt\u00e4cktes nyligen. <\/span><span id=\"gts_text_8\" class=\"gts_text\">Innan m\u00e4nniskor om de j\u00e4ttebl\u00e4ckfiskar var v\u00e4rldens st\u00f6rsta mollusk.<\/span><\/p>\n<h3><span id=\"gts_text_9\" class=\"gts_text\">Vilka typer av bl\u00f6tdjur \u00e4r det?<\/span><\/h3>\n<p><span id=\"gts_text_10\" class=\"gts_text\">Den st\u00f6rsta gruppen av bl\u00f6tdjur \u00e4r <span style=\"font-style: italic;\">sn\u00e4ckor<\/span>och sniglar och sn\u00e4ckor. <\/span><span id=\"gts_text_11\" class=\"gts_text\">Vissa sniglar och sn\u00e4ckor lever p\u00e5 land, i havet eller i s\u00f6tvatten. <\/span><span id=\"gts_text_12\" class=\"gts_text\">Den h\u00e4r klassen st\u00e5r f\u00f6r 80% av de totala mollusk arterna. <\/span><span id=\"gts_text_13\" class=\"gts_text\">Medlemmar i den n\u00e4sta st\u00f6rsta gruppen kallas <span style=\"font-style: italic;\">bl\u00e4ckfisk<\/span>och inneh\u00e5ller kummelfil\u00e9, bl\u00e4ckfiskar och sepiabl\u00e4ckfisk. <\/span><span id=\"gts_text_14\" class=\"gts_text\">V\u00e4rldens st\u00f6rsta mollusk \u00e4r en bl\u00e4ckfisk, den <a title=\"Colossal Squid\" href=\"http:\/\/www.big-animals.com\/colossal-squid\/\">Kolossala bl\u00e4ckfisk<\/a>, som faktiskt \u00e4r den st\u00f6rsta k\u00e4nda ryggradsl\u00f6sa djur. <\/span><span id=\"gts_text_15\" class=\"gts_text\">Det kan bli upp till om 39-46 fot eller 12-14 meter. <\/span><span id=\"gts_text_16\" class=\"gts_text\">Detta \u00e4r l\u00e4ngre \u00e4n en skolbuss!\u00a0F\u00f6r det tredje finns det musslor, inklusive musslor, ostron, kammusslor och musslor. <\/span><span id=\"gts_text_17\" class=\"gts_text\">Alla g\u00f6r smaskiga r\u00e4tterna! <\/span><span id=\"gts_text_18\" class=\"gts_text\">Vissa andra klasser av bl\u00f6tdjur \u00e4r &#8220;tusk shells&#8221;, som har en l\u00e5ng b\u00f6jd skal, Chitons, vars skal bilda flera plattor, liksom en kostym av rustning. <\/span><span id=\"gts_text_19\" class=\"gts_text\">Det finns ocks\u00e5 Monoplacophores, som uppt\u00e4cktes endast 1952 och Caudofauveata och Aplacophores, d\u00e4r begrava sj\u00e4lva i leran p\u00e5 botten av sj\u00f6ar och hav.<\/span><\/p>\n<h3><span id=\"gts_text_20\" class=\"gts_text\">Vad anv\u00e4nder vi bl\u00f6tdjur f\u00f6r?<\/span><\/h3>\n<p><span id=\"gts_text_21\" class=\"gts_text\">Bortsett fr\u00e5n att \u00e4ta dem, f\u00e5r vi ocks\u00e5 v\u00e4rdefulla lyxartiklar fr\u00e5n vissa bl\u00f6tdjur, s\u00e5som p\u00e4rlor, royal purple f\u00e4rg\u00e4mne (som \u00e4r mycket dyra) och havet silke som anv\u00e4nds till att producera fina silk duk. <\/span><span id=\"gts_text_22\" class=\"gts_text\">Deras har anv\u00e4nts som en pengar p\u00e5 vissa platser i f\u00f6rflutna. <\/span><span id=\"gts_text_23\" class=\"gts_text\">\u00c5 andra sidan vissa bl\u00f6tdjur ocks\u00e5 ett skadedjur f\u00f6r oss. <\/span><span id=\"gts_text_24\" class=\"gts_text\">Sniglar och sn\u00e4ckor attackera gr\u00f6nsaker. <\/span><span id=\"gts_text_25\" class=\"gts_text\">En bit fr\u00e5n den bl\u00e5-ringat bl\u00e4ckfisken eller en kon-skal kan d\u00f6da dig om du inte f\u00e5r p\u00e5 sjukhus!<\/span><\/p>\n<h3><span id=\"gts_text_26\" class=\"gts_text\">En Mollusk mul<\/span><\/h3>\n<p><span id=\"gts_text_27\" class=\"gts_text\">Det finns en muskul\u00f6s fot enligt en mollusk kropp. <\/span><span id=\"gts_text_28\" class=\"gts_text\">Olika bl\u00f6tdjur anv\u00e4nder denna fot f\u00f6r olika saker. <\/span><span id=\"gts_text_29\" class=\"gts_text\">En snigel eller instruktionsomr\u00e5den flyttas sakta p\u00e5 sin fot. <\/span><span id=\"gts_text_30\" class=\"gts_text\">Det g\u00f6mmer slem att hj\u00e4lpa den att h\u00e5lla sig till ytan och bild tillsammans. <\/span><span id=\"gts_text_31\" class=\"gts_text\">En snigel klarar av att g\u00e5 \u00f6ver ett rakblad utan att f\u00e5 minska!\u00a0I musslor som musslor anv\u00e4nds foten f\u00f6r burrowing i sediment. <\/span><span id=\"gts_text_32\" class=\"gts_text\">Den st\u00f6rsta clam i v\u00e4rlden \u00e4r geoduck. <\/span><span id=\"gts_text_33\" class=\"gts_text\">Bl\u00e4ckfisk, foten anv\u00e4nds f\u00f6r jet propulsion och tentakler och vapen ing\u00e5r faktiskt i sin fot.\u00a0De driver sig sj\u00e4lva genom att mata ut vatten fr\u00e5n deras kropp. <\/span><span id=\"gts_text_34\" class=\"gts_text\">Till exempel bl\u00e4ckfisken matar ut vatten fr\u00e5n en h\u00e5lighet i kroppen. <\/span><span id=\"gts_text_35\" class=\"gts_text\">Pilgrimsmussla ocks\u00e5 k\u00e4nner ett liknande samma trick och kan jet sj\u00e4lv tillsammans med kl\u00e4mmor dess skal pl\u00f6tsligt st\u00e4ngs om och om igen!<\/span><\/p>\n<p><span id=\"gts_text_36\" class=\"gts_text\">De flesta bl\u00f6tdjur har endast ett par g\u00e4lar, eller ens endast en gill som den andas. <\/span><span id=\"gts_text_37\" class=\"gts_text\">Gill ser gitarrspel. <\/span><span id=\"gts_text_38\" class=\"gts_text\">M\u00e5nga av dem har muskul\u00f6s munnen med tungor och t\u00e4nder. <\/span><span id=\"gts_text_39\" class=\"gts_text\">T\u00e4nderna anv\u00e4nds f\u00f6r att skrapa bakterier och alger av stenar.<\/span><\/p>\n","protected":false},"excerpt":{"rendered":"<p>Vad \u00e4r bl\u00f6tdjur Bl\u00f6tdjur \u00e4r djur. Det finns cirka 93,000 k\u00e4nda arter av bl\u00f6tdjur. Det finns bl\u00f6tdjur som lever i havet, s\u00f6tvatten och p\u00e5 marken.\u00a0Inte bara bor bl\u00f6tdjur p\u00e5 m\u00e5nga olika platser, \u00e4ven finns i m\u00e5nga olika storlekar och former och beter sig p\u00e5 m\u00e5nga olika s\u00e4tt. De \u00e4r indelade i tio klasser, varav tv\u00e5 &hellip; <a href=\"https:\/\/www.big-animals.com\/sv\/den-varldens-storsta-blotdjur\/\" class=\"more-link\">Continue reading <span class=\"screen-reader-text\">V\u00e4rldens st\u00f6rsta bl\u00f6tdjur!<\/span><\/a><\/p>\n","protected":false},"author":1,"featured_media":0,"parent":0,"menu_order":0,"comment_status":"closed","ping_status":"open","template":"","meta":{"_acf_changed":false,"footnotes":""},"acf":[],"_links":{"self":[{"href":"https:\/\/www.big-animals.com\/sv\/wp-json\/wp\/v2\/pages\/80"}],"collection":[{"href":"https:\/\/www.big-animals.com\/sv\/wp-json\/wp\/v2\/pages"}],"about":[{"href":"https:\/\/www.big-animals.com\/sv\/wp-json\/wp\/v2\/types\/page"}],"author":[{"embeddable":true,"href":"https:\/\/www.big-animals.com\/sv\/wp-json\/wp\/v2\/users\/1"}],"replies":[{"embeddable":true,"href":"https:\/\/www.big-animals.com\/sv\/wp-json\/wp\/v2\/comments?post=80"}],"version-history":[{"count":0,"href":"https:\/\/www.big-animals.com\/sv\/wp-json\/wp\/v2\/pages\/80\/revisions"}],"wp:attachment":[{"href":"https:\/\/www.big-animals.com\/sv\/wp-json\/wp\/v2\/media?parent=80"}],"curies":[{"name":"wp","href":"https:\/\/api.w.org\/{rel}","templated":true}]}}