{"id":9,"date":"2011-05-09T08:56:51","date_gmt":"2011-05-09T08:56:51","guid":{"rendered":""},"modified":"2011-05-09T08:56:51","modified_gmt":"2011-05-09T08:56:51","slug":"the-blue-whale-the-biggest-animal-there-ever-was","status":"publish","type":"page","link":"https:\/\/www.big-animals.com\/sv\/the-blue-whale-the-biggest-animal-there-ever-was\/","title":{"rendered":"Bl\u00e5val &#8211; det st\u00f6rsta djuret n\u00e5gonsin var!"},"content":{"rendered":"<p><span id=\"gts_text_1\" class=\"gts_text\"><strong> <\/strong><\/span><\/p>\n<figure id=\"attachment_1051\" aria-describedby=\"caption-attachment-1051\" style=\"width: 259px\" class=\"wp-caption alignleft\"><strong><strong><a href=\"http:\/\/www.big-animals.com\/wp-content\/uploads\/2008\/04\/BlueWhaleFromAbove.jpg\"><img loading=\"lazy\" decoding=\"async\" class=\"size-large wp-image-1051\" title=\"The Blue Whale Is The Largest Animal Ever\" src=\"http:\/\/www.big-animals.com\/wp-content\/uploads\/2008\/04\/BlueWhaleFromAbove-259x1024.jpg\" alt=\"The Blue Whale Is The Largest Animal Ever\" width=\"259\" height=\"1024\" \/><\/a><\/strong><\/strong><figcaption id=\"caption-attachment-1051\" class=\"wp-caption-text\">The Blue Whale Is The Largest Animal Ever<\/figcaption><\/figure>\n<p><span id=\"gts_text_2\" class=\"gts_text\"><strong>Bl\u00e5val storlek:<\/strong> \u00c4nnu st\u00f6rre \u00e4n den st\u00f6rsta dinosaurien, blue whale v\u00e4xer med ca 30 meter (cirka 100 meter). <\/span><span id=\"gts_text_3\" class=\"gts_text\">De tros v\u00e4ga 180000 kg (n\u00e4stan 400000 pund) &#8211; ungef\u00e4r samma som en Boeing 747-400 redo f\u00f6r start &#8211; men v\u00e4ger ett stort djur \u00e4r mycket sv\u00e5rt att g\u00f6ra. <\/span><span id=\"gts_text_4\" class=\"gts_text\">De flesta m\u00e4tningarna gjordes under den eran n\u00e4r de var jagade &#8211; j\u00e4gare skulle sk\u00e4ra the whale upp i bitar och v\u00e4ga varje separat. <\/span><span id=\"gts_text_5\" class=\"gts_text\">Detta ger alltid en mindre \u00e4n sant siffra f\u00f6r sin vikt.<\/span><\/p>\n<p><span id=\"gts_text_6\" class=\"gts_text\"><strong>Blue Whale fantastiska fakta:<\/strong> Sitt modersm\u00e5l \u00e4r lika stor som en elefant &#8211; bred och tillr\u00e4ckligt l\u00e4nge f\u00f6r 50 personer att st\u00e5 p\u00e5! <\/span><span id=\"gts_text_7\" class=\"gts_text\">Det \u00e4r hj\u00e4rtat \u00e4r storleken p\u00e5 en liten bil. <\/span><span id=\"gts_text_8\" class=\"gts_text\">\u00c4ven vid f\u00f6dseln v\u00e4ga de n\u00e4stan s\u00e5 mycket som 20 vuxna m\u00e4nniskor!<\/span><\/p>\n<p><span id=\"gts_text_9\" class=\"gts_text\"><strong>Bl\u00e5val Information:<\/strong> Blue whale \u00e4r en typ av barder whale &#8211; barder valar inte har t\u00e4nder i deras \u00f6verk\u00e4ken, i st\u00e4llet har de en <em>barder<\/em> &#8211; n\u00e5got liknande en kam &#8211; som de anv\u00e4nder f\u00f6r att filtrera sina livsmedel fr\u00e5n vattnet. <\/span><span id=\"gts_text_10\" class=\"gts_text\">De \u00e4r i sj\u00e4lva verket fenvalar, vilka liksom en barder, har mycket flexibla veck i huden som l\u00f6per fr\u00e5n deras mun till deras navel. <\/span><span id=\"gts_text_11\" class=\"gts_text\">Detta g\u00f6r det m\u00f6jligt f\u00f6r dem att \u00f6ppna munnen mycket brett och ta i massiva m\u00e4ngder mat med varje gulp.<\/span><\/p>\n<p><span id=\"gts_text_12\" class=\"gts_text\">Eftersom bl\u00e5 valar barder valar, f\u00f6ljer h\u00e4rav att som \u00e4r v\u00e4rldens st\u00f6rsta <a href=\"\/Animals.html\">djuret<\/a>,<\/span><\/p>\n<ul>\n<li> <span id=\"gts_text_13\" class=\"gts_text\">V\u00e4rldens st\u00f6rsta fenvalar \u00e4r Bl\u00e5val,<\/span><\/li>\n<li> <span id=\"gts_text_14\" class=\"gts_text\">V\u00e4rldens st\u00f6rsta barder Whale \u00e4r Bl\u00e5val,<\/span><\/li>\n<li> <span id=\"gts_text_15\" class=\"gts_text\">V\u00e4rldens st\u00f6rsta <a title=\"Cetaceans\" href=\"http:\/\/www.big-animals.com\/cetaceans\/\">valar<\/a> \u00e4r Blue Whale (valar inkludera valar, tumlare och delfiner),<\/span><\/li>\n<li> <span id=\"gts_text_16\" class=\"gts_text\">V\u00e4rldens st\u00f6rsta <a href=\"\/Mammals.html\">d\u00e4ggdjur<\/a> \u00e4r Bl\u00e5val, och<\/span><\/li>\n<li> <span id=\"gts_text_17\" class=\"gts_text\">V\u00e4rldens st\u00f6rsta <a href=\"\/Vertebrates.html\">ryggradsdjur<\/a> \u00e4r Bl\u00e5val.<\/span><\/li>\n<\/ul>\n<p><span id=\"gts_text_18\" class=\"gts_text\">Det vetenskapliga namnet f\u00f6r Bl\u00e5val \u00e4r <em>Balaenoptera mosculus<\/em>. <\/span><span id=\"gts_text_19\" class=\"gts_text\"><em>Balaenoptera<\/em> medel &#8220;bevingade whale&#8221; (ordet <em>Optera<\/em> betyder <em>vingar<\/em> p\u00e5 Latin). <\/span><span id=\"gts_text_20\" class=\"gts_text\">De har inte verkligen vingar! <\/span><span id=\"gts_text_21\" class=\"gts_text\">De har dock mycket stor sida fenor. <\/span><span id=\"gts_text_22\" class=\"gts_text\">Hur \u00e4r det med <em>mosculus<\/em>? <\/span><span id=\"gts_text_23\" class=\"gts_text\">Det \u00e4r Latin f\u00f6r &#8220;muskul\u00f6s&#8221;, och ocks\u00e5 f\u00f6r &#8220;mus&#8221; &#8211; Ja, det st\u00f6rsta djuret kallades n\u00e5gonsin <em>mus whale<\/em>, som ett sk\u00e4mt av den vetenskapsman som heter det!<\/span><\/p>\n<p><span id=\"gts_text_24\" class=\"gts_text\"><strong>Bl\u00e5val livsmilj\u00f6:<\/strong> Hela havet \u00e4r deras hem. <\/span><span id=\"gts_text_25\" class=\"gts_text\">Observera att valar \u00e4r d\u00e4ggdjur, inte fisk! <\/span><span id=\"gts_text_26\" class=\"gts_text\">S\u00e5 de andas luft precis som vi, och ge mj\u00f6lk till sitt barn semester &#8211; cirka 400 liter (100 gallons) varje dag. <\/span><span id=\"gts_text_27\" class=\"gts_text\">Bl\u00e5val, liksom alla valar, m\u00e5ste komma till ytan regelbundet att andas. <\/span><span id=\"gts_text_28\" class=\"gts_text\">De kan h\u00e5lla sina andetag f\u00f6r ungef\u00e4r en halvtimme, men de simma aldrig l\u00e5ngt ifr\u00e5n ytan. <\/span><span id=\"gts_text_29\" class=\"gts_text\">I det sena 1800- och tidiga 1900-talet (fram till 1970-talet) utnyttjade m\u00e4n detta att jaga dessa valar. <\/span><span id=\"gts_text_30\" class=\"gts_text\">Det uppskattas att det nu finns det bara omkring 5000 till 12000 bl\u00e5 valar i hela v\u00e4rlden. <\/span><span id=\"gts_text_31\" class=\"gts_text\">Innan jakten b\u00f6rjade fanns det mer \u00e4n 100 g\u00e5nger detta nummer. <\/span><span id=\"gts_text_32\" class=\"gts_text\">\u00c4ven nu, k\u00e4mpar valarna. <\/span><span id=\"gts_text_33\" class=\"gts_text\">En g\u00e5ng kunde en val h\u00f6ra en v\u00e4n ringer fr\u00e5n s\u00e5 l\u00e5ngt som den motsatta sidan av v\u00e4rlden. <\/span><span id=\"gts_text_34\" class=\"gts_text\">Nu moderna fartyg har gjort oceanen bullriga rum, och det blir noiser och noiser varje \u00e5r. <\/span><span id=\"gts_text_35\" class=\"gts_text\">Detta g\u00f6r det sv\u00e5rare och sv\u00e5rare f\u00f6r valar att umg\u00e5s, och kan d\u00e4rf\u00f6r sin befolkning inte har g\u00e5tt upp mycket eftersom jakt stoppas.<\/span><\/p>\n<p><span id=\"gts_text_36\" class=\"gts_text\"><strong> <\/strong><\/span><\/p>\n<figure id=\"attachment_1052\" aria-describedby=\"caption-attachment-1052\" style=\"width: 300px\" class=\"wp-caption alignright\"><strong><strong><a href=\"http:\/\/www.big-animals.com\/wp-content\/uploads\/2008\/04\/BlueWhaleSkeleton.jpg\"><img loading=\"lazy\" decoding=\"async\" class=\"size-medium wp-image-1052\" title=\"Blue Whale Skeleton in Santa Cruz\" src=\"http:\/\/www.big-animals.com\/wp-content\/uploads\/2008\/04\/BlueWhaleSkeleton-300x225.jpg\" alt=\"Blue Whale Skeleton in Santa Cruz\" width=\"300\" height=\"225\" \/><\/a><\/strong><\/strong><figcaption id=\"caption-attachment-1052\" class=\"wp-caption-text\">Blue Whale Skeleton in Santa Cruz<\/figcaption><\/figure>\n<p><span id=\"gts_text_37\" class=\"gts_text\"><strong>Bl\u00e5val kost:<\/strong> Bl\u00e5 valar, trots att de \u00e4r s\u00e5 stora, \u00e4ter i sj\u00e4lva verket mycket sm\u00e5 r\u00e4kor-liknande djur, kallas Krill. <\/span><span id=\"gts_text_38\" class=\"gts_text\">Dessa brukar v\u00e4xa till ungef\u00e4r 1 eller 2 cm l\u00e5ng. <\/span><span id=\"gts_text_39\" class=\"gts_text\">Uppenbarligen m\u00e5ste en Bl\u00e5val \u00e4ta v\u00e4ldigt m\u00e5nga lysr\u00e4kor varje dag f\u00f6r att \u00f6verleva! <\/span><span id=\"gts_text_40\" class=\"gts_text\">Detta sker genom att simma till en plats med m\u00e5nga m\u00e5nga krill, med en stor gulp vatten och sedan skjuta vatten ut ur sin mun genom barder. <\/span><span id=\"gts_text_41\" class=\"gts_text\">Lysr\u00e4kor \u00e4r f\u00e5ngade i sin mun, och sedan f\u00f6rt\u00e4ring.<\/span><\/p>\n<p><span id=\"gts_text_42\" class=\"gts_text\">Bl\u00e5 valar kan simma med hastigheter p\u00e5 upp till 50 km\/h (30 mph), men normalt kryssning p\u00e5 mindre \u00e4n h\u00e4lften som. <\/span><span id=\"gts_text_43\" class=\"gts_text\">N\u00e4r de \u00e4ter, simma de mycket l\u00e5ngsamt endast ca 5 km\/h (3 mph). <\/span><span id=\"gts_text_44\" class=\"gts_text\">De lever normalt ensamma eller i par, och man tror de kan leva upp till 80 \u00e5r.<\/span><\/p>\n<p><span id=\"gts_text_45\" class=\"gts_text\"><strong>Bl\u00e5val bilder:<\/strong> Det \u00e4r sv\u00e5rt att f\u00e5 fotografier av bl\u00e5 valar, eftersom de \u00e4r extremt s\u00e4llsynta varelser. <\/span><span id=\"gts_text_46\" class=\"gts_text\">Skelettet i fotografiet ovan \u00e4r visas p\u00e5 en marina forskningscentrum i California, en mil eller s\u00e5 fr\u00e5n d\u00e4r Bl\u00e5val spolades iland. <\/span><span id=\"gts_text_47\" class=\"gts_text\">Du kan \u00e4ven se skelett i satellitbilder &#8211; se nedan och j\u00e4mf\u00f6ra storleken p\u00e5 skelettet med de n\u00e4rliggande parkerad bilarna!<\/span><\/p>\n<p style=\"text-align: center;\"><span id=\"gts_text_48\" class=\"gts_text\">[map:http:\/\/maps.google.com\/?ie=UTF8 &amp; ll = 36.949179,-122.065393 &amp; spn = 0.000967, 0.001591 &amp; t = h &amp; z = 20]<\/span><\/p>\n","protected":false},"excerpt":{"rendered":"<p>Bl\u00e5val storlek: \u00c4nnu st\u00f6rre \u00e4n den st\u00f6rsta dinosaurien, blue whale v\u00e4xer med ca 30 meter (cirka 100 meter). De tros v\u00e4ga 180000 kg (n\u00e4stan 400000 pund) &#8211; ungef\u00e4r samma som en Boeing 747-400 redo f\u00f6r start &#8211; men v\u00e4ger ett stort djur \u00e4r mycket sv\u00e5rt att g\u00f6ra. De flesta m\u00e4tningarna gjordes under den eran n\u00e4r &hellip; <a href=\"https:\/\/www.big-animals.com\/sv\/the-blue-whale-the-biggest-animal-there-ever-was\/\" class=\"more-link\">Continue reading <span class=\"screen-reader-text\">Bl\u00e5val &#8211; det st\u00f6rsta djuret n\u00e5gonsin var!<\/span><\/a><\/p>\n","protected":false},"author":1,"featured_media":0,"parent":0,"menu_order":0,"comment_status":"closed","ping_status":"open","template":"","meta":{"_acf_changed":false,"footnotes":""},"acf":[],"_links":{"self":[{"href":"https:\/\/www.big-animals.com\/sv\/wp-json\/wp\/v2\/pages\/9"}],"collection":[{"href":"https:\/\/www.big-animals.com\/sv\/wp-json\/wp\/v2\/pages"}],"about":[{"href":"https:\/\/www.big-animals.com\/sv\/wp-json\/wp\/v2\/types\/page"}],"author":[{"embeddable":true,"href":"https:\/\/www.big-animals.com\/sv\/wp-json\/wp\/v2\/users\/1"}],"replies":[{"embeddable":true,"href":"https:\/\/www.big-animals.com\/sv\/wp-json\/wp\/v2\/comments?post=9"}],"version-history":[{"count":0,"href":"https:\/\/www.big-animals.com\/sv\/wp-json\/wp\/v2\/pages\/9\/revisions"}],"wp:attachment":[{"href":"https:\/\/www.big-animals.com\/sv\/wp-json\/wp\/v2\/media?parent=9"}],"curies":[{"name":"wp","href":"https:\/\/api.w.org\/{rel}","templated":true}]}}