{"id":90,"date":"2011-06-04T03:34:51","date_gmt":"2011-06-04T03:34:51","guid":{"rendered":""},"modified":"2011-06-04T03:34:51","modified_gmt":"2011-06-04T03:34:51","slug":"anthropornis","status":"publish","type":"page","link":"https:\/\/www.big-animals.com\/sv\/anthropornis\/","title":{"rendered":"Anthropornis"},"content":{"rendered":"<p><span id=\"gts_text_1\" class=\"gts_text\">Anthropornis \u00e4r en grupp av j\u00e4tten <a title=\"Penguins\" href=\"http:\/\/www.big-animals.com\/penguins\/\">pingviner<\/a> som levde m\u00e5nga m\u00e5nga \u00e5r sedan. <\/span><span id=\"gts_text_2\" class=\"gts_text\">De var ca 1,7 m (5 ft 7I) h\u00f6jd och v\u00e4gde 90 kg (200 lb), vilket g\u00f6r dem den st\u00f6rsta k\u00e4nt n\u00e5gonsin! <\/span><span id=\"gts_text_3\" class=\"gts_text\">Deras fossil hittades p\u00e5 Seymour Island utanf\u00f6r kusten i Antarktis och i Nya Zeeland. <\/span><span id=\"gts_text_4\" class=\"gts_text\">De var s\u00e5 h\u00f6gt som vissa vuxna m\u00e4nniskor, n\u00e4mligen deras namn (Anthropornis) betyder &#8220;mannen-bird&#8221;.<\/span><\/p>\n<p><figure id=\"attachment_1234\" aria-describedby=\"caption-attachment-1234\" style=\"width: 300px\" class=\"wp-caption aligncenter\"><figcaption id=\"caption-attachment-1234\" class=\"wp-caption-text\">Anthropornis and Human - Adapted from a sketch by Wikimedia user &#038;quot;Philip72&#038;quot;<\/figcaption><\/figure><a href=\"http:\/\/www.big-animals.com\/wp-content\/uploads\/2011\/06\/Anthropornis_and_Human.png\"><img loading=\"lazy\" decoding=\"async\" class=\"size-medium wp-image-1234\" title=\"Anthropornis and Human - Adapted from a sketch by Wikimedia user &#038;quot;Philip72&#038;quot;\" src=\"http:\/\/www.big-animals.com\/wp-content\/uploads\/2011\/06\/Anthropornis_and_Human-300x259.png\" alt=\"Anthropornis and Human - Adapted from a sketch by Wikimedia user &#038;quot;Philip72&#038;quot;\" width=\"300\" height=\"259\" \/><span id=\"gts_text_5\" class=\"gts_text\"><\/span><\/p>\n","protected":false},"excerpt":{"rendered":"<p>Anthropornis \u00e4r en grupp av j\u00e4tten pingviner som levde m\u00e5nga m\u00e5nga \u00e5r sedan. De var ca 1,7 m (5 ft 7I) h\u00f6jd och v\u00e4gde 90 kg (200 lb), vilket g\u00f6r dem den st\u00f6rsta k\u00e4nt n\u00e5gonsin! Deras fossil hittades p\u00e5 Seymour Island utanf\u00f6r kusten i Antarktis och i Nya Zeeland. De var s\u00e5 h\u00f6gt som vissa &hellip; <a href=\"https:\/\/www.big-animals.com\/sv\/anthropornis\/\" class=\"more-link\">Continue reading <span class=\"screen-reader-text\">Anthropornis<\/span><\/a><\/p>\n","protected":false},"author":1,"featured_media":0,"parent":0,"menu_order":0,"comment_status":"closed","ping_status":"open","template":"","meta":{"_acf_changed":false,"footnotes":""},"acf":[],"_links":{"self":[{"href":"https:\/\/www.big-animals.com\/sv\/wp-json\/wp\/v2\/pages\/90"}],"collection":[{"href":"https:\/\/www.big-animals.com\/sv\/wp-json\/wp\/v2\/pages"}],"about":[{"href":"https:\/\/www.big-animals.com\/sv\/wp-json\/wp\/v2\/types\/page"}],"author":[{"embeddable":true,"href":"https:\/\/www.big-animals.com\/sv\/wp-json\/wp\/v2\/users\/1"}],"replies":[{"embeddable":true,"href":"https:\/\/www.big-animals.com\/sv\/wp-json\/wp\/v2\/comments?post=90"}],"version-history":[{"count":0,"href":"https:\/\/www.big-animals.com\/sv\/wp-json\/wp\/v2\/pages\/90\/revisions"}],"wp:attachment":[{"href":"https:\/\/www.big-animals.com\/sv\/wp-json\/wp\/v2\/media?parent=90"}],"curies":[{"name":"wp","href":"https:\/\/api.w.org\/{rel}","templated":true}]}}