{"id":91,"date":"2011-06-05T08:21:04","date_gmt":"2011-06-05T08:21:04","guid":{"rendered":""},"modified":"2011-06-05T08:21:04","modified_gmt":"2011-06-05T08:21:04","slug":"papegojor","status":"publish","type":"page","link":"https:\/\/www.big-animals.com\/sv\/papegojor\/","title":{"rendered":"Papegojor"},"content":{"rendered":"<p><html><head><\/head><body><span id=\"gts_text_1\" class=\"gts_text\">Det finns cirka 372 arter av papegojor i v\u00e4rlden.<\/span> <span id=\"gts_text_2\" class=\"gts_text\">De flesta papegojor som f\u00f6rekommer i tropiska och subtropiska regioner inklusive Australien och \u00f6ar i Stilla havet, s\u00f6dra Asien, syd\u00f6stra Asien, Sydamerika, Afrika och de s\u00f6dra regionerna i Nordamerika.<\/span> <span id=\"gts_text_3\" class=\"gts_text\">De \u00e4r mycket intelligenta f\u00e5glar och de g\u00f6r bra husdjur.<\/span> <span id=\"gts_text_4\" class=\"gts_text\">De flesta papegojor \u00e4r trogna partner.<\/span> <\/p>\n<p><span id=\"gts_text_5\" class=\"gts_text\"><a title=\"Hyacinth Macaw\" href=\"http:\/\/www.big-animals.com\/hyacinth-macaw\/\" class=\" gts_attribute gts_attribute_4_title\">Hyacinth Ara<\/a> \u00e4r v\u00e4rldens st\u00f6rsta flygande papegoja, och \u00e4ven v\u00e4rldens l\u00e4ngsta papegoja.<\/span> <span id=\"gts_text_6\" class=\"gts_text\">Den kan v\u00e4xa upp till en meter (40 cm) l\u00e5ng och v\u00e4ger mellan 1.2-1.7 kg (2.6-3.7 lb).<\/span> <span id=\"gts_text_7\" class=\"gts_text\">V\u00e4rldens tyngsta papegojan \u00e4r dock <a title=\"Kakapo\" href=\"http:\/\/www.big-animals.com\/kakapo\/\" class=\" gts_attribute gts_attribute_5_title\">Kakapo<\/a> fr\u00e5n Nya Zeeland, som kan v\u00e4ga upp till 3,5 kg (7.7 lb).<\/span> <span id=\"gts_text_8\" class=\"gts_text\">B\u00e5de Hyacinth Macaw och kakapoer \u00e4r hotade.<\/span> <span id=\"gts_text_9\" class=\"gts_text\">Kakapoer \u00e4r akut hotad &#8211; det finns bara cirka 100 av dessa f\u00e5glar kvar i hela v\u00e4rlden.<\/span><\/p>\n<p><span id=\"gts_text_10\" class=\"gts_text\">De har en stark kraftigt b\u00f6jd n\u00e4bb och kraftiga starka elaka f\u00f6tter.<\/span> <span id=\"gts_text_11\" class=\"gts_text\">De flesta papegojor ska kunna anv\u00e4nda sina f\u00f6tter som hanterar livsmedel och andra objekt, precis som anv\u00e4nder vi v\u00e5ra h\u00e4nder.<\/span> <span id=\"gts_text_12\" class=\"gts_text\">Om en vuxen papegojan \u00e4r v\u00e4nster-rosan\u00e4bbad eller h\u00f6ger-Rosan\u00e4bbad beror p\u00e5 vilka arter av papegojan.<\/span> <span id=\"gts_text_13\" class=\"gts_text\">En v\u00e4nster-Rosan\u00e4bbad papegojor f\u00f6redrar att anv\u00e4nda sin v\u00e4nstra fot, och en h\u00f6ger-rosan\u00e4bbad papegoja f\u00f6redrar att anv\u00e4nda sin r\u00e4tt.<\/span> <span id=\"gts_text_14\" class=\"gts_text\">De anv\u00e4nder ofta sina r\u00e4kningar f\u00f6r kl\u00e4ttring av grepp p\u00e5 tr\u00e4det filialer.<\/span> <span id=\"gts_text_15\" class=\"gts_text\">De tenderar att g\u00e5 med en rullande r\u00f6relse.<\/span><\/p>\n<figure id=\"attachment_1242\" aria-describedby=\"caption-attachment-1242\" style=\"width: 280px\" class=\"wp-caption alignright\"><a href=\"http:\/\/www.big-animals.com\/wp-content\/uploads\/2011\/06\/Scarlet_Chested_Parrot.jpg\"><img loading=\"lazy\" decoding=\"async\" class=\"size-medium wp-image-1242 gts_attribute gts_attribute_1_alt gts_attribute_6_title\" title=\"Liksom de flesta papegojor, \u00e4r Scarlet-Chested papegojan ljust f\u00e4rgad\" src=\"http:\/\/www.big-animals.com\/wp-content\/uploads\/2011\/06\/Scarlet_Chested_Parrot-280x300.jpg\" alt=\"Liksom de flesta papegojor, \u00e4r Scarlet-Chested papegojan ljust f\u00e4rgad\" width=\"280\" height=\"300\" \/><\/a><figcaption id=\"caption-attachment-1242\" class=\"wp-caption-text\">Like most parrots, the Scarlet-Chested Parrot is brightly colored<\/figcaption><\/figure>\n<p><span id=\"gts_text_16\" class=\"gts_text\">M\u00e5nga papegojor \u00e4r ljust f\u00e4rgade och vissa \u00e4r mycket vacker med flerf\u00e4rgade fj\u00e4drar.<\/span> <span id=\"gts_text_17\" class=\"gts_text\">Ett typiskt exempel \u00e4r den Scarlet-Chested v\u00e4rldspopulationen.\u00a0De manliga Scarlet-Chested v\u00e4rldspopulationen \u00e4r gr\u00f6n p\u00e5 de \u00f6vre fj\u00e4drarna med en ljus bl\u00e5 huvud och ljusa scarlet br\u00f6stet med gula magen.<\/span> <span id=\"gts_text_18\" class=\"gts_text\">Honan \u00e4r gr\u00f6n i \u00f6vre delen av fj\u00e4drar och gula nedanf\u00f6r, med bl\u00e5 ansikte och bl\u00e5 vingar.<\/span><\/p>\n<p><span id=\"gts_text_19\" class=\"gts_text\">Papegojor \u00e4ter fr\u00f6n, n\u00f6tter, frukt, knoppar, nektar, pollen och ibland djur som sniglar.<\/span> <span id=\"gts_text_20\" class=\"gts_text\">Golden-Winged Parakeets \u00e4ter till exempel vatten sniglar.<\/span> <span id=\"gts_text_21\" class=\"gts_text\">Papegojor \u00e4r uts\u00e4de rovdjur, till skillnad fr\u00e5n flyghundar som uts\u00e4de sl\u00e4ckmedelsbeh\u00e5llare.<\/span> <span id=\"gts_text_22\" class=\"gts_text\">Detta beror p\u00e5 att de \u00e4ter fr\u00f6n i frukter, inte \u00e4ta frukt och sl\u00e4pp fr\u00f6n.<\/span> <span id=\"gts_text_23\" class=\"gts_text\">Papegojor \u00e4r att ta bort lagret av gift i fr\u00f6n om det finns n\u00e5gon.<\/span><\/p>\n<p><span id=\"gts_text_24\" class=\"gts_text\">Solf\u00e5glar och Lorikeets, h\u00e4ngande parrots och snabba papegojor \u00e4ter huvudsakligen nektar och pollen.<\/span> <span id=\"gts_text_25\" class=\"gts_text\">De har tungor med penselspetsar att samla nektar och pollen.<\/span><\/p>\n<p><span id=\"gts_text_26\" class=\"gts_text\">Bara munken v\u00e4rldspopulationen och fem arter av Agapornis Lovebirds bygga bon i tr\u00e4d.<\/span> <span id=\"gts_text_27\" class=\"gts_text\">Det finns tre Australien och Nya Zeeland marken papegojor boet p\u00e5 marken.<\/span> <span id=\"gts_text_28\" class=\"gts_text\">Alla andra papegojor och kakaduor h\u00e4ckar i tr\u00e4det h\u00e5lorna.<\/span> <span id=\"gts_text_29\" class=\"gts_text\">Vissa Anv\u00e4nd \u00e4ven termiter reden, s\u00e5 att de blir mindre m\u00e4rkbar f\u00f6r deras rovdjur!<\/span> <span id=\"gts_text_30\" class=\"gts_text\">De kommer ofta anv\u00e4nder pinnar, tr\u00e4sp\u00e5n och v\u00e4xter f\u00f6r att bygga sina bon.<\/span> <span id=\"gts_text_31\" class=\"gts_text\">St\u00f6rre arter av papegojor har problem med att hitta platser att bygga sina bon.<\/span> <span id=\"gts_text_32\" class=\"gts_text\">Som en f\u00f6ljd av det blir ibland det slagsm\u00e5l mellan dem eller med andra f\u00e5glar \u00f6ver bra bobygge fl\u00e4ckar.<\/span><\/p>\n<p><span id=\"gts_text_33\" class=\"gts_text\">Papegojor har vita \u00e4gg.<\/span> <span id=\"gts_text_34\" class=\"gts_text\">Normalt sett kommer att mamma h\u00e5lla sina \u00e4gg varma.<\/span> <span id=\"gts_text_35\" class=\"gts_text\">Men f\u00f6r kakaduor, den bl\u00e5 bergslori och Vernal h\u00e4ngande Parrot mamma och pappa kommer turas att h\u00e5lla sina \u00e4gg varma.<\/span> <span id=\"gts_text_36\" class=\"gts_text\">N\u00e4r ungarna kl\u00e4cks f\u00f6rst \u00e4r de hj\u00e4lpl\u00f6sa, featherless och blinda.<\/span> <span id=\"gts_text_37\" class=\"gts_text\">Ungarna stannar ca 3 veckor till fyra m\u00e5nader i Bon &#8211; tid beror p\u00e5 arten.<\/span> <span id=\"gts_text_38\" class=\"gts_text\">F\u00f6r\u00e4ldrarna turas om att hitta mat och att h\u00e5lla de sm\u00e5 ungarna varma.<\/span> <span id=\"gts_text_39\" class=\"gts_text\">N\u00e4r f\u00f6r\u00e4ldrarna inte i bon med ungarna, ormar och goannas kan f\u00f6rs\u00f6ka \u00e4ta dem.<\/span> <span id=\"gts_text_40\" class=\"gts_text\">F\u00f6r\u00e4ldrarna lagrar livsmedel f\u00f6r sina ungar i en s\u00e4ck i halsen.<\/span> <span id=\"gts_text_41\" class=\"gts_text\">S\u00e4ckens kallas <em>gr\u00f6da<\/em>.<\/span> <span id=\"gts_text_42\" class=\"gts_text\">N\u00e4r deras gr\u00f6dor \u00e4r fulla vet f\u00f6r\u00e4ldrarna \u00e4r det dags att \u00e5terv\u00e4nda till sina ungar.<\/span><\/p>\n<figure id=\"attachment_1243\" aria-describedby=\"caption-attachment-1243\" style=\"width: 300px\" class=\"wp-caption alignleft\"><a href=\"http:\/\/www.big-animals.com\/wp-content\/uploads\/2011\/06\/African_Grey_Parrot.jpg\"><img loading=\"lazy\" decoding=\"async\" class=\"size-medium wp-image-1243 gts_attribute gts_attribute_2_alt gts_attribute_7_title\" title=\"M\u00e5nga papegojor kan imitera ljud, men afrikansk gr\u00e5 papegojan \u00e4r mycket bra\" src=\"http:\/\/www.big-animals.com\/wp-content\/uploads\/2011\/06\/African_Grey_Parrot-300x192.jpg\" alt=\"M\u00e5nga papegojor kan imitera ljud, men afrikansk gr\u00e5 papegojan \u00e4r mycket bra\" width=\"300\" height=\"192\" \/><\/a><figcaption id=\"caption-attachment-1243\" class=\"wp-caption-text\">Many Parrots can imitate sounds, but the African Grey Parrot is very good<\/figcaption><\/figure>\n<p><span id=\"gts_text_43\" class=\"gts_text\">Papegojor \u00e4r de mest intelligenta f\u00e5glarna.<\/span> <span id=\"gts_text_44\" class=\"gts_text\">Det g\u00e5r att kopiera m\u00e4nniskans tal eller andra ljud.<\/span> <span id=\"gts_text_45\" class=\"gts_text\">Den afrikanska Grey papegojor har till exempel stor l\u00e4rande f\u00f6rm\u00e5ga.<\/span> <span id=\"gts_text_46\" class=\"gts_text\">Vilda afrikansk gr\u00e5 papegojor kommer att f\u00e5 kopiera ljudet av andra vilda f\u00e5glar.<\/span> <span id=\"gts_text_47\" class=\"gts_text\">Papegojor har inte vocal sladdar.<\/span> <span id=\"gts_text_48\" class=\"gts_text\">S\u00e5 ljudet framst\u00e4lls genom att \u00e4ndra djup och formen p\u00e5 deras windpipe.<\/span><\/p>\n<p><span id=\"gts_text_49\" class=\"gts_text\">Vissa papegojor som Kea kan \u00e4ven l\u00f6sa pussel om de l\u00e4rs hur.<\/span> <span id=\"gts_text_50\" class=\"gts_text\">Papegojor l\u00e4ra b\u00e4ttre n\u00e4r de tillhandah\u00e5lls med naturliga milj\u00f6 stimulering.<\/span> <span id=\"gts_text_51\" class=\"gts_text\">Till exempel om en inl\u00e5sta i burar f\u00e5gel i en djurpark eller en papegoja som h\u00e5lls som pet inte ges n\u00e5gon l\u00e4rande stimulans fr\u00e5n unga, kan de utveckla destruktiva beteende som plockning ut sina egna fj\u00e4drar.<\/span> <span id=\"gts_text_52\" class=\"gts_text\">Det beror p\u00e5 att de \u00e4r alltf\u00f6r uttr\u00e5kad och de beh\u00f6ver f\u00f6r att hitta n\u00e5got att g\u00f6ra.<\/span> <span id=\"gts_text_53\" class=\"gts_text\">Fr\u00e5nvaron av stimuli kan stoppa utvecklingen av unga papegojor.<\/span> <span id=\"gts_text_54\" class=\"gts_text\">Till exempel h\u00f6lls en grupp med Vasa papegojor i sm\u00e5 burar med kycklingar fr\u00e5n 3 m\u00e5nader gammal.<\/span> <span id=\"gts_text_55\" class=\"gts_text\">9 M\u00e5nader gamla som dessa papegojor fortfarande upptr\u00e4dde som om de \u00e4r 3 m\u00e5nader gammal och sorgligt att s\u00e4ga de upptr\u00e4tt mer kycklingar \u00e4n papegojor.<\/span><\/p>\n<figure id=\"attachment_1244\" aria-describedby=\"caption-attachment-1244\" style=\"width: 300px\" class=\"wp-caption alignright\"><a href=\"http:\/\/www.big-animals.com\/wp-content\/uploads\/2011\/06\/Rainbow_Lorikeets.jpg\"><img loading=\"lazy\" decoding=\"async\" class=\"size-medium wp-image-1244 gts_attribute gts_attribute_3_alt gts_attribute_8_title\" title=\"Rainbow Lorikeets \u00e4r ett skadedjur i Australien. Foto av Wikipedia-anv\u00e4ndare Nickj\" src=\"http:\/\/www.big-animals.com\/wp-content\/uploads\/2011\/06\/Rainbow_Lorikeets-300x217.jpg\" alt=\"Rainbow Lorikeets \u00e4r ett skadedjur i Australien. Foto av Wikipedia-anv\u00e4ndare Nickj\" width=\"300\" height=\"217\" \/><\/a><figcaption id=\"caption-attachment-1244\" class=\"wp-caption-text\">Rainbow Lorikeets are a pest in Australia. Photograph by Wikipedia user Nickj<\/figcaption><\/figure>\n<p><span id=\"gts_text_56\" class=\"gts_text\">Papegojor kan ge goda och onda m\u00e4nskligheten.<\/span> <span id=\"gts_text_57\" class=\"gts_text\">De kan vara en inkomstk\u00e4lla f\u00f6r s\u00e4llskapsdjur butiker och f\u00e5gel watching turism f\u00f6retag.<\/span> <span id=\"gts_text_58\" class=\"gts_text\">De skapar ocks\u00e5 specialiserade arbetstillf\u00e4llen som veterin\u00e4rer som streat endast f\u00e5glar och m\u00e4nniskor som f\u00f6der upp och s\u00e4lja papegojor.<\/span> <span id=\"gts_text_59\" class=\"gts_text\">\u00c5 andra sidan \u00e4r vissa papegojor g\u00e5rden skadeg\u00f6rare.<\/span> <span id=\"gts_text_60\" class=\"gts_text\">De \u00e4ter frukt p\u00e5 frukttr\u00e4d, spannm\u00e5l och andra gr\u00f6dor.<\/span> <span id=\"gts_text_61\" class=\"gts_text\">Rainbow bergslori \u00e4r exempelvis ett skadedjur i Australien.<\/span><\/p>\n<p><span id=\"gts_text_62\" class=\"gts_text\">Tyv\u00e4rr minskar m\u00e5nga papegojor arter.<\/span> <span id=\"gts_text_63\" class=\"gts_text\">Flera \u00e4r utd\u00f6d.<\/span> <span id=\"gts_text_64\" class=\"gts_text\">Grund av minskande beror p\u00e5 habitatf\u00f6rluster, olaglig jakt handeln med s\u00e4llskapsdjur, livsmedel och fj\u00e4drar.<\/span> <span id=\"gts_text_65\" class=\"gts_text\">En s\u00e4llsynt papegoja kan tj\u00e4na mycket pengar f\u00f6r en tjuvskytten, men n\u00e4r han f\u00e5ngster en papegojan blir \u00e4nnu ovanligare, och mer hotade.<\/span><\/p>\n<p><span id=\"gts_text_66\" class=\"gts_text\">Vissa stora papegojor arter som stora kakaduor, Amazons och papegojor kan leva under l\u00e5ng tid, upp till 80 \u00e5r gammal.<\/span> <span id=\"gts_text_67\" class=\"gts_text\">Dock sm\u00e5 papegojor som Lovebirds, h\u00e4ngande papegojor och undulater kan bara leva mellan 15-20 \u00e5r.<\/span><\/p>\n<p><span id=\"gts_text_68\" class=\"gts_text\">\u00a0<\/span><\/body><\/html><\/p>\n","protected":false},"excerpt":{"rendered":"<p><html><head><\/head><body><\/body><\/html><\/p>\n","protected":false},"author":1,"featured_media":0,"parent":0,"menu_order":0,"comment_status":"closed","ping_status":"open","template":"","meta":{"_acf_changed":false,"footnotes":""},"acf":[],"_links":{"self":[{"href":"https:\/\/www.big-animals.com\/sv\/wp-json\/wp\/v2\/pages\/91"}],"collection":[{"href":"https:\/\/www.big-animals.com\/sv\/wp-json\/wp\/v2\/pages"}],"about":[{"href":"https:\/\/www.big-animals.com\/sv\/wp-json\/wp\/v2\/types\/page"}],"author":[{"embeddable":true,"href":"https:\/\/www.big-animals.com\/sv\/wp-json\/wp\/v2\/users\/1"}],"replies":[{"embeddable":true,"href":"https:\/\/www.big-animals.com\/sv\/wp-json\/wp\/v2\/comments?post=91"}],"version-history":[{"count":0,"href":"https:\/\/www.big-animals.com\/sv\/wp-json\/wp\/v2\/pages\/91\/revisions"}],"wp:attachment":[{"href":"https:\/\/www.big-animals.com\/sv\/wp-json\/wp\/v2\/media?parent=91"}],"curies":[{"name":"wp","href":"https:\/\/api.w.org\/{rel}","templated":true}]}}