{"id":2,"date":"2011-05-09T08:54:07","date_gmt":"2011-05-09T08:54:07","guid":{"rendered":""},"modified":"2011-05-09T08:54:07","modified_gmt":"2011-05-09T08:54:07","slug":"a-list-of-the-worlds-biggest-animals-sorted-by-type","status":"publish","type":"page","link":"https:\/\/www.big-animals.com\/tr\/a-list-of-the-worlds-biggest-animals-sorted-by-type\/","title":{"rendered":"D\u00fcnyan\u0131n en b\u00fcy\u00fck hayvanlar, t\u00fcr\u00fcne g\u00f6re s\u0131ralanm\u0131\u015f listesi"},"content":{"rendered":"<p><html><head><\/head><body><span id=\"gts_text_1\" class=\"gts_text\">A\u015fa\u011f\u0131daki liste bu sitede hayvan her t\u00fcr\u00fcn\u00fc g\u00f6sterir ve bu t\u00fcr b\u00fcy\u00fck hayvanlar nedir s\u00f6yler.<\/span> <span id=\"gts_text_2\" class=\"gts_text\">Yani, en a\u011f\u0131r, en b\u00fcy\u00fck, en b\u00fcy\u00fck, en uzun ve en uzun hakk\u0131nda daha fazla ke\u015ffetmek i\u00e7in a\u015fa\u011f\u0131daki ba\u011flant\u0131lar\u0131 izleyin&#8230;<\/span> <\/p>\n<p><span id=\"gts_text_3\" class=\"gts_text\"><a href=\"\/Animals.html\"><strong>Hayvanlar<\/strong><\/a> &#8211; <a href=\"\/Blue-Whale.html\">mavi balina<\/a> (en b\u00fcy\u00fck ve en b\u00fcy\u00fck \u015fimdiye kadar), <a href=\"\/African-Bush-Elephant.html\">Afrika Bush fil<\/a> (karada a\u011f\u0131r), <a href=\"\/Giraffe.html\">Z\u00fcrafa<\/a> (karada en uzun)<\/span><\/p>\n<ul>\n<li><span id=\"gts_text_4\" class=\"gts_text\"><a href=\"\/Chordates.html\"><strong>Chordates<\/strong><\/a> &#8211; <a href=\"\/Blue-Whale.html\">mavi balina<\/a> (en b\u00fcy\u00fck ve en b\u00fcy\u00fck \u015fimdiye kadar), <a href=\"\/African-Bush-Elephant.html\">Afrika Bush fil<\/a> (karada a\u011f\u0131r), <a href=\"\/Giraffe.html\">Z\u00fcrafa<\/a> (karada en uzun)<\/span>\n<ul>\n<li><span id=\"gts_text_5\" class=\"gts_text\"><a href=\"\/Vertebrates.html\"><strong>Omurgal\u0131lar<\/strong><\/a> &#8211; <a href=\"\/Blue-Whale.html\">mavi balina<\/a> (en b\u00fcy\u00fck ve en b\u00fcy\u00fck \u015fimdiye kadar), <a href=\"\/African-Bush-Elephant.html\">Afrika Bush fil<\/a> (karada a\u011f\u0131r), <a href=\"\/Giraffe.html\">Z\u00fcrafa<\/a> (karada en uzun)<\/span>\n<ul>\n<li><span id=\"gts_text_6\" class=\"gts_text\"><a href=\"\/Fish.html\"><strong>Bal\u0131k<\/strong><\/a> &#8211; <a href=\"\/Whale-Shark.html\">Whale Shark<\/a> (b\u00fcy\u00fck), <a href=\"\/Leedsichthys.html\">Leedsichthys<\/a> (en b\u00fcy\u00fck \u015fimdiye kadar)<\/span>\n<ul>\n<li><span id=\"gts_text_7\" class=\"gts_text\"><a href=\"\/Cartilaginous-Fish.html\"><strong>K\u0131k\u0131rdakl\u0131 bal\u0131k<\/strong><\/a> &#8211; <a href=\"\/Whale-Shark.html\">Whale Shark<\/a> (b\u00fcy\u00fck), <a href=\"\/Megalodon-Shark.html\">K\u00f6pekbal\u0131\u011f\u0131 Megalodon<\/a> (en b\u00fcy\u00fck \u015fimdiye kadar)<\/span>\n<ul>\n<li><span id=\"gts_text_8\" class=\"gts_text\"><a href=\"\/Sharks.html\"><strong>K\u00f6pek bal\u0131klar\u0131<\/strong><\/a> &#8211; <a href=\"\/Whale-Shark.html\">Whale Shark<\/a> (b\u00fcy\u00fck), <a href=\"\/Megalodon-Shark.html\">K\u00f6pekbal\u0131\u011f\u0131 Megalodon<\/a> (en b\u00fcy\u00fck \u015fimdiye kadar)<\/span><\/li>\n<\/ul>\n<\/li>\n<\/ul>\n<\/li>\n<li><span id=\"gts_text_9\" class=\"gts_text\"><a title=\"Amphibian\" href=\"http:\/\/www.big-animals.com\/amphibian\/\" class=\" gts_attribute gts_attribute_1_title\"><strong>Kurba\u011falar<\/strong><\/a> &#8211; <a title=\"Chinese Giant Salamander\" href=\"http:\/\/www.big-animals.com\/chinese-giant-salamander\/\" class=\" gts_attribute gts_attribute_2_title\">\u00c7in dev semender<\/a> (b\u00fcy\u00fck)<\/span>\n<ul>\n<li><span id=\"gts_text_10\" class=\"gts_text\"><a title=\"Caecilian\" href=\"http:\/\/www.big-animals.com\/caecilian\/\" class=\" gts_attribute gts_attribute_3_title\"><strong>Caecilians<\/strong><\/a> &#8211; <a title=\"Caecilian Thompsoni\" href=\"http:\/\/www.big-animals.com\/caecilian-thompsoni\/\" class=\" gts_attribute gts_attribute_4_title\"><em>Caecilian thompsoni<\/em><\/a> (b\u00fcy\u00fck)<strong><\/strong><\/span>\n<\/li>\n<li><span id=\"gts_text_11\" class=\"gts_text\"><a title=\"Frog\" href=\"http:\/\/www.big-animals.com\/frog\/\" class=\" gts_attribute gts_attribute_5_title\"><strong>Kurba\u011fa<\/strong><\/a> &#8211; <a title=\"Goliath Frog\" href=\"http:\/\/www.big-animals.com\/goliath-frog\/\" class=\" gts_attribute gts_attribute_6_title\">Goliath kurba\u011fa<\/a> (b\u00fcy\u00fck)<\/span><\/li>\n<li><span id=\"gts_text_12\" class=\"gts_text\"><a title=\"Salamanders\" href=\"http:\/\/www.big-animals.com\/salamanders\/\" class=\" gts_attribute gts_attribute_7_title\"><strong>Solunga\u00e7lar\u0131ndan<\/strong><\/a> &#8211; <a title=\"Chinese Giant Salamander\" href=\"http:\/\/www.big-animals.com\/chinese-giant-salamander\/\" class=\" gts_attribute gts_attribute_8_title\">\u00c7in dev semender<\/a> (b\u00fcy\u00fck)<\/span><\/li>\n<\/ul>\n<\/li>\n<li><span id=\"gts_text_13\" class=\"gts_text\"><a href=\"http:\/\/www.big-animals.com\/the-worlds-biggest-reptiles\/\"><strong>S\u00fcr\u00fcngen<\/strong><\/a> &#8211; <a href=\"http:\/\/www.big-animals.com\/the-saltwater-crocodile-the-words-biggest-reptile\/\">Tuzlu su timsah\u0131<\/a> (b\u00fcy\u00fck), <a href=\"..\/the-reticulated-python\/\">Python Reticulated<\/a> (uzun)<\/span>\n<ul>\n<li><span id=\"gts_text_14\" class=\"gts_text\"><a title=\"Crocodilians\" href=\"http:\/\/www.big-animals.com\/crocodilians\/\" class=\" gts_attribute gts_attribute_9_title\"><strong>Crocodilians<\/strong><\/a> &#8211; <a href=\"http:\/\/www.big-animals.com\/the-saltwater-crocodile-the-words-biggest-reptile\/\">Tuzlu su timsah\u0131<\/a> (b\u00fcy\u00fck)<\/span><\/li>\n<li><span id=\"gts_text_15\" class=\"gts_text\"><a title=\"Lizards\" href=\"http:\/\/www.big-animals.com\/lizards\/\" class=\" gts_attribute gts_attribute_10_title\"><strong>Kertenkele<\/strong><\/a> &#8211; <a title=\"Komodo Dragon\" href=\"http:\/\/www.big-animals.com\/komodo-dragon\/\" class=\" gts_attribute gts_attribute_11_title\">Komodo Dragon<\/a> (b\u00fcy\u00fck), <a title=\"Tylosaurus\" href=\"http:\/\/www.big-animals.com\/tylosaurus\/\" class=\" gts_attribute gts_attribute_12_title\">Tylosaurus<\/a> (en b\u00fcy\u00fck \u015fimdiye kadar), <a title=\"Megalania\" href=\"http:\/\/www.big-animals.com\/megalania\/\" class=\" gts_attribute gts_attribute_13_title\">Megalania<\/a> (\u015fimdiye kadar karada en b\u00fcy\u00fck)<\/span><\/li>\n<li><span id=\"gts_text_16\" class=\"gts_text\"><a href=\"http:\/\/www.big-animals.com\/snakes\/\"><strong>Y\u0131lan<\/strong><\/a> &#8211; <a href=\"http:\/\/www.big-animals.com\/titanoboa-the-biggest-ever-snake\/\">Titanoboa<\/a> (en b\u00fcy\u00fck \u015fimdiye kadar), <a href=\"http:\/\/www.big-animals.com\/the-reticulated-python\/\">Python Reticulated<\/a> (uzun), <a href=\"http:\/\/www.big-animals.com\/green-anaconda\/\">Ye\u015fil Anaconda<\/a> (a\u011f\u0131r), <a title=\"The King Cobra\" href=\"http:\/\/www.big-animals.com\/the-king-cobra\/\" class=\" gts_attribute gts_attribute_14_title\">King Cobra<\/a> (b\u00fcy\u00fck zehirli)<\/span><\/li>\n<li><span id=\"gts_text_17\" class=\"gts_text\"><a href=\"http:\/\/www.big-animals.com\/tuatara\/\"><strong>Tuataras<\/strong><\/a> &#8211; <a href=\"http:\/\/www.big-animals.com\/tuatara\/\">Cook Bo\u011faz\u0131 Tuatara<\/a> (b\u00fcy\u00fck)<\/span><\/li>\n<li><span id=\"gts_text_18\" class=\"gts_text\"><a href=\"http:\/\/www.big-animals.com\/turtles-and-tortoises\/\"><strong>Kaplumba\u011falar ve kaplumba\u011fa<\/strong><\/a> &#8211; <a href=\"http:\/\/www.big-animals.com\/leatherback-sea-turtle\/\">Deri s\u0131rtl\u0131 deniz deniz kaplumba\u011fas\u0131<\/a> (b\u00fcy\u00fck), <a href=\"http:\/\/www.big-animals.com\/galapagos-tortoise\/\">Galapagos kaplumba\u011fas\u0131<\/a> (b\u00fcy\u00fck kaplumba\u011fa)<\/span><\/li>\n<\/ul>\n<\/li>\n<li><span id=\"gts_text_19\" class=\"gts_text\"><a href=\"\/Birds.html\"><strong>Birds<\/strong><\/a> &#8211; <a href=\"\/Ostrich.html\">deveku\u015fu<\/a> (b\u00fcy\u00fck), <a href=\"\/Wandering-Albatross.html\">Wandering Albatros<\/a> (en b\u00fcy\u00fck u\u00e7an), <a title=\"Elephant Bird\" href=\"http:\/\/www.big-animals.com\/elephant-bird-2\/\" class=\" gts_attribute gts_attribute_15_title\">Fil ku\u015f<\/a> (a\u011f\u0131r hi\u00e7), <a href=\"\/Giant-Moa.html\">Dev Moa<\/a> (en uzun hi\u00e7), Kori Toygiller (a\u011f\u0131r u\u00e7an)<\/span>\n<ul>\n<li><span id=\"gts_text_20\" class=\"gts_text\"><a title=\"Flamingos\" href=\"http:\/\/www.big-animals.com\/flamingos\/\" class=\" gts_attribute gts_attribute_16_title\"><strong>Flamingos<\/strong><\/a> &#8211; <a title=\"Greater Flamingo\" href=\"http:\/\/www.big-animals.com\/greater-flamingo\/\" class=\" gts_attribute gts_attribute_17_title\">Greater Flamingo<\/a> (en b\u00fcy\u00fck ve en uzun)<\/span><\/li>\n<li><span id=\"gts_text_21\" class=\"gts_text\"><a title=\"Galliformes\" href=\"http:\/\/www.big-animals.com\/galliformes\/\" class=\" gts_attribute gts_attribute_18_title\"><strong>Tavuksular<\/strong><\/a> &#8211; <a title=\"North American Wild Turkey\" href=\"http:\/\/www.big-animals.com\/north-american-wild-turkey\/\" class=\" gts_attribute gts_attribute_19_title\">North American Wild Turkey<\/a> (en), <a title=\"Green Peafowl\" href=\"http:\/\/www.big-animals.com\/green-peafowl\/\" class=\" gts_attribute gts_attribute_20_title\">Ye\u015fil Tavusku\u015fu<\/a> (b\u00fcy\u00fck a\u00e7\u0131kl\u0131\u011f\u0131)<\/span><\/li>\n<li><span id=\"gts_text_22\" class=\"gts_text\"><a title=\"Owls\" href=\"http:\/\/www.big-animals.com\/owls\/\" class=\" gts_attribute gts_attribute_21_title\"><strong>Bayku\u015f<\/strong><\/a> &#8211; <a title=\"Eurasian Eagle Owl\" href=\"http:\/\/www.big-animals.com\/eurasian-eagle-owl\/\" class=\" gts_attribute gts_attribute_22_title\">Avrasya Eagle Owl<\/a> (b\u00fcy\u00fck), <a title=\"Cuban Giant Owl\" href=\"http:\/\/www.big-animals.com\/cuban-giant-owl\/\" class=\" gts_attribute gts_attribute_23_title\">K\u00fcbal\u0131 dev Owl<\/a> (en b\u00fcy\u00fck \u015fimdiye kadar)<\/span><\/li>\n<li><span id=\"gts_text_23\" class=\"gts_text\"><a title=\"Parrots\" href=\"http:\/\/www.big-animals.com\/parrots\/\" class=\" gts_attribute gts_attribute_24_title\"><strong>Papa\u011fan<\/strong><\/a> &#8211; <a title=\"Hyacinth Macaw\" href=\"http:\/\/www.big-animals.com\/hyacinth-macaw\/\" class=\" gts_attribute gts_attribute_25_title\">S\u00fcmb\u00fcl Macaw<\/a> (en uzun, en b\u00fcy\u00fck u\u00e7an), <a title=\"Kakapo\" href=\"http:\/\/www.big-animals.com\/kakapo\/\" class=\" gts_attribute gts_attribute_26_title\">Kakapo<\/a> (en b\u00fcy\u00fck)<strong><\/strong><\/span>\n<\/li>\n<li><span id=\"gts_text_24\" class=\"gts_text\"><a title=\"Penguins\" href=\"..\/penguins\/\" class=\" gts_attribute gts_attribute_27_title\"><strong>Penguins<\/strong><\/a> &#8211; <a title=\"Emperor Penguin\" href=\"..\/emperor-penguin\/\" class=\" gts_attribute gts_attribute_28_title\">imparator penguen<\/a> (b\u00fcy\u00fck), <a title=\"Anthropornis\" href=\"..\/anthropornis\/\" class=\" gts_attribute gts_attribute_29_title\"><em>Anthropornis<\/em><\/a> (en b\u00fcy\u00fck \u015fimdiye kadar)<\/span><\/li>\n<li><span id=\"gts_text_25\" class=\"gts_text\"><a title=\"Columbidae\" href=\"http:\/\/www.big-animals.com\/columbidae\/\" class=\" gts_attribute gts_attribute_30_title\"><strong>G\u00fcvercinler ve g\u00fcvercinler<\/strong><\/a> &#8211; <a title=\"Marquesan Imperial Pigeon\" href=\"http:\/\/www.big-animals.com\/marquesan-imperial-pigeon\/\" class=\" gts_attribute gts_attribute_31_title\">Marquesan Imperial Pigeon<\/a> (en b\u00fcy\u00fck), <a title=\"Crowned Pigeons\" href=\"http:\/\/www.big-animals.com\/crowned-pigeons\/\" class=\" gts_attribute gts_attribute_32_title\">Crowned Pigeon <\/a>(en b\u00fcy\u00fck a\u011fa\u00e7-ya\u015fam), <a title=\"Dodo\" href=\"http:\/\/www.big-animals.com\/dodo\/\" class=\" gts_attribute gts_attribute_33_title\">Dodo<\/a> (en b\u00fcy\u00fck \u015fimdiye kadar)<\/span><\/li>\n<li><span id=\"gts_text_26\" class=\"gts_text\"><a title=\"Ratites\" href=\"http:\/\/www.big-animals.com\/ratites\/\" class=\" gts_attribute gts_attribute_34_title\"><strong>Ratites<\/strong><\/a> &#8211; <a title=\"The Ostrich \u2013 The World\u2019s Biggest Bird!\" href=\"http:\/\/www.big-animals.com\/the-ostrich-the-worlds-biggest-bird\/\" class=\" gts_attribute gts_attribute_35_title\">deveku\u015fu<\/a> (en b\u00fcy\u00fck) <a title=\"Elephant Bird\" href=\"http:\/\/www.big-animals.com\/elephant-bird-2\/\" class=\" gts_attribute gts_attribute_36_title\">Elephant Bird<\/a> (a\u011f\u0131r hi\u00e7), <a title=\"The Giant Moa \u2013 The Tallest Bird There Ever Was!\" href=\"http:\/\/www.big-animals.com\/the-giant-moa-the-tallest-bird-there-ever-was\/\" class=\" gts_attribute gts_attribute_37_title\">Dev Moa<\/a> (en uzun hi\u00e7)<\/span><\/li>\n<li><span id=\"gts_text_27\" class=\"gts_text\"><a title=\"Waders\" href=\"..\/waders\/\" class=\" gts_attribute gts_attribute_38_title\"><strong>Olta (t\u00fcrler)<\/strong><\/a> &#8211; <a title=\"Far Eastern Curlew\" href=\"..\/far-eastern-curlew\/\" class=\" gts_attribute gts_attribute_39_title\">far eastern Curlew<\/a> (en b\u00fcy\u00fck) <a title=\"Beach Stone Curlew\" href=\"..\/beach-stone-curlew\/\" class=\" gts_attribute gts_attribute_40_title\">Beach Stone Curlew <\/a>(a\u011f\u0131r)<\/span><\/li>\n<li><span id=\"gts_text_28\" class=\"gts_text\"><a title=\"Waterfowl\" href=\"http:\/\/www.big-animals.com\/waterfowl\/\" class=\" gts_attribute gts_attribute_41_title\"><strong>Waterfowl<\/strong><\/a> &#8211; <a title=\"Trumpeter Swan\" href=\"http:\/\/www.big-animals.com\/trumpeter-swan\/\" class=\" gts_attribute gts_attribute_42_title\">Trumpeter Swan<\/a> (b\u00fcy\u00fck)<\/span><\/li>\n<\/ul>\n<\/li>\n<li><span id=\"gts_text_29\" class=\"gts_text\"><a href=\"\/Mammals.html\"><strong>Memeliler<\/strong><\/a> &#8211; <a href=\"\/Blue-Whale.html\">mavi balina<\/a> (en b\u00fcy\u00fck ve en b\u00fcy\u00fck \u015fimdiye kadar), <a href=\"\/African-Bush-Elephant.html\">Afrika Bush fil<\/a> (karada a\u011f\u0131r), <a href=\"\/Giraffe.html\">Z\u00fcrafa<\/a> (karada en uzun)<\/span>\n<ul>\n<li><span id=\"gts_text_30\" class=\"gts_text\"><strong>Placentals<\/strong> &#8211; <a href=\"\/Blue-Whale.html\">mavi balina<\/a> (en b\u00fcy\u00fck ve en b\u00fcy\u00fck \u015fimdiye kadar), <a href=\"\/African-Bush-Elephant.html\">Afrika Bush fil<\/a> (karada a\u011f\u0131r), <a href=\"\/Giraffe.html\">Z\u00fcrafa<\/a> (karada en uzun)<\/span>\n<ul>\n<li><span id=\"gts_text_31\" class=\"gts_text\"><a title=\"Bats\" href=\"http:\/\/www.big-animals.com\/bats\/\" class=\" gts_attribute gts_attribute_43_title\"><strong>Yarasalar<\/strong><\/a> &#8211; <a title=\"Giant Golden-Crowned Flying Fox\" href=\"http:\/\/www.big-animals.com\/giant-golden-crowned-flying-fox\/\" class=\" gts_attribute gts_attribute_44_title\">Giant Golden-Crowned Flying Fox<\/a> (b\u00fcy\u00fck)<\/span><\/li>\n<li><span id=\"gts_text_32\" class=\"gts_text\"><a title=\"Carnivora\" href=\"http:\/\/www.big-animals.com\/carnivora\/\" class=\" gts_attribute gts_attribute_45_title\"><strong>Carnivorans<\/strong><\/a> &#8211; <a title=\"Southern Elephant Seal\" href=\"http:\/\/www.big-animals.com\/southern-elephant-seal\/\" class=\" gts_attribute gts_attribute_46_title\">G\u00fcney fili<\/a> (b\u00fcy\u00fck), <a title=\"Polar Bear\" href=\"http:\/\/www.big-animals.com\/polar-bear\/\" class=\" gts_attribute gts_attribute_47_title\">kutup ay\u0131s\u0131<\/a> (karada en b\u00fcy\u00fck)<strong><\/strong><\/span><\/li>\n<li><span id=\"gts_text_33\" class=\"gts_text\"><a title=\"Cetaceans\" href=\"http:\/\/www.big-animals.com\/cetaceans\/\" class=\" gts_attribute gts_attribute_48_title\"><strong>Deniz memelileri<\/strong><\/a> &#8211; <a title=\"The Blue Whale \u2013 The Biggest Animal There Ever Was!\" href=\"http:\/\/www.big-animals.com\/the-blue-whale-the-biggest-animal-there-ever-was\/\" class=\" gts_attribute gts_attribute_49_title\">mavi balina<\/a> (en b\u00fcy\u00fck ve en b\u00fcy\u00fck \u015fimdiye kadar)<\/span><\/li>\n<li><span id=\"gts_text_34\" class=\"gts_text\"><a title=\"Even-toed ungulate\" href=\"http:\/\/www.big-animals.com\/even-toed-ungulate\/\" class=\" gts_attribute gts_attribute_50_title\"><strong>Even-Toed Ungulates<\/strong><\/a> &#8211; <a title=\"Hippopotamus\" href=\"http:\/\/www.big-animals.com\/hippopotamus\/\" class=\" gts_attribute gts_attribute_51_title\">su ayg\u0131r\u0131<\/a> (b\u00fcy\u00fck), <a title=\"The Giraffe \u2013 The World\u2019s Tallest Animal!\" href=\"http:\/\/www.big-animals.com\/the-giraffe-the-worlds-tallest-animal\/\" class=\" gts_attribute gts_attribute_52_title\">Z\u00fcrafa<\/a> (en y\u00fcksek)<\/span><\/li>\n<li><span id=\"gts_text_35\" class=\"gts_text\"><a title=\"Odd Toed-Ungulates\" href=\"http:\/\/www.big-animals.com\/odd-toed-ungulates\/\" class=\" gts_attribute gts_attribute_53_title\"><strong>Tek parmakl\u0131 Ungulates<\/strong><\/a> &#8211; <a title=\"White Rhinoceros\" href=\"http:\/\/www.big-animals.com\/white-rhinoceros\/\" class=\" gts_attribute gts_attribute_54_title\">Beyaz gergedan\u0131<\/a> (b\u00fcy\u00fck)<\/span><\/li>\n<li><span id=\"gts_text_36\" class=\"gts_text\"><a title=\"Primates\" href=\"..\/primates\/\" class=\" gts_attribute gts_attribute_55_title\"><strong>Primatlar<\/strong><\/a> &#8211; <a title=\"Mountain Gorilla\" href=\"..\/mountain-gorilla\/\" class=\" gts_attribute gts_attribute_56_title\">Da\u011f goril<\/a> (b\u00fcy\u00fck), <a title=\"Gigantopithecus\" href=\"..\/gigantopithecus\/\" class=\" gts_attribute gts_attribute_57_title\">Gigantopithecus<\/a> (en b\u00fcy\u00fck \u015fimdiye kadar)<\/span><\/li>\n<li><span id=\"gts_text_37\" class=\"gts_text\"><a title=\"Proboscidea\" href=\"http:\/\/www.big-animals.com\/proboscidea\/\" class=\" gts_attribute gts_attribute_58_title\"><strong>Fil<\/strong><\/a> &#8211; <a title=\"African Bush Elephant \u2013 The World\u2019s Biggest Land Animal!\" href=\"http:\/\/www.big-animals.com\/the-african-bush-elephant-the-worlds-biggest-land-animal\/\" class=\" gts_attribute gts_attribute_59_title\">Afrika Bush fil<\/a> (b\u00fcy\u00fck)<\/span><\/li>\n<li><span id=\"gts_text_38\" class=\"gts_text\"><a title=\"Rodents\" href=\"http:\/\/www.big-animals.com\/rodents\/\" class=\" gts_attribute gts_attribute_60_title\"><strong>Kemirgen<\/strong><\/a> &#8211; <a title=\"Capybara\" href=\"http:\/\/www.big-animals.com\/capybara\/\" class=\" gts_attribute gts_attribute_61_title\">Kapibara<\/a> (b\u00fcy\u00fck), <a title=\"Josephoartigasia Monesi\" href=\"http:\/\/www.big-animals.com\/josephoartigasia-monesi\/\" class=\" gts_attribute gts_attribute_62_title\"><em>josephoartigasia monesi<\/em><\/a> (en b\u00fcy\u00fck \u015fimdiye kadar)<\/span><\/li>\n<\/ul>\n<\/li>\n<li><span id=\"gts_text_39\" class=\"gts_text\"><a href=\"\/Marsupials.html\"><strong>Keseli<\/strong><\/a> &#8211; <a href=\"\/Red-Kangaroo.html\">K\u0131z\u0131l Kanguru<\/a> (b\u00fcy\u00fck), <a href=\"\/Diprotodon.html\">Diprotodon<\/a> (en b\u00fcy\u00fck \u015fimdiye kadar)<\/span><\/li>\n<li><span id=\"gts_text_40\" class=\"gts_text\"><a title=\"Monotremes\" href=\"http:\/\/www.big-animals.com\/monotremes\/\" class=\" gts_attribute gts_attribute_63_title\"><strong>Monotremes<\/strong><\/a> &#8211; <a title=\"Western Long Beaked Echidna\" href=\"http:\/\/www.big-animals.com\/western-long-beaked-echidna\/\" class=\" gts_attribute gts_attribute_64_title\">Western uzun Gaga a\u011f\u0131zl\u0131 Echidna<\/a> (b\u00fcy\u00fck)<\/span><\/li>\n<\/ul>\n<\/li>\n<\/ul>\n<\/li>\n<\/ul>\n<\/li>\n<li><span id=\"gts_text_41\" class=\"gts_text\"><strong><a href=\"\/Echinoderms.html\">Derisidikenliler<\/a><\/strong> &#8211; Catala&apos;n\u0131n Starfish (a\u011f\u0131r), ya da <a href=\"\/Midgardia-Xandaros.html\">midgardia xandaros<\/a> (en uzun kollar)<\/span><\/li>\n<li><span id=\"gts_text_42\" class=\"gts_text\"><strong><a href=\"\/Arthropods.html\">Arthropods<\/a><\/strong> &#8211; <a href=\"\/Japanese-Spider-Crab.html\">Japon Spider Yenge\u00e7<\/a> (b\u00fcy\u00fck), <a href=\"\/American-Lobster.html\">ABD&apos;li \u0131stakoz<\/a> (a\u011f\u0131r), <a href=\"\/Coconut-Crab.html\">Coconut Crab<\/a> (karada en b\u00fcy\u00fck)<\/span>\n<ul>\n<li><span id=\"gts_text_43\" class=\"gts_text\"><strong><a href=\"\/Crustaceans.html\">Kabuklular<\/a><\/strong> &#8211; <a href=\"\/Japanese-Spider-Crab.html\">Japon Spider Yenge\u00e7<\/a> (b\u00fcy\u00fck), <a href=\"\/American-Lobster.html\">ABD&apos;li \u0131stakoz<\/a> (a\u011f\u0131r), <a href=\"\/Coconut-Crab.html\">Coconut Crab<\/a> (karada en b\u00fcy\u00fck)<\/span><\/li>\n<li><span id=\"gts_text_44\" class=\"gts_text\"><strong>Chelicerates<\/strong><\/span>\n<ul>\n<li><span id=\"gts_text_45\" class=\"gts_text\"><strong>Arachnids<\/strong><\/span>\n<ul>\n<li> <span id=\"gts_text_46\" class=\"gts_text\"><strong>\u00d6r\u00fcmcekler<\/strong> &#8211; <a href=\"\/Goliath-Bird-Eating-Spider.html\">Goliath Bird-Eating Spider<\/a> (en b\u00fcy\u00fck \u015fimdiye kadar)<\/span><\/li>\n<\/ul>\n<\/li>\n<\/ul>\n<\/li>\n<li><span id=\"gts_text_47\" class=\"gts_text\"><strong><a href=\"\/Insects.html\">B\u00f6cekler<\/a><\/strong> &#8211; <a href=\"\/Goliath-Beetle.html\">Goliath Beetle<\/a> (a\u011f\u0131r), <a href=\"\/Wetapunga.html\">k\u00fc\u00e7\u00fck Barrier Island dev Weta (veya Wetapunga)<\/a> (bir yeti\u015fkin olarak a\u011f\u0131r), <a href=\"\/Atlas-Moth.html\">Atlas Moth<\/a> (b\u00fcy\u00fck kanatlar)<\/span><\/li>\n<\/ul>\n<\/li>\n<li><span id=\"gts_text_48\" class=\"gts_text\"><a href=\"\/Mollusks.html\"><strong>Yumu\u015fak\u00e7alar<\/strong><\/a> &#8211; <a title=\"Colossal Squid\" href=\"http:\/\/www.big-animals.com\/colossal-squid\/\" class=\" gts_attribute gts_attribute_65_title\">Colossal Squid<\/a> (b\u00fcy\u00fck)<\/span><\/li>\n<li><span id=\"gts_text_49\" class=\"gts_text\"><a href=\"\/Placozoans.html\"><strong>Placozoans<\/strong><\/a> &#8211; <a href=\"\/Trichoplax.html\">Placozoa Adhaerens<\/a> (en b\u00fcy\u00fck ve tek)<\/span><\/li>\n<li><span id=\"gts_text_50\" class=\"gts_text\"><a href=\"\/Velvet-Worms.html\"><strong>Kadife Kurt (Onychophora)<\/strong><\/a> &#8211; bir <a href=\"\/Giant-Velvet-Worm.html\">t\u00fcr ad\u0131 yok<\/a> (en \u00e7ok)<\/span><\/li>\n<\/ul>\n<p><\/body><\/html><\/p>\n","protected":false},"excerpt":{"rendered":"<p><html><head><\/head><body><\/body><\/html><\/p>\n","protected":false},"author":1,"featured_media":0,"parent":0,"menu_order":0,"comment_status":"closed","ping_status":"open","template":"","meta":{"_acf_changed":false,"footnotes":""},"acf":[],"_links":{"self":[{"href":"https:\/\/www.big-animals.com\/tr\/wp-json\/wp\/v2\/pages\/2"}],"collection":[{"href":"https:\/\/www.big-animals.com\/tr\/wp-json\/wp\/v2\/pages"}],"about":[{"href":"https:\/\/www.big-animals.com\/tr\/wp-json\/wp\/v2\/types\/page"}],"author":[{"embeddable":true,"href":"https:\/\/www.big-animals.com\/tr\/wp-json\/wp\/v2\/users\/1"}],"replies":[{"embeddable":true,"href":"https:\/\/www.big-animals.com\/tr\/wp-json\/wp\/v2\/comments?post=2"}],"version-history":[{"count":0,"href":"https:\/\/www.big-animals.com\/tr\/wp-json\/wp\/v2\/pages\/2\/revisions"}],"wp:attachment":[{"href":"https:\/\/www.big-animals.com\/tr\/wp-json\/wp\/v2\/media?parent=2"}],"curies":[{"name":"wp","href":"https:\/\/api.w.org\/{rel}","templated":true}]}}